{"id":7425,"date":"2020-06-30T14:45:40","date_gmt":"2020-06-30T13:45:40","guid":{"rendered":"https:\/\/www.deltaturistic.com\/se-vende-chalet-unifamiliar-en-lampolla\/"},"modified":"2021-02-16T18:07:54","modified_gmt":"2021-02-16T17:07:54","slug":"se-vende-chalet-unifamiliar-en-lampolla","status":"publish","type":"page","link":"https:\/\/deltaturistic.com\/en\/se-vende-chalet-unifamiliar-en-lampolla\/","title":{"rendered":"Se vende chalet unifamiliar en l&#8217;Ampolla"},"content":{"rendered":"<h1>Se vende chalet unifamiliar en l\u2019Ampolla<\/h1>\n<h2><img loading=\"lazy\" decoding=\"async\" class=\"aligncenter wp-image-7412 size-full\" src=\"https:\/\/deltaturistic.com\/wp-content\/uploads\/2020\/06\/chalet-ampolla-1.jpg\" alt=\"\" width=\"1040\" height=\"787\" srcset=\"https:\/\/deltaturistic.com\/wp-content\/uploads\/2020\/06\/chalet-ampolla-1.jpg 1040w, https:\/\/deltaturistic.com\/wp-content\/uploads\/2020\/06\/chalet-ampolla-1-300x227.jpg 300w, https:\/\/deltaturistic.com\/wp-content\/uploads\/2020\/06\/chalet-ampolla-1-768x581.jpg 768w, https:\/\/deltaturistic.com\/wp-content\/uploads\/2020\/06\/chalet-ampolla-1-1024x775.jpg 1024w, https:\/\/deltaturistic.com\/wp-content\/uploads\/2020\/06\/chalet-ampolla-1-600x454.jpg 600w, https:\/\/deltaturistic.com\/wp-content\/uploads\/2020\/06\/chalet-ampolla-1-100x75.jpg 100w\" sizes=\"auto, (max-width: 1040px) 100vw, 1040px\" \/><\/h2>\n<h3 style=\"text-align: center\">Chalet unifamiliar independiente en l\u2019Ampolla.<br \/>\nUrbanizaci\u00f3n Sant Pere<\/h3>\n<p>&nbsp;<\/p>\n<p>Vivienda de 120m2 con <strong>4 dormitorios 2 cuartos de ba\u00f1o<\/strong> distribuidos en dos plantas.<br \/>\nEn la planta baja de 83 m2 encontramos un <strong>amplio sal\u00f3n comedor<\/strong>, una <strong>cocina equipada<\/strong>, <strong>dos dormitorios dobles<\/strong>, un <strong>ba\u00f1o completo<\/strong>, y la entrada es con <strong>terraza y porche<\/strong> exterior.<br \/>\nEn la planta superior de 30 m2 encontramos 2 dormitorios, uno de ellos con terraza. Tambi\u00e9n ba\u00f1o completo.<br \/>\nLa planta inferior dispone de <strong>1 garaje muy grande con ba\u00f1o<\/strong> e independiente, un <strong>trastero-bodega<\/strong> con total de 59 m2.<\/p>\n<p>La finca dispone de un peque\u00f1o <strong>bosque privado<\/strong> con pinos , una <strong>gran piscina<\/strong> (con zona ducha y casita privada de madera), barbacoa, perrera para 3 perros\u2026<\/p>\n<p>Dispone de un <strong>almac\u00e9n<\/strong> adicional de unos <strong>50 m2<\/strong>.<\/p>\n<p>Zona exterior en la parte trasera de la casa con peque\u00f1a balsa con peces y una casa de madera que sirve para lavadora, secadora, tendedero,..<br \/>\nLa superficie total es de <strong>7.673m2<\/strong>.<\/p>\n<p>Dispone, de <strong>agua de pozo comunitario<\/strong>, <strong>luz, aire acondicionada, calefacci\u00f3n<\/strong>, <strong>antena tv i internet<\/strong>, <strong>chimenea<\/strong> \u2026.<\/p>\n<p>A <strong>5 minutos del mar<\/strong> y a <strong>7 minutos del centro<\/strong> l\u2019Ampolla centro.<br \/>\nL\u2019Ampolla lejos de las aglomeraciones de los circuitos tur\u00edsticos convencionales, con un clima estable y favorable durante todo el a\u00f1o. Ideal como casa para todo el a\u00f1o y con espacio para poder disfrutar de la naturaleza. Perfecto para aquellos que quieren disfrutar en familia de un entorno tranquilo cerca del pueblo, pero no dentro, a mitad de camino entre mar i monta\u00f1a y con espacio suficiente para aprovecharlo con otras ideas.<\/p>\n<p>&nbsp;<\/p>\n<h2 style=\"text-align: right\"><strong>PVP. 290.000\u20ac<\/strong><\/h2>\n<p>&nbsp;<\/p>\n<p><strong>Caracter\u00edsticas b\u00e1sicas<\/strong><\/p>\n<ul>\n<li>Casa o chalet independiente<\/li>\n<li>3 plantas<\/li>\n<li>172 m\u00b2 construidos, 190 m\u00b2 \u00fatiles<\/li>\n<li>4 habitaciones<\/li>\n<li>2 ba\u00f1os<\/li>\n<li>Parcela de 7.673 m\u00b2<\/li>\n<li>Terraza en habitaci\u00f3n matrimonio vistas piscina<\/li>\n<li>Porche terraza en entrada<\/li>\n<li>1 garaje<\/li>\n<li>1 trastero o bodega<\/li>\n<li>1 almacen 50m2<\/li>\n<li>Segunda mano\/buen estado<\/li>\n<li>Orientaci\u00f3n norte, sur, este, oeste<\/li>\n<li>Construido en 1994 con mejoras constantes hasta la fecha<\/li>\n<\/ul>\n<p><strong>Equipamiento<\/strong><\/p>\n<ul>\n<li>Aire acondicionado<\/li>\n<li>Calefacci\u00f3n<\/li>\n<li>Chimenea<\/li>\n<li>Piscina<\/li>\n<li>Jard\u00edn<\/li>\n<li>Bosque<\/li>\n<li>Zona olivos y huerto<\/li>\n<li>Totalmente vallado con puerta con motor el\u00e9ctrico<\/li>\n<li>Farolas alumbrado camino<\/li>\n<li>Vistas<\/li>\n<\/ul>\n<p><img loading=\"lazy\" decoding=\"async\" class=\"aligncenter size-full wp-image-7415\" src=\"https:\/\/deltaturistic.com\/wp-content\/uploads\/2020\/06\/chalet-ampolla-2.jpg\" alt=\"\" width=\"1040\" height=\"787\" srcset=\"https:\/\/deltaturistic.com\/wp-content\/uploads\/2020\/06\/chalet-ampolla-2.jpg 1040w, https:\/\/deltaturistic.com\/wp-content\/uploads\/2020\/06\/chalet-ampolla-2-300x227.jpg 300w, https:\/\/deltaturistic.com\/wp-content\/uploads\/2020\/06\/chalet-ampolla-2-768x581.jpg 768w, https:\/\/deltaturistic.com\/wp-content\/uploads\/2020\/06\/chalet-ampolla-2-1024x775.jpg 1024w, https:\/\/deltaturistic.com\/wp-content\/uploads\/2020\/06\/chalet-ampolla-2-600x454.jpg 600w, https:\/\/deltaturistic.com\/wp-content\/uploads\/2020\/06\/chalet-ampolla-2-100x75.jpg 100w\" sizes=\"auto, (max-width: 1040px) 100vw, 1040px\" \/><img loading=\"lazy\" decoding=\"async\" class=\"aligncenter wp-image-7418 size-full\" src=\"https:\/\/deltaturistic.com\/wp-content\/uploads\/2020\/06\/chalet-ampolla-3.jpg\" alt=\"\" width=\"1157\" height=\"882\" srcset=\"https:\/\/deltaturistic.com\/wp-content\/uploads\/2020\/06\/chalet-ampolla-3.jpg 1157w, https:\/\/deltaturistic.com\/wp-content\/uploads\/2020\/06\/chalet-ampolla-3-300x229.jpg 300w, https:\/\/deltaturistic.com\/wp-content\/uploads\/2020\/06\/chalet-ampolla-3-768x585.jpg 768w, https:\/\/deltaturistic.com\/wp-content\/uploads\/2020\/06\/chalet-ampolla-3-1024x781.jpg 1024w, https:\/\/deltaturistic.com\/wp-content\/uploads\/2020\/06\/chalet-ampolla-3-600x457.jpg 600w, https:\/\/deltaturistic.com\/wp-content\/uploads\/2020\/06\/chalet-ampolla-3-1049x800.jpg 1049w, https:\/\/deltaturistic.com\/wp-content\/uploads\/2020\/06\/chalet-ampolla-3-100x75.jpg 100w\" sizes=\"auto, (max-width: 1157px) 100vw, 1157px\" \/><\/p>\n","protected":false},"excerpt":{"rendered":"<p>Se vende chalet unifamiliar en l\u2019Ampolla Chalet unifamiliar independiente en l\u2019Ampolla. Urbanizaci\u00f3n Sant Pere &nbsp; Vivienda de 120m2 con 4 dormitorios 2 cuartos de ba\u00f1o distribuidos en dos plantas. En la planta baja de 83 m2 encontramos un amplio sal\u00f3n comedor, una cocina equipada, dos dormitorios dobles, un ba\u00f1o completo, y la entrada es con [&hellip;]<\/p>\n","protected":false},"author":2,"featured_media":7412,"parent":0,"menu_order":0,"comment_status":"closed","ping_status":"closed","template":"","meta":{"footnotes":""},"class_list":["post-7425","page","type-page","status-publish","has-post-thumbnail","hentry"],"yoast_head":"<!-- This site is optimized with the Yoast SEO plugin v27.1.1 - https:\/\/yoast.com\/product\/yoast-seo-wordpress\/ -->\n<title>Se vende chalet unifamiliar en l&#039;Ampolla - Deltaturistic turisme, excursions i esports d&#039;aventura al delta de l&#039;Ebre<\/title>\n<meta name=\"robots\" content=\"index, follow, max-snippet:-1, max-image-preview:large, max-video-preview:-1\" \/>\n<link rel=\"canonical\" href=\"https:\/\/deltaturistic.com\/en\/se-vende-chalet-unifamiliar-en-lampolla\/\" \/>\n<meta name=\"twitter:label1\" content=\"Est. reading time\" \/>\n\t<meta name=\"twitter:data1\" content=\"2 minutes\" \/>\n<script type=\"application\/ld+json\" class=\"yoast-schema-graph\">{\"@context\":\"https:\/\/schema.org\",\"@graph\":[{\"@type\":\"WebPage\",\"@id\":\"https:\/\/deltaturistic.com\/en\/se-vende-chalet-unifamiliar-en-lampolla\/\",\"url\":\"https:\/\/deltaturistic.com\/en\/se-vende-chalet-unifamiliar-en-lampolla\/\",\"name\":\"Se vende chalet unifamiliar en l'Ampolla - Deltaturistic turisme, excursions i esports d&#039;aventura al delta de l&#039;Ebre\",\"isPartOf\":{\"@id\":\"https:\/\/deltaturistic.com\/en\/#website\"},\"primaryImageOfPage\":{\"@id\":\"https:\/\/deltaturistic.com\/en\/se-vende-chalet-unifamiliar-en-lampolla\/#primaryimage\"},\"image\":{\"@id\":\"https:\/\/deltaturistic.com\/en\/se-vende-chalet-unifamiliar-en-lampolla\/#primaryimage\"},\"thumbnailUrl\":\"https:\/\/deltaturistic.com\/wp-content\/uploads\/2020\/06\/chalet-ampolla-1.jpg\",\"datePublished\":\"2020-06-30T13:45:40+00:00\",\"dateModified\":\"2021-02-16T17:07:54+00:00\",\"breadcrumb\":{\"@id\":\"https:\/\/deltaturistic.com\/en\/se-vende-chalet-unifamiliar-en-lampolla\/#breadcrumb\"},\"inLanguage\":\"en-US\",\"potentialAction\":[{\"@type\":\"ReadAction\",\"target\":[\"https:\/\/deltaturistic.com\/en\/se-vende-chalet-unifamiliar-en-lampolla\/\"]}]},{\"@type\":\"ImageObject\",\"inLanguage\":\"en-US\",\"@id\":\"https:\/\/deltaturistic.com\/en\/se-vende-chalet-unifamiliar-en-lampolla\/#primaryimage\",\"url\":\"https:\/\/deltaturistic.com\/wp-content\/uploads\/2020\/06\/chalet-ampolla-1.jpg\",\"contentUrl\":\"https:\/\/deltaturistic.com\/wp-content\/uploads\/2020\/06\/chalet-ampolla-1.jpg\",\"width\":1040,\"height\":787},{\"@type\":\"BreadcrumbList\",\"@id\":\"https:\/\/deltaturistic.com\/en\/se-vende-chalet-unifamiliar-en-lampolla\/#breadcrumb\",\"itemListElement\":[{\"@type\":\"ListItem\",\"position\":1,\"name\":\"Inici\",\"item\":\"https:\/\/deltaturistic.com\/en\/\"},{\"@type\":\"ListItem\",\"position\":2,\"name\":\"Se vende chalet unifamiliar en l&#8217;Ampolla\"}]},{\"@type\":\"WebSite\",\"@id\":\"https:\/\/deltaturistic.com\/en\/#website\",\"url\":\"https:\/\/deltaturistic.com\/en\/\",\"name\":\"Deltaturistic turisme, excursions i esports d&#039;aventura al delta de l&#039;Ebre\",\"description\":\"Ag\u00e8ncia de Viatges Deltaturistic\",\"potentialAction\":[{\"@type\":\"SearchAction\",\"target\":{\"@type\":\"EntryPoint\",\"urlTemplate\":\"https:\/\/deltaturistic.com\/en\/?s={search_term_string}\"},\"query-input\":{\"@type\":\"PropertyValueSpecification\",\"valueRequired\":true,\"valueName\":\"search_term_string\"}}],\"inLanguage\":\"en-US\"}]}<\/script>\n<!-- \/ Yoast SEO plugin. -->","yoast_head_json":{"title":"Se vende chalet unifamiliar en l'Ampolla - Deltaturistic turisme, excursions i esports d&#039;aventura al delta de l&#039;Ebre","robots":{"index":"index","follow":"follow","max-snippet":"max-snippet:-1","max-image-preview":"max-image-preview:large","max-video-preview":"max-video-preview:-1"},"canonical":"https:\/\/deltaturistic.com\/en\/se-vende-chalet-unifamiliar-en-lampolla\/","twitter_misc":{"Est. reading time":"2 minutes"},"schema":{"@context":"https:\/\/schema.org","@graph":[{"@type":"WebPage","@id":"https:\/\/deltaturistic.com\/en\/se-vende-chalet-unifamiliar-en-lampolla\/","url":"https:\/\/deltaturistic.com\/en\/se-vende-chalet-unifamiliar-en-lampolla\/","name":"Se vende chalet unifamiliar en l'Ampolla - Deltaturistic turisme, excursions i esports d&#039;aventura al delta de l&#039;Ebre","isPartOf":{"@id":"https:\/\/deltaturistic.com\/en\/#website"},"primaryImageOfPage":{"@id":"https:\/\/deltaturistic.com\/en\/se-vende-chalet-unifamiliar-en-lampolla\/#primaryimage"},"image":{"@id":"https:\/\/deltaturistic.com\/en\/se-vende-chalet-unifamiliar-en-lampolla\/#primaryimage"},"thumbnailUrl":"https:\/\/deltaturistic.com\/wp-content\/uploads\/2020\/06\/chalet-ampolla-1.jpg","datePublished":"2020-06-30T13:45:40+00:00","dateModified":"2021-02-16T17:07:54+00:00","breadcrumb":{"@id":"https:\/\/deltaturistic.com\/en\/se-vende-chalet-unifamiliar-en-lampolla\/#breadcrumb"},"inLanguage":"en-US","potentialAction":[{"@type":"ReadAction","target":["https:\/\/deltaturistic.com\/en\/se-vende-chalet-unifamiliar-en-lampolla\/"]}]},{"@type":"ImageObject","inLanguage":"en-US","@id":"https:\/\/deltaturistic.com\/en\/se-vende-chalet-unifamiliar-en-lampolla\/#primaryimage","url":"https:\/\/deltaturistic.com\/wp-content\/uploads\/2020\/06\/chalet-ampolla-1.jpg","contentUrl":"https:\/\/deltaturistic.com\/wp-content\/uploads\/2020\/06\/chalet-ampolla-1.jpg","width":1040,"height":787},{"@type":"BreadcrumbList","@id":"https:\/\/deltaturistic.com\/en\/se-vende-chalet-unifamiliar-en-lampolla\/#breadcrumb","itemListElement":[{"@type":"ListItem","position":1,"name":"Inici","item":"https:\/\/deltaturistic.com\/en\/"},{"@type":"ListItem","position":2,"name":"Se vende chalet unifamiliar en l&#8217;Ampolla"}]},{"@type":"WebSite","@id":"https:\/\/deltaturistic.com\/en\/#website","url":"https:\/\/deltaturistic.com\/en\/","name":"Deltaturistic turisme, excursions i esports d&#039;aventura al delta de l&#039;Ebre","description":"Ag\u00e8ncia de Viatges Deltaturistic","potentialAction":[{"@type":"SearchAction","target":{"@type":"EntryPoint","urlTemplate":"https:\/\/deltaturistic.com\/en\/?s={search_term_string}"},"query-input":{"@type":"PropertyValueSpecification","valueRequired":true,"valueName":"search_term_string"}}],"inLanguage":"en-US"}]}},"_links":{"self":[{"href":"https:\/\/deltaturistic.com\/en\/wp-json\/wp\/v2\/pages\/7425","targetHints":{"allow":["GET"]}}],"collection":[{"href":"https:\/\/deltaturistic.com\/en\/wp-json\/wp\/v2\/pages"}],"about":[{"href":"https:\/\/deltaturistic.com\/en\/wp-json\/wp\/v2\/types\/page"}],"author":[{"embeddable":true,"href":"https:\/\/deltaturistic.com\/en\/wp-json\/wp\/v2\/users\/2"}],"replies":[{"embeddable":true,"href":"https:\/\/deltaturistic.com\/en\/wp-json\/wp\/v2\/comments?post=7425"}],"version-history":[{"count":3,"href":"https:\/\/deltaturistic.com\/en\/wp-json\/wp\/v2\/pages\/7425\/revisions"}],"predecessor-version":[{"id":7479,"href":"https:\/\/deltaturistic.com\/en\/wp-json\/wp\/v2\/pages\/7425\/revisions\/7479"}],"wp:featuredmedia":[{"embeddable":true,"href":"https:\/\/deltaturistic.com\/en\/wp-json\/wp\/v2\/media\/7412"}],"wp:attachment":[{"href":"https:\/\/deltaturistic.com\/en\/wp-json\/wp\/v2\/media?parent=7425"}],"curies":[{"name":"wp","href":"https:\/\/api.w.org\/{rel}","templated":true}]}}