{"id":2110,"date":"2014-09-05T16:46:01","date_gmt":"2014-09-05T15:46:01","guid":{"rendered":"http:\/\/www.deltaturistic.com\/?post_type=product&#038;p=2110"},"modified":"2014-09-09T10:20:10","modified_gmt":"2014-09-09T09:20:10","slug":"programa-escolars-3-4-dies","status":"publish","type":"product","link":"https:\/\/deltaturistic.com\/en\/paquets-turistics\/programa-escolars-3-4-dies\/","title":{"rendered":"Programa Escolars 03 \/ 4 dies"},"content":{"rendered":"<p>Programa dissenyat per a passar dos dies complerts per les Terres de l\u2019Ebre, per aquells que ja tenen m\u00e9s inquietuds i volen realitzar diferents activitats que ens faran con\u00e8ixer encara m\u00e9s el paratge on estem.<\/p>\n<p>Activitats de tot tipus, des de rutes en BTT, tallers diversos fins creuers pel riu Ebre.<\/p>\n<p>Una forma de gaudir de varis dies per les Terres de l\u2019Ebre.<\/p>\n<p><strong>1r DIA: ORIENTACI\u00d3<\/strong><br \/>\nArribada a l&#8217;allotjament i presentaci\u00f3 del monitor:<br \/>\nACOMODACI\u00d3 del grup.<br \/>\nDinar p\u00edcnic, que portar\u00e0 cada alumne des de casa.<br \/>\nCursa d&#8217;orientaci\u00f3.<br \/>\nSOPAR.<br \/>\nJOCS O DISCOTECA: A concretar amb els professors.<br \/>\nDESCANS.<\/p>\n<p><strong>2n DIA: VISITA ECOMUSEU I CREUER<\/strong><br \/>\nESMORZAR.<br \/>\nVISITA A L&#8217;ECOMUSEU DEL PARC<br \/>\nDINAR.<br \/>\nCREUER EN VAIXELL PEL EBRE.<br \/>\nSOPAR.<br \/>\nJOCS O DISCOTECA: A concretar amb els professors.<br \/>\nDESCANS.<\/p>\n<p><strong>3r DIA: ESPORTS<\/strong><br \/>\nESMORZAR.<br \/>\nPIRAGUA<br \/>\nDINAR.<br \/>\nMULTIACTIVITATS<br \/>\nSOPAR.<br \/>\nJOCS O DISCOTECA: A concretar amb els professors.<br \/>\nDESCANS.<\/p>\n<p><strong>4t DIA: VISITA AL MUSEU DE LA MEL<\/strong><br \/>\nESMORZAR.<br \/>\nVisita al M\u00f3n de la Mel (les activitats<br \/>\ndependran de les edats dels grups)<br \/>\nDINAR.<br \/>\nFI de la visita i acomiadament del grup.<\/p>\n<p><a href=\"http:\/\/www.deltaturistic.com\/wp-content\/uploads\/2014\/09\/orientacio1.jpg\"><img loading=\"lazy\" decoding=\"async\" class=\"alignnone size-full wp-image-2111\" src=\"http:\/\/www.deltaturistic.com\/wp-content\/uploads\/2014\/09\/orientacio1.jpg\" alt=\"orientacio1\" width=\"276\" height=\"183\" \/><\/a>\u00a0\u00a0<a href=\"http:\/\/www.deltaturistic.com\/wp-content\/uploads\/2014\/07\/im004052.jpg\"><img loading=\"lazy\" decoding=\"async\" class=\"alignnone size-medium wp-image-536\" src=\"http:\/\/www.deltaturistic.com\/wp-content\/uploads\/2014\/07\/im004052-300x225.jpg\" alt=\"Mel Muria\" width=\"300\" height=\"225\" srcset=\"https:\/\/deltaturistic.com\/wp-content\/uploads\/2014\/07\/im004052-300x225.jpg 300w, https:\/\/deltaturistic.com\/wp-content\/uploads\/2014\/07\/im004052-600x450.jpg 600w, https:\/\/deltaturistic.com\/wp-content\/uploads\/2014\/07\/im004052-100x75.jpg 100w, https:\/\/deltaturistic.com\/wp-content\/uploads\/2014\/07\/im004052.jpg 640w\" sizes=\"auto, (max-width: 300px) 100vw, 300px\" \/><\/a> <a href=\"http:\/\/www.deltaturistic.com\/wp-content\/uploads\/2014\/07\/eco4.jpg\"><img loading=\"lazy\" decoding=\"async\" class=\"alignnone size-medium wp-image-542\" src=\"http:\/\/www.deltaturistic.com\/wp-content\/uploads\/2014\/07\/eco4-300x198.jpg\" alt=\"Ecomuseu delta de l'Ebre\" width=\"300\" height=\"198\" srcset=\"https:\/\/deltaturistic.com\/wp-content\/uploads\/2014\/07\/eco4-300x199.jpg 300w, https:\/\/deltaturistic.com\/wp-content\/uploads\/2014\/07\/eco4-600x397.jpg 600w, https:\/\/deltaturistic.com\/wp-content\/uploads\/2014\/07\/eco4.jpg 640w\" sizes=\"auto, (max-width: 300px) 100vw, 300px\" \/><\/a> <a href=\"http:\/\/www.deltaturistic.com\/wp-content\/uploads\/2014\/07\/100_0660.jpg\"><img loading=\"lazy\" decoding=\"async\" class=\"alignnone size-medium wp-image-547\" src=\"http:\/\/www.deltaturistic.com\/wp-content\/uploads\/2014\/07\/100_0660-300x225.jpg\" alt=\"Creuers delta de l'Ebre\" width=\"300\" height=\"225\" srcset=\"https:\/\/deltaturistic.com\/wp-content\/uploads\/2014\/07\/100_0660-300x225.jpg 300w, https:\/\/deltaturistic.com\/wp-content\/uploads\/2014\/07\/100_0660-1024x768.jpg 1024w, https:\/\/deltaturistic.com\/wp-content\/uploads\/2014\/07\/100_0660-600x450.jpg 600w, https:\/\/deltaturistic.com\/wp-content\/uploads\/2014\/07\/100_0660-1066x800.jpg 1066w, https:\/\/deltaturistic.com\/wp-content\/uploads\/2014\/07\/100_0660-100x75.jpg 100w\" sizes=\"auto, (max-width: 300px) 100vw, 300px\" \/><\/a><\/p>\n","protected":false},"excerpt":{"rendered":"<p>Programa dissenyat per a passar dos dies complerts per les Terres de l\u2019Ebre, per aquells que ja tenen m\u00e9s inquietuds i volen realitzar diferents activitats que ens faran con\u00e8ixer encara m\u00e9s el paratge on estem. Activitats de tot tipus, des de rutes en BTT, tallers diversos fins creuers pel riu Ebre. Una forma de gaudir [&hellip;]<\/p>\n","protected":false},"featured_media":512,"template":"","meta":[],"product_brand":[],"product_cat":[13,19],"product_tag":[],"class_list":{"0":"post-2110","1":"product","2":"type-product","3":"status-publish","4":"has-post-thumbnail","6":"product_cat-escolars-delta-del-ebre","7":"product_cat-escolars-4-dies","9":"first","10":"instock","11":"shipping-taxable","12":"product-type-simple"},"yoast_head":"<!-- This site is optimized with the Yoast SEO plugin v27.1.1 - https:\/\/yoast.com\/product\/yoast-seo-wordpress\/ -->\n<title>Programa Escolars 03 \/ 4 dies - Deltaturistic turisme, excursions i esports d&#039;aventura al delta de l&#039;Ebre<\/title>\n<meta name=\"robots\" content=\"index, follow, max-snippet:-1, max-image-preview:large, max-video-preview:-1\" \/>\n<link rel=\"canonical\" href=\"https:\/\/deltaturistic.com\/en\/paquets-turistics\/programa-escolars-3-4-dies\/\" \/>\n<meta name=\"twitter:label1\" content=\"Est. reading time\" \/>\n\t<meta name=\"twitter:data1\" content=\"1 minute\" \/>\n<script type=\"application\/ld+json\" class=\"yoast-schema-graph\">{\"@context\":\"https:\/\/schema.org\",\"@graph\":[{\"@type\":\"WebPage\",\"@id\":\"https:\/\/deltaturistic.com\/en\/paquets-turistics\/programa-escolars-3-4-dies\/\",\"url\":\"https:\/\/deltaturistic.com\/en\/paquets-turistics\/programa-escolars-3-4-dies\/\",\"name\":\"Programa Escolars 03 \/ 4 dies - Deltaturistic turisme, excursions i esports d&#039;aventura al delta de l&#039;Ebre\",\"isPartOf\":{\"@id\":\"https:\/\/deltaturistic.com\/en\/#website\"},\"primaryImageOfPage\":{\"@id\":\"https:\/\/deltaturistic.com\/en\/paquets-turistics\/programa-escolars-3-4-dies\/#primaryimage\"},\"image\":{\"@id\":\"https:\/\/deltaturistic.com\/en\/paquets-turistics\/programa-escolars-3-4-dies\/#primaryimage\"},\"thumbnailUrl\":\"https:\/\/deltaturistic.com\/wp-content\/uploads\/2014\/05\/1371637455444.jpg\",\"datePublished\":\"2014-09-05T15:46:01+00:00\",\"dateModified\":\"2014-09-09T09:20:10+00:00\",\"breadcrumb\":{\"@id\":\"https:\/\/deltaturistic.com\/en\/paquets-turistics\/programa-escolars-3-4-dies\/#breadcrumb\"},\"inLanguage\":\"en-US\",\"potentialAction\":[{\"@type\":\"ReadAction\",\"target\":[\"https:\/\/deltaturistic.com\/en\/paquets-turistics\/programa-escolars-3-4-dies\/\"]}]},{\"@type\":\"ImageObject\",\"inLanguage\":\"en-US\",\"@id\":\"https:\/\/deltaturistic.com\/en\/paquets-turistics\/programa-escolars-3-4-dies\/#primaryimage\",\"url\":\"https:\/\/deltaturistic.com\/wp-content\/uploads\/2014\/05\/1371637455444.jpg\",\"contentUrl\":\"https:\/\/deltaturistic.com\/wp-content\/uploads\/2014\/05\/1371637455444.jpg\",\"width\":320,\"height\":256},{\"@type\":\"BreadcrumbList\",\"@id\":\"https:\/\/deltaturistic.com\/en\/paquets-turistics\/programa-escolars-3-4-dies\/#breadcrumb\",\"itemListElement\":[{\"@type\":\"ListItem\",\"position\":1,\"name\":\"Inici\",\"item\":\"https:\/\/deltaturistic.com\/en\/\"},{\"@type\":\"ListItem\",\"position\":2,\"name\":\"Productes tur\u00edstics\",\"item\":\"https:\/\/deltaturistic.com\/paquets-turistics\/\"},{\"@type\":\"ListItem\",\"position\":3,\"name\":\"Programa Escolars 03 \/ 4 dies\"}]},{\"@type\":\"WebSite\",\"@id\":\"https:\/\/deltaturistic.com\/en\/#website\",\"url\":\"https:\/\/deltaturistic.com\/en\/\",\"name\":\"Deltaturistic turisme, excursions i esports d&#039;aventura al delta de l&#039;Ebre\",\"description\":\"Ag\u00e8ncia de Viatges Deltaturistic\",\"potentialAction\":[{\"@type\":\"SearchAction\",\"target\":{\"@type\":\"EntryPoint\",\"urlTemplate\":\"https:\/\/deltaturistic.com\/en\/?s={search_term_string}\"},\"query-input\":{\"@type\":\"PropertyValueSpecification\",\"valueRequired\":true,\"valueName\":\"search_term_string\"}}],\"inLanguage\":\"en-US\"}]}<\/script>\n<!-- \/ Yoast SEO plugin. -->","yoast_head_json":{"title":"Programa Escolars 03 \/ 4 dies - Deltaturistic turisme, excursions i esports d&#039;aventura al delta de l&#039;Ebre","robots":{"index":"index","follow":"follow","max-snippet":"max-snippet:-1","max-image-preview":"max-image-preview:large","max-video-preview":"max-video-preview:-1"},"canonical":"https:\/\/deltaturistic.com\/en\/paquets-turistics\/programa-escolars-3-4-dies\/","twitter_misc":{"Est. reading time":"1 minute"},"schema":{"@context":"https:\/\/schema.org","@graph":[{"@type":"WebPage","@id":"https:\/\/deltaturistic.com\/en\/paquets-turistics\/programa-escolars-3-4-dies\/","url":"https:\/\/deltaturistic.com\/en\/paquets-turistics\/programa-escolars-3-4-dies\/","name":"Programa Escolars 03 \/ 4 dies - Deltaturistic turisme, excursions i esports d&#039;aventura al delta de l&#039;Ebre","isPartOf":{"@id":"https:\/\/deltaturistic.com\/en\/#website"},"primaryImageOfPage":{"@id":"https:\/\/deltaturistic.com\/en\/paquets-turistics\/programa-escolars-3-4-dies\/#primaryimage"},"image":{"@id":"https:\/\/deltaturistic.com\/en\/paquets-turistics\/programa-escolars-3-4-dies\/#primaryimage"},"thumbnailUrl":"https:\/\/deltaturistic.com\/wp-content\/uploads\/2014\/05\/1371637455444.jpg","datePublished":"2014-09-05T15:46:01+00:00","dateModified":"2014-09-09T09:20:10+00:00","breadcrumb":{"@id":"https:\/\/deltaturistic.com\/en\/paquets-turistics\/programa-escolars-3-4-dies\/#breadcrumb"},"inLanguage":"en-US","potentialAction":[{"@type":"ReadAction","target":["https:\/\/deltaturistic.com\/en\/paquets-turistics\/programa-escolars-3-4-dies\/"]}]},{"@type":"ImageObject","inLanguage":"en-US","@id":"https:\/\/deltaturistic.com\/en\/paquets-turistics\/programa-escolars-3-4-dies\/#primaryimage","url":"https:\/\/deltaturistic.com\/wp-content\/uploads\/2014\/05\/1371637455444.jpg","contentUrl":"https:\/\/deltaturistic.com\/wp-content\/uploads\/2014\/05\/1371637455444.jpg","width":320,"height":256},{"@type":"BreadcrumbList","@id":"https:\/\/deltaturistic.com\/en\/paquets-turistics\/programa-escolars-3-4-dies\/#breadcrumb","itemListElement":[{"@type":"ListItem","position":1,"name":"Inici","item":"https:\/\/deltaturistic.com\/en\/"},{"@type":"ListItem","position":2,"name":"Productes tur\u00edstics","item":"https:\/\/deltaturistic.com\/paquets-turistics\/"},{"@type":"ListItem","position":3,"name":"Programa Escolars 03 \/ 4 dies"}]},{"@type":"WebSite","@id":"https:\/\/deltaturistic.com\/en\/#website","url":"https:\/\/deltaturistic.com\/en\/","name":"Deltaturistic turisme, excursions i esports d&#039;aventura al delta de l&#039;Ebre","description":"Ag\u00e8ncia de Viatges Deltaturistic","potentialAction":[{"@type":"SearchAction","target":{"@type":"EntryPoint","urlTemplate":"https:\/\/deltaturistic.com\/en\/?s={search_term_string}"},"query-input":{"@type":"PropertyValueSpecification","valueRequired":true,"valueName":"search_term_string"}}],"inLanguage":"en-US"}]}},"_links":{"self":[{"href":"https:\/\/deltaturistic.com\/en\/wp-json\/wp\/v2\/product\/2110","targetHints":{"allow":["GET"]}}],"collection":[{"href":"https:\/\/deltaturistic.com\/en\/wp-json\/wp\/v2\/product"}],"about":[{"href":"https:\/\/deltaturistic.com\/en\/wp-json\/wp\/v2\/types\/product"}],"wp:featuredmedia":[{"embeddable":true,"href":"https:\/\/deltaturistic.com\/en\/wp-json\/wp\/v2\/media\/512"}],"wp:attachment":[{"href":"https:\/\/deltaturistic.com\/en\/wp-json\/wp\/v2\/media?parent=2110"}],"wp:term":[{"taxonomy":"product_brand","embeddable":true,"href":"https:\/\/deltaturistic.com\/en\/wp-json\/wp\/v2\/product_brand?post=2110"},{"taxonomy":"product_cat","embeddable":true,"href":"https:\/\/deltaturistic.com\/en\/wp-json\/wp\/v2\/product_cat?post=2110"},{"taxonomy":"product_tag","embeddable":true,"href":"https:\/\/deltaturistic.com\/en\/wp-json\/wp\/v2\/product_tag?post=2110"}],"curies":[{"name":"wp","href":"https:\/\/api.w.org\/{rel}","templated":true}]}}