{"id":2241,"date":"2014-09-08T10:34:30","date_gmt":"2014-09-08T09:34:30","guid":{"rendered":"http:\/\/www.deltaturistic.com\/?post_type=product&#038;p=2241"},"modified":"2014-09-08T10:37:59","modified_gmt":"2014-09-08T09:37:59","slug":"programa-escolars-24-1-dia","status":"publish","type":"product","link":"https:\/\/deltaturistic.com\/en\/paquets-turistics\/programa-escolars-24-1-dia\/","title":{"rendered":"Programa Escolars 24 \/ 1 dia"},"content":{"rendered":"<p>Programa dissenyat per a passar dos dies complerts per les Terres de l\u2019Ebre, per aquells que ja tenen m\u00e9s inquietuds i volen realitzar diferents activitats que ens faran con\u00e8ixer encara m\u00e9s el paratge on estem.<\/p>\n<p>Activitats de tot tipus, des de rutes en BTT, tallers diversos fins creuers pel riu Ebre.<\/p>\n<p>Una forma de gaudir de varis dies per les Terres de l\u2019Ebre.<\/p>\n<p>&nbsp;<\/p>\n<p><strong>ACTIVITAT DE VELA I LLOTJA<\/strong><\/p>\n<p>Punt de trobada: consultar<br \/>\nDes del port de Sant Carles farem la sortida de vela lleugera i aprendrem a fer nusos mariners.<br \/>\nDinar p\u00edcnic, que portar\u00e0 cada alumne des de casa.<br \/>\nVisita a la llotja del peix a l&#8217;arribada dels vaixells de pesca.<br \/>\nFi de la visita i acomiadament del grup.<\/p>\n<p><a href=\"http:\/\/www.deltaturistic.com\/wp-content\/uploads\/2014\/09\/llotja.jpg\"><img loading=\"lazy\" decoding=\"async\" class=\"alignnone size-full wp-image-2121\" src=\"http:\/\/www.deltaturistic.com\/wp-content\/uploads\/2014\/09\/llotja.jpg\" alt=\"llotja\" width=\"275\" height=\"183\" \/><\/a> <a href=\"http:\/\/www.deltaturistic.com\/wp-content\/uploads\/2014\/07\/1369927209931.jpg\"><img loading=\"lazy\" decoding=\"async\" class=\"alignnone size-medium wp-image-623\" src=\"http:\/\/www.deltaturistic.com\/wp-content\/uploads\/2014\/07\/1369927209931-300x225.jpg\" alt=\"vela al delta de l'Ebre\" width=\"300\" height=\"225\" srcset=\"https:\/\/deltaturistic.com\/wp-content\/uploads\/2014\/07\/1369927209931-300x225.jpg 300w, https:\/\/deltaturistic.com\/wp-content\/uploads\/2014\/07\/1369927209931-100x75.jpg 100w, https:\/\/deltaturistic.com\/wp-content\/uploads\/2014\/07\/1369927209931.jpg 400w\" sizes=\"auto, (max-width: 300px) 100vw, 300px\" \/><\/a><\/p>\n","protected":false},"excerpt":{"rendered":"<p>Programa dissenyat per a passar dos dies complerts per les Terres de l\u2019Ebre, per aquells que ja tenen m\u00e9s inquietuds i volen realitzar diferents activitats que ens faran con\u00e8ixer encara m\u00e9s el paratge on estem. Activitats de tot tipus, des de rutes en BTT, tallers diversos fins creuers pel riu Ebre. Una forma de gaudir [&hellip;]<\/p>\n","protected":false},"featured_media":512,"template":"","meta":[],"product_brand":[],"product_cat":[13,16],"product_tag":[],"class_list":{"0":"post-2241","1":"product","2":"type-product","3":"status-publish","4":"has-post-thumbnail","6":"product_cat-escolars-delta-del-ebre","7":"product_cat-escolars-1-dia","9":"first","10":"instock","11":"shipping-taxable","12":"product-type-simple"},"yoast_head":"<!-- This site is optimized with the Yoast SEO plugin v27.1.1 - https:\/\/yoast.com\/product\/yoast-seo-wordpress\/ -->\n<title>Programa Escolars 24 \/ 1 dia - Deltaturistic turisme, excursions i esports d&#039;aventura al delta de l&#039;Ebre<\/title>\n<meta name=\"robots\" content=\"index, follow, max-snippet:-1, max-image-preview:large, max-video-preview:-1\" \/>\n<link rel=\"canonical\" href=\"https:\/\/deltaturistic.com\/en\/paquets-turistics\/programa-escolars-24-1-dia\/\" \/>\n<meta name=\"twitter:label1\" content=\"Est. reading time\" \/>\n\t<meta name=\"twitter:data1\" content=\"1 minute\" \/>\n<script type=\"application\/ld+json\" class=\"yoast-schema-graph\">{\"@context\":\"https:\/\/schema.org\",\"@graph\":[{\"@type\":\"WebPage\",\"@id\":\"https:\/\/deltaturistic.com\/en\/paquets-turistics\/programa-escolars-24-1-dia\/\",\"url\":\"https:\/\/deltaturistic.com\/en\/paquets-turistics\/programa-escolars-24-1-dia\/\",\"name\":\"Programa Escolars 24 \/ 1 dia - Deltaturistic turisme, excursions i esports d&#039;aventura al delta de l&#039;Ebre\",\"isPartOf\":{\"@id\":\"https:\/\/deltaturistic.com\/en\/#website\"},\"primaryImageOfPage\":{\"@id\":\"https:\/\/deltaturistic.com\/en\/paquets-turistics\/programa-escolars-24-1-dia\/#primaryimage\"},\"image\":{\"@id\":\"https:\/\/deltaturistic.com\/en\/paquets-turistics\/programa-escolars-24-1-dia\/#primaryimage\"},\"thumbnailUrl\":\"https:\/\/deltaturistic.com\/wp-content\/uploads\/2014\/05\/1371637455444.jpg\",\"datePublished\":\"2014-09-08T09:34:30+00:00\",\"dateModified\":\"2014-09-08T09:37:59+00:00\",\"breadcrumb\":{\"@id\":\"https:\/\/deltaturistic.com\/en\/paquets-turistics\/programa-escolars-24-1-dia\/#breadcrumb\"},\"inLanguage\":\"en-US\",\"potentialAction\":[{\"@type\":\"ReadAction\",\"target\":[\"https:\/\/deltaturistic.com\/en\/paquets-turistics\/programa-escolars-24-1-dia\/\"]}]},{\"@type\":\"ImageObject\",\"inLanguage\":\"en-US\",\"@id\":\"https:\/\/deltaturistic.com\/en\/paquets-turistics\/programa-escolars-24-1-dia\/#primaryimage\",\"url\":\"https:\/\/deltaturistic.com\/wp-content\/uploads\/2014\/05\/1371637455444.jpg\",\"contentUrl\":\"https:\/\/deltaturistic.com\/wp-content\/uploads\/2014\/05\/1371637455444.jpg\",\"width\":320,\"height\":256},{\"@type\":\"BreadcrumbList\",\"@id\":\"https:\/\/deltaturistic.com\/en\/paquets-turistics\/programa-escolars-24-1-dia\/#breadcrumb\",\"itemListElement\":[{\"@type\":\"ListItem\",\"position\":1,\"name\":\"Inici\",\"item\":\"https:\/\/deltaturistic.com\/en\/\"},{\"@type\":\"ListItem\",\"position\":2,\"name\":\"Productes tur\u00edstics\",\"item\":\"https:\/\/deltaturistic.com\/paquets-turistics\/\"},{\"@type\":\"ListItem\",\"position\":3,\"name\":\"Programa Escolars 24 \/ 1 dia\"}]},{\"@type\":\"WebSite\",\"@id\":\"https:\/\/deltaturistic.com\/en\/#website\",\"url\":\"https:\/\/deltaturistic.com\/en\/\",\"name\":\"Deltaturistic turisme, excursions i esports d&#039;aventura al delta de l&#039;Ebre\",\"description\":\"Ag\u00e8ncia de Viatges Deltaturistic\",\"potentialAction\":[{\"@type\":\"SearchAction\",\"target\":{\"@type\":\"EntryPoint\",\"urlTemplate\":\"https:\/\/deltaturistic.com\/en\/?s={search_term_string}\"},\"query-input\":{\"@type\":\"PropertyValueSpecification\",\"valueRequired\":true,\"valueName\":\"search_term_string\"}}],\"inLanguage\":\"en-US\"}]}<\/script>\n<!-- \/ Yoast SEO plugin. -->","yoast_head_json":{"title":"Programa Escolars 24 \/ 1 dia - Deltaturistic turisme, excursions i esports d&#039;aventura al delta de l&#039;Ebre","robots":{"index":"index","follow":"follow","max-snippet":"max-snippet:-1","max-image-preview":"max-image-preview:large","max-video-preview":"max-video-preview:-1"},"canonical":"https:\/\/deltaturistic.com\/en\/paquets-turistics\/programa-escolars-24-1-dia\/","twitter_misc":{"Est. reading time":"1 minute"},"schema":{"@context":"https:\/\/schema.org","@graph":[{"@type":"WebPage","@id":"https:\/\/deltaturistic.com\/en\/paquets-turistics\/programa-escolars-24-1-dia\/","url":"https:\/\/deltaturistic.com\/en\/paquets-turistics\/programa-escolars-24-1-dia\/","name":"Programa Escolars 24 \/ 1 dia - Deltaturistic turisme, excursions i esports d&#039;aventura al delta de l&#039;Ebre","isPartOf":{"@id":"https:\/\/deltaturistic.com\/en\/#website"},"primaryImageOfPage":{"@id":"https:\/\/deltaturistic.com\/en\/paquets-turistics\/programa-escolars-24-1-dia\/#primaryimage"},"image":{"@id":"https:\/\/deltaturistic.com\/en\/paquets-turistics\/programa-escolars-24-1-dia\/#primaryimage"},"thumbnailUrl":"https:\/\/deltaturistic.com\/wp-content\/uploads\/2014\/05\/1371637455444.jpg","datePublished":"2014-09-08T09:34:30+00:00","dateModified":"2014-09-08T09:37:59+00:00","breadcrumb":{"@id":"https:\/\/deltaturistic.com\/en\/paquets-turistics\/programa-escolars-24-1-dia\/#breadcrumb"},"inLanguage":"en-US","potentialAction":[{"@type":"ReadAction","target":["https:\/\/deltaturistic.com\/en\/paquets-turistics\/programa-escolars-24-1-dia\/"]}]},{"@type":"ImageObject","inLanguage":"en-US","@id":"https:\/\/deltaturistic.com\/en\/paquets-turistics\/programa-escolars-24-1-dia\/#primaryimage","url":"https:\/\/deltaturistic.com\/wp-content\/uploads\/2014\/05\/1371637455444.jpg","contentUrl":"https:\/\/deltaturistic.com\/wp-content\/uploads\/2014\/05\/1371637455444.jpg","width":320,"height":256},{"@type":"BreadcrumbList","@id":"https:\/\/deltaturistic.com\/en\/paquets-turistics\/programa-escolars-24-1-dia\/#breadcrumb","itemListElement":[{"@type":"ListItem","position":1,"name":"Inici","item":"https:\/\/deltaturistic.com\/en\/"},{"@type":"ListItem","position":2,"name":"Productes tur\u00edstics","item":"https:\/\/deltaturistic.com\/paquets-turistics\/"},{"@type":"ListItem","position":3,"name":"Programa Escolars 24 \/ 1 dia"}]},{"@type":"WebSite","@id":"https:\/\/deltaturistic.com\/en\/#website","url":"https:\/\/deltaturistic.com\/en\/","name":"Deltaturistic turisme, excursions i esports d&#039;aventura al delta de l&#039;Ebre","description":"Ag\u00e8ncia de Viatges Deltaturistic","potentialAction":[{"@type":"SearchAction","target":{"@type":"EntryPoint","urlTemplate":"https:\/\/deltaturistic.com\/en\/?s={search_term_string}"},"query-input":{"@type":"PropertyValueSpecification","valueRequired":true,"valueName":"search_term_string"}}],"inLanguage":"en-US"}]}},"_links":{"self":[{"href":"https:\/\/deltaturistic.com\/en\/wp-json\/wp\/v2\/product\/2241","targetHints":{"allow":["GET"]}}],"collection":[{"href":"https:\/\/deltaturistic.com\/en\/wp-json\/wp\/v2\/product"}],"about":[{"href":"https:\/\/deltaturistic.com\/en\/wp-json\/wp\/v2\/types\/product"}],"wp:featuredmedia":[{"embeddable":true,"href":"https:\/\/deltaturistic.com\/en\/wp-json\/wp\/v2\/media\/512"}],"wp:attachment":[{"href":"https:\/\/deltaturistic.com\/en\/wp-json\/wp\/v2\/media?parent=2241"}],"wp:term":[{"taxonomy":"product_brand","embeddable":true,"href":"https:\/\/deltaturistic.com\/en\/wp-json\/wp\/v2\/product_brand?post=2241"},{"taxonomy":"product_cat","embeddable":true,"href":"https:\/\/deltaturistic.com\/en\/wp-json\/wp\/v2\/product_cat?post=2241"},{"taxonomy":"product_tag","embeddable":true,"href":"https:\/\/deltaturistic.com\/en\/wp-json\/wp\/v2\/product_tag?post=2241"}],"curies":[{"name":"wp","href":"https:\/\/api.w.org\/{rel}","templated":true}]}}