{"id":2331,"date":"2014-09-09T18:03:09","date_gmt":"2014-09-09T17:03:09","guid":{"rendered":"http:\/\/www.deltaturistic.com\/?post_type=product&#038;p=2331"},"modified":"2014-09-10T17:48:47","modified_gmt":"2014-09-10T16:48:47","slug":"tallers-varis","status":"publish","type":"product","link":"https:\/\/deltaturistic.com\/en\/paquets-turistics\/tallers-varis\/","title":{"rendered":"Tallers varis"},"content":{"rendered":"<p><strong>Diferents tallers com per exemple:<\/strong><\/p>\n<p>Com si d&#8217;un aut\u00e8ntic malabarista, es tract\u00e9s, dissenyarem, realitzarem, confeccionarem, i jugarem amb diversos tipus de jocs malabars<\/p>\n<p>Colors, formes, fils, nusos, &#8230; es barregen per donar forma a un dels objectes m\u00e9s utilitzats de la hist\u00f2ria, Les polseres.<\/p>\n<p>Confeccionarem amb cartolines, un dels emblemes m\u00e9s t\u00edpics i caracter\u00edstics de la zona, La Barraca deltaica. Tamb\u00e9 explicarem les diverses utilitats a qu\u00e8 es destinava.<\/p>\n<p>Mitjan\u00e7ant un quadern de camp i una pr\u00e0ctica visual amb prism\u00e0tics, coneixerem diversos tipus d&#8217;aus que habiten al Parc Natural. Apuntarem, acolorirem &#8230;<\/p>\n<p>Aprendran a realitzar diversos i molt variats tipus de nusos mariners, com el m\u00e9s experimentat mariner.<\/p>\n<p>Com reutilitzar el paper de manera que d&#8217;una simple full de diari, puguem desenvolupar una flor, un \u00e0nec, un llibre o qualsevol objecte que ens<br \/>\nproposem.<\/p>\n<p><a href=\"http:\/\/www.deltaturistic.com\/wp-content\/uploads\/2014\/09\/deltacompleto2.jpg\"><img loading=\"lazy\" decoding=\"async\" class=\"alignnone size-full wp-image-2332\" src=\"http:\/\/www.deltaturistic.com\/wp-content\/uploads\/2014\/09\/deltacompleto2.jpg\" alt=\"deltacompleto2\" width=\"250\" height=\"167\" \/><\/a>\u00a0<a href=\"http:\/\/www.deltaturistic.com\/wp-content\/uploads\/2014\/09\/malabars.jpg\"><img loading=\"lazy\" decoding=\"async\" class=\"alignnone  wp-image-2335\" src=\"http:\/\/www.deltaturistic.com\/wp-content\/uploads\/2014\/09\/malabars.jpg\" alt=\"malabars\" width=\"220\" height=\"165\" srcset=\"https:\/\/deltaturistic.com\/wp-content\/uploads\/2014\/09\/malabars.jpg 156w, https:\/\/deltaturistic.com\/wp-content\/uploads\/2014\/09\/malabars-100x75.jpg 100w\" sizes=\"auto, (max-width: 220px) 100vw, 220px\" \/><\/a><\/p>\n","protected":false},"excerpt":{"rendered":"<p>Diferents tallers com per exemple: Com si d&#8217;un aut\u00e8ntic malabarista, es tract\u00e9s, dissenyarem, realitzarem, confeccionarem, i jugarem amb diversos tipus de jocs malabars Colors, formes, fils, nusos, &#8230; es barregen per donar forma a un dels objectes m\u00e9s utilitzats de la hist\u00f2ria, Les polseres. Confeccionarem amb cartolines, un dels emblemes m\u00e9s t\u00edpics i caracter\u00edstics de [&hellip;]<\/p>\n","protected":false},"featured_media":2194,"template":"","meta":[],"product_brand":[],"product_cat":[389,13],"product_tag":[],"class_list":{"0":"post-2331","1":"product","2":"type-product","3":"status-publish","4":"has-post-thumbnail","6":"product_cat-activitats","7":"product_cat-escolars-delta-del-ebre","9":"first","10":"instock","11":"shipping-taxable","12":"product-type-simple"},"yoast_head":"<!-- This site is optimized with the Yoast SEO plugin v27.1.1 - https:\/\/yoast.com\/product\/yoast-seo-wordpress\/ -->\n<title>Tallers varis - Deltaturistic turisme, excursions i esports d&#039;aventura al delta de l&#039;Ebre<\/title>\n<meta name=\"robots\" content=\"index, follow, max-snippet:-1, max-image-preview:large, max-video-preview:-1\" \/>\n<link rel=\"canonical\" href=\"https:\/\/deltaturistic.com\/en\/paquets-turistics\/tallers-varis\/\" \/>\n<meta name=\"twitter:label1\" content=\"Est. reading time\" \/>\n\t<meta name=\"twitter:data1\" content=\"1 minute\" \/>\n<script type=\"application\/ld+json\" class=\"yoast-schema-graph\">{\"@context\":\"https:\/\/schema.org\",\"@graph\":[{\"@type\":\"WebPage\",\"@id\":\"https:\/\/deltaturistic.com\/en\/paquets-turistics\/tallers-varis\/\",\"url\":\"https:\/\/deltaturistic.com\/en\/paquets-turistics\/tallers-varis\/\",\"name\":\"Tallers varis - Deltaturistic turisme, excursions i esports d&#039;aventura al delta de l&#039;Ebre\",\"isPartOf\":{\"@id\":\"https:\/\/deltaturistic.com\/en\/#website\"},\"primaryImageOfPage\":{\"@id\":\"https:\/\/deltaturistic.com\/en\/paquets-turistics\/tallers-varis\/#primaryimage\"},\"image\":{\"@id\":\"https:\/\/deltaturistic.com\/en\/paquets-turistics\/tallers-varis\/#primaryimage\"},\"thumbnailUrl\":\"https:\/\/deltaturistic.com\/wp-content\/uploads\/2014\/09\/tallers.jpg\",\"datePublished\":\"2014-09-09T17:03:09+00:00\",\"dateModified\":\"2014-09-10T16:48:47+00:00\",\"breadcrumb\":{\"@id\":\"https:\/\/deltaturistic.com\/en\/paquets-turistics\/tallers-varis\/#breadcrumb\"},\"inLanguage\":\"en-US\",\"potentialAction\":[{\"@type\":\"ReadAction\",\"target\":[\"https:\/\/deltaturistic.com\/en\/paquets-turistics\/tallers-varis\/\"]}]},{\"@type\":\"ImageObject\",\"inLanguage\":\"en-US\",\"@id\":\"https:\/\/deltaturistic.com\/en\/paquets-turistics\/tallers-varis\/#primaryimage\",\"url\":\"https:\/\/deltaturistic.com\/wp-content\/uploads\/2014\/09\/tallers.jpg\",\"contentUrl\":\"https:\/\/deltaturistic.com\/wp-content\/uploads\/2014\/09\/tallers.jpg\",\"width\":240,\"height\":210},{\"@type\":\"BreadcrumbList\",\"@id\":\"https:\/\/deltaturistic.com\/en\/paquets-turistics\/tallers-varis\/#breadcrumb\",\"itemListElement\":[{\"@type\":\"ListItem\",\"position\":1,\"name\":\"Inici\",\"item\":\"https:\/\/deltaturistic.com\/en\/\"},{\"@type\":\"ListItem\",\"position\":2,\"name\":\"Productes tur\u00edstics\",\"item\":\"https:\/\/deltaturistic.com\/paquets-turistics\/\"},{\"@type\":\"ListItem\",\"position\":3,\"name\":\"Tallers varis\"}]},{\"@type\":\"WebSite\",\"@id\":\"https:\/\/deltaturistic.com\/en\/#website\",\"url\":\"https:\/\/deltaturistic.com\/en\/\",\"name\":\"Deltaturistic turisme, excursions i esports d&#039;aventura al delta de l&#039;Ebre\",\"description\":\"Ag\u00e8ncia de Viatges Deltaturistic\",\"potentialAction\":[{\"@type\":\"SearchAction\",\"target\":{\"@type\":\"EntryPoint\",\"urlTemplate\":\"https:\/\/deltaturistic.com\/en\/?s={search_term_string}\"},\"query-input\":{\"@type\":\"PropertyValueSpecification\",\"valueRequired\":true,\"valueName\":\"search_term_string\"}}],\"inLanguage\":\"en-US\"}]}<\/script>\n<!-- \/ Yoast SEO plugin. -->","yoast_head_json":{"title":"Tallers varis - Deltaturistic turisme, excursions i esports d&#039;aventura al delta de l&#039;Ebre","robots":{"index":"index","follow":"follow","max-snippet":"max-snippet:-1","max-image-preview":"max-image-preview:large","max-video-preview":"max-video-preview:-1"},"canonical":"https:\/\/deltaturistic.com\/en\/paquets-turistics\/tallers-varis\/","twitter_misc":{"Est. reading time":"1 minute"},"schema":{"@context":"https:\/\/schema.org","@graph":[{"@type":"WebPage","@id":"https:\/\/deltaturistic.com\/en\/paquets-turistics\/tallers-varis\/","url":"https:\/\/deltaturistic.com\/en\/paquets-turistics\/tallers-varis\/","name":"Tallers varis - Deltaturistic turisme, excursions i esports d&#039;aventura al delta de l&#039;Ebre","isPartOf":{"@id":"https:\/\/deltaturistic.com\/en\/#website"},"primaryImageOfPage":{"@id":"https:\/\/deltaturistic.com\/en\/paquets-turistics\/tallers-varis\/#primaryimage"},"image":{"@id":"https:\/\/deltaturistic.com\/en\/paquets-turistics\/tallers-varis\/#primaryimage"},"thumbnailUrl":"https:\/\/deltaturistic.com\/wp-content\/uploads\/2014\/09\/tallers.jpg","datePublished":"2014-09-09T17:03:09+00:00","dateModified":"2014-09-10T16:48:47+00:00","breadcrumb":{"@id":"https:\/\/deltaturistic.com\/en\/paquets-turistics\/tallers-varis\/#breadcrumb"},"inLanguage":"en-US","potentialAction":[{"@type":"ReadAction","target":["https:\/\/deltaturistic.com\/en\/paquets-turistics\/tallers-varis\/"]}]},{"@type":"ImageObject","inLanguage":"en-US","@id":"https:\/\/deltaturistic.com\/en\/paquets-turistics\/tallers-varis\/#primaryimage","url":"https:\/\/deltaturistic.com\/wp-content\/uploads\/2014\/09\/tallers.jpg","contentUrl":"https:\/\/deltaturistic.com\/wp-content\/uploads\/2014\/09\/tallers.jpg","width":240,"height":210},{"@type":"BreadcrumbList","@id":"https:\/\/deltaturistic.com\/en\/paquets-turistics\/tallers-varis\/#breadcrumb","itemListElement":[{"@type":"ListItem","position":1,"name":"Inici","item":"https:\/\/deltaturistic.com\/en\/"},{"@type":"ListItem","position":2,"name":"Productes tur\u00edstics","item":"https:\/\/deltaturistic.com\/paquets-turistics\/"},{"@type":"ListItem","position":3,"name":"Tallers varis"}]},{"@type":"WebSite","@id":"https:\/\/deltaturistic.com\/en\/#website","url":"https:\/\/deltaturistic.com\/en\/","name":"Deltaturistic turisme, excursions i esports d&#039;aventura al delta de l&#039;Ebre","description":"Ag\u00e8ncia de Viatges Deltaturistic","potentialAction":[{"@type":"SearchAction","target":{"@type":"EntryPoint","urlTemplate":"https:\/\/deltaturistic.com\/en\/?s={search_term_string}"},"query-input":{"@type":"PropertyValueSpecification","valueRequired":true,"valueName":"search_term_string"}}],"inLanguage":"en-US"}]}},"_links":{"self":[{"href":"https:\/\/deltaturistic.com\/en\/wp-json\/wp\/v2\/product\/2331","targetHints":{"allow":["GET"]}}],"collection":[{"href":"https:\/\/deltaturistic.com\/en\/wp-json\/wp\/v2\/product"}],"about":[{"href":"https:\/\/deltaturistic.com\/en\/wp-json\/wp\/v2\/types\/product"}],"wp:featuredmedia":[{"embeddable":true,"href":"https:\/\/deltaturistic.com\/en\/wp-json\/wp\/v2\/media\/2194"}],"wp:attachment":[{"href":"https:\/\/deltaturistic.com\/en\/wp-json\/wp\/v2\/media?parent=2331"}],"wp:term":[{"taxonomy":"product_brand","embeddable":true,"href":"https:\/\/deltaturistic.com\/en\/wp-json\/wp\/v2\/product_brand?post=2331"},{"taxonomy":"product_cat","embeddable":true,"href":"https:\/\/deltaturistic.com\/en\/wp-json\/wp\/v2\/product_cat?post=2331"},{"taxonomy":"product_tag","embeddable":true,"href":"https:\/\/deltaturistic.com\/en\/wp-json\/wp\/v2\/product_tag?post=2331"}],"curies":[{"name":"wp","href":"https:\/\/api.w.org\/{rel}","templated":true}]}}