{"id":2352,"date":"2014-09-10T09:44:37","date_gmt":"2014-09-10T08:44:37","guid":{"rendered":"http:\/\/www.deltaturistic.com\/?post_type=product&#038;p=2352"},"modified":"2025-03-04T15:34:47","modified_gmt":"2025-03-04T14:34:47","slug":"multiactivitat-terrestre","status":"publish","type":"product","link":"https:\/\/deltaturistic.com\/en\/paquets-turistics\/multiactivitat-terrestre\/","title":{"rendered":"MultiActivitat Terrestre"},"content":{"rendered":"<p>En el nostre recinte a l&#8217;aire lliure, gaudim d&#8217;una instal\u00b7laci\u00f3 per a fer la nostra MultiActivitat Terrestres, que consta de diferents activitats en una. Dividirem el grup en subgrups, per a que tots puguin fer totes les bases amb tranquil\u00b7litat i gaudint del dia.<\/p>\n<p>Les bases consten de: tir amb arc, ponts tibetants, escalada, tirolina i mini-circuit de quads. S&#8217;equipar\u00e0 als alumnes amb el necessari per a cada base, aix\u00ed com arnes i casc per a les activitats d&#8217;al\u00e7ada i casc per al quad, que depenen de la edat o del nen\/a, anir\u00e0 acompanyat d&#8217;un monitor, dins del circuit.<\/p>\n<p>&nbsp;<\/p>\n<p><a href=\"http:\/\/www.deltaturistic.com\/wp-content\/uploads\/2014\/05\/1369991794746.jpg\"><img loading=\"lazy\" decoding=\"async\" class=\"alignnone size-medium wp-image-514\" src=\"http:\/\/www.deltaturistic.com\/wp-content\/uploads\/2014\/05\/1369991794746-300x225.jpg\" alt=\"Esports d'aventura al delta de l'Ebre\" width=\"300\" height=\"225\" srcset=\"https:\/\/deltaturistic.com\/wp-content\/uploads\/2014\/05\/1369991794746-300x225.jpg 300w, https:\/\/deltaturistic.com\/wp-content\/uploads\/2014\/05\/1369991794746-100x75.jpg 100w, https:\/\/deltaturistic.com\/wp-content\/uploads\/2014\/05\/1369991794746.jpg 400w\" sizes=\"auto, (max-width: 300px) 100vw, 300px\" \/><\/a> <a href=\"http:\/\/www.deltaturistic.com\/wp-content\/uploads\/2014\/05\/1371550442463.jpg\"><img loading=\"lazy\" decoding=\"async\" class=\"alignnone size-medium wp-image-510\" src=\"http:\/\/www.deltaturistic.com\/wp-content\/uploads\/2014\/05\/1371550442463-300x225.jpg\" alt=\"Escolars al delta de l'ebre\" width=\"300\" height=\"225\" srcset=\"https:\/\/deltaturistic.com\/wp-content\/uploads\/2014\/05\/1371550442463-300x225.jpg 300w, https:\/\/deltaturistic.com\/wp-content\/uploads\/2014\/05\/1371550442463-100x75.jpg 100w, https:\/\/deltaturistic.com\/wp-content\/uploads\/2014\/05\/1371550442463.jpg 400w\" sizes=\"auto, (max-width: 300px) 100vw, 300px\" \/><\/a><a href=\"http:\/\/www.deltaturistic.com\/wp-content\/uploads\/2014\/09\/249633_207164392655895_6967326_n.jpg\"><img loading=\"lazy\" decoding=\"async\" class=\"alignnone size-medium wp-image-2353\" src=\"http:\/\/www.deltaturistic.com\/wp-content\/uploads\/2014\/09\/249633_207164392655895_6967326_n-300x225.jpg\" alt=\"249633_207164392655895_6967326_n\" width=\"300\" height=\"225\" srcset=\"https:\/\/deltaturistic.com\/wp-content\/uploads\/2014\/09\/249633_207164392655895_6967326_n-300x225.jpg 300w, https:\/\/deltaturistic.com\/wp-content\/uploads\/2014\/09\/249633_207164392655895_6967326_n-600x450.jpg 600w, https:\/\/deltaturistic.com\/wp-content\/uploads\/2014\/09\/249633_207164392655895_6967326_n-100x75.jpg 100w, https:\/\/deltaturistic.com\/wp-content\/uploads\/2014\/09\/249633_207164392655895_6967326_n.jpg 720w\" sizes=\"auto, (max-width: 300px) 100vw, 300px\" \/><\/a> <a href=\"http:\/\/www.deltaturistic.com\/wp-content\/uploads\/2014\/09\/escalada1.jpg\"><img loading=\"lazy\" decoding=\"async\" class=\"alignnone  wp-image-2356\" src=\"http:\/\/www.deltaturistic.com\/wp-content\/uploads\/2014\/09\/escalada1.jpg\" alt=\"escalada\" width=\"331\" height=\"225\" \/><\/a><\/p>\n","protected":false},"excerpt":{"rendered":"<p>En el nostre recinte a l&#8217;aire lliure, gaudim d&#8217;una instal\u00b7laci\u00f3 per a fer la nostra MultiActivitat Terrestres, que consta de diferents activitats en una. Dividirem el grup en subgrups, per a que tots puguin fer totes les bases amb tranquil\u00b7litat i gaudint del dia. Les bases consten de: tir amb arc, ponts tibetants, escalada, tirolina [&hellip;]<\/p>\n","protected":false},"featured_media":2059,"template":"","meta":[],"product_brand":[],"product_cat":[389,13],"product_tag":[],"class_list":{"0":"post-2352","1":"product","2":"type-product","3":"status-publish","4":"has-post-thumbnail","6":"product_cat-activitats","7":"product_cat-escolars-delta-del-ebre","8":"pa_adicional-calcat-i-roba-esportiva-crema-solar-repellent-de-mosquits","10":"first","11":"instock","12":"shipping-taxable","13":"product-type-simple"},"yoast_head":"<!-- This site is optimized with the Yoast SEO plugin v27.1.1 - https:\/\/yoast.com\/product\/yoast-seo-wordpress\/ -->\n<title>MultiActivitat Terrestre - Deltaturistic turisme, excursions i esports d&#039;aventura al delta de l&#039;Ebre<\/title>\n<meta name=\"robots\" content=\"index, follow, max-snippet:-1, max-image-preview:large, max-video-preview:-1\" \/>\n<link rel=\"canonical\" href=\"https:\/\/deltaturistic.com\/en\/paquets-turistics\/multiactivitat-terrestre\/\" \/>\n<meta name=\"twitter:label1\" content=\"Est. reading time\" \/>\n\t<meta name=\"twitter:data1\" content=\"1 minute\" \/>\n<script type=\"application\/ld+json\" class=\"yoast-schema-graph\">{\"@context\":\"https:\/\/schema.org\",\"@graph\":[{\"@type\":\"WebPage\",\"@id\":\"https:\/\/deltaturistic.com\/en\/paquets-turistics\/multiactivitat-terrestre\/\",\"url\":\"https:\/\/deltaturistic.com\/en\/paquets-turistics\/multiactivitat-terrestre\/\",\"name\":\"MultiActivitat Terrestre - Deltaturistic turisme, excursions i esports d&#039;aventura al delta de l&#039;Ebre\",\"isPartOf\":{\"@id\":\"https:\/\/deltaturistic.com\/en\/#website\"},\"primaryImageOfPage\":{\"@id\":\"https:\/\/deltaturistic.com\/en\/paquets-turistics\/multiactivitat-terrestre\/#primaryimage\"},\"image\":{\"@id\":\"https:\/\/deltaturistic.com\/en\/paquets-turistics\/multiactivitat-terrestre\/#primaryimage\"},\"thumbnailUrl\":\"https:\/\/deltaturistic.com\/wp-content\/uploads\/2014\/09\/230663_207165979322403_8365481_n.jpg\",\"datePublished\":\"2014-09-10T08:44:37+00:00\",\"dateModified\":\"2025-03-04T14:34:47+00:00\",\"breadcrumb\":{\"@id\":\"https:\/\/deltaturistic.com\/en\/paquets-turistics\/multiactivitat-terrestre\/#breadcrumb\"},\"inLanguage\":\"en-US\",\"potentialAction\":[{\"@type\":\"ReadAction\",\"target\":[\"https:\/\/deltaturistic.com\/en\/paquets-turistics\/multiactivitat-terrestre\/\"]}]},{\"@type\":\"ImageObject\",\"inLanguage\":\"en-US\",\"@id\":\"https:\/\/deltaturistic.com\/en\/paquets-turistics\/multiactivitat-terrestre\/#primaryimage\",\"url\":\"https:\/\/deltaturistic.com\/wp-content\/uploads\/2014\/09\/230663_207165979322403_8365481_n.jpg\",\"contentUrl\":\"https:\/\/deltaturistic.com\/wp-content\/uploads\/2014\/09\/230663_207165979322403_8365481_n.jpg\",\"width\":720,\"height\":540},{\"@type\":\"BreadcrumbList\",\"@id\":\"https:\/\/deltaturistic.com\/en\/paquets-turistics\/multiactivitat-terrestre\/#breadcrumb\",\"itemListElement\":[{\"@type\":\"ListItem\",\"position\":1,\"name\":\"Inici\",\"item\":\"https:\/\/deltaturistic.com\/en\/\"},{\"@type\":\"ListItem\",\"position\":2,\"name\":\"Productes tur\u00edstics\",\"item\":\"https:\/\/deltaturistic.com\/paquets-turistics\/\"},{\"@type\":\"ListItem\",\"position\":3,\"name\":\"MultiActivitat Terrestre\"}]},{\"@type\":\"WebSite\",\"@id\":\"https:\/\/deltaturistic.com\/en\/#website\",\"url\":\"https:\/\/deltaturistic.com\/en\/\",\"name\":\"Deltaturistic turisme, excursions i esports d&#039;aventura al delta de l&#039;Ebre\",\"description\":\"Ag\u00e8ncia de Viatges Deltaturistic\",\"potentialAction\":[{\"@type\":\"SearchAction\",\"target\":{\"@type\":\"EntryPoint\",\"urlTemplate\":\"https:\/\/deltaturistic.com\/en\/?s={search_term_string}\"},\"query-input\":{\"@type\":\"PropertyValueSpecification\",\"valueRequired\":true,\"valueName\":\"search_term_string\"}}],\"inLanguage\":\"en-US\"}]}<\/script>\n<!-- \/ Yoast SEO plugin. -->","yoast_head_json":{"title":"MultiActivitat Terrestre - Deltaturistic turisme, excursions i esports d&#039;aventura al delta de l&#039;Ebre","robots":{"index":"index","follow":"follow","max-snippet":"max-snippet:-1","max-image-preview":"max-image-preview:large","max-video-preview":"max-video-preview:-1"},"canonical":"https:\/\/deltaturistic.com\/en\/paquets-turistics\/multiactivitat-terrestre\/","twitter_misc":{"Est. reading time":"1 minute"},"schema":{"@context":"https:\/\/schema.org","@graph":[{"@type":"WebPage","@id":"https:\/\/deltaturistic.com\/en\/paquets-turistics\/multiactivitat-terrestre\/","url":"https:\/\/deltaturistic.com\/en\/paquets-turistics\/multiactivitat-terrestre\/","name":"MultiActivitat Terrestre - Deltaturistic turisme, excursions i esports d&#039;aventura al delta de l&#039;Ebre","isPartOf":{"@id":"https:\/\/deltaturistic.com\/en\/#website"},"primaryImageOfPage":{"@id":"https:\/\/deltaturistic.com\/en\/paquets-turistics\/multiactivitat-terrestre\/#primaryimage"},"image":{"@id":"https:\/\/deltaturistic.com\/en\/paquets-turistics\/multiactivitat-terrestre\/#primaryimage"},"thumbnailUrl":"https:\/\/deltaturistic.com\/wp-content\/uploads\/2014\/09\/230663_207165979322403_8365481_n.jpg","datePublished":"2014-09-10T08:44:37+00:00","dateModified":"2025-03-04T14:34:47+00:00","breadcrumb":{"@id":"https:\/\/deltaturistic.com\/en\/paquets-turistics\/multiactivitat-terrestre\/#breadcrumb"},"inLanguage":"en-US","potentialAction":[{"@type":"ReadAction","target":["https:\/\/deltaturistic.com\/en\/paquets-turistics\/multiactivitat-terrestre\/"]}]},{"@type":"ImageObject","inLanguage":"en-US","@id":"https:\/\/deltaturistic.com\/en\/paquets-turistics\/multiactivitat-terrestre\/#primaryimage","url":"https:\/\/deltaturistic.com\/wp-content\/uploads\/2014\/09\/230663_207165979322403_8365481_n.jpg","contentUrl":"https:\/\/deltaturistic.com\/wp-content\/uploads\/2014\/09\/230663_207165979322403_8365481_n.jpg","width":720,"height":540},{"@type":"BreadcrumbList","@id":"https:\/\/deltaturistic.com\/en\/paquets-turistics\/multiactivitat-terrestre\/#breadcrumb","itemListElement":[{"@type":"ListItem","position":1,"name":"Inici","item":"https:\/\/deltaturistic.com\/en\/"},{"@type":"ListItem","position":2,"name":"Productes tur\u00edstics","item":"https:\/\/deltaturistic.com\/paquets-turistics\/"},{"@type":"ListItem","position":3,"name":"MultiActivitat Terrestre"}]},{"@type":"WebSite","@id":"https:\/\/deltaturistic.com\/en\/#website","url":"https:\/\/deltaturistic.com\/en\/","name":"Deltaturistic turisme, excursions i esports d&#039;aventura al delta de l&#039;Ebre","description":"Ag\u00e8ncia de Viatges Deltaturistic","potentialAction":[{"@type":"SearchAction","target":{"@type":"EntryPoint","urlTemplate":"https:\/\/deltaturistic.com\/en\/?s={search_term_string}"},"query-input":{"@type":"PropertyValueSpecification","valueRequired":true,"valueName":"search_term_string"}}],"inLanguage":"en-US"}]}},"_links":{"self":[{"href":"https:\/\/deltaturistic.com\/en\/wp-json\/wp\/v2\/product\/2352","targetHints":{"allow":["GET"]}}],"collection":[{"href":"https:\/\/deltaturistic.com\/en\/wp-json\/wp\/v2\/product"}],"about":[{"href":"https:\/\/deltaturistic.com\/en\/wp-json\/wp\/v2\/types\/product"}],"wp:featuredmedia":[{"embeddable":true,"href":"https:\/\/deltaturistic.com\/en\/wp-json\/wp\/v2\/media\/2059"}],"wp:attachment":[{"href":"https:\/\/deltaturistic.com\/en\/wp-json\/wp\/v2\/media?parent=2352"}],"wp:term":[{"taxonomy":"product_brand","embeddable":true,"href":"https:\/\/deltaturistic.com\/en\/wp-json\/wp\/v2\/product_brand?post=2352"},{"taxonomy":"product_cat","embeddable":true,"href":"https:\/\/deltaturistic.com\/en\/wp-json\/wp\/v2\/product_cat?post=2352"},{"taxonomy":"product_tag","embeddable":true,"href":"https:\/\/deltaturistic.com\/en\/wp-json\/wp\/v2\/product_tag?post=2352"}],"curies":[{"name":"wp","href":"https:\/\/api.w.org\/{rel}","templated":true}]}}