{"id":2365,"date":"2014-09-10T10:28:45","date_gmt":"2014-09-10T09:28:45","guid":{"rendered":"http:\/\/www.deltaturistic.com\/?post_type=product&#038;p=2365"},"modified":"2014-09-10T17:48:07","modified_gmt":"2014-09-10T16:48:07","slug":"vela","status":"publish","type":"product","link":"https:\/\/deltaturistic.com\/en\/paquets-turistics\/vela\/","title":{"rendered":"Vela"},"content":{"rendered":"<p>Iniciaci\u00f3 a la vela lleugera a bord d&#8217;un raquero. Cada embarcaci\u00f3 portar\u00e0 un monitor i 6 nens\/es, durant la navegaci\u00f3 ela alumnes aprendran a com fer servir el tim\u00f3, d&#8217;on ve el vent i com funcionen les veles. La teoria es far\u00e0 d&#8217;alt de l&#8217;embarcaci\u00f3.<\/p>\n<p>Depenen de la quantitat d&#8217;alumnes, haurem de dividir el grup i mentre uns van amb els raqueros els altres faran una classe de nusos mariners, despr\u00e8s canviaran.<\/p>\n<p>Possibilitat de fer-se en diferents empla\u00e7aments.<\/p>\n<p>&nbsp;<\/p>\n<p><a href=\"http:\/\/www.deltaturistic.com\/wp-content\/uploads\/2014\/07\/1369927209931.jpg\"><img loading=\"lazy\" decoding=\"async\" class=\"alignnone size-medium wp-image-623\" src=\"http:\/\/www.deltaturistic.com\/wp-content\/uploads\/2014\/07\/1369927209931-300x225.jpg\" alt=\"vela al delta de l'Ebre\" width=\"300\" height=\"225\" srcset=\"https:\/\/deltaturistic.com\/wp-content\/uploads\/2014\/07\/1369927209931-300x225.jpg 300w, https:\/\/deltaturistic.com\/wp-content\/uploads\/2014\/07\/1369927209931-100x75.jpg 100w, https:\/\/deltaturistic.com\/wp-content\/uploads\/2014\/07\/1369927209931.jpg 400w\" sizes=\"auto, (max-width: 300px) 100vw, 300px\" \/><\/a> <a href=\"http:\/\/www.deltaturistic.com\/wp-content\/uploads\/2014\/05\/1371566753253.jpg\"><img loading=\"lazy\" decoding=\"async\" class=\"alignnone size-medium wp-image-505\" src=\"http:\/\/www.deltaturistic.com\/wp-content\/uploads\/2014\/05\/1371566753253-300x240.jpg\" alt=\"1371566753253\" width=\"300\" height=\"240\" srcset=\"https:\/\/deltaturistic.com\/wp-content\/uploads\/2014\/05\/1371566753253-300x240.jpg 300w, https:\/\/deltaturistic.com\/wp-content\/uploads\/2014\/05\/1371566753253.jpg 320w\" sizes=\"auto, (max-width: 300px) 100vw, 300px\" \/><\/a><\/p>\n<p>&nbsp;<\/p>\n<p>&nbsp;<\/p>\n","protected":false},"excerpt":{"rendered":"<p>Iniciaci\u00f3 a la vela lleugera a bord d&#8217;un raquero. Cada embarcaci\u00f3 portar\u00e0 un monitor i 6 nens\/es, durant la navegaci\u00f3 ela alumnes aprendran a com fer servir el tim\u00f3, d&#8217;on ve el vent i com funcionen les veles. La teoria es far\u00e0 d&#8217;alt de l&#8217;embarcaci\u00f3. Depenen de la quantitat d&#8217;alumnes, haurem de dividir el grup [&hellip;]<\/p>\n","protected":false},"featured_media":493,"template":"","meta":[],"product_brand":[],"product_cat":[389,13],"product_tag":[],"class_list":{"0":"post-2365","1":"product","2":"type-product","3":"status-publish","4":"has-post-thumbnail","6":"product_cat-activitats","7":"product_cat-escolars-delta-del-ebre","8":"pa_adicional-banyador-tovallola-roba-de-recanvi-calcat-daigua-i-crema-solar","10":"first","11":"instock","12":"shipping-taxable","13":"product-type-simple"},"yoast_head":"<!-- This site is optimized with the Yoast SEO plugin v27.1.1 - https:\/\/yoast.com\/product\/yoast-seo-wordpress\/ -->\n<title>Vela - Deltaturistic turisme, excursions i esports d&#039;aventura al delta de l&#039;Ebre<\/title>\n<meta name=\"robots\" content=\"index, follow, max-snippet:-1, max-image-preview:large, max-video-preview:-1\" \/>\n<link rel=\"canonical\" href=\"https:\/\/deltaturistic.com\/en\/paquets-turistics\/vela\/\" \/>\n<script type=\"application\/ld+json\" class=\"yoast-schema-graph\">{\"@context\":\"https:\/\/schema.org\",\"@graph\":[{\"@type\":\"WebPage\",\"@id\":\"https:\/\/deltaturistic.com\/en\/paquets-turistics\/vela\/\",\"url\":\"https:\/\/deltaturistic.com\/en\/paquets-turistics\/vela\/\",\"name\":\"Vela - Deltaturistic turisme, excursions i esports d&#039;aventura al delta de l&#039;Ebre\",\"isPartOf\":{\"@id\":\"https:\/\/deltaturistic.com\/en\/#website\"},\"primaryImageOfPage\":{\"@id\":\"https:\/\/deltaturistic.com\/en\/paquets-turistics\/vela\/#primaryimage\"},\"image\":{\"@id\":\"https:\/\/deltaturistic.com\/en\/paquets-turistics\/vela\/#primaryimage\"},\"thumbnailUrl\":\"https:\/\/deltaturistic.com\/wp-content\/uploads\/2014\/05\/64542600_3054660.jpg\",\"datePublished\":\"2014-09-10T09:28:45+00:00\",\"dateModified\":\"2014-09-10T16:48:07+00:00\",\"breadcrumb\":{\"@id\":\"https:\/\/deltaturistic.com\/en\/paquets-turistics\/vela\/#breadcrumb\"},\"inLanguage\":\"en-US\",\"potentialAction\":[{\"@type\":\"ReadAction\",\"target\":[\"https:\/\/deltaturistic.com\/en\/paquets-turistics\/vela\/\"]}]},{\"@type\":\"ImageObject\",\"inLanguage\":\"en-US\",\"@id\":\"https:\/\/deltaturistic.com\/en\/paquets-turistics\/vela\/#primaryimage\",\"url\":\"https:\/\/deltaturistic.com\/wp-content\/uploads\/2014\/05\/64542600_3054660.jpg\",\"contentUrl\":\"https:\/\/deltaturistic.com\/wp-content\/uploads\/2014\/05\/64542600_3054660.jpg\",\"width\":300,\"height\":226},{\"@type\":\"BreadcrumbList\",\"@id\":\"https:\/\/deltaturistic.com\/en\/paquets-turistics\/vela\/#breadcrumb\",\"itemListElement\":[{\"@type\":\"ListItem\",\"position\":1,\"name\":\"Inici\",\"item\":\"https:\/\/deltaturistic.com\/en\/\"},{\"@type\":\"ListItem\",\"position\":2,\"name\":\"Productes tur\u00edstics\",\"item\":\"https:\/\/deltaturistic.com\/paquets-turistics\/\"},{\"@type\":\"ListItem\",\"position\":3,\"name\":\"Vela\"}]},{\"@type\":\"WebSite\",\"@id\":\"https:\/\/deltaturistic.com\/en\/#website\",\"url\":\"https:\/\/deltaturistic.com\/en\/\",\"name\":\"Deltaturistic turisme, excursions i esports d&#039;aventura al delta de l&#039;Ebre\",\"description\":\"Ag\u00e8ncia de Viatges Deltaturistic\",\"potentialAction\":[{\"@type\":\"SearchAction\",\"target\":{\"@type\":\"EntryPoint\",\"urlTemplate\":\"https:\/\/deltaturistic.com\/en\/?s={search_term_string}\"},\"query-input\":{\"@type\":\"PropertyValueSpecification\",\"valueRequired\":true,\"valueName\":\"search_term_string\"}}],\"inLanguage\":\"en-US\"}]}<\/script>\n<!-- \/ Yoast SEO plugin. -->","yoast_head_json":{"title":"Vela - Deltaturistic turisme, excursions i esports d&#039;aventura al delta de l&#039;Ebre","robots":{"index":"index","follow":"follow","max-snippet":"max-snippet:-1","max-image-preview":"max-image-preview:large","max-video-preview":"max-video-preview:-1"},"canonical":"https:\/\/deltaturistic.com\/en\/paquets-turistics\/vela\/","schema":{"@context":"https:\/\/schema.org","@graph":[{"@type":"WebPage","@id":"https:\/\/deltaturistic.com\/en\/paquets-turistics\/vela\/","url":"https:\/\/deltaturistic.com\/en\/paquets-turistics\/vela\/","name":"Vela - Deltaturistic turisme, excursions i esports d&#039;aventura al delta de l&#039;Ebre","isPartOf":{"@id":"https:\/\/deltaturistic.com\/en\/#website"},"primaryImageOfPage":{"@id":"https:\/\/deltaturistic.com\/en\/paquets-turistics\/vela\/#primaryimage"},"image":{"@id":"https:\/\/deltaturistic.com\/en\/paquets-turistics\/vela\/#primaryimage"},"thumbnailUrl":"https:\/\/deltaturistic.com\/wp-content\/uploads\/2014\/05\/64542600_3054660.jpg","datePublished":"2014-09-10T09:28:45+00:00","dateModified":"2014-09-10T16:48:07+00:00","breadcrumb":{"@id":"https:\/\/deltaturistic.com\/en\/paquets-turistics\/vela\/#breadcrumb"},"inLanguage":"en-US","potentialAction":[{"@type":"ReadAction","target":["https:\/\/deltaturistic.com\/en\/paquets-turistics\/vela\/"]}]},{"@type":"ImageObject","inLanguage":"en-US","@id":"https:\/\/deltaturistic.com\/en\/paquets-turistics\/vela\/#primaryimage","url":"https:\/\/deltaturistic.com\/wp-content\/uploads\/2014\/05\/64542600_3054660.jpg","contentUrl":"https:\/\/deltaturistic.com\/wp-content\/uploads\/2014\/05\/64542600_3054660.jpg","width":300,"height":226},{"@type":"BreadcrumbList","@id":"https:\/\/deltaturistic.com\/en\/paquets-turistics\/vela\/#breadcrumb","itemListElement":[{"@type":"ListItem","position":1,"name":"Inici","item":"https:\/\/deltaturistic.com\/en\/"},{"@type":"ListItem","position":2,"name":"Productes tur\u00edstics","item":"https:\/\/deltaturistic.com\/paquets-turistics\/"},{"@type":"ListItem","position":3,"name":"Vela"}]},{"@type":"WebSite","@id":"https:\/\/deltaturistic.com\/en\/#website","url":"https:\/\/deltaturistic.com\/en\/","name":"Deltaturistic turisme, excursions i esports d&#039;aventura al delta de l&#039;Ebre","description":"Ag\u00e8ncia de Viatges Deltaturistic","potentialAction":[{"@type":"SearchAction","target":{"@type":"EntryPoint","urlTemplate":"https:\/\/deltaturistic.com\/en\/?s={search_term_string}"},"query-input":{"@type":"PropertyValueSpecification","valueRequired":true,"valueName":"search_term_string"}}],"inLanguage":"en-US"}]}},"_links":{"self":[{"href":"https:\/\/deltaturistic.com\/en\/wp-json\/wp\/v2\/product\/2365","targetHints":{"allow":["GET"]}}],"collection":[{"href":"https:\/\/deltaturistic.com\/en\/wp-json\/wp\/v2\/product"}],"about":[{"href":"https:\/\/deltaturistic.com\/en\/wp-json\/wp\/v2\/types\/product"}],"wp:featuredmedia":[{"embeddable":true,"href":"https:\/\/deltaturistic.com\/en\/wp-json\/wp\/v2\/media\/493"}],"wp:attachment":[{"href":"https:\/\/deltaturistic.com\/en\/wp-json\/wp\/v2\/media?parent=2365"}],"wp:term":[{"taxonomy":"product_brand","embeddable":true,"href":"https:\/\/deltaturistic.com\/en\/wp-json\/wp\/v2\/product_brand?post=2365"},{"taxonomy":"product_cat","embeddable":true,"href":"https:\/\/deltaturistic.com\/en\/wp-json\/wp\/v2\/product_cat?post=2365"},{"taxonomy":"product_tag","embeddable":true,"href":"https:\/\/deltaturistic.com\/en\/wp-json\/wp\/v2\/product_tag?post=2365"}],"curies":[{"name":"wp","href":"https:\/\/api.w.org\/{rel}","templated":true}]}}