{"id":2368,"date":"2014-09-10T11:46:34","date_gmt":"2014-09-10T10:46:34","guid":{"rendered":"http:\/\/www.deltaturistic.com\/?post_type=product&#038;p=2368"},"modified":"2019-07-11T09:36:15","modified_gmt":"2019-07-11T08:36:15","slug":"descens-de-barrancs","status":"publish","type":"product","link":"https:\/\/deltaturistic.com\/en\/paquets-turistics\/descens-de-barrancs\/","title":{"rendered":"Descens de Barrancs"},"content":{"rendered":"<p><span style=\"color: #000000;\">Pr\u00e0ctica esportiva que consisteix en seguir el curs d\u2019un riu o d\u2019un torrent a trav\u00e9s d\u2019un barranc, combinant la nataci\u00f3, l\u2019escalada i l\u2019espeleologia per salvar els obstacles naturals del recorregut.\u00a0<\/span><\/p>\n<p>Aquest barranc \u00e9s de nivell inicial, aqu\u00e0tic i d&#8217;una enorme qualitat paisatg\u00edstica. Comencem ben d&#8217;hora al mat\u00ed per a dirigir-nos a la zona dels Ports de Tortosa &#8211; Beseit, ens equipem amb els vestits de neopr\u00e8 i casc i comencem la nostra ascensi\u00f3 a peu fins al punt d&#8217;inici d&#8217;aigua, on amb un primer salt comen\u00e7ar\u00e0 la nostra aventura del dia. Finalitzat el barranc tindrem temps de dinar i seguidament tornarem cap a l&#8217;hotel.<\/p>\n<p>\u00c9s una activitat a partir de secund\u00e0ria.<\/p>\n<p>&nbsp;<\/p>\n<p><a href=\"http:\/\/www.deltaturistic.com\/wp-content\/uploads\/2014\/09\/223475_203891782983156_473172_n.jpg\"><img loading=\"lazy\" decoding=\"async\" class=\"alignnone size-medium wp-image-2208\" src=\"http:\/\/www.deltaturistic.com\/wp-content\/uploads\/2014\/09\/223475_203891782983156_473172_n-300x225.jpg\" alt=\"223475_203891782983156_473172_n\" width=\"300\" height=\"225\" srcset=\"https:\/\/deltaturistic.com\/wp-content\/uploads\/2014\/09\/223475_203891782983156_473172_n-300x225.jpg 300w, https:\/\/deltaturistic.com\/wp-content\/uploads\/2014\/09\/223475_203891782983156_473172_n-600x450.jpg 600w, https:\/\/deltaturistic.com\/wp-content\/uploads\/2014\/09\/223475_203891782983156_473172_n-100x75.jpg 100w, https:\/\/deltaturistic.com\/wp-content\/uploads\/2014\/09\/223475_203891782983156_473172_n.jpg 720w\" sizes=\"auto, (max-width: 300px) 100vw, 300px\" \/><\/a> <a href=\"http:\/\/www.deltaturistic.com\/wp-content\/uploads\/2014\/09\/223448_203891749649826_6038720_n.jpg\"><img loading=\"lazy\" decoding=\"async\" class=\"alignnone size-medium wp-image-2205\" src=\"http:\/\/www.deltaturistic.com\/wp-content\/uploads\/2014\/09\/223448_203891749649826_6038720_n-225x300.jpg\" alt=\"223448_203891749649826_6038720_n\" width=\"225\" height=\"300\" srcset=\"https:\/\/deltaturistic.com\/wp-content\/uploads\/2014\/09\/223448_203891749649826_6038720_n-225x300.jpg 225w, https:\/\/deltaturistic.com\/wp-content\/uploads\/2014\/09\/223448_203891749649826_6038720_n-300x400.jpg 300w, https:\/\/deltaturistic.com\/wp-content\/uploads\/2014\/09\/223448_203891749649826_6038720_n.jpg 540w\" sizes=\"auto, (max-width: 225px) 100vw, 225px\" \/><\/a><\/p>\n<p><a href=\"http:\/\/www.deltaturistic.com\/wp-content\/uploads\/2014\/02\/65101400_1519767.jpg\"><img loading=\"lazy\" decoding=\"async\" class=\"alignnone wp-image-40\" src=\"http:\/\/www.deltaturistic.com\/wp-content\/uploads\/2014\/02\/65101400_1519767-300x135.jpg\" alt=\"65101400_1519767\" width=\"384\" height=\"173\" srcset=\"https:\/\/deltaturistic.com\/wp-content\/uploads\/2014\/02\/65101400_1519767-300x135.jpg 300w, https:\/\/deltaturistic.com\/wp-content\/uploads\/2014\/02\/65101400_1519767-670x300.jpg 670w, https:\/\/deltaturistic.com\/wp-content\/uploads\/2014\/02\/65101400_1519767.jpg 1018w\" sizes=\"auto, (max-width: 384px) 100vw, 384px\" \/><\/a><\/p>\n<p>&nbsp;<\/p>\n","protected":false},"excerpt":{"rendered":"<p>Pr\u00e0ctica esportiva que consisteix en seguir el curs d\u2019un riu o d\u2019un torrent a trav\u00e9s d\u2019un barranc, combinant la nataci\u00f3, l\u2019escalada i l\u2019espeleologia per salvar els obstacles naturals del recorregut.\u00a0 Aquest barranc \u00e9s de nivell inicial, aqu\u00e0tic i d&#8217;una enorme qualitat paisatg\u00edstica. Comencem ben d&#8217;hora al mat\u00ed per a dirigir-nos a la zona dels Ports [&hellip;]<\/p>\n","protected":false},"featured_media":642,"template":"","meta":[],"product_brand":[],"product_cat":[389,13],"product_tag":[],"class_list":{"0":"post-2368","1":"product","2":"type-product","3":"status-publish","4":"has-post-thumbnail","6":"product_cat-activitats","7":"product_cat-escolars-delta-del-ebre","8":"pa_adicional-banyador-tovallola-crema-solar-calcat-tipus-bamba","10":"first","11":"instock","12":"shipping-taxable","13":"product-type-simple"},"yoast_head":"<!-- This site is optimized with the Yoast SEO plugin v27.1.1 - https:\/\/yoast.com\/product\/yoast-seo-wordpress\/ -->\n<title>Descens de Barrancs - Deltaturistic turisme, excursions i esports d&#039;aventura al delta de l&#039;Ebre<\/title>\n<meta name=\"description\" content=\"el descens de barrancs \u00e9s una activitat molt din\u00e0mica, consistent en seguir el curs del riu o torrent a trav\u00e9s d&#039;un barranc,\" \/>\n<meta name=\"robots\" content=\"index, follow, max-snippet:-1, max-image-preview:large, max-video-preview:-1\" \/>\n<link rel=\"canonical\" href=\"https:\/\/deltaturistic.com\/en\/paquets-turistics\/descens-de-barrancs\/\" \/>\n<meta name=\"twitter:label1\" content=\"Est. reading time\" \/>\n\t<meta name=\"twitter:data1\" content=\"1 minute\" \/>\n<script type=\"application\/ld+json\" class=\"yoast-schema-graph\">{\"@context\":\"https:\/\/schema.org\",\"@graph\":[{\"@type\":\"WebPage\",\"@id\":\"https:\/\/deltaturistic.com\/en\/paquets-turistics\/descens-de-barrancs\/\",\"url\":\"https:\/\/deltaturistic.com\/en\/paquets-turistics\/descens-de-barrancs\/\",\"name\":\"Descens de Barrancs - Deltaturistic turisme, excursions i esports d&#039;aventura al delta de l&#039;Ebre\",\"isPartOf\":{\"@id\":\"https:\/\/deltaturistic.com\/en\/#website\"},\"primaryImageOfPage\":{\"@id\":\"https:\/\/deltaturistic.com\/en\/paquets-turistics\/descens-de-barrancs\/#primaryimage\"},\"image\":{\"@id\":\"https:\/\/deltaturistic.com\/en\/paquets-turistics\/descens-de-barrancs\/#primaryimage\"},\"thumbnailUrl\":\"https:\/\/deltaturistic.com\/wp-content\/uploads\/2014\/07\/32313500_1071427.jpg\",\"datePublished\":\"2014-09-10T10:46:34+00:00\",\"dateModified\":\"2019-07-11T08:36:15+00:00\",\"description\":\"el descens de barrancs \u00e9s una activitat molt din\u00e0mica, consistent en seguir el curs del riu o torrent a trav\u00e9s d'un barranc,\",\"breadcrumb\":{\"@id\":\"https:\/\/deltaturistic.com\/en\/paquets-turistics\/descens-de-barrancs\/#breadcrumb\"},\"inLanguage\":\"en-US\",\"potentialAction\":[{\"@type\":\"ReadAction\",\"target\":[\"https:\/\/deltaturistic.com\/en\/paquets-turistics\/descens-de-barrancs\/\"]}]},{\"@type\":\"ImageObject\",\"inLanguage\":\"en-US\",\"@id\":\"https:\/\/deltaturistic.com\/en\/paquets-turistics\/descens-de-barrancs\/#primaryimage\",\"url\":\"https:\/\/deltaturistic.com\/wp-content\/uploads\/2014\/07\/32313500_1071427.jpg\",\"contentUrl\":\"https:\/\/deltaturistic.com\/wp-content\/uploads\/2014\/07\/32313500_1071427.jpg\",\"width\":800,\"height\":600},{\"@type\":\"BreadcrumbList\",\"@id\":\"https:\/\/deltaturistic.com\/en\/paquets-turistics\/descens-de-barrancs\/#breadcrumb\",\"itemListElement\":[{\"@type\":\"ListItem\",\"position\":1,\"name\":\"Inici\",\"item\":\"https:\/\/deltaturistic.com\/en\/\"},{\"@type\":\"ListItem\",\"position\":2,\"name\":\"Productes tur\u00edstics\",\"item\":\"https:\/\/deltaturistic.com\/paquets-turistics\/\"},{\"@type\":\"ListItem\",\"position\":3,\"name\":\"Descens de Barrancs\"}]},{\"@type\":\"WebSite\",\"@id\":\"https:\/\/deltaturistic.com\/en\/#website\",\"url\":\"https:\/\/deltaturistic.com\/en\/\",\"name\":\"Deltaturistic turisme, excursions i esports d&#039;aventura al delta de l&#039;Ebre\",\"description\":\"Ag\u00e8ncia de Viatges Deltaturistic\",\"potentialAction\":[{\"@type\":\"SearchAction\",\"target\":{\"@type\":\"EntryPoint\",\"urlTemplate\":\"https:\/\/deltaturistic.com\/en\/?s={search_term_string}\"},\"query-input\":{\"@type\":\"PropertyValueSpecification\",\"valueRequired\":true,\"valueName\":\"search_term_string\"}}],\"inLanguage\":\"en-US\"}]}<\/script>\n<!-- \/ Yoast SEO plugin. -->","yoast_head_json":{"title":"Descens de Barrancs - Deltaturistic turisme, excursions i esports d&#039;aventura al delta de l&#039;Ebre","description":"el descens de barrancs \u00e9s una activitat molt din\u00e0mica, consistent en seguir el curs del riu o torrent a trav\u00e9s d'un barranc,","robots":{"index":"index","follow":"follow","max-snippet":"max-snippet:-1","max-image-preview":"max-image-preview:large","max-video-preview":"max-video-preview:-1"},"canonical":"https:\/\/deltaturistic.com\/en\/paquets-turistics\/descens-de-barrancs\/","twitter_misc":{"Est. reading time":"1 minute"},"schema":{"@context":"https:\/\/schema.org","@graph":[{"@type":"WebPage","@id":"https:\/\/deltaturistic.com\/en\/paquets-turistics\/descens-de-barrancs\/","url":"https:\/\/deltaturistic.com\/en\/paquets-turistics\/descens-de-barrancs\/","name":"Descens de Barrancs - Deltaturistic turisme, excursions i esports d&#039;aventura al delta de l&#039;Ebre","isPartOf":{"@id":"https:\/\/deltaturistic.com\/en\/#website"},"primaryImageOfPage":{"@id":"https:\/\/deltaturistic.com\/en\/paquets-turistics\/descens-de-barrancs\/#primaryimage"},"image":{"@id":"https:\/\/deltaturistic.com\/en\/paquets-turistics\/descens-de-barrancs\/#primaryimage"},"thumbnailUrl":"https:\/\/deltaturistic.com\/wp-content\/uploads\/2014\/07\/32313500_1071427.jpg","datePublished":"2014-09-10T10:46:34+00:00","dateModified":"2019-07-11T08:36:15+00:00","description":"el descens de barrancs \u00e9s una activitat molt din\u00e0mica, consistent en seguir el curs del riu o torrent a trav\u00e9s d'un barranc,","breadcrumb":{"@id":"https:\/\/deltaturistic.com\/en\/paquets-turistics\/descens-de-barrancs\/#breadcrumb"},"inLanguage":"en-US","potentialAction":[{"@type":"ReadAction","target":["https:\/\/deltaturistic.com\/en\/paquets-turistics\/descens-de-barrancs\/"]}]},{"@type":"ImageObject","inLanguage":"en-US","@id":"https:\/\/deltaturistic.com\/en\/paquets-turistics\/descens-de-barrancs\/#primaryimage","url":"https:\/\/deltaturistic.com\/wp-content\/uploads\/2014\/07\/32313500_1071427.jpg","contentUrl":"https:\/\/deltaturistic.com\/wp-content\/uploads\/2014\/07\/32313500_1071427.jpg","width":800,"height":600},{"@type":"BreadcrumbList","@id":"https:\/\/deltaturistic.com\/en\/paquets-turistics\/descens-de-barrancs\/#breadcrumb","itemListElement":[{"@type":"ListItem","position":1,"name":"Inici","item":"https:\/\/deltaturistic.com\/en\/"},{"@type":"ListItem","position":2,"name":"Productes tur\u00edstics","item":"https:\/\/deltaturistic.com\/paquets-turistics\/"},{"@type":"ListItem","position":3,"name":"Descens de Barrancs"}]},{"@type":"WebSite","@id":"https:\/\/deltaturistic.com\/en\/#website","url":"https:\/\/deltaturistic.com\/en\/","name":"Deltaturistic turisme, excursions i esports d&#039;aventura al delta de l&#039;Ebre","description":"Ag\u00e8ncia de Viatges Deltaturistic","potentialAction":[{"@type":"SearchAction","target":{"@type":"EntryPoint","urlTemplate":"https:\/\/deltaturistic.com\/en\/?s={search_term_string}"},"query-input":{"@type":"PropertyValueSpecification","valueRequired":true,"valueName":"search_term_string"}}],"inLanguage":"en-US"}]}},"_links":{"self":[{"href":"https:\/\/deltaturistic.com\/en\/wp-json\/wp\/v2\/product\/2368","targetHints":{"allow":["GET"]}}],"collection":[{"href":"https:\/\/deltaturistic.com\/en\/wp-json\/wp\/v2\/product"}],"about":[{"href":"https:\/\/deltaturistic.com\/en\/wp-json\/wp\/v2\/types\/product"}],"wp:featuredmedia":[{"embeddable":true,"href":"https:\/\/deltaturistic.com\/en\/wp-json\/wp\/v2\/media\/642"}],"wp:attachment":[{"href":"https:\/\/deltaturistic.com\/en\/wp-json\/wp\/v2\/media?parent=2368"}],"wp:term":[{"taxonomy":"product_brand","embeddable":true,"href":"https:\/\/deltaturistic.com\/en\/wp-json\/wp\/v2\/product_brand?post=2368"},{"taxonomy":"product_cat","embeddable":true,"href":"https:\/\/deltaturistic.com\/en\/wp-json\/wp\/v2\/product_cat?post=2368"},{"taxonomy":"product_tag","embeddable":true,"href":"https:\/\/deltaturistic.com\/en\/wp-json\/wp\/v2\/product_tag?post=2368"}],"curies":[{"name":"wp","href":"https:\/\/api.w.org\/{rel}","templated":true}]}}