{"id":2386,"date":"2014-09-10T17:15:40","date_gmt":"2014-09-10T16:15:40","guid":{"rendered":"http:\/\/www.deltaturistic.com\/?post_type=product&#038;p=2386"},"modified":"2016-03-14T12:53:37","modified_gmt":"2016-03-14T11:53:37","slug":"iniciacio-al-submarinisme","status":"publish","type":"product","link":"https:\/\/deltaturistic.com\/en\/paquets-turistics\/iniciacio-al-submarinisme\/","title":{"rendered":"Iniciaci\u00f3 al submarinisme"},"content":{"rendered":"<p>Iniciaci\u00f3 al submarinisme en piscina climatitzada, on se&#8217;ls explicar\u00e0 les normes b\u00e0siques per gaudir d&#8217;aquest magn\u00edfic esport.<\/p>\n<p>En aquesta activitat, farem grups per a poder controlar millor els alumnes que s\u00f3n dins l&#8217;aigua. Els equiparem amb el jacket, les botelles d&#8217;oxigen i unes ulleres. Conjunt d&#8217;eines m\u00e9s que suficient per aquest primer contacte amb el m\u00f3n submar\u00ed.<\/p>\n<p>Aprendran les accions b\u00e0siques per a desenvolupar-se dins l&#8217;aigua amb aquest material.<\/p>\n<p>&nbsp;<\/p>\n<p><a href=\"http:\/\/www.deltaturistic.com\/wp-content\/uploads\/2014\/09\/busseig.jpg\"><img loading=\"lazy\" decoding=\"async\" class=\"alignnone size-medium wp-image-2387\" src=\"http:\/\/www.deltaturistic.com\/wp-content\/uploads\/2014\/09\/busseig-300x225.jpg\" alt=\"busseig\" width=\"300\" height=\"225\" srcset=\"https:\/\/deltaturistic.com\/wp-content\/uploads\/2014\/09\/busseig-300x225.jpg 300w, https:\/\/deltaturistic.com\/wp-content\/uploads\/2014\/09\/busseig-100x75.jpg 100w, https:\/\/deltaturistic.com\/wp-content\/uploads\/2014\/09\/busseig.jpg 518w\" sizes=\"auto, (max-width: 300px) 100vw, 300px\" \/><\/a> <a href=\"http:\/\/www.deltaturistic.com\/wp-content\/uploads\/2014\/09\/busseig1.jpg\"><img loading=\"lazy\" decoding=\"async\" class=\"alignnone wp-image-2390\" src=\"http:\/\/www.deltaturistic.com\/wp-content\/uploads\/2014\/09\/busseig1-300x199.jpg\" alt=\"busseig1\" width=\"338\" height=\"224\" srcset=\"https:\/\/deltaturistic.com\/wp-content\/uploads\/2014\/09\/busseig1-300x200.jpg 300w, https:\/\/deltaturistic.com\/wp-content\/uploads\/2014\/09\/busseig1-1024x680.jpg 1024w, https:\/\/deltaturistic.com\/wp-content\/uploads\/2014\/09\/busseig1-600x400.jpg 600w, https:\/\/deltaturistic.com\/wp-content\/uploads\/2014\/09\/busseig1-1203x800.jpg 1203w, https:\/\/deltaturistic.com\/wp-content\/uploads\/2014\/09\/busseig1.jpg 1600w\" sizes=\"auto, (max-width: 338px) 100vw, 338px\" \/><\/a><\/p>\n","protected":false},"excerpt":{"rendered":"<p>Iniciaci\u00f3 al submarinisme en piscina climatitzada, on se&#8217;ls explicar\u00e0 les normes b\u00e0siques per gaudir d&#8217;aquest magn\u00edfic esport. En aquesta activitat, farem grups per a poder controlar millor els alumnes que s\u00f3n dins l&#8217;aigua. Els equiparem amb el jacket, les botelles d&#8217;oxigen i unes ulleres. Conjunt d&#8217;eines m\u00e9s que suficient per aquest primer contacte amb el [&hellip;]<\/p>\n","protected":false},"featured_media":625,"template":"","meta":[],"product_brand":[],"product_cat":[389,13],"product_tag":[],"class_list":{"0":"post-2386","1":"product","2":"type-product","3":"status-publish","4":"has-post-thumbnail","6":"product_cat-activitats","7":"product_cat-escolars-delta-del-ebre","8":"pa_adicional-banyador-i-tovallola","10":"first","11":"instock","12":"shipping-taxable","13":"product-type-simple"},"yoast_head":"<!-- This site is optimized with the Yoast SEO plugin v27.1.1 - https:\/\/yoast.com\/product\/yoast-seo-wordpress\/ -->\n<title>Iniciaci\u00f3 al submarinisme - Deltaturistic turisme, excursions i esports d&#039;aventura al delta de l&#039;Ebre<\/title>\n<meta name=\"description\" content=\"iniciaci\u00f3 al submarinisme en piscina climatitzada amb tot l&#039;equipament necessari per tenir un primer contacte amb aquest esport emocionant\" \/>\n<meta name=\"robots\" content=\"index, follow, max-snippet:-1, max-image-preview:large, max-video-preview:-1\" \/>\n<link rel=\"canonical\" href=\"https:\/\/deltaturistic.com\/en\/paquets-turistics\/iniciacio-al-submarinisme\/\" \/>\n<script type=\"application\/ld+json\" class=\"yoast-schema-graph\">{\"@context\":\"https:\/\/schema.org\",\"@graph\":[{\"@type\":\"WebPage\",\"@id\":\"https:\/\/deltaturistic.com\/en\/paquets-turistics\/iniciacio-al-submarinisme\/\",\"url\":\"https:\/\/deltaturistic.com\/en\/paquets-turistics\/iniciacio-al-submarinisme\/\",\"name\":\"Iniciaci\u00f3 al submarinisme - Deltaturistic turisme, excursions i esports d&#039;aventura al delta de l&#039;Ebre\",\"isPartOf\":{\"@id\":\"https:\/\/deltaturistic.com\/en\/#website\"},\"primaryImageOfPage\":{\"@id\":\"https:\/\/deltaturistic.com\/en\/paquets-turistics\/iniciacio-al-submarinisme\/#primaryimage\"},\"image\":{\"@id\":\"https:\/\/deltaturistic.com\/en\/paquets-turistics\/iniciacio-al-submarinisme\/#primaryimage\"},\"thumbnailUrl\":\"https:\/\/deltaturistic.com\/wp-content\/uploads\/2014\/07\/99675800_8012574.jpg\",\"datePublished\":\"2014-09-10T16:15:40+00:00\",\"dateModified\":\"2016-03-14T11:53:37+00:00\",\"description\":\"iniciaci\u00f3 al submarinisme en piscina climatitzada amb tot l'equipament necessari per tenir un primer contacte amb aquest esport emocionant\",\"breadcrumb\":{\"@id\":\"https:\/\/deltaturistic.com\/en\/paquets-turistics\/iniciacio-al-submarinisme\/#breadcrumb\"},\"inLanguage\":\"en-US\",\"potentialAction\":[{\"@type\":\"ReadAction\",\"target\":[\"https:\/\/deltaturistic.com\/en\/paquets-turistics\/iniciacio-al-submarinisme\/\"]}]},{\"@type\":\"ImageObject\",\"inLanguage\":\"en-US\",\"@id\":\"https:\/\/deltaturistic.com\/en\/paquets-turistics\/iniciacio-al-submarinisme\/#primaryimage\",\"url\":\"https:\/\/deltaturistic.com\/wp-content\/uploads\/2014\/07\/99675800_8012574.jpg\",\"contentUrl\":\"https:\/\/deltaturistic.com\/wp-content\/uploads\/2014\/07\/99675800_8012574.jpg\",\"width\":800,\"height\":528},{\"@type\":\"BreadcrumbList\",\"@id\":\"https:\/\/deltaturistic.com\/en\/paquets-turistics\/iniciacio-al-submarinisme\/#breadcrumb\",\"itemListElement\":[{\"@type\":\"ListItem\",\"position\":1,\"name\":\"Inici\",\"item\":\"https:\/\/deltaturistic.com\/en\/\"},{\"@type\":\"ListItem\",\"position\":2,\"name\":\"Productes tur\u00edstics\",\"item\":\"https:\/\/deltaturistic.com\/paquets-turistics\/\"},{\"@type\":\"ListItem\",\"position\":3,\"name\":\"Iniciaci\u00f3 al submarinisme\"}]},{\"@type\":\"WebSite\",\"@id\":\"https:\/\/deltaturistic.com\/en\/#website\",\"url\":\"https:\/\/deltaturistic.com\/en\/\",\"name\":\"Deltaturistic turisme, excursions i esports d&#039;aventura al delta de l&#039;Ebre\",\"description\":\"Ag\u00e8ncia de Viatges Deltaturistic\",\"potentialAction\":[{\"@type\":\"SearchAction\",\"target\":{\"@type\":\"EntryPoint\",\"urlTemplate\":\"https:\/\/deltaturistic.com\/en\/?s={search_term_string}\"},\"query-input\":{\"@type\":\"PropertyValueSpecification\",\"valueRequired\":true,\"valueName\":\"search_term_string\"}}],\"inLanguage\":\"en-US\"}]}<\/script>\n<!-- \/ Yoast SEO plugin. -->","yoast_head_json":{"title":"Iniciaci\u00f3 al submarinisme - Deltaturistic turisme, excursions i esports d&#039;aventura al delta de l&#039;Ebre","description":"iniciaci\u00f3 al submarinisme en piscina climatitzada amb tot l'equipament necessari per tenir un primer contacte amb aquest esport emocionant","robots":{"index":"index","follow":"follow","max-snippet":"max-snippet:-1","max-image-preview":"max-image-preview:large","max-video-preview":"max-video-preview:-1"},"canonical":"https:\/\/deltaturistic.com\/en\/paquets-turistics\/iniciacio-al-submarinisme\/","schema":{"@context":"https:\/\/schema.org","@graph":[{"@type":"WebPage","@id":"https:\/\/deltaturistic.com\/en\/paquets-turistics\/iniciacio-al-submarinisme\/","url":"https:\/\/deltaturistic.com\/en\/paquets-turistics\/iniciacio-al-submarinisme\/","name":"Iniciaci\u00f3 al submarinisme - Deltaturistic turisme, excursions i esports d&#039;aventura al delta de l&#039;Ebre","isPartOf":{"@id":"https:\/\/deltaturistic.com\/en\/#website"},"primaryImageOfPage":{"@id":"https:\/\/deltaturistic.com\/en\/paquets-turistics\/iniciacio-al-submarinisme\/#primaryimage"},"image":{"@id":"https:\/\/deltaturistic.com\/en\/paquets-turistics\/iniciacio-al-submarinisme\/#primaryimage"},"thumbnailUrl":"https:\/\/deltaturistic.com\/wp-content\/uploads\/2014\/07\/99675800_8012574.jpg","datePublished":"2014-09-10T16:15:40+00:00","dateModified":"2016-03-14T11:53:37+00:00","description":"iniciaci\u00f3 al submarinisme en piscina climatitzada amb tot l'equipament necessari per tenir un primer contacte amb aquest esport emocionant","breadcrumb":{"@id":"https:\/\/deltaturistic.com\/en\/paquets-turistics\/iniciacio-al-submarinisme\/#breadcrumb"},"inLanguage":"en-US","potentialAction":[{"@type":"ReadAction","target":["https:\/\/deltaturistic.com\/en\/paquets-turistics\/iniciacio-al-submarinisme\/"]}]},{"@type":"ImageObject","inLanguage":"en-US","@id":"https:\/\/deltaturistic.com\/en\/paquets-turistics\/iniciacio-al-submarinisme\/#primaryimage","url":"https:\/\/deltaturistic.com\/wp-content\/uploads\/2014\/07\/99675800_8012574.jpg","contentUrl":"https:\/\/deltaturistic.com\/wp-content\/uploads\/2014\/07\/99675800_8012574.jpg","width":800,"height":528},{"@type":"BreadcrumbList","@id":"https:\/\/deltaturistic.com\/en\/paquets-turistics\/iniciacio-al-submarinisme\/#breadcrumb","itemListElement":[{"@type":"ListItem","position":1,"name":"Inici","item":"https:\/\/deltaturistic.com\/en\/"},{"@type":"ListItem","position":2,"name":"Productes tur\u00edstics","item":"https:\/\/deltaturistic.com\/paquets-turistics\/"},{"@type":"ListItem","position":3,"name":"Iniciaci\u00f3 al submarinisme"}]},{"@type":"WebSite","@id":"https:\/\/deltaturistic.com\/en\/#website","url":"https:\/\/deltaturistic.com\/en\/","name":"Deltaturistic turisme, excursions i esports d&#039;aventura al delta de l&#039;Ebre","description":"Ag\u00e8ncia de Viatges Deltaturistic","potentialAction":[{"@type":"SearchAction","target":{"@type":"EntryPoint","urlTemplate":"https:\/\/deltaturistic.com\/en\/?s={search_term_string}"},"query-input":{"@type":"PropertyValueSpecification","valueRequired":true,"valueName":"search_term_string"}}],"inLanguage":"en-US"}]}},"_links":{"self":[{"href":"https:\/\/deltaturistic.com\/en\/wp-json\/wp\/v2\/product\/2386","targetHints":{"allow":["GET"]}}],"collection":[{"href":"https:\/\/deltaturistic.com\/en\/wp-json\/wp\/v2\/product"}],"about":[{"href":"https:\/\/deltaturistic.com\/en\/wp-json\/wp\/v2\/types\/product"}],"wp:featuredmedia":[{"embeddable":true,"href":"https:\/\/deltaturistic.com\/en\/wp-json\/wp\/v2\/media\/625"}],"wp:attachment":[{"href":"https:\/\/deltaturistic.com\/en\/wp-json\/wp\/v2\/media?parent=2386"}],"wp:term":[{"taxonomy":"product_brand","embeddable":true,"href":"https:\/\/deltaturistic.com\/en\/wp-json\/wp\/v2\/product_brand?post=2386"},{"taxonomy":"product_cat","embeddable":true,"href":"https:\/\/deltaturistic.com\/en\/wp-json\/wp\/v2\/product_cat?post=2386"},{"taxonomy":"product_tag","embeddable":true,"href":"https:\/\/deltaturistic.com\/en\/wp-json\/wp\/v2\/product_tag?post=2386"}],"curies":[{"name":"wp","href":"https:\/\/api.w.org\/{rel}","templated":true}]}}