{"id":2395,"date":"2014-09-12T08:43:34","date_gmt":"2014-09-12T07:43:34","guid":{"rendered":"http:\/\/www.deltaturistic.com\/?post_type=product&#038;p=2395"},"modified":"2024-04-02T12:24:16","modified_gmt":"2024-04-02T11:24:16","slug":"escalada","status":"publish","type":"product","link":"https:\/\/deltaturistic.com\/en\/paquets-turistics\/escalada\/","title":{"rendered":"Escalada"},"content":{"rendered":"<p>Iniciaci\u00f3 a l&#8217;escalada, per aprendre a pujar o baixar per parets de muntanya amb l&#8217;\u00fas de les nostres mans i peus.<\/p>\n<p>Farem una explicaci\u00f3 te\u00f2rica de com funciona l&#8217;activitat i despr\u00e9s comen\u00e7arem amb la part pr\u00e0ctica. Com que no podran fer-ho tots els alumnes a l&#8217;hora, mentre uns pugen els altres faran pr\u00e0ctica de nusos. Tamb\u00e9 aprendran a fer una mica de rappel per a baixar.<\/p>\n<p>A partir de secund\u00e0ria.<\/p>\n<p>&nbsp;<\/p>\n<p><a href=\"http:\/\/www.deltaturistic.com\/wp-content\/uploads\/2014\/09\/escalada2.jpg\"><img loading=\"lazy\" decoding=\"async\" class=\"alignnone size-medium wp-image-2396\" src=\"http:\/\/www.deltaturistic.com\/wp-content\/uploads\/2014\/09\/escalada2-300x200.jpg\" alt=\"escalada\" width=\"300\" height=\"200\" srcset=\"https:\/\/deltaturistic.com\/wp-content\/uploads\/2014\/09\/escalada2-300x200.jpg 300w, https:\/\/deltaturistic.com\/wp-content\/uploads\/2014\/09\/escalada2.jpg 324w\" sizes=\"auto, (max-width: 300px) 100vw, 300px\" \/><\/a> <a href=\"http:\/\/www.deltaturistic.com\/wp-content\/uploads\/2014\/09\/escalada11.jpg\"><img loading=\"lazy\" decoding=\"async\" class=\"alignnone wp-image-2399\" src=\"http:\/\/www.deltaturistic.com\/wp-content\/uploads\/2014\/09\/escalada11-300x168.jpg\" alt=\"escalada1\" width=\"354\" height=\"198\" srcset=\"https:\/\/deltaturistic.com\/wp-content\/uploads\/2014\/09\/escalada11-300x169.jpg 300w, https:\/\/deltaturistic.com\/wp-content\/uploads\/2014\/09\/escalada11.jpg 444w\" sizes=\"auto, (max-width: 354px) 100vw, 354px\" \/><\/a><\/p>\n","protected":false},"excerpt":{"rendered":"<p>Iniciaci\u00f3 a l&#8217;escalada, per aprendre a pujar o baixar per parets de muntanya amb l&#8217;\u00fas de les nostres mans i peus. Farem una explicaci\u00f3 te\u00f2rica de com funciona l&#8217;activitat i despr\u00e9s comen\u00e7arem amb la part pr\u00e0ctica. Com que no podran fer-ho tots els alumnes a l&#8217;hora, mentre uns pugen els altres faran pr\u00e0ctica de nusos. [&hellip;]<\/p>\n","protected":false},"featured_media":640,"template":"","meta":[],"product_brand":[],"product_cat":[389,13],"product_tag":[],"class_list":{"0":"post-2395","1":"product","2":"type-product","3":"status-publish","4":"has-post-thumbnail","6":"product_cat-activitats","7":"product_cat-escolars-delta-del-ebre","8":"pa_adicional-calcat-esportiu-roba-comode-crema-solar","10":"first","11":"instock","12":"shipping-taxable","13":"product-type-simple"},"yoast_head":"<!-- This site is optimized with the Yoast SEO plugin v27.1.1 - https:\/\/yoast.com\/product\/yoast-seo-wordpress\/ -->\n<title>Escalada - Deltaturistic turisme, excursions i esports d&#039;aventura al delta de l&#039;Ebre<\/title>\n<meta name=\"description\" content=\"la iniciaci\u00f3 a l&#039;escalada \u00e9s una activitat on s&#039;apr\u00e9n a pujar o baixar les parets de muntanya mitjan\u00e7ant les mans i els peus\" \/>\n<meta name=\"robots\" content=\"index, follow, max-snippet:-1, max-image-preview:large, max-video-preview:-1\" \/>\n<link rel=\"canonical\" href=\"https:\/\/deltaturistic.com\/en\/paquets-turistics\/escalada\/\" \/>\n<script type=\"application\/ld+json\" class=\"yoast-schema-graph\">{\"@context\":\"https:\/\/schema.org\",\"@graph\":[{\"@type\":\"WebPage\",\"@id\":\"https:\/\/deltaturistic.com\/en\/paquets-turistics\/escalada\/\",\"url\":\"https:\/\/deltaturistic.com\/en\/paquets-turistics\/escalada\/\",\"name\":\"Escalada - Deltaturistic turisme, excursions i esports d&#039;aventura al delta de l&#039;Ebre\",\"isPartOf\":{\"@id\":\"https:\/\/deltaturistic.com\/en\/#website\"},\"primaryImageOfPage\":{\"@id\":\"https:\/\/deltaturistic.com\/en\/paquets-turistics\/escalada\/#primaryimage\"},\"image\":{\"@id\":\"https:\/\/deltaturistic.com\/en\/paquets-turistics\/escalada\/#primaryimage\"},\"thumbnailUrl\":\"https:\/\/deltaturistic.com\/wp-content\/uploads\/2014\/07\/escalada.jpg\",\"datePublished\":\"2014-09-12T07:43:34+00:00\",\"dateModified\":\"2024-04-02T11:24:16+00:00\",\"description\":\"la iniciaci\u00f3 a l'escalada \u00e9s una activitat on s'apr\u00e9n a pujar o baixar les parets de muntanya mitjan\u00e7ant les mans i els peus\",\"breadcrumb\":{\"@id\":\"https:\/\/deltaturistic.com\/en\/paquets-turistics\/escalada\/#breadcrumb\"},\"inLanguage\":\"en-US\",\"potentialAction\":[{\"@type\":\"ReadAction\",\"target\":[\"https:\/\/deltaturistic.com\/en\/paquets-turistics\/escalada\/\"]}]},{\"@type\":\"ImageObject\",\"inLanguage\":\"en-US\",\"@id\":\"https:\/\/deltaturistic.com\/en\/paquets-turistics\/escalada\/#primaryimage\",\"url\":\"https:\/\/deltaturistic.com\/wp-content\/uploads\/2014\/07\/escalada.jpg\",\"contentUrl\":\"https:\/\/deltaturistic.com\/wp-content\/uploads\/2014\/07\/escalada.jpg\",\"width\":780,\"height\":520},{\"@type\":\"BreadcrumbList\",\"@id\":\"https:\/\/deltaturistic.com\/en\/paquets-turistics\/escalada\/#breadcrumb\",\"itemListElement\":[{\"@type\":\"ListItem\",\"position\":1,\"name\":\"Inici\",\"item\":\"https:\/\/deltaturistic.com\/en\/\"},{\"@type\":\"ListItem\",\"position\":2,\"name\":\"Productes tur\u00edstics\",\"item\":\"https:\/\/deltaturistic.com\/paquets-turistics\/\"},{\"@type\":\"ListItem\",\"position\":3,\"name\":\"Escalada\"}]},{\"@type\":\"WebSite\",\"@id\":\"https:\/\/deltaturistic.com\/en\/#website\",\"url\":\"https:\/\/deltaturistic.com\/en\/\",\"name\":\"Deltaturistic turisme, excursions i esports d&#039;aventura al delta de l&#039;Ebre\",\"description\":\"Ag\u00e8ncia de Viatges Deltaturistic\",\"potentialAction\":[{\"@type\":\"SearchAction\",\"target\":{\"@type\":\"EntryPoint\",\"urlTemplate\":\"https:\/\/deltaturistic.com\/en\/?s={search_term_string}\"},\"query-input\":{\"@type\":\"PropertyValueSpecification\",\"valueRequired\":true,\"valueName\":\"search_term_string\"}}],\"inLanguage\":\"en-US\"}]}<\/script>\n<!-- \/ Yoast SEO plugin. -->","yoast_head_json":{"title":"Escalada - Deltaturistic turisme, excursions i esports d&#039;aventura al delta de l&#039;Ebre","description":"la iniciaci\u00f3 a l'escalada \u00e9s una activitat on s'apr\u00e9n a pujar o baixar les parets de muntanya mitjan\u00e7ant les mans i els peus","robots":{"index":"index","follow":"follow","max-snippet":"max-snippet:-1","max-image-preview":"max-image-preview:large","max-video-preview":"max-video-preview:-1"},"canonical":"https:\/\/deltaturistic.com\/en\/paquets-turistics\/escalada\/","schema":{"@context":"https:\/\/schema.org","@graph":[{"@type":"WebPage","@id":"https:\/\/deltaturistic.com\/en\/paquets-turistics\/escalada\/","url":"https:\/\/deltaturistic.com\/en\/paquets-turistics\/escalada\/","name":"Escalada - Deltaturistic turisme, excursions i esports d&#039;aventura al delta de l&#039;Ebre","isPartOf":{"@id":"https:\/\/deltaturistic.com\/en\/#website"},"primaryImageOfPage":{"@id":"https:\/\/deltaturistic.com\/en\/paquets-turistics\/escalada\/#primaryimage"},"image":{"@id":"https:\/\/deltaturistic.com\/en\/paquets-turistics\/escalada\/#primaryimage"},"thumbnailUrl":"https:\/\/deltaturistic.com\/wp-content\/uploads\/2014\/07\/escalada.jpg","datePublished":"2014-09-12T07:43:34+00:00","dateModified":"2024-04-02T11:24:16+00:00","description":"la iniciaci\u00f3 a l'escalada \u00e9s una activitat on s'apr\u00e9n a pujar o baixar les parets de muntanya mitjan\u00e7ant les mans i els peus","breadcrumb":{"@id":"https:\/\/deltaturistic.com\/en\/paquets-turistics\/escalada\/#breadcrumb"},"inLanguage":"en-US","potentialAction":[{"@type":"ReadAction","target":["https:\/\/deltaturistic.com\/en\/paquets-turistics\/escalada\/"]}]},{"@type":"ImageObject","inLanguage":"en-US","@id":"https:\/\/deltaturistic.com\/en\/paquets-turistics\/escalada\/#primaryimage","url":"https:\/\/deltaturistic.com\/wp-content\/uploads\/2014\/07\/escalada.jpg","contentUrl":"https:\/\/deltaturistic.com\/wp-content\/uploads\/2014\/07\/escalada.jpg","width":780,"height":520},{"@type":"BreadcrumbList","@id":"https:\/\/deltaturistic.com\/en\/paquets-turistics\/escalada\/#breadcrumb","itemListElement":[{"@type":"ListItem","position":1,"name":"Inici","item":"https:\/\/deltaturistic.com\/en\/"},{"@type":"ListItem","position":2,"name":"Productes tur\u00edstics","item":"https:\/\/deltaturistic.com\/paquets-turistics\/"},{"@type":"ListItem","position":3,"name":"Escalada"}]},{"@type":"WebSite","@id":"https:\/\/deltaturistic.com\/en\/#website","url":"https:\/\/deltaturistic.com\/en\/","name":"Deltaturistic turisme, excursions i esports d&#039;aventura al delta de l&#039;Ebre","description":"Ag\u00e8ncia de Viatges Deltaturistic","potentialAction":[{"@type":"SearchAction","target":{"@type":"EntryPoint","urlTemplate":"https:\/\/deltaturistic.com\/en\/?s={search_term_string}"},"query-input":{"@type":"PropertyValueSpecification","valueRequired":true,"valueName":"search_term_string"}}],"inLanguage":"en-US"}]}},"_links":{"self":[{"href":"https:\/\/deltaturistic.com\/en\/wp-json\/wp\/v2\/product\/2395","targetHints":{"allow":["GET"]}}],"collection":[{"href":"https:\/\/deltaturistic.com\/en\/wp-json\/wp\/v2\/product"}],"about":[{"href":"https:\/\/deltaturistic.com\/en\/wp-json\/wp\/v2\/types\/product"}],"wp:featuredmedia":[{"embeddable":true,"href":"https:\/\/deltaturistic.com\/en\/wp-json\/wp\/v2\/media\/640"}],"wp:attachment":[{"href":"https:\/\/deltaturistic.com\/en\/wp-json\/wp\/v2\/media?parent=2395"}],"wp:term":[{"taxonomy":"product_brand","embeddable":true,"href":"https:\/\/deltaturistic.com\/en\/wp-json\/wp\/v2\/product_brand?post=2395"},{"taxonomy":"product_cat","embeddable":true,"href":"https:\/\/deltaturistic.com\/en\/wp-json\/wp\/v2\/product_cat?post=2395"},{"taxonomy":"product_tag","embeddable":true,"href":"https:\/\/deltaturistic.com\/en\/wp-json\/wp\/v2\/product_tag?post=2395"}],"curies":[{"name":"wp","href":"https:\/\/api.w.org\/{rel}","templated":true}]}}