{"id":2403,"date":"2014-09-12T08:54:34","date_gmt":"2014-09-12T07:54:34","guid":{"rendered":"http:\/\/www.deltaturistic.com\/?post_type=product&#038;p=2403"},"modified":"2016-03-14T12:45:04","modified_gmt":"2016-03-14T11:45:04","slug":"perxar-2","status":"publish","type":"product","link":"https:\/\/deltaturistic.com\/en\/paquets-turistics\/perxar-2\/","title":{"rendered":"Perxar"},"content":{"rendered":"<p>Perxar \u00e9s una activitat basada en l&#8217;art de despla\u00e7ar-se amb les embarcacions t\u00edpiques del Delta de l&#8217;Ebre de forma tradicional.<\/p>\n<p>Aquestes barquetes anomenades &#8220;puntones&#8221; s&#8217;utilitzaven per anar a pescar o a ca\u00e7ar, ara han estat transformades per a poder portar m\u00e9s gent i que puguin navegar-hi tal i com es feia anteriorment. A cada puntona hi anir\u00e0 un nombre entre 6 i 7 nens\/es que podran fer torns per a portar la &#8220;perxa&#8221;, qu\u00e8 \u00e9s la vara que s&#8217;utilitza per a despla\u00e7ar-se.<\/p>\n<p>Farem el recorregut per un circuit de canals i llacunes, on pr\u00e8viament hi haur\u00e0 una explicaci\u00f3 dels monitors per a tenir clar quines s\u00f3n les normes tant de pilotatge, com de passatger.<\/p>\n<p>&nbsp;<\/p>\n<p><a href=\"http:\/\/www.deltaturistic.com\/wp-content\/uploads\/2014\/07\/66064200_2334476.jpg\"><img loading=\"lazy\" decoding=\"async\" class=\"alignnone size-medium wp-image-522\" src=\"http:\/\/www.deltaturistic.com\/wp-content\/uploads\/2014\/07\/66064200_2334476-266x300.jpg\" alt=\"Esports d'aventura al delta de l'Ebre\" width=\"266\" height=\"300\" srcset=\"https:\/\/deltaturistic.com\/wp-content\/uploads\/2014\/07\/66064200_2334476-266x300.jpg 266w, https:\/\/deltaturistic.com\/wp-content\/uploads\/2014\/07\/66064200_2334476-300x337.jpg 300w, https:\/\/deltaturistic.com\/wp-content\/uploads\/2014\/07\/66064200_2334476.jpg 372w\" sizes=\"auto, (max-width: 266px) 100vw, 266px\" \/><\/a>\u00a0 \u00a0\u00a0<a href=\"http:\/\/www.deltaturistic.com\/wp-content\/uploads\/2014\/05\/25211300_2715282.jpg\"><img loading=\"lazy\" decoding=\"async\" class=\"alignnone wp-image-483\" src=\"http:\/\/www.deltaturistic.com\/wp-content\/uploads\/2014\/05\/25211300_2715282.jpg\" alt=\"25211300_2715282\" width=\"135\" height=\"235\" \/><\/a><\/p>\n","protected":false},"excerpt":{"rendered":"<p>Perxar \u00e9s una activitat basada en l&#8217;art de despla\u00e7ar-se amb les embarcacions t\u00edpiques del Delta de l&#8217;Ebre de forma tradicional. Aquestes barquetes anomenades &#8220;puntones&#8221; s&#8217;utilitzaven per anar a pescar o a ca\u00e7ar, ara han estat transformades per a poder portar m\u00e9s gent i que puguin navegar-hi tal i com es feia anteriorment. A cada puntona [&hellip;]<\/p>\n","protected":false},"featured_media":2056,"template":"","meta":[],"product_brand":[],"product_cat":[389,13],"product_tag":[],"class_list":{"0":"post-2403","1":"product","2":"type-product","3":"status-publish","4":"has-post-thumbnail","6":"product_cat-activitats","7":"product_cat-escolars-delta-del-ebre","8":"pa_adicional-crema-solar-gorra-crema-antimosquits","10":"first","11":"instock","12":"shipping-taxable","13":"product-type-simple"},"yoast_head":"<!-- This site is optimized with the Yoast SEO plugin v27.1.1 - https:\/\/yoast.com\/product\/yoast-seo-wordpress\/ -->\n<title>Perxar - Deltaturistic turisme, excursions i esports d&#039;aventura al delta de l&#039;Ebre<\/title>\n<meta name=\"description\" content=\"perxar \u00e9s una activitat tradicional molt antiga qu\u00e8 era portar una barca tipus &quot;puntona&quot; per carregar mercaderies a trav\u00e9s del riu Ebre\" \/>\n<meta name=\"robots\" content=\"index, follow, max-snippet:-1, max-image-preview:large, max-video-preview:-1\" \/>\n<link rel=\"canonical\" href=\"https:\/\/deltaturistic.com\/en\/paquets-turistics\/perxar-2\/\" \/>\n<meta name=\"twitter:label1\" content=\"Est. reading time\" \/>\n\t<meta name=\"twitter:data1\" content=\"1 minute\" \/>\n<script type=\"application\/ld+json\" class=\"yoast-schema-graph\">{\"@context\":\"https:\/\/schema.org\",\"@graph\":[{\"@type\":\"WebPage\",\"@id\":\"https:\/\/deltaturistic.com\/en\/paquets-turistics\/perxar-2\/\",\"url\":\"https:\/\/deltaturistic.com\/en\/paquets-turistics\/perxar-2\/\",\"name\":\"Perxar - Deltaturistic turisme, excursions i esports d&#039;aventura al delta de l&#039;Ebre\",\"isPartOf\":{\"@id\":\"https:\/\/deltaturistic.com\/en\/#website\"},\"primaryImageOfPage\":{\"@id\":\"https:\/\/deltaturistic.com\/en\/paquets-turistics\/perxar-2\/#primaryimage\"},\"image\":{\"@id\":\"https:\/\/deltaturistic.com\/en\/paquets-turistics\/perxar-2\/#primaryimage\"},\"thumbnailUrl\":\"https:\/\/deltaturistic.com\/wp-content\/uploads\/2014\/09\/perxar.jpg\",\"datePublished\":\"2014-09-12T07:54:34+00:00\",\"dateModified\":\"2016-03-14T11:45:04+00:00\",\"description\":\"perxar \u00e9s una activitat tradicional molt antiga qu\u00e8 era portar una barca tipus \\\"puntona\\\" per carregar mercaderies a trav\u00e9s del riu Ebre\",\"breadcrumb\":{\"@id\":\"https:\/\/deltaturistic.com\/en\/paquets-turistics\/perxar-2\/#breadcrumb\"},\"inLanguage\":\"en-US\",\"potentialAction\":[{\"@type\":\"ReadAction\",\"target\":[\"https:\/\/deltaturistic.com\/en\/paquets-turistics\/perxar-2\/\"]}]},{\"@type\":\"ImageObject\",\"inLanguage\":\"en-US\",\"@id\":\"https:\/\/deltaturistic.com\/en\/paquets-turistics\/perxar-2\/#primaryimage\",\"url\":\"https:\/\/deltaturistic.com\/wp-content\/uploads\/2014\/09\/perxar.jpg\",\"contentUrl\":\"https:\/\/deltaturistic.com\/wp-content\/uploads\/2014\/09\/perxar.jpg\",\"width\":283,\"height\":178},{\"@type\":\"BreadcrumbList\",\"@id\":\"https:\/\/deltaturistic.com\/en\/paquets-turistics\/perxar-2\/#breadcrumb\",\"itemListElement\":[{\"@type\":\"ListItem\",\"position\":1,\"name\":\"Inici\",\"item\":\"https:\/\/deltaturistic.com\/en\/\"},{\"@type\":\"ListItem\",\"position\":2,\"name\":\"Productes tur\u00edstics\",\"item\":\"https:\/\/deltaturistic.com\/paquets-turistics\/\"},{\"@type\":\"ListItem\",\"position\":3,\"name\":\"Perxar\"}]},{\"@type\":\"WebSite\",\"@id\":\"https:\/\/deltaturistic.com\/en\/#website\",\"url\":\"https:\/\/deltaturistic.com\/en\/\",\"name\":\"Deltaturistic turisme, excursions i esports d&#039;aventura al delta de l&#039;Ebre\",\"description\":\"Ag\u00e8ncia de Viatges Deltaturistic\",\"potentialAction\":[{\"@type\":\"SearchAction\",\"target\":{\"@type\":\"EntryPoint\",\"urlTemplate\":\"https:\/\/deltaturistic.com\/en\/?s={search_term_string}\"},\"query-input\":{\"@type\":\"PropertyValueSpecification\",\"valueRequired\":true,\"valueName\":\"search_term_string\"}}],\"inLanguage\":\"en-US\"}]}<\/script>\n<!-- \/ Yoast SEO plugin. -->","yoast_head_json":{"title":"Perxar - Deltaturistic turisme, excursions i esports d&#039;aventura al delta de l&#039;Ebre","description":"perxar \u00e9s una activitat tradicional molt antiga qu\u00e8 era portar una barca tipus \"puntona\" per carregar mercaderies a trav\u00e9s del riu Ebre","robots":{"index":"index","follow":"follow","max-snippet":"max-snippet:-1","max-image-preview":"max-image-preview:large","max-video-preview":"max-video-preview:-1"},"canonical":"https:\/\/deltaturistic.com\/en\/paquets-turistics\/perxar-2\/","twitter_misc":{"Est. reading time":"1 minute"},"schema":{"@context":"https:\/\/schema.org","@graph":[{"@type":"WebPage","@id":"https:\/\/deltaturistic.com\/en\/paquets-turistics\/perxar-2\/","url":"https:\/\/deltaturistic.com\/en\/paquets-turistics\/perxar-2\/","name":"Perxar - Deltaturistic turisme, excursions i esports d&#039;aventura al delta de l&#039;Ebre","isPartOf":{"@id":"https:\/\/deltaturistic.com\/en\/#website"},"primaryImageOfPage":{"@id":"https:\/\/deltaturistic.com\/en\/paquets-turistics\/perxar-2\/#primaryimage"},"image":{"@id":"https:\/\/deltaturistic.com\/en\/paquets-turistics\/perxar-2\/#primaryimage"},"thumbnailUrl":"https:\/\/deltaturistic.com\/wp-content\/uploads\/2014\/09\/perxar.jpg","datePublished":"2014-09-12T07:54:34+00:00","dateModified":"2016-03-14T11:45:04+00:00","description":"perxar \u00e9s una activitat tradicional molt antiga qu\u00e8 era portar una barca tipus \"puntona\" per carregar mercaderies a trav\u00e9s del riu Ebre","breadcrumb":{"@id":"https:\/\/deltaturistic.com\/en\/paquets-turistics\/perxar-2\/#breadcrumb"},"inLanguage":"en-US","potentialAction":[{"@type":"ReadAction","target":["https:\/\/deltaturistic.com\/en\/paquets-turistics\/perxar-2\/"]}]},{"@type":"ImageObject","inLanguage":"en-US","@id":"https:\/\/deltaturistic.com\/en\/paquets-turistics\/perxar-2\/#primaryimage","url":"https:\/\/deltaturistic.com\/wp-content\/uploads\/2014\/09\/perxar.jpg","contentUrl":"https:\/\/deltaturistic.com\/wp-content\/uploads\/2014\/09\/perxar.jpg","width":283,"height":178},{"@type":"BreadcrumbList","@id":"https:\/\/deltaturistic.com\/en\/paquets-turistics\/perxar-2\/#breadcrumb","itemListElement":[{"@type":"ListItem","position":1,"name":"Inici","item":"https:\/\/deltaturistic.com\/en\/"},{"@type":"ListItem","position":2,"name":"Productes tur\u00edstics","item":"https:\/\/deltaturistic.com\/paquets-turistics\/"},{"@type":"ListItem","position":3,"name":"Perxar"}]},{"@type":"WebSite","@id":"https:\/\/deltaturistic.com\/en\/#website","url":"https:\/\/deltaturistic.com\/en\/","name":"Deltaturistic turisme, excursions i esports d&#039;aventura al delta de l&#039;Ebre","description":"Ag\u00e8ncia de Viatges Deltaturistic","potentialAction":[{"@type":"SearchAction","target":{"@type":"EntryPoint","urlTemplate":"https:\/\/deltaturistic.com\/en\/?s={search_term_string}"},"query-input":{"@type":"PropertyValueSpecification","valueRequired":true,"valueName":"search_term_string"}}],"inLanguage":"en-US"}]}},"_links":{"self":[{"href":"https:\/\/deltaturistic.com\/en\/wp-json\/wp\/v2\/product\/2403","targetHints":{"allow":["GET"]}}],"collection":[{"href":"https:\/\/deltaturistic.com\/en\/wp-json\/wp\/v2\/product"}],"about":[{"href":"https:\/\/deltaturistic.com\/en\/wp-json\/wp\/v2\/types\/product"}],"wp:featuredmedia":[{"embeddable":true,"href":"https:\/\/deltaturistic.com\/en\/wp-json\/wp\/v2\/media\/2056"}],"wp:attachment":[{"href":"https:\/\/deltaturistic.com\/en\/wp-json\/wp\/v2\/media?parent=2403"}],"wp:term":[{"taxonomy":"product_brand","embeddable":true,"href":"https:\/\/deltaturistic.com\/en\/wp-json\/wp\/v2\/product_brand?post=2403"},{"taxonomy":"product_cat","embeddable":true,"href":"https:\/\/deltaturistic.com\/en\/wp-json\/wp\/v2\/product_cat?post=2403"},{"taxonomy":"product_tag","embeddable":true,"href":"https:\/\/deltaturistic.com\/en\/wp-json\/wp\/v2\/product_tag?post=2403"}],"curies":[{"name":"wp","href":"https:\/\/api.w.org\/{rel}","templated":true}]}}