{"id":2406,"date":"2014-09-12T09:54:08","date_gmt":"2014-09-12T08:54:08","guid":{"rendered":"http:\/\/www.deltaturistic.com\/?post_type=product&#038;p=2406"},"modified":"2016-03-14T12:27:33","modified_gmt":"2016-03-14T11:27:33","slug":"padel-surf-2","status":"publish","type":"product","link":"https:\/\/deltaturistic.com\/en\/paquets-turistics\/padel-surf-2\/","title":{"rendered":"P\u00e0del Surf"},"content":{"rendered":"<p>L&#8217;\u00faltim esport de moda el P\u00e0del Surf, Stand Up Paddle, Surf o simplement SUP ha arribat forta a les nostres costes del Delta de l&#8217;Ebre (Tarragona). Cada dia es veuen m\u00e9s persones a l&#8217;aigua gaudint d&#8217;aquesta activitat, sigui practicant en aigua plana, fent excursions, agafant onades o simplement gaudint de l&#8217;entorn que ens envolta.<\/p>\n<p>El P\u00e0del Surf \u00e9s un esport molt divertit des del principi i f\u00e0cil d&#8217;aprendre. Tothom \u00e9s capa\u00e7 de remar de peu despr\u00e9s d&#8217;unes hores de classe de P\u00e0del Surf. Es per aix\u00f2 que oferim als escolars l&#8217;oportunitat de formar-se amb un curs d&#8217;iniciaci\u00f3 en un esport nou i diferent. Farem te\u00f2rica i pr\u00e0ctica.<\/p>\n<p>&nbsp;<\/p>\n<p><a href=\"http:\/\/www.deltaturistic.com\/wp-content\/uploads\/2014\/09\/paddle.jpg\"><img loading=\"lazy\" decoding=\"async\" class=\"alignnone size-full wp-image-2407\" src=\"http:\/\/www.deltaturistic.com\/wp-content\/uploads\/2014\/09\/paddle.jpg\" alt=\"paddle\" width=\"259\" height=\"194\" srcset=\"https:\/\/deltaturistic.com\/wp-content\/uploads\/2014\/09\/paddle.jpg 259w, https:\/\/deltaturistic.com\/wp-content\/uploads\/2014\/09\/paddle-100x75.jpg 100w\" sizes=\"auto, (max-width: 259px) 100vw, 259px\" \/><\/a>\u00a0<a href=\"http:\/\/www.deltaturistic.com\/wp-content\/uploads\/2014\/07\/15773700_8673889.jpg\"><img loading=\"lazy\" decoding=\"async\" class=\"alignnone wp-image-517\" src=\"http:\/\/www.deltaturistic.com\/wp-content\/uploads\/2014\/07\/15773700_8673889.jpg\" alt=\"Sortida a la matinada amb Paddle i Kayak a L'Ampolla\" width=\"290\" height=\"193\" \/><\/a><\/p>\n<p>&nbsp;<\/p>\n<p>&nbsp;<\/p>\n","protected":false},"excerpt":{"rendered":"<p>L&#8217;\u00faltim esport de moda el P\u00e0del Surf, Stand Up Paddle, Surf o simplement SUP ha arribat forta a les nostres costes del Delta de l&#8217;Ebre (Tarragona). Cada dia es veuen m\u00e9s persones a l&#8217;aigua gaudint d&#8217;aquesta activitat, sigui practicant en aigua plana, fent excursions, agafant onades o simplement gaudint de l&#8217;entorn que ens envolta. El [&hellip;]<\/p>\n","protected":false},"featured_media":605,"template":"","meta":[],"product_brand":[],"product_cat":[389,13],"product_tag":[],"class_list":{"0":"post-2406","1":"product","2":"type-product","3":"status-publish","4":"has-post-thumbnail","6":"product_cat-activitats","7":"product_cat-escolars-delta-del-ebre","8":"pa_adicional-banyador-tovallola-i-crema-solar","10":"first","11":"instock","12":"shipping-taxable","13":"product-type-simple"},"yoast_head":"<!-- This site is optimized with the Yoast SEO plugin v27.1.1 - https:\/\/yoast.com\/product\/yoast-seo-wordpress\/ -->\n<title>P\u00e0del Surf - Deltaturistic turisme, excursions i esports d&#039;aventura al delta de l&#039;Ebre<\/title>\n<meta name=\"description\" content=\"el p\u00e0del surf \u00e9s un esport aqu\u00e0tic que cada cop est\u00e0 m\u00e9s de moda, practicable en aig\u00fces planes o amb onades, per gaudir de l&#039;entorn del Delta de l&#039;Ebre\" \/>\n<meta name=\"robots\" content=\"index, follow, max-snippet:-1, max-image-preview:large, max-video-preview:-1\" \/>\n<link rel=\"canonical\" href=\"https:\/\/deltaturistic.com\/en\/paquets-turistics\/padel-surf-2\/\" \/>\n<meta name=\"twitter:label1\" content=\"Est. reading time\" \/>\n\t<meta name=\"twitter:data1\" content=\"1 minute\" \/>\n<script type=\"application\/ld+json\" class=\"yoast-schema-graph\">{\"@context\":\"https:\/\/schema.org\",\"@graph\":[{\"@type\":\"WebPage\",\"@id\":\"https:\/\/deltaturistic.com\/en\/paquets-turistics\/padel-surf-2\/\",\"url\":\"https:\/\/deltaturistic.com\/en\/paquets-turistics\/padel-surf-2\/\",\"name\":\"P\u00e0del Surf - Deltaturistic turisme, excursions i esports d&#039;aventura al delta de l&#039;Ebre\",\"isPartOf\":{\"@id\":\"https:\/\/deltaturistic.com\/en\/#website\"},\"primaryImageOfPage\":{\"@id\":\"https:\/\/deltaturistic.com\/en\/paquets-turistics\/padel-surf-2\/#primaryimage\"},\"image\":{\"@id\":\"https:\/\/deltaturistic.com\/en\/paquets-turistics\/padel-surf-2\/#primaryimage\"},\"thumbnailUrl\":\"https:\/\/deltaturistic.com\/wp-content\/uploads\/2014\/07\/51236500_4120008.jpg\",\"datePublished\":\"2014-09-12T08:54:08+00:00\",\"dateModified\":\"2016-03-14T11:27:33+00:00\",\"description\":\"el p\u00e0del surf \u00e9s un esport aqu\u00e0tic que cada cop est\u00e0 m\u00e9s de moda, practicable en aig\u00fces planes o amb onades, per gaudir de l'entorn del Delta de l'Ebre\",\"breadcrumb\":{\"@id\":\"https:\/\/deltaturistic.com\/en\/paquets-turistics\/padel-surf-2\/#breadcrumb\"},\"inLanguage\":\"en-US\",\"potentialAction\":[{\"@type\":\"ReadAction\",\"target\":[\"https:\/\/deltaturistic.com\/en\/paquets-turistics\/padel-surf-2\/\"]}]},{\"@type\":\"ImageObject\",\"inLanguage\":\"en-US\",\"@id\":\"https:\/\/deltaturistic.com\/en\/paquets-turistics\/padel-surf-2\/#primaryimage\",\"url\":\"https:\/\/deltaturistic.com\/wp-content\/uploads\/2014\/07\/51236500_4120008.jpg\",\"contentUrl\":\"https:\/\/deltaturistic.com\/wp-content\/uploads\/2014\/07\/51236500_4120008.jpg\",\"width\":650,\"height\":487},{\"@type\":\"BreadcrumbList\",\"@id\":\"https:\/\/deltaturistic.com\/en\/paquets-turistics\/padel-surf-2\/#breadcrumb\",\"itemListElement\":[{\"@type\":\"ListItem\",\"position\":1,\"name\":\"Inici\",\"item\":\"https:\/\/deltaturistic.com\/en\/\"},{\"@type\":\"ListItem\",\"position\":2,\"name\":\"Productes tur\u00edstics\",\"item\":\"https:\/\/deltaturistic.com\/paquets-turistics\/\"},{\"@type\":\"ListItem\",\"position\":3,\"name\":\"P\u00e0del Surf\"}]},{\"@type\":\"WebSite\",\"@id\":\"https:\/\/deltaturistic.com\/en\/#website\",\"url\":\"https:\/\/deltaturistic.com\/en\/\",\"name\":\"Deltaturistic turisme, excursions i esports d&#039;aventura al delta de l&#039;Ebre\",\"description\":\"Ag\u00e8ncia de Viatges Deltaturistic\",\"potentialAction\":[{\"@type\":\"SearchAction\",\"target\":{\"@type\":\"EntryPoint\",\"urlTemplate\":\"https:\/\/deltaturistic.com\/en\/?s={search_term_string}\"},\"query-input\":{\"@type\":\"PropertyValueSpecification\",\"valueRequired\":true,\"valueName\":\"search_term_string\"}}],\"inLanguage\":\"en-US\"}]}<\/script>\n<!-- \/ Yoast SEO plugin. -->","yoast_head_json":{"title":"P\u00e0del Surf - Deltaturistic turisme, excursions i esports d&#039;aventura al delta de l&#039;Ebre","description":"el p\u00e0del surf \u00e9s un esport aqu\u00e0tic que cada cop est\u00e0 m\u00e9s de moda, practicable en aig\u00fces planes o amb onades, per gaudir de l'entorn del Delta de l'Ebre","robots":{"index":"index","follow":"follow","max-snippet":"max-snippet:-1","max-image-preview":"max-image-preview:large","max-video-preview":"max-video-preview:-1"},"canonical":"https:\/\/deltaturistic.com\/en\/paquets-turistics\/padel-surf-2\/","twitter_misc":{"Est. reading time":"1 minute"},"schema":{"@context":"https:\/\/schema.org","@graph":[{"@type":"WebPage","@id":"https:\/\/deltaturistic.com\/en\/paquets-turistics\/padel-surf-2\/","url":"https:\/\/deltaturistic.com\/en\/paquets-turistics\/padel-surf-2\/","name":"P\u00e0del Surf - Deltaturistic turisme, excursions i esports d&#039;aventura al delta de l&#039;Ebre","isPartOf":{"@id":"https:\/\/deltaturistic.com\/en\/#website"},"primaryImageOfPage":{"@id":"https:\/\/deltaturistic.com\/en\/paquets-turistics\/padel-surf-2\/#primaryimage"},"image":{"@id":"https:\/\/deltaturistic.com\/en\/paquets-turistics\/padel-surf-2\/#primaryimage"},"thumbnailUrl":"https:\/\/deltaturistic.com\/wp-content\/uploads\/2014\/07\/51236500_4120008.jpg","datePublished":"2014-09-12T08:54:08+00:00","dateModified":"2016-03-14T11:27:33+00:00","description":"el p\u00e0del surf \u00e9s un esport aqu\u00e0tic que cada cop est\u00e0 m\u00e9s de moda, practicable en aig\u00fces planes o amb onades, per gaudir de l'entorn del Delta de l'Ebre","breadcrumb":{"@id":"https:\/\/deltaturistic.com\/en\/paquets-turistics\/padel-surf-2\/#breadcrumb"},"inLanguage":"en-US","potentialAction":[{"@type":"ReadAction","target":["https:\/\/deltaturistic.com\/en\/paquets-turistics\/padel-surf-2\/"]}]},{"@type":"ImageObject","inLanguage":"en-US","@id":"https:\/\/deltaturistic.com\/en\/paquets-turistics\/padel-surf-2\/#primaryimage","url":"https:\/\/deltaturistic.com\/wp-content\/uploads\/2014\/07\/51236500_4120008.jpg","contentUrl":"https:\/\/deltaturistic.com\/wp-content\/uploads\/2014\/07\/51236500_4120008.jpg","width":650,"height":487},{"@type":"BreadcrumbList","@id":"https:\/\/deltaturistic.com\/en\/paquets-turistics\/padel-surf-2\/#breadcrumb","itemListElement":[{"@type":"ListItem","position":1,"name":"Inici","item":"https:\/\/deltaturistic.com\/en\/"},{"@type":"ListItem","position":2,"name":"Productes tur\u00edstics","item":"https:\/\/deltaturistic.com\/paquets-turistics\/"},{"@type":"ListItem","position":3,"name":"P\u00e0del Surf"}]},{"@type":"WebSite","@id":"https:\/\/deltaturistic.com\/en\/#website","url":"https:\/\/deltaturistic.com\/en\/","name":"Deltaturistic turisme, excursions i esports d&#039;aventura al delta de l&#039;Ebre","description":"Ag\u00e8ncia de Viatges Deltaturistic","potentialAction":[{"@type":"SearchAction","target":{"@type":"EntryPoint","urlTemplate":"https:\/\/deltaturistic.com\/en\/?s={search_term_string}"},"query-input":{"@type":"PropertyValueSpecification","valueRequired":true,"valueName":"search_term_string"}}],"inLanguage":"en-US"}]}},"_links":{"self":[{"href":"https:\/\/deltaturistic.com\/en\/wp-json\/wp\/v2\/product\/2406","targetHints":{"allow":["GET"]}}],"collection":[{"href":"https:\/\/deltaturistic.com\/en\/wp-json\/wp\/v2\/product"}],"about":[{"href":"https:\/\/deltaturistic.com\/en\/wp-json\/wp\/v2\/types\/product"}],"wp:featuredmedia":[{"embeddable":true,"href":"https:\/\/deltaturistic.com\/en\/wp-json\/wp\/v2\/media\/605"}],"wp:attachment":[{"href":"https:\/\/deltaturistic.com\/en\/wp-json\/wp\/v2\/media?parent=2406"}],"wp:term":[{"taxonomy":"product_brand","embeddable":true,"href":"https:\/\/deltaturistic.com\/en\/wp-json\/wp\/v2\/product_brand?post=2406"},{"taxonomy":"product_cat","embeddable":true,"href":"https:\/\/deltaturistic.com\/en\/wp-json\/wp\/v2\/product_cat?post=2406"},{"taxonomy":"product_tag","embeddable":true,"href":"https:\/\/deltaturistic.com\/en\/wp-json\/wp\/v2\/product_tag?post=2406"}],"curies":[{"name":"wp","href":"https:\/\/api.w.org\/{rel}","templated":true}]}}