{"id":2411,"date":"2014-09-12T10:17:13","date_gmt":"2014-09-12T09:17:13","guid":{"rendered":"http:\/\/www.deltaturistic.com\/?post_type=product&#038;p=2411"},"modified":"2025-03-04T15:34:46","modified_gmt":"2025-03-04T14:34:46","slug":"classes-dhipica","status":"publish","type":"product","link":"https:\/\/deltaturistic.com\/en\/paquets-turistics\/classes-dhipica\/","title":{"rendered":"Classes d&#8217;h\u00edpica"},"content":{"rendered":"<p>Jornada d&#8217;aprenentatge del m\u00f3n del cavall: comen\u00e7arem amb una breu introducci\u00f3, seguit del seu manteniment (els donarem de menjar, els raspallarem i empolainarem) i finalment farem una classe h\u00edpica.<\/p>\n<p>Visitarem una h\u00edpica familiar, amb amplia varietat de cavalls. Dividirem el grup per a poder fer totes les parts de l&#8217;aprenentatge correctament, i finalment i dins del tancat muntarem al cavall amb l&#8217;ajut dels monitors.<\/p>\n<p>&nbsp;<\/p>\n<p>&nbsp;<\/p>\n<p><a href=\"http:\/\/www.deltaturistic.com\/wp-content\/uploads\/2014\/09\/cavallcon.jpg\"><img loading=\"lazy\" decoding=\"async\" class=\"alignnone size-medium wp-image-2231\" src=\"http:\/\/www.deltaturistic.com\/wp-content\/uploads\/2014\/09\/cavallcon-300x225.jpg\" alt=\"cavallcon\" width=\"300\" height=\"225\" srcset=\"https:\/\/deltaturistic.com\/wp-content\/uploads\/2014\/09\/cavallcon-300x225.jpg 300w, https:\/\/deltaturistic.com\/wp-content\/uploads\/2014\/09\/cavallcon-600x450.jpg 600w, https:\/\/deltaturistic.com\/wp-content\/uploads\/2014\/09\/cavallcon-100x75.jpg 100w, https:\/\/deltaturistic.com\/wp-content\/uploads\/2014\/09\/cavallcon.jpg 800w\" sizes=\"auto, (max-width: 300px) 100vw, 300px\" \/><\/a> <a href=\"http:\/\/www.deltaturistic.com\/wp-content\/uploads\/2014\/09\/cavallcon1.jpg\"><img loading=\"lazy\" decoding=\"async\" class=\"alignnone size-medium wp-image-2234\" src=\"http:\/\/www.deltaturistic.com\/wp-content\/uploads\/2014\/09\/cavallcon1-300x225.jpg\" alt=\"cavallcon1\" width=\"300\" height=\"225\" srcset=\"https:\/\/deltaturistic.com\/wp-content\/uploads\/2014\/09\/cavallcon1-300x225.jpg 300w, https:\/\/deltaturistic.com\/wp-content\/uploads\/2014\/09\/cavallcon1-600x450.jpg 600w, https:\/\/deltaturistic.com\/wp-content\/uploads\/2014\/09\/cavallcon1-100x75.jpg 100w, https:\/\/deltaturistic.com\/wp-content\/uploads\/2014\/09\/cavallcon1.jpg 800w\" sizes=\"auto, (max-width: 300px) 100vw, 300px\" \/><\/a><\/p>\n<p>&nbsp;<\/p>\n<p>&nbsp;<\/p>\n<p>&nbsp;<\/p>\n<p>&nbsp;<\/p>\n","protected":false},"excerpt":{"rendered":"<p>Jornada d&#8217;aprenentatge del m\u00f3n del cavall: comen\u00e7arem amb una breu introducci\u00f3, seguit del seu manteniment (els donarem de menjar, els raspallarem i empolainarem) i finalment farem una classe h\u00edpica. Visitarem una h\u00edpica familiar, amb amplia varietat de cavalls. Dividirem el grup per a poder fer totes les parts de l&#8217;aprenentatge correctament, i finalment i dins [&hellip;]<\/p>\n","protected":false},"featured_media":2412,"template":"","meta":[],"product_brand":[],"product_cat":[389,13],"product_tag":[],"class_list":{"0":"post-2411","1":"product","2":"type-product","3":"status-publish","4":"has-post-thumbnail","6":"product_cat-activitats","7":"product_cat-escolars-delta-del-ebre","8":"pa_adicional-calcat-esportiu-roba-comode-crema-solar","10":"first","11":"instock","12":"shipping-taxable","13":"product-type-simple"},"yoast_head":"<!-- This site is optimized with the Yoast SEO plugin v27.1.1 - https:\/\/yoast.com\/product\/yoast-seo-wordpress\/ -->\n<title>Classes d&#039;h\u00edpica - Deltaturistic turisme, excursions i esports d&#039;aventura al delta de l&#039;Ebre<\/title>\n<meta name=\"description\" content=\"jornada d&#039;aprenentatge sobre el m\u00f3n del cavall o aprendrem com cuidar-lo i saber muntar a un d&#039;ells, mitjan\u00e7ant unes classes d&#039;h\u00edpica\" \/>\n<meta name=\"robots\" content=\"index, follow, max-snippet:-1, max-image-preview:large, max-video-preview:-1\" \/>\n<link rel=\"canonical\" href=\"https:\/\/deltaturistic.com\/en\/paquets-turistics\/classes-dhipica\/\" \/>\n<script type=\"application\/ld+json\" class=\"yoast-schema-graph\">{\"@context\":\"https:\/\/schema.org\",\"@graph\":[{\"@type\":\"WebPage\",\"@id\":\"https:\/\/deltaturistic.com\/en\/paquets-turistics\/classes-dhipica\/\",\"url\":\"https:\/\/deltaturistic.com\/en\/paquets-turistics\/classes-dhipica\/\",\"name\":\"Classes d'h\u00edpica - Deltaturistic turisme, excursions i esports d&#039;aventura al delta de l&#039;Ebre\",\"isPartOf\":{\"@id\":\"https:\/\/deltaturistic.com\/en\/#website\"},\"primaryImageOfPage\":{\"@id\":\"https:\/\/deltaturistic.com\/en\/paquets-turistics\/classes-dhipica\/#primaryimage\"},\"image\":{\"@id\":\"https:\/\/deltaturistic.com\/en\/paquets-turistics\/classes-dhipica\/#primaryimage\"},\"thumbnailUrl\":\"https:\/\/deltaturistic.com\/wp-content\/uploads\/2014\/09\/1373102143329.jpg\",\"datePublished\":\"2014-09-12T09:17:13+00:00\",\"dateModified\":\"2025-03-04T14:34:46+00:00\",\"description\":\"jornada d'aprenentatge sobre el m\u00f3n del cavall o aprendrem com cuidar-lo i saber muntar a un d'ells, mitjan\u00e7ant unes classes d'h\u00edpica\",\"breadcrumb\":{\"@id\":\"https:\/\/deltaturistic.com\/en\/paquets-turistics\/classes-dhipica\/#breadcrumb\"},\"inLanguage\":\"en-US\",\"potentialAction\":[{\"@type\":\"ReadAction\",\"target\":[\"https:\/\/deltaturistic.com\/en\/paquets-turistics\/classes-dhipica\/\"]}]},{\"@type\":\"ImageObject\",\"inLanguage\":\"en-US\",\"@id\":\"https:\/\/deltaturistic.com\/en\/paquets-turistics\/classes-dhipica\/#primaryimage\",\"url\":\"https:\/\/deltaturistic.com\/wp-content\/uploads\/2014\/09\/1373102143329.jpg\",\"contentUrl\":\"https:\/\/deltaturistic.com\/wp-content\/uploads\/2014\/09\/1373102143329.jpg\",\"width\":320,\"height\":256},{\"@type\":\"BreadcrumbList\",\"@id\":\"https:\/\/deltaturistic.com\/en\/paquets-turistics\/classes-dhipica\/#breadcrumb\",\"itemListElement\":[{\"@type\":\"ListItem\",\"position\":1,\"name\":\"Inici\",\"item\":\"https:\/\/deltaturistic.com\/en\/\"},{\"@type\":\"ListItem\",\"position\":2,\"name\":\"Productes tur\u00edstics\",\"item\":\"https:\/\/deltaturistic.com\/paquets-turistics\/\"},{\"@type\":\"ListItem\",\"position\":3,\"name\":\"Classes d&#8217;h\u00edpica\"}]},{\"@type\":\"WebSite\",\"@id\":\"https:\/\/deltaturistic.com\/en\/#website\",\"url\":\"https:\/\/deltaturistic.com\/en\/\",\"name\":\"Deltaturistic turisme, excursions i esports d&#039;aventura al delta de l&#039;Ebre\",\"description\":\"Ag\u00e8ncia de Viatges Deltaturistic\",\"potentialAction\":[{\"@type\":\"SearchAction\",\"target\":{\"@type\":\"EntryPoint\",\"urlTemplate\":\"https:\/\/deltaturistic.com\/en\/?s={search_term_string}\"},\"query-input\":{\"@type\":\"PropertyValueSpecification\",\"valueRequired\":true,\"valueName\":\"search_term_string\"}}],\"inLanguage\":\"en-US\"}]}<\/script>\n<!-- \/ Yoast SEO plugin. -->","yoast_head_json":{"title":"Classes d'h\u00edpica - Deltaturistic turisme, excursions i esports d&#039;aventura al delta de l&#039;Ebre","description":"jornada d'aprenentatge sobre el m\u00f3n del cavall o aprendrem com cuidar-lo i saber muntar a un d'ells, mitjan\u00e7ant unes classes d'h\u00edpica","robots":{"index":"index","follow":"follow","max-snippet":"max-snippet:-1","max-image-preview":"max-image-preview:large","max-video-preview":"max-video-preview:-1"},"canonical":"https:\/\/deltaturistic.com\/en\/paquets-turistics\/classes-dhipica\/","schema":{"@context":"https:\/\/schema.org","@graph":[{"@type":"WebPage","@id":"https:\/\/deltaturistic.com\/en\/paquets-turistics\/classes-dhipica\/","url":"https:\/\/deltaturistic.com\/en\/paquets-turistics\/classes-dhipica\/","name":"Classes d'h\u00edpica - Deltaturistic turisme, excursions i esports d&#039;aventura al delta de l&#039;Ebre","isPartOf":{"@id":"https:\/\/deltaturistic.com\/en\/#website"},"primaryImageOfPage":{"@id":"https:\/\/deltaturistic.com\/en\/paquets-turistics\/classes-dhipica\/#primaryimage"},"image":{"@id":"https:\/\/deltaturistic.com\/en\/paquets-turistics\/classes-dhipica\/#primaryimage"},"thumbnailUrl":"https:\/\/deltaturistic.com\/wp-content\/uploads\/2014\/09\/1373102143329.jpg","datePublished":"2014-09-12T09:17:13+00:00","dateModified":"2025-03-04T14:34:46+00:00","description":"jornada d'aprenentatge sobre el m\u00f3n del cavall o aprendrem com cuidar-lo i saber muntar a un d'ells, mitjan\u00e7ant unes classes d'h\u00edpica","breadcrumb":{"@id":"https:\/\/deltaturistic.com\/en\/paquets-turistics\/classes-dhipica\/#breadcrumb"},"inLanguage":"en-US","potentialAction":[{"@type":"ReadAction","target":["https:\/\/deltaturistic.com\/en\/paquets-turistics\/classes-dhipica\/"]}]},{"@type":"ImageObject","inLanguage":"en-US","@id":"https:\/\/deltaturistic.com\/en\/paquets-turistics\/classes-dhipica\/#primaryimage","url":"https:\/\/deltaturistic.com\/wp-content\/uploads\/2014\/09\/1373102143329.jpg","contentUrl":"https:\/\/deltaturistic.com\/wp-content\/uploads\/2014\/09\/1373102143329.jpg","width":320,"height":256},{"@type":"BreadcrumbList","@id":"https:\/\/deltaturistic.com\/en\/paquets-turistics\/classes-dhipica\/#breadcrumb","itemListElement":[{"@type":"ListItem","position":1,"name":"Inici","item":"https:\/\/deltaturistic.com\/en\/"},{"@type":"ListItem","position":2,"name":"Productes tur\u00edstics","item":"https:\/\/deltaturistic.com\/paquets-turistics\/"},{"@type":"ListItem","position":3,"name":"Classes d&#8217;h\u00edpica"}]},{"@type":"WebSite","@id":"https:\/\/deltaturistic.com\/en\/#website","url":"https:\/\/deltaturistic.com\/en\/","name":"Deltaturistic turisme, excursions i esports d&#039;aventura al delta de l&#039;Ebre","description":"Ag\u00e8ncia de Viatges Deltaturistic","potentialAction":[{"@type":"SearchAction","target":{"@type":"EntryPoint","urlTemplate":"https:\/\/deltaturistic.com\/en\/?s={search_term_string}"},"query-input":{"@type":"PropertyValueSpecification","valueRequired":true,"valueName":"search_term_string"}}],"inLanguage":"en-US"}]}},"_links":{"self":[{"href":"https:\/\/deltaturistic.com\/en\/wp-json\/wp\/v2\/product\/2411","targetHints":{"allow":["GET"]}}],"collection":[{"href":"https:\/\/deltaturistic.com\/en\/wp-json\/wp\/v2\/product"}],"about":[{"href":"https:\/\/deltaturistic.com\/en\/wp-json\/wp\/v2\/types\/product"}],"wp:featuredmedia":[{"embeddable":true,"href":"https:\/\/deltaturistic.com\/en\/wp-json\/wp\/v2\/media\/2412"}],"wp:attachment":[{"href":"https:\/\/deltaturistic.com\/en\/wp-json\/wp\/v2\/media?parent=2411"}],"wp:term":[{"taxonomy":"product_brand","embeddable":true,"href":"https:\/\/deltaturistic.com\/en\/wp-json\/wp\/v2\/product_brand?post=2411"},{"taxonomy":"product_cat","embeddable":true,"href":"https:\/\/deltaturistic.com\/en\/wp-json\/wp\/v2\/product_cat?post=2411"},{"taxonomy":"product_tag","embeddable":true,"href":"https:\/\/deltaturistic.com\/en\/wp-json\/wp\/v2\/product_tag?post=2411"}],"curies":[{"name":"wp","href":"https:\/\/api.w.org\/{rel}","templated":true}]}}