{"id":2416,"date":"2014-09-12T10:27:17","date_gmt":"2014-09-12T09:27:17","guid":{"rendered":"http:\/\/www.deltaturistic.com\/?post_type=product&#038;p=2416"},"modified":"2016-03-14T12:15:53","modified_gmt":"2016-03-14T11:15:53","slug":"visites-dinteres","status":"publish","type":"product","link":"https:\/\/deltaturistic.com\/en\/paquets-turistics\/visites-dinteres\/","title":{"rendered":"Visites d&#8217;inter\u00e8s"},"content":{"rendered":"<p>Disposem de diferents visites a punts d&#8217;inter\u00e8s espec\u00edfics tipus Parc E\u00f2lic, miradors, centre d&#8217;astrologia i astronomia, coves, castells, exposici\u00f3 de bonsais, exposici\u00f3 de ceramistes.<\/p>\n<p>Tamb\u00e9\u00a0de diferents visites a museus i ecomuseus del parc ideals per introduir-nos en la cultura, hist\u00f2ria i tradicions de la zona.<\/p>\n<p>Visites guiades pel Delta, Tarragona, Ports de Tortosa, Reus, Barcelona, entre d&#8217;altres empla\u00e7aments d&#8217;inter\u00e8s.<\/p>\n<p>&nbsp;<\/p>\n<p>&nbsp;<\/p>\n<p><a href=\"http:\/\/www.deltaturistic.com\/wp-content\/uploads\/2014\/09\/tgn.jpg\"><img loading=\"lazy\" decoding=\"async\" class=\"alignnone size-full wp-image-2147\" src=\"http:\/\/www.deltaturistic.com\/wp-content\/uploads\/2014\/09\/tgn.jpg\" alt=\"tgn\" width=\"259\" height=\"194\" srcset=\"https:\/\/deltaturistic.com\/wp-content\/uploads\/2014\/09\/tgn.jpg 259w, https:\/\/deltaturistic.com\/wp-content\/uploads\/2014\/09\/tgn-100x75.jpg 100w\" sizes=\"auto, (max-width: 259px) 100vw, 259px\" \/><\/a> <a href=\"http:\/\/www.deltaturistic.com\/wp-content\/uploads\/2014\/09\/bcn.jpg\"><img loading=\"lazy\" decoding=\"async\" class=\"alignnone wp-image-2126\" src=\"http:\/\/www.deltaturistic.com\/wp-content\/uploads\/2014\/09\/bcn-300x182.jpg\" alt=\"bcn\" width=\"318\" height=\"193\" srcset=\"https:\/\/deltaturistic.com\/wp-content\/uploads\/2014\/09\/bcn-300x183.jpg 300w, https:\/\/deltaturistic.com\/wp-content\/uploads\/2014\/09\/bcn-600x365.jpg 600w, https:\/\/deltaturistic.com\/wp-content\/uploads\/2014\/09\/bcn.jpg 630w\" sizes=\"auto, (max-width: 318px) 100vw, 318px\" \/><\/a><\/p>\n<p><a href=\"http:\/\/www.deltaturistic.com\/wp-content\/uploads\/2014\/07\/espeologia.jpg\"><img loading=\"lazy\" decoding=\"async\" class=\"alignnone size-medium wp-image-629\" src=\"http:\/\/www.deltaturistic.com\/wp-content\/uploads\/2014\/07\/espeologia-300x231.jpg\" alt=\"espeologia al delta de l'Ebre\" width=\"300\" height=\"231\" srcset=\"https:\/\/deltaturistic.com\/wp-content\/uploads\/2014\/07\/espeologia-300x232.jpg 300w, https:\/\/deltaturistic.com\/wp-content\/uploads\/2014\/07\/espeologia-1024x791.jpg 1024w, https:\/\/deltaturistic.com\/wp-content\/uploads\/2014\/07\/espeologia-600x463.jpg 600w, https:\/\/deltaturistic.com\/wp-content\/uploads\/2014\/07\/espeologia-1034x800.jpg 1034w, https:\/\/deltaturistic.com\/wp-content\/uploads\/2014\/07\/espeologia.jpg 2035w\" sizes=\"auto, (max-width: 300px) 100vw, 300px\" \/><\/a> <a href=\"http:\/\/www.deltaturistic.com\/wp-content\/uploads\/2014\/07\/observatoriebre.jpg\"><img loading=\"lazy\" decoding=\"async\" class=\"alignnone wp-image-550\" src=\"http:\/\/www.deltaturistic.com\/wp-content\/uploads\/2014\/07\/observatoriebre-300x200.jpg\" alt=\"Observatori de l'Ebre\" width=\"344\" height=\"229\" srcset=\"https:\/\/deltaturistic.com\/wp-content\/uploads\/2014\/07\/observatoriebre-300x200.jpg 300w, https:\/\/deltaturistic.com\/wp-content\/uploads\/2014\/07\/observatoriebre.jpg 450w\" sizes=\"auto, (max-width: 344px) 100vw, 344px\" \/><\/a><\/p>\n","protected":false},"excerpt":{"rendered":"<p>Disposem de diferents visites a punts d&#8217;inter\u00e8s espec\u00edfics tipus Parc E\u00f2lic, miradors, centre d&#8217;astrologia i astronomia, coves, castells, exposici\u00f3 de bonsais, exposici\u00f3 de ceramistes. Tamb\u00e9\u00a0de diferents visites a museus i ecomuseus del parc ideals per introduir-nos en la cultura, hist\u00f2ria i tradicions de la zona. Visites guiades pel Delta, Tarragona, Ports de Tortosa, Reus, Barcelona, [&hellip;]<\/p>\n","protected":false},"featured_media":244,"template":"","meta":[],"product_brand":[],"product_cat":[389,13],"product_tag":[],"class_list":{"0":"post-2416","1":"product","2":"type-product","3":"status-publish","4":"has-post-thumbnail","6":"product_cat-activitats","7":"product_cat-escolars-delta-del-ebre","9":"first","10":"instock","11":"shipping-taxable","12":"product-type-simple"},"yoast_head":"<!-- This site is optimized with the Yoast SEO plugin v27.1.1 - https:\/\/yoast.com\/product\/yoast-seo-wordpress\/ -->\n<title>Visites d&#039;inter\u00e8s - Deltaturistic turisme, excursions i esports d&#039;aventura al delta de l&#039;Ebre<\/title>\n<meta name=\"description\" content=\"disposem de diferents visites a punts d&#039;inter\u00e8s com museus, parcs, centres d&#039;interpretaci\u00f3, coves, castells, exposicions, etc\" \/>\n<meta name=\"robots\" content=\"index, follow, max-snippet:-1, max-image-preview:large, max-video-preview:-1\" \/>\n<link rel=\"canonical\" href=\"https:\/\/deltaturistic.com\/en\/paquets-turistics\/visites-dinteres\/\" \/>\n<script type=\"application\/ld+json\" class=\"yoast-schema-graph\">{\"@context\":\"https:\/\/schema.org\",\"@graph\":[{\"@type\":\"WebPage\",\"@id\":\"https:\/\/deltaturistic.com\/en\/paquets-turistics\/visites-dinteres\/\",\"url\":\"https:\/\/deltaturistic.com\/en\/paquets-turistics\/visites-dinteres\/\",\"name\":\"Visites d'inter\u00e8s - Deltaturistic turisme, excursions i esports d&#039;aventura al delta de l&#039;Ebre\",\"isPartOf\":{\"@id\":\"https:\/\/deltaturistic.com\/en\/#website\"},\"primaryImageOfPage\":{\"@id\":\"https:\/\/deltaturistic.com\/en\/paquets-turistics\/visites-dinteres\/#primaryimage\"},\"image\":{\"@id\":\"https:\/\/deltaturistic.com\/en\/paquets-turistics\/visites-dinteres\/#primaryimage\"},\"thumbnailUrl\":\"https:\/\/deltaturistic.com\/wp-content\/uploads\/2014\/02\/casa-de-fusta-delta-de-lebre.jpg\",\"datePublished\":\"2014-09-12T09:27:17+00:00\",\"dateModified\":\"2016-03-14T11:15:53+00:00\",\"description\":\"disposem de diferents visites a punts d'inter\u00e8s com museus, parcs, centres d'interpretaci\u00f3, coves, castells, exposicions, etc\",\"breadcrumb\":{\"@id\":\"https:\/\/deltaturistic.com\/en\/paquets-turistics\/visites-dinteres\/#breadcrumb\"},\"inLanguage\":\"en-US\",\"potentialAction\":[{\"@type\":\"ReadAction\",\"target\":[\"https:\/\/deltaturistic.com\/en\/paquets-turistics\/visites-dinteres\/\"]}]},{\"@type\":\"ImageObject\",\"inLanguage\":\"en-US\",\"@id\":\"https:\/\/deltaturistic.com\/en\/paquets-turistics\/visites-dinteres\/#primaryimage\",\"url\":\"https:\/\/deltaturistic.com\/wp-content\/uploads\/2014\/02\/casa-de-fusta-delta-de-lebre.jpg\",\"contentUrl\":\"https:\/\/deltaturistic.com\/wp-content\/uploads\/2014\/02\/casa-de-fusta-delta-de-lebre.jpg\",\"width\":369,\"height\":300,\"caption\":\"Casa de fusta delta de l'Ebre\"},{\"@type\":\"BreadcrumbList\",\"@id\":\"https:\/\/deltaturistic.com\/en\/paquets-turistics\/visites-dinteres\/#breadcrumb\",\"itemListElement\":[{\"@type\":\"ListItem\",\"position\":1,\"name\":\"Inici\",\"item\":\"https:\/\/deltaturistic.com\/en\/\"},{\"@type\":\"ListItem\",\"position\":2,\"name\":\"Productes tur\u00edstics\",\"item\":\"https:\/\/deltaturistic.com\/paquets-turistics\/\"},{\"@type\":\"ListItem\",\"position\":3,\"name\":\"Visites d&#8217;inter\u00e8s\"}]},{\"@type\":\"WebSite\",\"@id\":\"https:\/\/deltaturistic.com\/en\/#website\",\"url\":\"https:\/\/deltaturistic.com\/en\/\",\"name\":\"Deltaturistic turisme, excursions i esports d&#039;aventura al delta de l&#039;Ebre\",\"description\":\"Ag\u00e8ncia de Viatges Deltaturistic\",\"potentialAction\":[{\"@type\":\"SearchAction\",\"target\":{\"@type\":\"EntryPoint\",\"urlTemplate\":\"https:\/\/deltaturistic.com\/en\/?s={search_term_string}\"},\"query-input\":{\"@type\":\"PropertyValueSpecification\",\"valueRequired\":true,\"valueName\":\"search_term_string\"}}],\"inLanguage\":\"en-US\"}]}<\/script>\n<!-- \/ Yoast SEO plugin. -->","yoast_head_json":{"title":"Visites d'inter\u00e8s - Deltaturistic turisme, excursions i esports d&#039;aventura al delta de l&#039;Ebre","description":"disposem de diferents visites a punts d'inter\u00e8s com museus, parcs, centres d'interpretaci\u00f3, coves, castells, exposicions, etc","robots":{"index":"index","follow":"follow","max-snippet":"max-snippet:-1","max-image-preview":"max-image-preview:large","max-video-preview":"max-video-preview:-1"},"canonical":"https:\/\/deltaturistic.com\/en\/paquets-turistics\/visites-dinteres\/","schema":{"@context":"https:\/\/schema.org","@graph":[{"@type":"WebPage","@id":"https:\/\/deltaturistic.com\/en\/paquets-turistics\/visites-dinteres\/","url":"https:\/\/deltaturistic.com\/en\/paquets-turistics\/visites-dinteres\/","name":"Visites d'inter\u00e8s - Deltaturistic turisme, excursions i esports d&#039;aventura al delta de l&#039;Ebre","isPartOf":{"@id":"https:\/\/deltaturistic.com\/en\/#website"},"primaryImageOfPage":{"@id":"https:\/\/deltaturistic.com\/en\/paquets-turistics\/visites-dinteres\/#primaryimage"},"image":{"@id":"https:\/\/deltaturistic.com\/en\/paquets-turistics\/visites-dinteres\/#primaryimage"},"thumbnailUrl":"https:\/\/deltaturistic.com\/wp-content\/uploads\/2014\/02\/casa-de-fusta-delta-de-lebre.jpg","datePublished":"2014-09-12T09:27:17+00:00","dateModified":"2016-03-14T11:15:53+00:00","description":"disposem de diferents visites a punts d'inter\u00e8s com museus, parcs, centres d'interpretaci\u00f3, coves, castells, exposicions, etc","breadcrumb":{"@id":"https:\/\/deltaturistic.com\/en\/paquets-turistics\/visites-dinteres\/#breadcrumb"},"inLanguage":"en-US","potentialAction":[{"@type":"ReadAction","target":["https:\/\/deltaturistic.com\/en\/paquets-turistics\/visites-dinteres\/"]}]},{"@type":"ImageObject","inLanguage":"en-US","@id":"https:\/\/deltaturistic.com\/en\/paquets-turistics\/visites-dinteres\/#primaryimage","url":"https:\/\/deltaturistic.com\/wp-content\/uploads\/2014\/02\/casa-de-fusta-delta-de-lebre.jpg","contentUrl":"https:\/\/deltaturistic.com\/wp-content\/uploads\/2014\/02\/casa-de-fusta-delta-de-lebre.jpg","width":369,"height":300,"caption":"Casa de fusta delta de l'Ebre"},{"@type":"BreadcrumbList","@id":"https:\/\/deltaturistic.com\/en\/paquets-turistics\/visites-dinteres\/#breadcrumb","itemListElement":[{"@type":"ListItem","position":1,"name":"Inici","item":"https:\/\/deltaturistic.com\/en\/"},{"@type":"ListItem","position":2,"name":"Productes tur\u00edstics","item":"https:\/\/deltaturistic.com\/paquets-turistics\/"},{"@type":"ListItem","position":3,"name":"Visites d&#8217;inter\u00e8s"}]},{"@type":"WebSite","@id":"https:\/\/deltaturistic.com\/en\/#website","url":"https:\/\/deltaturistic.com\/en\/","name":"Deltaturistic turisme, excursions i esports d&#039;aventura al delta de l&#039;Ebre","description":"Ag\u00e8ncia de Viatges Deltaturistic","potentialAction":[{"@type":"SearchAction","target":{"@type":"EntryPoint","urlTemplate":"https:\/\/deltaturistic.com\/en\/?s={search_term_string}"},"query-input":{"@type":"PropertyValueSpecification","valueRequired":true,"valueName":"search_term_string"}}],"inLanguage":"en-US"}]}},"_links":{"self":[{"href":"https:\/\/deltaturistic.com\/en\/wp-json\/wp\/v2\/product\/2416","targetHints":{"allow":["GET"]}}],"collection":[{"href":"https:\/\/deltaturistic.com\/en\/wp-json\/wp\/v2\/product"}],"about":[{"href":"https:\/\/deltaturistic.com\/en\/wp-json\/wp\/v2\/types\/product"}],"wp:featuredmedia":[{"embeddable":true,"href":"https:\/\/deltaturistic.com\/en\/wp-json\/wp\/v2\/media\/244"}],"wp:attachment":[{"href":"https:\/\/deltaturistic.com\/en\/wp-json\/wp\/v2\/media?parent=2416"}],"wp:term":[{"taxonomy":"product_brand","embeddable":true,"href":"https:\/\/deltaturistic.com\/en\/wp-json\/wp\/v2\/product_brand?post=2416"},{"taxonomy":"product_cat","embeddable":true,"href":"https:\/\/deltaturistic.com\/en\/wp-json\/wp\/v2\/product_cat?post=2416"},{"taxonomy":"product_tag","embeddable":true,"href":"https:\/\/deltaturistic.com\/en\/wp-json\/wp\/v2\/product_tag?post=2416"}],"curies":[{"name":"wp","href":"https:\/\/api.w.org\/{rel}","templated":true}]}}