{"id":2431,"date":"2014-09-12T11:53:36","date_gmt":"2014-09-12T10:53:36","guid":{"rendered":"http:\/\/www.deltaturistic.com\/?post_type=product&#038;p=2431"},"modified":"2016-02-23T12:59:00","modified_gmt":"2016-02-23T11:59:00","slug":"aquapaintball","status":"publish","type":"product","link":"https:\/\/deltaturistic.com\/en\/paquets-turistics\/aquapaintball\/","title":{"rendered":"Aquapaintball"},"content":{"rendered":"<p>L&#8217;aquapaintball \u00e9s una partida de paintball, per\u00f2 amb pistoles d&#8217;aigua. Adaptem aquest joc perqu\u00e8 puguin jugar tots els nens\/es de totes les edats. L&#8217;aigua tenyida amb una mica de pintura especial, ens servir\u00e0 per separar els grups. Els alumnes portaran un gran record d&#8217;aquesta activitat.<\/p>\n<p>Podem fer diferents tipus de jocs, per equips o individuals, per\u00f2 la idea es que finalitzada la partida els nens\/es, tindran el record de la samarreta pintada amb diferents colors i l&#8217;experi\u00e8ncia d&#8217;haver convertit un joc de guerra en un divertit joc de lleure.<\/p>\n<p>&nbsp;<\/p>\n<p><a href=\"http:\/\/www.deltaturistic.com\/wp-content\/uploads\/2014\/09\/aquapaintball1.jpg\"><img loading=\"lazy\" decoding=\"async\" class=\"alignnone size-medium wp-image-2432\" src=\"http:\/\/www.deltaturistic.com\/wp-content\/uploads\/2014\/09\/aquapaintball1-300x199.jpg\" alt=\"aquapaintball\" width=\"300\" height=\"199\" srcset=\"https:\/\/deltaturistic.com\/wp-content\/uploads\/2014\/09\/aquapaintball1-300x200.jpg 300w, https:\/\/deltaturistic.com\/wp-content\/uploads\/2014\/09\/aquapaintball1-600x400.jpg 600w, https:\/\/deltaturistic.com\/wp-content\/uploads\/2014\/09\/aquapaintball1.jpg 635w\" sizes=\"auto, (max-width: 300px) 100vw, 300px\" \/><\/a> <a href=\"http:\/\/www.deltaturistic.com\/wp-content\/uploads\/2014\/09\/aquapaintball11.jpg\"><img loading=\"lazy\" decoding=\"async\" class=\"alignnone size-medium wp-image-2435\" src=\"http:\/\/www.deltaturistic.com\/wp-content\/uploads\/2014\/09\/aquapaintball11-300x158.jpg\" alt=\"aquapaintball1\" width=\"300\" height=\"158\" srcset=\"https:\/\/deltaturistic.com\/wp-content\/uploads\/2014\/09\/aquapaintball11-300x158.jpg 300w, https:\/\/deltaturistic.com\/wp-content\/uploads\/2014\/09\/aquapaintball11.jpg 309w\" sizes=\"auto, (max-width: 300px) 100vw, 300px\" \/><\/a><\/p>\n","protected":false},"excerpt":{"rendered":"<p>L&#8217;aquapaintball \u00e9s una partida de paintball, per\u00f2 amb pistoles d&#8217;aigua. Adaptem aquest joc perqu\u00e8 puguin jugar tots els nens\/es de totes les edats. L&#8217;aigua tenyida amb una mica de pintura especial, ens servir\u00e0 per separar els grups. Els alumnes portaran un gran record d&#8217;aquesta activitat. Podem fer diferents tipus de jocs, per equips o individuals, [&hellip;]<\/p>\n","protected":false},"featured_media":2260,"template":"","meta":[],"product_brand":[],"product_cat":[389,13],"product_tag":[],"class_list":{"0":"post-2431","1":"product","2":"type-product","3":"status-publish","4":"has-post-thumbnail","6":"product_cat-activitats","7":"product_cat-escolars-delta-del-ebre","8":"pa_adicional-roba-vella-calcat-tipus-xancleta-tovallola-i-pistola-daigua","10":"first","11":"instock","12":"shipping-taxable","13":"product-type-simple"},"yoast_head":"<!-- This site is optimized with the Yoast SEO plugin v27.1.1 - https:\/\/yoast.com\/product\/yoast-seo-wordpress\/ -->\n<title>Aquapaintball - Deltaturistic turisme, excursions i esports d&#039;aventura al delta de l&#039;Ebre<\/title>\n<meta name=\"description\" content=\"l&#039;aquapaintball \u00e9s una activitat l\u00fadica molt divertida, semblant al paintball per\u00f2 amb pistoles d&#039;aigua\" \/>\n<meta name=\"robots\" content=\"index, follow, max-snippet:-1, max-image-preview:large, max-video-preview:-1\" \/>\n<link rel=\"canonical\" href=\"https:\/\/deltaturistic.com\/en\/paquets-turistics\/aquapaintball\/\" \/>\n<script type=\"application\/ld+json\" class=\"yoast-schema-graph\">{\"@context\":\"https:\/\/schema.org\",\"@graph\":[{\"@type\":\"WebPage\",\"@id\":\"https:\/\/deltaturistic.com\/en\/paquets-turistics\/aquapaintball\/\",\"url\":\"https:\/\/deltaturistic.com\/en\/paquets-turistics\/aquapaintball\/\",\"name\":\"Aquapaintball - Deltaturistic turisme, excursions i esports d&#039;aventura al delta de l&#039;Ebre\",\"isPartOf\":{\"@id\":\"https:\/\/deltaturistic.com\/en\/#website\"},\"primaryImageOfPage\":{\"@id\":\"https:\/\/deltaturistic.com\/en\/paquets-turistics\/aquapaintball\/#primaryimage\"},\"image\":{\"@id\":\"https:\/\/deltaturistic.com\/en\/paquets-turistics\/aquapaintball\/#primaryimage\"},\"thumbnailUrl\":\"https:\/\/deltaturistic.com\/wp-content\/uploads\/2014\/09\/aquapaintball.jpg\",\"datePublished\":\"2014-09-12T10:53:36+00:00\",\"dateModified\":\"2016-02-23T11:59:00+00:00\",\"description\":\"l'aquapaintball \u00e9s una activitat l\u00fadica molt divertida, semblant al paintball per\u00f2 amb pistoles d'aigua\",\"breadcrumb\":{\"@id\":\"https:\/\/deltaturistic.com\/en\/paquets-turistics\/aquapaintball\/#breadcrumb\"},\"inLanguage\":\"en-US\",\"potentialAction\":[{\"@type\":\"ReadAction\",\"target\":[\"https:\/\/deltaturistic.com\/en\/paquets-turistics\/aquapaintball\/\"]}]},{\"@type\":\"ImageObject\",\"inLanguage\":\"en-US\",\"@id\":\"https:\/\/deltaturistic.com\/en\/paquets-turistics\/aquapaintball\/#primaryimage\",\"url\":\"https:\/\/deltaturistic.com\/wp-content\/uploads\/2014\/09\/aquapaintball.jpg\",\"contentUrl\":\"https:\/\/deltaturistic.com\/wp-content\/uploads\/2014\/09\/aquapaintball.jpg\",\"width\":300,\"height\":275},{\"@type\":\"BreadcrumbList\",\"@id\":\"https:\/\/deltaturistic.com\/en\/paquets-turistics\/aquapaintball\/#breadcrumb\",\"itemListElement\":[{\"@type\":\"ListItem\",\"position\":1,\"name\":\"Inici\",\"item\":\"https:\/\/deltaturistic.com\/en\/\"},{\"@type\":\"ListItem\",\"position\":2,\"name\":\"Productes tur\u00edstics\",\"item\":\"https:\/\/deltaturistic.com\/paquets-turistics\/\"},{\"@type\":\"ListItem\",\"position\":3,\"name\":\"Aquapaintball\"}]},{\"@type\":\"WebSite\",\"@id\":\"https:\/\/deltaturistic.com\/en\/#website\",\"url\":\"https:\/\/deltaturistic.com\/en\/\",\"name\":\"Deltaturistic turisme, excursions i esports d&#039;aventura al delta de l&#039;Ebre\",\"description\":\"Ag\u00e8ncia de Viatges Deltaturistic\",\"potentialAction\":[{\"@type\":\"SearchAction\",\"target\":{\"@type\":\"EntryPoint\",\"urlTemplate\":\"https:\/\/deltaturistic.com\/en\/?s={search_term_string}\"},\"query-input\":{\"@type\":\"PropertyValueSpecification\",\"valueRequired\":true,\"valueName\":\"search_term_string\"}}],\"inLanguage\":\"en-US\"}]}<\/script>\n<!-- \/ Yoast SEO plugin. -->","yoast_head_json":{"title":"Aquapaintball - Deltaturistic turisme, excursions i esports d&#039;aventura al delta de l&#039;Ebre","description":"l'aquapaintball \u00e9s una activitat l\u00fadica molt divertida, semblant al paintball per\u00f2 amb pistoles d'aigua","robots":{"index":"index","follow":"follow","max-snippet":"max-snippet:-1","max-image-preview":"max-image-preview:large","max-video-preview":"max-video-preview:-1"},"canonical":"https:\/\/deltaturistic.com\/en\/paquets-turistics\/aquapaintball\/","schema":{"@context":"https:\/\/schema.org","@graph":[{"@type":"WebPage","@id":"https:\/\/deltaturistic.com\/en\/paquets-turistics\/aquapaintball\/","url":"https:\/\/deltaturistic.com\/en\/paquets-turistics\/aquapaintball\/","name":"Aquapaintball - Deltaturistic turisme, excursions i esports d&#039;aventura al delta de l&#039;Ebre","isPartOf":{"@id":"https:\/\/deltaturistic.com\/en\/#website"},"primaryImageOfPage":{"@id":"https:\/\/deltaturistic.com\/en\/paquets-turistics\/aquapaintball\/#primaryimage"},"image":{"@id":"https:\/\/deltaturistic.com\/en\/paquets-turistics\/aquapaintball\/#primaryimage"},"thumbnailUrl":"https:\/\/deltaturistic.com\/wp-content\/uploads\/2014\/09\/aquapaintball.jpg","datePublished":"2014-09-12T10:53:36+00:00","dateModified":"2016-02-23T11:59:00+00:00","description":"l'aquapaintball \u00e9s una activitat l\u00fadica molt divertida, semblant al paintball per\u00f2 amb pistoles d'aigua","breadcrumb":{"@id":"https:\/\/deltaturistic.com\/en\/paquets-turistics\/aquapaintball\/#breadcrumb"},"inLanguage":"en-US","potentialAction":[{"@type":"ReadAction","target":["https:\/\/deltaturistic.com\/en\/paquets-turistics\/aquapaintball\/"]}]},{"@type":"ImageObject","inLanguage":"en-US","@id":"https:\/\/deltaturistic.com\/en\/paquets-turistics\/aquapaintball\/#primaryimage","url":"https:\/\/deltaturistic.com\/wp-content\/uploads\/2014\/09\/aquapaintball.jpg","contentUrl":"https:\/\/deltaturistic.com\/wp-content\/uploads\/2014\/09\/aquapaintball.jpg","width":300,"height":275},{"@type":"BreadcrumbList","@id":"https:\/\/deltaturistic.com\/en\/paquets-turistics\/aquapaintball\/#breadcrumb","itemListElement":[{"@type":"ListItem","position":1,"name":"Inici","item":"https:\/\/deltaturistic.com\/en\/"},{"@type":"ListItem","position":2,"name":"Productes tur\u00edstics","item":"https:\/\/deltaturistic.com\/paquets-turistics\/"},{"@type":"ListItem","position":3,"name":"Aquapaintball"}]},{"@type":"WebSite","@id":"https:\/\/deltaturistic.com\/en\/#website","url":"https:\/\/deltaturistic.com\/en\/","name":"Deltaturistic turisme, excursions i esports d&#039;aventura al delta de l&#039;Ebre","description":"Ag\u00e8ncia de Viatges Deltaturistic","potentialAction":[{"@type":"SearchAction","target":{"@type":"EntryPoint","urlTemplate":"https:\/\/deltaturistic.com\/en\/?s={search_term_string}"},"query-input":{"@type":"PropertyValueSpecification","valueRequired":true,"valueName":"search_term_string"}}],"inLanguage":"en-US"}]}},"_links":{"self":[{"href":"https:\/\/deltaturistic.com\/en\/wp-json\/wp\/v2\/product\/2431","targetHints":{"allow":["GET"]}}],"collection":[{"href":"https:\/\/deltaturistic.com\/en\/wp-json\/wp\/v2\/product"}],"about":[{"href":"https:\/\/deltaturistic.com\/en\/wp-json\/wp\/v2\/types\/product"}],"wp:featuredmedia":[{"embeddable":true,"href":"https:\/\/deltaturistic.com\/en\/wp-json\/wp\/v2\/media\/2260"}],"wp:attachment":[{"href":"https:\/\/deltaturistic.com\/en\/wp-json\/wp\/v2\/media?parent=2431"}],"wp:term":[{"taxonomy":"product_brand","embeddable":true,"href":"https:\/\/deltaturistic.com\/en\/wp-json\/wp\/v2\/product_brand?post=2431"},{"taxonomy":"product_cat","embeddable":true,"href":"https:\/\/deltaturistic.com\/en\/wp-json\/wp\/v2\/product_cat?post=2431"},{"taxonomy":"product_tag","embeddable":true,"href":"https:\/\/deltaturistic.com\/en\/wp-json\/wp\/v2\/product_tag?post=2431"}],"curies":[{"name":"wp","href":"https:\/\/api.w.org\/{rel}","templated":true}]}}