{"id":2439,"date":"2014-09-12T12:21:27","date_gmt":"2014-09-12T11:21:27","guid":{"rendered":"http:\/\/www.deltaturistic.com\/?post_type=product&#038;p=2439"},"modified":"2024-08-03T22:39:17","modified_gmt":"2024-08-03T21:39:17","slug":"jocs-tradicionals-de-platja","status":"publish","type":"product","link":"https:\/\/deltaturistic.com\/en\/paquets-turistics\/jocs-tradicionals-de-platja\/","title":{"rendered":"Jocs tradicionals i de platja"},"content":{"rendered":"<p>Tornem enrere per a fer els jocs tradicionals d&#8217;abans com ara les bitlles, jocs de c\u00f3rrer, jocs a la corda, jocs de llan\u00e7ar, jocs de saltar. Tenim diferents empla\u00e7aments per a poder realitzar aquestes activitats: recintes tancats i a l&#8217;aire lliure.<\/p>\n<p>Tamb\u00e9 diferents jocs de platja, amb bany incl\u00f2s, qu\u00e8 realitzem a l&#8217;estiu amb els amics o fam\u00edlia, doncs ara amb els companys de classe i a mode d&#8217;olimp\u00edada: formarem diferents grups i diferents estacions per les quals passaran aquests grups, finalment farem una estaci\u00f3 conjunta que ser\u00e0 la que ens donar\u00e0 un equip guanyador.<\/p>\n<p>&nbsp;<\/p>\n<p><a href=\"http:\/\/www.deltaturistic.com\/wp-content\/uploads\/2014\/09\/platja.jpg\"><img loading=\"lazy\" decoding=\"async\" class=\"alignnone size-medium wp-image-2440\" src=\"http:\/\/www.deltaturistic.com\/wp-content\/uploads\/2014\/09\/platja-300x224.jpg\" alt=\"platja\" width=\"300\" height=\"224\" srcset=\"https:\/\/deltaturistic.com\/wp-content\/uploads\/2014\/09\/platja-300x225.jpg 300w, https:\/\/deltaturistic.com\/wp-content\/uploads\/2014\/09\/platja-600x449.jpg 600w, https:\/\/deltaturistic.com\/wp-content\/uploads\/2014\/09\/platja-100x75.jpg 100w, https:\/\/deltaturistic.com\/wp-content\/uploads\/2014\/09\/platja.jpg 1024w\" sizes=\"auto, (max-width: 300px) 100vw, 300px\" \/><\/a> <a href=\"http:\/\/www.deltaturistic.com\/wp-content\/uploads\/2014\/09\/platja1.jpg\"><img loading=\"lazy\" decoding=\"async\" class=\"alignnone size-medium wp-image-2443\" src=\"http:\/\/www.deltaturistic.com\/wp-content\/uploads\/2014\/09\/platja1-300x200.jpg\" alt=\"platja1\" width=\"300\" height=\"200\" srcset=\"https:\/\/deltaturistic.com\/wp-content\/uploads\/2014\/09\/platja1-300x200.jpg 300w, https:\/\/deltaturistic.com\/wp-content\/uploads\/2014\/09\/platja1-600x400.jpg 600w, https:\/\/deltaturistic.com\/wp-content\/uploads\/2014\/09\/platja1.jpg 800w\" sizes=\"auto, (max-width: 300px) 100vw, 300px\" \/><\/a><\/p>\n<p>&nbsp;<\/p>\n","protected":false},"excerpt":{"rendered":"<p>Tornem enrere per a fer els jocs tradicionals d&#8217;abans com ara les bitlles, jocs de c\u00f3rrer, jocs a la corda, jocs de llan\u00e7ar, jocs de saltar. Tenim diferents empla\u00e7aments per a poder realitzar aquestes activitats: recintes tancats i a l&#8217;aire lliure. Tamb\u00e9 diferents jocs de platja, amb bany incl\u00f2s, qu\u00e8 realitzem a l&#8217;estiu amb els [&hellip;]<\/p>\n","protected":false},"featured_media":470,"template":"","meta":[],"product_brand":[],"product_cat":[389,13],"product_tag":[],"class_list":{"0":"post-2439","1":"product","2":"type-product","3":"status-publish","4":"has-post-thumbnail","6":"product_cat-activitats","7":"product_cat-escolars-delta-del-ebre","8":"pa_adicional-banyador-i-tovallola-calcat-esportiu-crema-solar","10":"first","11":"instock","12":"shipping-taxable","13":"product-type-simple"},"yoast_head":"<!-- This site is optimized with the Yoast SEO plugin v27.1.1 - https:\/\/yoast.com\/product\/yoast-seo-wordpress\/ -->\n<title>Jocs tradicionals i de platja - Deltaturistic turisme, excursions i esports d&#039;aventura al delta de l&#039;Ebre<\/title>\n<meta name=\"description\" content=\"vine a divertir-te al Delta de l&#039;Ebre realitzant jocs tradicionals a l&#039;aire lliure, a la platja o en un recinte tancat\" \/>\n<meta name=\"robots\" content=\"index, follow, max-snippet:-1, max-image-preview:large, max-video-preview:-1\" \/>\n<link rel=\"canonical\" href=\"https:\/\/deltaturistic.com\/en\/paquets-turistics\/jocs-tradicionals-de-platja\/\" \/>\n<meta name=\"twitter:label1\" content=\"Est. reading time\" \/>\n\t<meta name=\"twitter:data1\" content=\"1 minute\" \/>\n<script type=\"application\/ld+json\" class=\"yoast-schema-graph\">{\"@context\":\"https:\/\/schema.org\",\"@graph\":[{\"@type\":\"WebPage\",\"@id\":\"https:\/\/deltaturistic.com\/en\/paquets-turistics\/jocs-tradicionals-de-platja\/\",\"url\":\"https:\/\/deltaturistic.com\/en\/paquets-turistics\/jocs-tradicionals-de-platja\/\",\"name\":\"Jocs tradicionals i de platja - Deltaturistic turisme, excursions i esports d&#039;aventura al delta de l&#039;Ebre\",\"isPartOf\":{\"@id\":\"https:\/\/deltaturistic.com\/en\/#website\"},\"primaryImageOfPage\":{\"@id\":\"https:\/\/deltaturistic.com\/en\/paquets-turistics\/jocs-tradicionals-de-platja\/#primaryimage\"},\"image\":{\"@id\":\"https:\/\/deltaturistic.com\/en\/paquets-turistics\/jocs-tradicionals-de-platja\/#primaryimage\"},\"thumbnailUrl\":\"https:\/\/deltaturistic.com\/wp-content\/uploads\/2014\/05\/59859400_3135975.jpg\",\"datePublished\":\"2014-09-12T11:21:27+00:00\",\"dateModified\":\"2024-08-03T21:39:17+00:00\",\"description\":\"vine a divertir-te al Delta de l'Ebre realitzant jocs tradicionals a l'aire lliure, a la platja o en un recinte tancat\",\"breadcrumb\":{\"@id\":\"https:\/\/deltaturistic.com\/en\/paquets-turistics\/jocs-tradicionals-de-platja\/#breadcrumb\"},\"inLanguage\":\"en-US\",\"potentialAction\":[{\"@type\":\"ReadAction\",\"target\":[\"https:\/\/deltaturistic.com\/en\/paquets-turistics\/jocs-tradicionals-de-platja\/\"]}]},{\"@type\":\"ImageObject\",\"inLanguage\":\"en-US\",\"@id\":\"https:\/\/deltaturistic.com\/en\/paquets-turistics\/jocs-tradicionals-de-platja\/#primaryimage\",\"url\":\"https:\/\/deltaturistic.com\/wp-content\/uploads\/2014\/05\/59859400_3135975.jpg\",\"contentUrl\":\"https:\/\/deltaturistic.com\/wp-content\/uploads\/2014\/05\/59859400_3135975.jpg\",\"width\":251,\"height\":201},{\"@type\":\"BreadcrumbList\",\"@id\":\"https:\/\/deltaturistic.com\/en\/paquets-turistics\/jocs-tradicionals-de-platja\/#breadcrumb\",\"itemListElement\":[{\"@type\":\"ListItem\",\"position\":1,\"name\":\"Inici\",\"item\":\"https:\/\/deltaturistic.com\/en\/\"},{\"@type\":\"ListItem\",\"position\":2,\"name\":\"Productes tur\u00edstics\",\"item\":\"https:\/\/deltaturistic.com\/paquets-turistics\/\"},{\"@type\":\"ListItem\",\"position\":3,\"name\":\"Jocs tradicionals i de platja\"}]},{\"@type\":\"WebSite\",\"@id\":\"https:\/\/deltaturistic.com\/en\/#website\",\"url\":\"https:\/\/deltaturistic.com\/en\/\",\"name\":\"Deltaturistic turisme, excursions i esports d&#039;aventura al delta de l&#039;Ebre\",\"description\":\"Ag\u00e8ncia de Viatges Deltaturistic\",\"potentialAction\":[{\"@type\":\"SearchAction\",\"target\":{\"@type\":\"EntryPoint\",\"urlTemplate\":\"https:\/\/deltaturistic.com\/en\/?s={search_term_string}\"},\"query-input\":{\"@type\":\"PropertyValueSpecification\",\"valueRequired\":true,\"valueName\":\"search_term_string\"}}],\"inLanguage\":\"en-US\"}]}<\/script>\n<!-- \/ Yoast SEO plugin. -->","yoast_head_json":{"title":"Jocs tradicionals i de platja - Deltaturistic turisme, excursions i esports d&#039;aventura al delta de l&#039;Ebre","description":"vine a divertir-te al Delta de l'Ebre realitzant jocs tradicionals a l'aire lliure, a la platja o en un recinte tancat","robots":{"index":"index","follow":"follow","max-snippet":"max-snippet:-1","max-image-preview":"max-image-preview:large","max-video-preview":"max-video-preview:-1"},"canonical":"https:\/\/deltaturistic.com\/en\/paquets-turistics\/jocs-tradicionals-de-platja\/","twitter_misc":{"Est. reading time":"1 minute"},"schema":{"@context":"https:\/\/schema.org","@graph":[{"@type":"WebPage","@id":"https:\/\/deltaturistic.com\/en\/paquets-turistics\/jocs-tradicionals-de-platja\/","url":"https:\/\/deltaturistic.com\/en\/paquets-turistics\/jocs-tradicionals-de-platja\/","name":"Jocs tradicionals i de platja - Deltaturistic turisme, excursions i esports d&#039;aventura al delta de l&#039;Ebre","isPartOf":{"@id":"https:\/\/deltaturistic.com\/en\/#website"},"primaryImageOfPage":{"@id":"https:\/\/deltaturistic.com\/en\/paquets-turistics\/jocs-tradicionals-de-platja\/#primaryimage"},"image":{"@id":"https:\/\/deltaturistic.com\/en\/paquets-turistics\/jocs-tradicionals-de-platja\/#primaryimage"},"thumbnailUrl":"https:\/\/deltaturistic.com\/wp-content\/uploads\/2014\/05\/59859400_3135975.jpg","datePublished":"2014-09-12T11:21:27+00:00","dateModified":"2024-08-03T21:39:17+00:00","description":"vine a divertir-te al Delta de l'Ebre realitzant jocs tradicionals a l'aire lliure, a la platja o en un recinte tancat","breadcrumb":{"@id":"https:\/\/deltaturistic.com\/en\/paquets-turistics\/jocs-tradicionals-de-platja\/#breadcrumb"},"inLanguage":"en-US","potentialAction":[{"@type":"ReadAction","target":["https:\/\/deltaturistic.com\/en\/paquets-turistics\/jocs-tradicionals-de-platja\/"]}]},{"@type":"ImageObject","inLanguage":"en-US","@id":"https:\/\/deltaturistic.com\/en\/paquets-turistics\/jocs-tradicionals-de-platja\/#primaryimage","url":"https:\/\/deltaturistic.com\/wp-content\/uploads\/2014\/05\/59859400_3135975.jpg","contentUrl":"https:\/\/deltaturistic.com\/wp-content\/uploads\/2014\/05\/59859400_3135975.jpg","width":251,"height":201},{"@type":"BreadcrumbList","@id":"https:\/\/deltaturistic.com\/en\/paquets-turistics\/jocs-tradicionals-de-platja\/#breadcrumb","itemListElement":[{"@type":"ListItem","position":1,"name":"Inici","item":"https:\/\/deltaturistic.com\/en\/"},{"@type":"ListItem","position":2,"name":"Productes tur\u00edstics","item":"https:\/\/deltaturistic.com\/paquets-turistics\/"},{"@type":"ListItem","position":3,"name":"Jocs tradicionals i de platja"}]},{"@type":"WebSite","@id":"https:\/\/deltaturistic.com\/en\/#website","url":"https:\/\/deltaturistic.com\/en\/","name":"Deltaturistic turisme, excursions i esports d&#039;aventura al delta de l&#039;Ebre","description":"Ag\u00e8ncia de Viatges Deltaturistic","potentialAction":[{"@type":"SearchAction","target":{"@type":"EntryPoint","urlTemplate":"https:\/\/deltaturistic.com\/en\/?s={search_term_string}"},"query-input":{"@type":"PropertyValueSpecification","valueRequired":true,"valueName":"search_term_string"}}],"inLanguage":"en-US"}]}},"_links":{"self":[{"href":"https:\/\/deltaturistic.com\/en\/wp-json\/wp\/v2\/product\/2439","targetHints":{"allow":["GET"]}}],"collection":[{"href":"https:\/\/deltaturistic.com\/en\/wp-json\/wp\/v2\/product"}],"about":[{"href":"https:\/\/deltaturistic.com\/en\/wp-json\/wp\/v2\/types\/product"}],"wp:featuredmedia":[{"embeddable":true,"href":"https:\/\/deltaturistic.com\/en\/wp-json\/wp\/v2\/media\/470"}],"wp:attachment":[{"href":"https:\/\/deltaturistic.com\/en\/wp-json\/wp\/v2\/media?parent=2439"}],"wp:term":[{"taxonomy":"product_brand","embeddable":true,"href":"https:\/\/deltaturistic.com\/en\/wp-json\/wp\/v2\/product_brand?post=2439"},{"taxonomy":"product_cat","embeddable":true,"href":"https:\/\/deltaturistic.com\/en\/wp-json\/wp\/v2\/product_cat?post=2439"},{"taxonomy":"product_tag","embeddable":true,"href":"https:\/\/deltaturistic.com\/en\/wp-json\/wp\/v2\/product_tag?post=2439"}],"curies":[{"name":"wp","href":"https:\/\/api.w.org\/{rel}","templated":true}]}}