{"id":572,"date":"2014-07-23T07:50:34","date_gmt":"2014-07-23T06:50:34","guid":{"rendered":"http:\/\/www.deltaturistic.com\/?post_type=product&#038;p=572"},"modified":"2023-07-13T01:22:34","modified_gmt":"2023-07-13T00:22:34","slug":"hotel-montsia-escapada-romantica-2","status":"publish","type":"product","link":"https:\/\/deltaturistic.com\/en\/paquets-turistics\/hotel-montsia-escapada-romantica-2\/","title":{"rendered":"Hotel Montsi\u00e0, escapada rom\u00e0ntica"},"content":{"rendered":"<p>Aquesta escapada rom\u00e0ntica consta de :<\/p>\n<ul>\n<li>Esmorzar bufet<\/li>\n<li>Detall de botella de cava , rosa i bombons a l&#8217;habitaci\u00f3<\/li>\n<li>Free late check-out fins les 14:00 h (segons disponibilitat)<\/li>\n<li>Ruta a cavall 1 hora o bicicletes per ruta autoguiada. Se&#8217;ls facilitar\u00e0 un pl\u00e0nol i ruta de la zona i disposaran d&#8217;un dia complet per rec\u00f3rrer el Parc al seu aire, destinant el temps que desitgin<\/li>\n<li>Asseguran\u00e7a assist\u00e8ncia<\/li>\n<li>Iva Incl\u00f2s<\/li>\n<li>taxa tur\u00edstica no inclosa<\/li>\n<\/ul>\n","protected":false},"excerpt":{"rendered":"<p>Aquesta escapada rom\u00e0ntica consta de : Esmorzar bufet Detall de botella de cava , rosa i bombons a l&#8217;habitaci\u00f3 Free late check-out fins les 14:00 h (segons disponibilitat) Ruta a cavall 1 hora o bicicletes per ruta autoguiada. Se&#8217;ls facilitar\u00e0 un pl\u00e0nol i ruta de la zona i disposaran d&#8217;un dia complet per rec\u00f3rrer el [&hellip;]<\/p>\n","protected":false},"featured_media":560,"template":"","meta":[],"product_brand":[],"product_cat":[69],"product_tag":[],"class_list":{"0":"post-572","1":"product","2":"type-product","3":"status-publish","4":"has-post-thumbnail","6":"product_cat-escapades-delta-ebre-ca","7":"pa_duracio-1-nit-en-regim-ad","8":"pa_preu-125-e-2-persones-pendent-de-confirmacio-en-el-moment-de-la-reserva","10":"first","11":"instock","12":"shipping-taxable","13":"purchasable","14":"product-type-simple"},"yoast_head":"<!-- This site is optimized with the Yoast SEO plugin v27.1.1 - https:\/\/yoast.com\/product\/yoast-seo-wordpress\/ -->\n<title>Hotel Montsi\u00e0, escapada rom\u00e0ntica - Deltaturistic turisme, excursions i esports d&#039;aventura al delta de l&#039;Ebre<\/title>\n<meta name=\"description\" content=\"escapada rom\u00e0ntica al Delta de l&#039;Ebre per a dues persones\" \/>\n<meta name=\"robots\" content=\"index, follow, max-snippet:-1, max-image-preview:large, max-video-preview:-1\" \/>\n<link rel=\"canonical\" href=\"https:\/\/deltaturistic.com\/en\/paquets-turistics\/hotel-montsia-escapada-romantica-2\/\" \/>\n<script type=\"application\/ld+json\" class=\"yoast-schema-graph\">{\"@context\":\"https:\/\/schema.org\",\"@graph\":[{\"@type\":\"WebPage\",\"@id\":\"https:\/\/deltaturistic.com\/en\/paquets-turistics\/hotel-montsia-escapada-romantica-2\/\",\"url\":\"https:\/\/deltaturistic.com\/en\/paquets-turistics\/hotel-montsia-escapada-romantica-2\/\",\"name\":\"Hotel Montsi\u00e0, escapada rom\u00e0ntica - Deltaturistic turisme, excursions i esports d&#039;aventura al delta de l&#039;Ebre\",\"isPartOf\":{\"@id\":\"https:\/\/deltaturistic.com\/en\/#website\"},\"primaryImageOfPage\":{\"@id\":\"https:\/\/deltaturistic.com\/en\/paquets-turistics\/hotel-montsia-escapada-romantica-2\/#primaryimage\"},\"image\":{\"@id\":\"https:\/\/deltaturistic.com\/en\/paquets-turistics\/hotel-montsia-escapada-romantica-2\/#primaryimage\"},\"thumbnailUrl\":\"https:\/\/deltaturistic.com\/wp-content\/uploads\/2014\/07\/hotel-montsia.jpg\",\"datePublished\":\"2014-07-23T06:50:34+00:00\",\"dateModified\":\"2023-07-13T00:22:34+00:00\",\"description\":\"escapada rom\u00e0ntica al Delta de l'Ebre per a dues persones\",\"breadcrumb\":{\"@id\":\"https:\/\/deltaturistic.com\/en\/paquets-turistics\/hotel-montsia-escapada-romantica-2\/#breadcrumb\"},\"inLanguage\":\"en-US\",\"potentialAction\":[{\"@type\":\"ReadAction\",\"target\":[\"https:\/\/deltaturistic.com\/en\/paquets-turistics\/hotel-montsia-escapada-romantica-2\/\"]}]},{\"@type\":\"ImageObject\",\"inLanguage\":\"en-US\",\"@id\":\"https:\/\/deltaturistic.com\/en\/paquets-turistics\/hotel-montsia-escapada-romantica-2\/#primaryimage\",\"url\":\"https:\/\/deltaturistic.com\/wp-content\/uploads\/2014\/07\/hotel-montsia.jpg\",\"contentUrl\":\"https:\/\/deltaturistic.com\/wp-content\/uploads\/2014\/07\/hotel-montsia.jpg\",\"width\":1021,\"height\":1534},{\"@type\":\"BreadcrumbList\",\"@id\":\"https:\/\/deltaturistic.com\/en\/paquets-turistics\/hotel-montsia-escapada-romantica-2\/#breadcrumb\",\"itemListElement\":[{\"@type\":\"ListItem\",\"position\":1,\"name\":\"Inici\",\"item\":\"https:\/\/deltaturistic.com\/en\/\"},{\"@type\":\"ListItem\",\"position\":2,\"name\":\"Productes tur\u00edstics\",\"item\":\"https:\/\/deltaturistic.com\/paquets-turistics\/\"},{\"@type\":\"ListItem\",\"position\":3,\"name\":\"Hotel Montsi\u00e0, escapada rom\u00e0ntica\"}]},{\"@type\":\"WebSite\",\"@id\":\"https:\/\/deltaturistic.com\/en\/#website\",\"url\":\"https:\/\/deltaturistic.com\/en\/\",\"name\":\"Deltaturistic turisme, excursions i esports d&#039;aventura al delta de l&#039;Ebre\",\"description\":\"Ag\u00e8ncia de Viatges Deltaturistic\",\"potentialAction\":[{\"@type\":\"SearchAction\",\"target\":{\"@type\":\"EntryPoint\",\"urlTemplate\":\"https:\/\/deltaturistic.com\/en\/?s={search_term_string}\"},\"query-input\":{\"@type\":\"PropertyValueSpecification\",\"valueRequired\":true,\"valueName\":\"search_term_string\"}}],\"inLanguage\":\"en-US\"}]}<\/script>\n<!-- \/ Yoast SEO plugin. -->","yoast_head_json":{"title":"Hotel Montsi\u00e0, escapada rom\u00e0ntica - Deltaturistic turisme, excursions i esports d&#039;aventura al delta de l&#039;Ebre","description":"escapada rom\u00e0ntica al Delta de l'Ebre per a dues persones","robots":{"index":"index","follow":"follow","max-snippet":"max-snippet:-1","max-image-preview":"max-image-preview:large","max-video-preview":"max-video-preview:-1"},"canonical":"https:\/\/deltaturistic.com\/en\/paquets-turistics\/hotel-montsia-escapada-romantica-2\/","schema":{"@context":"https:\/\/schema.org","@graph":[{"@type":"WebPage","@id":"https:\/\/deltaturistic.com\/en\/paquets-turistics\/hotel-montsia-escapada-romantica-2\/","url":"https:\/\/deltaturistic.com\/en\/paquets-turistics\/hotel-montsia-escapada-romantica-2\/","name":"Hotel Montsi\u00e0, escapada rom\u00e0ntica - Deltaturistic turisme, excursions i esports d&#039;aventura al delta de l&#039;Ebre","isPartOf":{"@id":"https:\/\/deltaturistic.com\/en\/#website"},"primaryImageOfPage":{"@id":"https:\/\/deltaturistic.com\/en\/paquets-turistics\/hotel-montsia-escapada-romantica-2\/#primaryimage"},"image":{"@id":"https:\/\/deltaturistic.com\/en\/paquets-turistics\/hotel-montsia-escapada-romantica-2\/#primaryimage"},"thumbnailUrl":"https:\/\/deltaturistic.com\/wp-content\/uploads\/2014\/07\/hotel-montsia.jpg","datePublished":"2014-07-23T06:50:34+00:00","dateModified":"2023-07-13T00:22:34+00:00","description":"escapada rom\u00e0ntica al Delta de l'Ebre per a dues persones","breadcrumb":{"@id":"https:\/\/deltaturistic.com\/en\/paquets-turistics\/hotel-montsia-escapada-romantica-2\/#breadcrumb"},"inLanguage":"en-US","potentialAction":[{"@type":"ReadAction","target":["https:\/\/deltaturistic.com\/en\/paquets-turistics\/hotel-montsia-escapada-romantica-2\/"]}]},{"@type":"ImageObject","inLanguage":"en-US","@id":"https:\/\/deltaturistic.com\/en\/paquets-turistics\/hotel-montsia-escapada-romantica-2\/#primaryimage","url":"https:\/\/deltaturistic.com\/wp-content\/uploads\/2014\/07\/hotel-montsia.jpg","contentUrl":"https:\/\/deltaturistic.com\/wp-content\/uploads\/2014\/07\/hotel-montsia.jpg","width":1021,"height":1534},{"@type":"BreadcrumbList","@id":"https:\/\/deltaturistic.com\/en\/paquets-turistics\/hotel-montsia-escapada-romantica-2\/#breadcrumb","itemListElement":[{"@type":"ListItem","position":1,"name":"Inici","item":"https:\/\/deltaturistic.com\/en\/"},{"@type":"ListItem","position":2,"name":"Productes tur\u00edstics","item":"https:\/\/deltaturistic.com\/paquets-turistics\/"},{"@type":"ListItem","position":3,"name":"Hotel Montsi\u00e0, escapada rom\u00e0ntica"}]},{"@type":"WebSite","@id":"https:\/\/deltaturistic.com\/en\/#website","url":"https:\/\/deltaturistic.com\/en\/","name":"Deltaturistic turisme, excursions i esports d&#039;aventura al delta de l&#039;Ebre","description":"Ag\u00e8ncia de Viatges Deltaturistic","potentialAction":[{"@type":"SearchAction","target":{"@type":"EntryPoint","urlTemplate":"https:\/\/deltaturistic.com\/en\/?s={search_term_string}"},"query-input":{"@type":"PropertyValueSpecification","valueRequired":true,"valueName":"search_term_string"}}],"inLanguage":"en-US"}]}},"_links":{"self":[{"href":"https:\/\/deltaturistic.com\/en\/wp-json\/wp\/v2\/product\/572","targetHints":{"allow":["GET"]}}],"collection":[{"href":"https:\/\/deltaturistic.com\/en\/wp-json\/wp\/v2\/product"}],"about":[{"href":"https:\/\/deltaturistic.com\/en\/wp-json\/wp\/v2\/types\/product"}],"wp:featuredmedia":[{"embeddable":true,"href":"https:\/\/deltaturistic.com\/en\/wp-json\/wp\/v2\/media\/560"}],"wp:attachment":[{"href":"https:\/\/deltaturistic.com\/en\/wp-json\/wp\/v2\/media?parent=572"}],"wp:term":[{"taxonomy":"product_brand","embeddable":true,"href":"https:\/\/deltaturistic.com\/en\/wp-json\/wp\/v2\/product_brand?post=572"},{"taxonomy":"product_cat","embeddable":true,"href":"https:\/\/deltaturistic.com\/en\/wp-json\/wp\/v2\/product_cat?post=572"},{"taxonomy":"product_tag","embeddable":true,"href":"https:\/\/deltaturistic.com\/en\/wp-json\/wp\/v2\/product_tag?post=572"}],"curies":[{"name":"wp","href":"https:\/\/api.w.org\/{rel}","templated":true}]}}