{"id":576,"date":"2014-07-23T08:05:20","date_gmt":"2014-07-23T07:05:20","guid":{"rendered":"http:\/\/www.deltaturistic.com\/?post_type=product&#038;p=576"},"modified":"2024-03-12T05:31:56","modified_gmt":"2024-03-12T04:31:56","slug":"hotel-flamingo-escapada-romantica-2","status":"publish","type":"product","link":"https:\/\/deltaturistic.com\/en\/paquets-turistics\/hotel-flamingo-escapada-romantica-2\/","title":{"rendered":"Hotel Flamingo, escapada rom\u00e0ntica"},"content":{"rendered":"<p>aquesta escapada rom\u00e0ntica consta de :<\/p>\n<p>Habitaci\u00f3 doble amb vista mar lateral (segons disponibilitat)<\/p>\n<p>Esmorzar bufet<br \/>\nSopar rom\u00e0ntic 2 persones<br \/>\nCopa de cava al sopar<br \/>\nFree late check-out fins a les 16\u201900h (segons disponibilitat)<\/p>\n<p>SOPAR ROM\u00c0NTIC:<br \/>\n(Men\u00fa orientatiu, poden haver-hi canvis de plats)<br \/>\n<strong>Pica-pica a la taula<\/strong><br \/>\n\u201cCarpaccio\u201d de bacall\u00e0 amb vinagreta de mostassa<br \/>\nClo\u00efsses a la marinera<br \/>\nMusclos al vapor<br \/>\nLlagostins a la sal (2 per persona)<br \/>\n<strong>Segon plat a escollir<\/strong><br \/>\nFilet de porc con salsa de vi<br \/>\n\u00f3<br \/>\nRomesco de rap<br \/>\n<strong>Postres<\/strong><br \/>\nPastisseria artesanal<br \/>\n<strong>Beguda<\/strong><br \/>\nAigua mineral<br \/>\nVi blanc o negre Vi\u00f1a Dorada D.O. Terra Alta<br \/>\nCaf\u00e8<\/p>\n<p>Tots els preus s\u00f3n amb IVA i taxa tur\u00edstica inclosos<\/p>\n","protected":false},"excerpt":{"rendered":"<p>aquesta escapada rom\u00e0ntica consta de : Habitaci\u00f3 doble amb vista mar lateral (segons disponibilitat) Esmorzar bufet Sopar rom\u00e0ntic 2 persones Copa de cava al sopar Free late check-out fins a les 16\u201900h (segons disponibilitat) SOPAR ROM\u00c0NTIC: (Men\u00fa orientatiu, poden haver-hi canvis de plats) Pica-pica a la taula \u201cCarpaccio\u201d de bacall\u00e0 amb vinagreta de mostassa Clo\u00efsses [&hellip;]<\/p>\n","protected":false},"featured_media":574,"template":"","meta":[],"product_brand":[],"product_cat":[69],"product_tag":[],"class_list":{"0":"post-576","1":"product","2":"type-product","3":"status-publish","4":"has-post-thumbnail","6":"product_cat-escapades-delta-ebre-ca","7":"pa_adicional-preus-valids-de-l1-de-gener-2016-al-12-de-juliol-2016-i-del-14-de-setembre-2016-al-29-de-desembre-2016-excepte-14-febrer-23-juny-31-octubre-i-24-desembre","8":"pa_duracio-2-dies-1-nit","9":"pa_preu-habitacio-doble-13698-e","10":"pa_preu-habitacio-suite-junior-llit-matrimoni-i-vista-mar-frontal-garantida-16198-e","12":"first","13":"instock","14":"shipping-taxable","15":"purchasable","16":"product-type-simple"},"yoast_head":"<!-- This site is optimized with the Yoast SEO plugin v27.1.1 - https:\/\/yoast.com\/product\/yoast-seo-wordpress\/ -->\n<title>Hotel Flamingo, escapada rom\u00e0ntica - Deltaturistic turisme, excursions i esports d&#039;aventura al delta de l&#039;Ebre<\/title>\n<meta name=\"description\" content=\"escapada rom\u00e0ntica al Delta de l&#039;Ebre per a dues persones\" \/>\n<meta name=\"robots\" content=\"index, follow, max-snippet:-1, max-image-preview:large, max-video-preview:-1\" \/>\n<link rel=\"canonical\" href=\"https:\/\/deltaturistic.com\/en\/paquets-turistics\/hotel-flamingo-escapada-romantica-2\/\" \/>\n<meta name=\"twitter:label1\" content=\"Est. reading time\" \/>\n\t<meta name=\"twitter:data1\" content=\"1 minute\" \/>\n<script type=\"application\/ld+json\" class=\"yoast-schema-graph\">{\"@context\":\"https:\/\/schema.org\",\"@graph\":[{\"@type\":\"WebPage\",\"@id\":\"https:\/\/deltaturistic.com\/en\/paquets-turistics\/hotel-flamingo-escapada-romantica-2\/\",\"url\":\"https:\/\/deltaturistic.com\/en\/paquets-turistics\/hotel-flamingo-escapada-romantica-2\/\",\"name\":\"Hotel Flamingo, escapada rom\u00e0ntica - Deltaturistic turisme, excursions i esports d&#039;aventura al delta de l&#039;Ebre\",\"isPartOf\":{\"@id\":\"https:\/\/deltaturistic.com\/en\/#website\"},\"primaryImageOfPage\":{\"@id\":\"https:\/\/deltaturistic.com\/en\/paquets-turistics\/hotel-flamingo-escapada-romantica-2\/#primaryimage\"},\"image\":{\"@id\":\"https:\/\/deltaturistic.com\/en\/paquets-turistics\/hotel-flamingo-escapada-romantica-2\/#primaryimage\"},\"thumbnailUrl\":\"https:\/\/deltaturistic.com\/wp-content\/uploads\/2014\/07\/hotel-flamingo.jpg\",\"datePublished\":\"2014-07-23T07:05:20+00:00\",\"dateModified\":\"2024-03-12T04:31:56+00:00\",\"description\":\"escapada rom\u00e0ntica al Delta de l'Ebre per a dues persones\",\"breadcrumb\":{\"@id\":\"https:\/\/deltaturistic.com\/en\/paquets-turistics\/hotel-flamingo-escapada-romantica-2\/#breadcrumb\"},\"inLanguage\":\"en-US\",\"potentialAction\":[{\"@type\":\"ReadAction\",\"target\":[\"https:\/\/deltaturistic.com\/en\/paquets-turistics\/hotel-flamingo-escapada-romantica-2\/\"]}]},{\"@type\":\"ImageObject\",\"inLanguage\":\"en-US\",\"@id\":\"https:\/\/deltaturistic.com\/en\/paquets-turistics\/hotel-flamingo-escapada-romantica-2\/#primaryimage\",\"url\":\"https:\/\/deltaturistic.com\/wp-content\/uploads\/2014\/07\/hotel-flamingo.jpg\",\"contentUrl\":\"https:\/\/deltaturistic.com\/wp-content\/uploads\/2014\/07\/hotel-flamingo.jpg\",\"width\":508,\"height\":340},{\"@type\":\"BreadcrumbList\",\"@id\":\"https:\/\/deltaturistic.com\/en\/paquets-turistics\/hotel-flamingo-escapada-romantica-2\/#breadcrumb\",\"itemListElement\":[{\"@type\":\"ListItem\",\"position\":1,\"name\":\"Inici\",\"item\":\"https:\/\/deltaturistic.com\/en\/\"},{\"@type\":\"ListItem\",\"position\":2,\"name\":\"Productes tur\u00edstics\",\"item\":\"https:\/\/deltaturistic.com\/paquets-turistics\/\"},{\"@type\":\"ListItem\",\"position\":3,\"name\":\"Hotel Flamingo, escapada rom\u00e0ntica\"}]},{\"@type\":\"WebSite\",\"@id\":\"https:\/\/deltaturistic.com\/en\/#website\",\"url\":\"https:\/\/deltaturistic.com\/en\/\",\"name\":\"Deltaturistic turisme, excursions i esports d&#039;aventura al delta de l&#039;Ebre\",\"description\":\"Ag\u00e8ncia de Viatges Deltaturistic\",\"potentialAction\":[{\"@type\":\"SearchAction\",\"target\":{\"@type\":\"EntryPoint\",\"urlTemplate\":\"https:\/\/deltaturistic.com\/en\/?s={search_term_string}\"},\"query-input\":{\"@type\":\"PropertyValueSpecification\",\"valueRequired\":true,\"valueName\":\"search_term_string\"}}],\"inLanguage\":\"en-US\"}]}<\/script>\n<!-- \/ Yoast SEO plugin. -->","yoast_head_json":{"title":"Hotel Flamingo, escapada rom\u00e0ntica - Deltaturistic turisme, excursions i esports d&#039;aventura al delta de l&#039;Ebre","description":"escapada rom\u00e0ntica al Delta de l'Ebre per a dues persones","robots":{"index":"index","follow":"follow","max-snippet":"max-snippet:-1","max-image-preview":"max-image-preview:large","max-video-preview":"max-video-preview:-1"},"canonical":"https:\/\/deltaturistic.com\/en\/paquets-turistics\/hotel-flamingo-escapada-romantica-2\/","twitter_misc":{"Est. reading time":"1 minute"},"schema":{"@context":"https:\/\/schema.org","@graph":[{"@type":"WebPage","@id":"https:\/\/deltaturistic.com\/en\/paquets-turistics\/hotel-flamingo-escapada-romantica-2\/","url":"https:\/\/deltaturistic.com\/en\/paquets-turistics\/hotel-flamingo-escapada-romantica-2\/","name":"Hotel Flamingo, escapada rom\u00e0ntica - Deltaturistic turisme, excursions i esports d&#039;aventura al delta de l&#039;Ebre","isPartOf":{"@id":"https:\/\/deltaturistic.com\/en\/#website"},"primaryImageOfPage":{"@id":"https:\/\/deltaturistic.com\/en\/paquets-turistics\/hotel-flamingo-escapada-romantica-2\/#primaryimage"},"image":{"@id":"https:\/\/deltaturistic.com\/en\/paquets-turistics\/hotel-flamingo-escapada-romantica-2\/#primaryimage"},"thumbnailUrl":"https:\/\/deltaturistic.com\/wp-content\/uploads\/2014\/07\/hotel-flamingo.jpg","datePublished":"2014-07-23T07:05:20+00:00","dateModified":"2024-03-12T04:31:56+00:00","description":"escapada rom\u00e0ntica al Delta de l'Ebre per a dues persones","breadcrumb":{"@id":"https:\/\/deltaturistic.com\/en\/paquets-turistics\/hotel-flamingo-escapada-romantica-2\/#breadcrumb"},"inLanguage":"en-US","potentialAction":[{"@type":"ReadAction","target":["https:\/\/deltaturistic.com\/en\/paquets-turistics\/hotel-flamingo-escapada-romantica-2\/"]}]},{"@type":"ImageObject","inLanguage":"en-US","@id":"https:\/\/deltaturistic.com\/en\/paquets-turistics\/hotel-flamingo-escapada-romantica-2\/#primaryimage","url":"https:\/\/deltaturistic.com\/wp-content\/uploads\/2014\/07\/hotel-flamingo.jpg","contentUrl":"https:\/\/deltaturistic.com\/wp-content\/uploads\/2014\/07\/hotel-flamingo.jpg","width":508,"height":340},{"@type":"BreadcrumbList","@id":"https:\/\/deltaturistic.com\/en\/paquets-turistics\/hotel-flamingo-escapada-romantica-2\/#breadcrumb","itemListElement":[{"@type":"ListItem","position":1,"name":"Inici","item":"https:\/\/deltaturistic.com\/en\/"},{"@type":"ListItem","position":2,"name":"Productes tur\u00edstics","item":"https:\/\/deltaturistic.com\/paquets-turistics\/"},{"@type":"ListItem","position":3,"name":"Hotel Flamingo, escapada rom\u00e0ntica"}]},{"@type":"WebSite","@id":"https:\/\/deltaturistic.com\/en\/#website","url":"https:\/\/deltaturistic.com\/en\/","name":"Deltaturistic turisme, excursions i esports d&#039;aventura al delta de l&#039;Ebre","description":"Ag\u00e8ncia de Viatges Deltaturistic","potentialAction":[{"@type":"SearchAction","target":{"@type":"EntryPoint","urlTemplate":"https:\/\/deltaturistic.com\/en\/?s={search_term_string}"},"query-input":{"@type":"PropertyValueSpecification","valueRequired":true,"valueName":"search_term_string"}}],"inLanguage":"en-US"}]}},"_links":{"self":[{"href":"https:\/\/deltaturistic.com\/en\/wp-json\/wp\/v2\/product\/576","targetHints":{"allow":["GET"]}}],"collection":[{"href":"https:\/\/deltaturistic.com\/en\/wp-json\/wp\/v2\/product"}],"about":[{"href":"https:\/\/deltaturistic.com\/en\/wp-json\/wp\/v2\/types\/product"}],"wp:featuredmedia":[{"embeddable":true,"href":"https:\/\/deltaturistic.com\/en\/wp-json\/wp\/v2\/media\/574"}],"wp:attachment":[{"href":"https:\/\/deltaturistic.com\/en\/wp-json\/wp\/v2\/media?parent=576"}],"wp:term":[{"taxonomy":"product_brand","embeddable":true,"href":"https:\/\/deltaturistic.com\/en\/wp-json\/wp\/v2\/product_brand?post=576"},{"taxonomy":"product_cat","embeddable":true,"href":"https:\/\/deltaturistic.com\/en\/wp-json\/wp\/v2\/product_cat?post=576"},{"taxonomy":"product_tag","embeddable":true,"href":"https:\/\/deltaturistic.com\/en\/wp-json\/wp\/v2\/product_tag?post=576"}],"curies":[{"name":"wp","href":"https:\/\/api.w.org\/{rel}","templated":true}]}}