{"id":577,"date":"2014-07-23T08:15:15","date_gmt":"2014-07-23T07:15:15","guid":{"rendered":"http:\/\/www.deltaturistic.com\/?post_type=product&#038;p=577"},"modified":"2024-11-04T01:58:21","modified_gmt":"2024-11-04T00:58:21","slug":"les-oliveres-deltaescapada-aventura","status":"publish","type":"product","link":"https:\/\/deltaturistic.com\/en\/paquets-turistics\/les-oliveres-deltaescapada-aventura\/","title":{"rendered":"Les Oliveres, deltaescapada aventura"},"content":{"rendered":"<p>COMPLEX HOTELER A 1\u00aa LINEA DE MAR, PROP LA PLATJA I SITUAT EN UN PENYASSEGAT AMB VISTES AL MAR.<br \/>\nPENSIO COMPLERTA, 2 CONSUMISIONS AL BAR DE L&#8217;HOTEL, 1 CIRCUIT D&#8217;AIG\u00dcES, 1 SESSI\u00d3 AQUAFITNESS, 1 HORA DE MINIGOLF, 1 HORA DE TENIS, LLIURE UTIL.LITZACI\u00d3 DE PISCINA CLIMATITZADA, FANTASTICA EXCURSIO GUIADA PEL PARC NATURAL DEL DELTA DE L&#8217;EBRE, CREUER EN BARCA PER L&#8217;EBRE I DINAR EN RESTAURANT TIPIC.<\/p>\n<p>Veure condicions de les activitats a l&#8217;oferta:\u00a0<a href=\"http:\/\/www.deltaturistic.com\/wp-content\/uploads\/2014\/07\/Escapada-Aventura-en-Hotel-Oliveres-Beach-Resort.pdf\">Escapada Aventura en Hotel Oliveres Beach Resort<\/a><\/p>\n","protected":false},"excerpt":{"rendered":"<p>COMPLEX HOTELER A 1\u00aa LINEA DE MAR, PROP LA PLATJA I SITUAT EN UN PENYASSEGAT AMB VISTES AL MAR. PENSIO COMPLERTA, 2 CONSUMISIONS AL BAR DE L&#8217;HOTEL, 1 CIRCUIT D&#8217;AIG\u00dcES, 1 SESSI\u00d3 AQUAFITNESS, 1 HORA DE MINIGOLF, 1 HORA DE TENIS, LLIURE UTIL.LITZACI\u00d3 DE PISCINA CLIMATITZADA, FANTASTICA EXCURSIO GUIADA PEL PARC NATURAL DEL DELTA DE [&hellip;]<\/p>\n","protected":false},"featured_media":579,"template":"","meta":[],"product_brand":[],"product_cat":[69],"product_tag":[],"class_list":{"0":"post-577","1":"product","2":"type-product","3":"status-publish","4":"has-post-thumbnail","6":"product_cat-escapades-delta-ebre-ca","7":"pa_preu-des-de-8050-e-consultar-document-adjunt","9":"first","10":"instock","11":"shipping-taxable","12":"purchasable","13":"product-type-simple"},"yoast_head":"<!-- This site is optimized with the Yoast SEO plugin v27.1.1 - https:\/\/yoast.com\/product\/yoast-seo-wordpress\/ -->\n<title>Les Oliveres, deltaescapada aventura - Deltaturistic turisme, excursions i esports d&#039;aventura al delta de l&#039;Ebre<\/title>\n<meta name=\"robots\" content=\"index, follow, max-snippet:-1, max-image-preview:large, max-video-preview:-1\" \/>\n<link rel=\"canonical\" href=\"https:\/\/deltaturistic.com\/en\/paquets-turistics\/les-oliveres-deltaescapada-aventura\/\" \/>\n<script type=\"application\/ld+json\" class=\"yoast-schema-graph\">{\"@context\":\"https:\/\/schema.org\",\"@graph\":[{\"@type\":\"WebPage\",\"@id\":\"https:\/\/deltaturistic.com\/en\/paquets-turistics\/les-oliveres-deltaescapada-aventura\/\",\"url\":\"https:\/\/deltaturistic.com\/en\/paquets-turistics\/les-oliveres-deltaescapada-aventura\/\",\"name\":\"Les Oliveres, deltaescapada aventura - Deltaturistic turisme, excursions i esports d&#039;aventura al delta de l&#039;Ebre\",\"isPartOf\":{\"@id\":\"https:\/\/deltaturistic.com\/en\/#website\"},\"primaryImageOfPage\":{\"@id\":\"https:\/\/deltaturistic.com\/en\/paquets-turistics\/les-oliveres-deltaescapada-aventura\/#primaryimage\"},\"image\":{\"@id\":\"https:\/\/deltaturistic.com\/en\/paquets-turistics\/les-oliveres-deltaescapada-aventura\/#primaryimage\"},\"thumbnailUrl\":\"https:\/\/deltaturistic.com\/wp-content\/uploads\/2014\/07\/16178300_4177525.jpg\",\"datePublished\":\"2014-07-23T07:15:15+00:00\",\"dateModified\":\"2024-11-04T00:58:21+00:00\",\"breadcrumb\":{\"@id\":\"https:\/\/deltaturistic.com\/en\/paquets-turistics\/les-oliveres-deltaescapada-aventura\/#breadcrumb\"},\"inLanguage\":\"en-US\",\"potentialAction\":[{\"@type\":\"ReadAction\",\"target\":[\"https:\/\/deltaturistic.com\/en\/paquets-turistics\/les-oliveres-deltaescapada-aventura\/\"]}]},{\"@type\":\"ImageObject\",\"inLanguage\":\"en-US\",\"@id\":\"https:\/\/deltaturistic.com\/en\/paquets-turistics\/les-oliveres-deltaescapada-aventura\/#primaryimage\",\"url\":\"https:\/\/deltaturistic.com\/wp-content\/uploads\/2014\/07\/16178300_4177525.jpg\",\"contentUrl\":\"https:\/\/deltaturistic.com\/wp-content\/uploads\/2014\/07\/16178300_4177525.jpg\",\"width\":600,\"height\":600},{\"@type\":\"BreadcrumbList\",\"@id\":\"https:\/\/deltaturistic.com\/en\/paquets-turistics\/les-oliveres-deltaescapada-aventura\/#breadcrumb\",\"itemListElement\":[{\"@type\":\"ListItem\",\"position\":1,\"name\":\"Inici\",\"item\":\"https:\/\/deltaturistic.com\/en\/\"},{\"@type\":\"ListItem\",\"position\":2,\"name\":\"Productes tur\u00edstics\",\"item\":\"https:\/\/deltaturistic.com\/paquets-turistics\/\"},{\"@type\":\"ListItem\",\"position\":3,\"name\":\"Les Oliveres, deltaescapada aventura\"}]},{\"@type\":\"WebSite\",\"@id\":\"https:\/\/deltaturistic.com\/en\/#website\",\"url\":\"https:\/\/deltaturistic.com\/en\/\",\"name\":\"Deltaturistic turisme, excursions i esports d&#039;aventura al delta de l&#039;Ebre\",\"description\":\"Ag\u00e8ncia de Viatges Deltaturistic\",\"potentialAction\":[{\"@type\":\"SearchAction\",\"target\":{\"@type\":\"EntryPoint\",\"urlTemplate\":\"https:\/\/deltaturistic.com\/en\/?s={search_term_string}\"},\"query-input\":{\"@type\":\"PropertyValueSpecification\",\"valueRequired\":true,\"valueName\":\"search_term_string\"}}],\"inLanguage\":\"en-US\"}]}<\/script>\n<!-- \/ Yoast SEO plugin. -->","yoast_head_json":{"title":"Les Oliveres, deltaescapada aventura - Deltaturistic turisme, excursions i esports d&#039;aventura al delta de l&#039;Ebre","robots":{"index":"index","follow":"follow","max-snippet":"max-snippet:-1","max-image-preview":"max-image-preview:large","max-video-preview":"max-video-preview:-1"},"canonical":"https:\/\/deltaturistic.com\/en\/paquets-turistics\/les-oliveres-deltaescapada-aventura\/","schema":{"@context":"https:\/\/schema.org","@graph":[{"@type":"WebPage","@id":"https:\/\/deltaturistic.com\/en\/paquets-turistics\/les-oliveres-deltaescapada-aventura\/","url":"https:\/\/deltaturistic.com\/en\/paquets-turistics\/les-oliveres-deltaescapada-aventura\/","name":"Les Oliveres, deltaescapada aventura - Deltaturistic turisme, excursions i esports d&#039;aventura al delta de l&#039;Ebre","isPartOf":{"@id":"https:\/\/deltaturistic.com\/en\/#website"},"primaryImageOfPage":{"@id":"https:\/\/deltaturistic.com\/en\/paquets-turistics\/les-oliveres-deltaescapada-aventura\/#primaryimage"},"image":{"@id":"https:\/\/deltaturistic.com\/en\/paquets-turistics\/les-oliveres-deltaescapada-aventura\/#primaryimage"},"thumbnailUrl":"https:\/\/deltaturistic.com\/wp-content\/uploads\/2014\/07\/16178300_4177525.jpg","datePublished":"2014-07-23T07:15:15+00:00","dateModified":"2024-11-04T00:58:21+00:00","breadcrumb":{"@id":"https:\/\/deltaturistic.com\/en\/paquets-turistics\/les-oliveres-deltaescapada-aventura\/#breadcrumb"},"inLanguage":"en-US","potentialAction":[{"@type":"ReadAction","target":["https:\/\/deltaturistic.com\/en\/paquets-turistics\/les-oliveres-deltaescapada-aventura\/"]}]},{"@type":"ImageObject","inLanguage":"en-US","@id":"https:\/\/deltaturistic.com\/en\/paquets-turistics\/les-oliveres-deltaescapada-aventura\/#primaryimage","url":"https:\/\/deltaturistic.com\/wp-content\/uploads\/2014\/07\/16178300_4177525.jpg","contentUrl":"https:\/\/deltaturistic.com\/wp-content\/uploads\/2014\/07\/16178300_4177525.jpg","width":600,"height":600},{"@type":"BreadcrumbList","@id":"https:\/\/deltaturistic.com\/en\/paquets-turistics\/les-oliveres-deltaescapada-aventura\/#breadcrumb","itemListElement":[{"@type":"ListItem","position":1,"name":"Inici","item":"https:\/\/deltaturistic.com\/en\/"},{"@type":"ListItem","position":2,"name":"Productes tur\u00edstics","item":"https:\/\/deltaturistic.com\/paquets-turistics\/"},{"@type":"ListItem","position":3,"name":"Les Oliveres, deltaescapada aventura"}]},{"@type":"WebSite","@id":"https:\/\/deltaturistic.com\/en\/#website","url":"https:\/\/deltaturistic.com\/en\/","name":"Deltaturistic turisme, excursions i esports d&#039;aventura al delta de l&#039;Ebre","description":"Ag\u00e8ncia de Viatges Deltaturistic","potentialAction":[{"@type":"SearchAction","target":{"@type":"EntryPoint","urlTemplate":"https:\/\/deltaturistic.com\/en\/?s={search_term_string}"},"query-input":{"@type":"PropertyValueSpecification","valueRequired":true,"valueName":"search_term_string"}}],"inLanguage":"en-US"}]}},"_links":{"self":[{"href":"https:\/\/deltaturistic.com\/en\/wp-json\/wp\/v2\/product\/577","targetHints":{"allow":["GET"]}}],"collection":[{"href":"https:\/\/deltaturistic.com\/en\/wp-json\/wp\/v2\/product"}],"about":[{"href":"https:\/\/deltaturistic.com\/en\/wp-json\/wp\/v2\/types\/product"}],"wp:featuredmedia":[{"embeddable":true,"href":"https:\/\/deltaturistic.com\/en\/wp-json\/wp\/v2\/media\/579"}],"wp:attachment":[{"href":"https:\/\/deltaturistic.com\/en\/wp-json\/wp\/v2\/media?parent=577"}],"wp:term":[{"taxonomy":"product_brand","embeddable":true,"href":"https:\/\/deltaturistic.com\/en\/wp-json\/wp\/v2\/product_brand?post=577"},{"taxonomy":"product_cat","embeddable":true,"href":"https:\/\/deltaturistic.com\/en\/wp-json\/wp\/v2\/product_cat?post=577"},{"taxonomy":"product_tag","embeddable":true,"href":"https:\/\/deltaturistic.com\/en\/wp-json\/wp\/v2\/product_tag?post=577"}],"curies":[{"name":"wp","href":"https:\/\/api.w.org\/{rel}","templated":true}]}}