{"id":6608,"date":"2015-12-22T19:49:24","date_gmt":"2015-12-22T18:49:24","guid":{"rendered":"http:\/\/www.deltaturistic.com\/?post_type=product&#038;p=6608"},"modified":"2015-12-23T10:42:48","modified_gmt":"2015-12-23T09:42:48","slug":"llibre-paisatges-de-lebre-el-delta-i-el-port","status":"publish","type":"product","link":"https:\/\/deltaturistic.com\/en\/paquets-turistics\/llibre-paisatges-de-lebre-el-delta-i-el-port\/","title":{"rendered":"llibre paisatges de l&#8217;Ebre: el Delta i el Port"},"content":{"rendered":"<p>&nbsp;<\/p>\n<p>Imatges espectaculars sobre racons i paisatges del Delta de l\u2019Ebre i els Ports, fotografies de les aus que poblen aquests magn\u00edfics paratges naturals, i tamb\u00e9 d\u2019alguns exemplars de la flora existent. Captacions de moments relacionats amb els costums tradicionals antics que caracteritzen el territori i monuments naturals i humanitzats. Llibre de tapa dura amb 131 p\u00e0gines i tradu\u00eft a 3 idiomes : catal\u00e0, castell\u00e0 i angl\u00e8s<\/p>\n","protected":false},"excerpt":{"rendered":"<p>Recull de fotografies amb text dels indrets i costums, fauna i flora del Delta i els Ports<\/p>\n","protected":false},"featured_media":5963,"template":"","meta":[],"product_brand":[],"product_cat":[641],"product_tag":[],"class_list":{"0":"post-6608","1":"product","2":"type-product","3":"status-publish","4":"has-post-thumbnail","6":"product_cat-llibres-i-guies-de-les-terres-de-lebre-i-delta-de-lebre","8":"first","9":"instock","10":"shipping-taxable","11":"purchasable","12":"product-type-simple"},"yoast_head":"<!-- This site is optimized with the Yoast SEO plugin v27.1.1 - https:\/\/yoast.com\/product\/yoast-seo-wordpress\/ -->\n<title>llibre paisatges de l&#039;Ebre: el Delta i el Port - Deltaturistic turisme, excursions i esports d&#039;aventura al delta de l&#039;Ebre<\/title>\n<meta name=\"description\" content=\"llibre amb un recull de fotografies amb text dels indrets i costums, fauna i flora del Delta i els Ports\" \/>\n<meta name=\"robots\" content=\"index, follow, max-snippet:-1, max-image-preview:large, max-video-preview:-1\" \/>\n<link rel=\"canonical\" href=\"https:\/\/deltaturistic.com\/en\/paquets-turistics\/llibre-paisatges-de-lebre-el-delta-i-el-port\/\" \/>\n<script type=\"application\/ld+json\" class=\"yoast-schema-graph\">{\"@context\":\"https:\/\/schema.org\",\"@graph\":[{\"@type\":\"WebPage\",\"@id\":\"https:\/\/deltaturistic.com\/en\/paquets-turistics\/llibre-paisatges-de-lebre-el-delta-i-el-port\/\",\"url\":\"https:\/\/deltaturistic.com\/en\/paquets-turistics\/llibre-paisatges-de-lebre-el-delta-i-el-port\/\",\"name\":\"llibre paisatges de l'Ebre: el Delta i el Port - Deltaturistic turisme, excursions i esports d&#039;aventura al delta de l&#039;Ebre\",\"isPartOf\":{\"@id\":\"https:\/\/deltaturistic.com\/en\/#website\"},\"primaryImageOfPage\":{\"@id\":\"https:\/\/deltaturistic.com\/en\/paquets-turistics\/llibre-paisatges-de-lebre-el-delta-i-el-port\/#primaryimage\"},\"image\":{\"@id\":\"https:\/\/deltaturistic.com\/en\/paquets-turistics\/llibre-paisatges-de-lebre-el-delta-i-el-port\/#primaryimage\"},\"thumbnailUrl\":\"https:\/\/deltaturistic.com\/wp-content\/uploads\/2015\/12\/CAM00171.jpg\",\"datePublished\":\"2015-12-22T18:49:24+00:00\",\"dateModified\":\"2015-12-23T09:42:48+00:00\",\"description\":\"llibre amb un recull de fotografies amb text dels indrets i costums, fauna i flora del Delta i els Ports\",\"breadcrumb\":{\"@id\":\"https:\/\/deltaturistic.com\/en\/paquets-turistics\/llibre-paisatges-de-lebre-el-delta-i-el-port\/#breadcrumb\"},\"inLanguage\":\"en-US\",\"potentialAction\":[{\"@type\":\"ReadAction\",\"target\":[\"https:\/\/deltaturistic.com\/en\/paquets-turistics\/llibre-paisatges-de-lebre-el-delta-i-el-port\/\"]}]},{\"@type\":\"ImageObject\",\"inLanguage\":\"en-US\",\"@id\":\"https:\/\/deltaturistic.com\/en\/paquets-turistics\/llibre-paisatges-de-lebre-el-delta-i-el-port\/#primaryimage\",\"url\":\"https:\/\/deltaturistic.com\/wp-content\/uploads\/2015\/12\/CAM00171.jpg\",\"contentUrl\":\"https:\/\/deltaturistic.com\/wp-content\/uploads\/2015\/12\/CAM00171.jpg\",\"width\":2048,\"height\":1536},{\"@type\":\"BreadcrumbList\",\"@id\":\"https:\/\/deltaturistic.com\/en\/paquets-turistics\/llibre-paisatges-de-lebre-el-delta-i-el-port\/#breadcrumb\",\"itemListElement\":[{\"@type\":\"ListItem\",\"position\":1,\"name\":\"Inici\",\"item\":\"https:\/\/deltaturistic.com\/en\/\"},{\"@type\":\"ListItem\",\"position\":2,\"name\":\"Productes tur\u00edstics\",\"item\":\"https:\/\/deltaturistic.com\/paquets-turistics\/\"},{\"@type\":\"ListItem\",\"position\":3,\"name\":\"llibre paisatges de l&#8217;Ebre: el Delta i el Port\"}]},{\"@type\":\"WebSite\",\"@id\":\"https:\/\/deltaturistic.com\/en\/#website\",\"url\":\"https:\/\/deltaturistic.com\/en\/\",\"name\":\"Deltaturistic turisme, excursions i esports d&#039;aventura al delta de l&#039;Ebre\",\"description\":\"Ag\u00e8ncia de Viatges Deltaturistic\",\"potentialAction\":[{\"@type\":\"SearchAction\",\"target\":{\"@type\":\"EntryPoint\",\"urlTemplate\":\"https:\/\/deltaturistic.com\/en\/?s={search_term_string}\"},\"query-input\":{\"@type\":\"PropertyValueSpecification\",\"valueRequired\":true,\"valueName\":\"search_term_string\"}}],\"inLanguage\":\"en-US\"}]}<\/script>\n<!-- \/ Yoast SEO plugin. -->","yoast_head_json":{"title":"llibre paisatges de l'Ebre: el Delta i el Port - Deltaturistic turisme, excursions i esports d&#039;aventura al delta de l&#039;Ebre","description":"llibre amb un recull de fotografies amb text dels indrets i costums, fauna i flora del Delta i els Ports","robots":{"index":"index","follow":"follow","max-snippet":"max-snippet:-1","max-image-preview":"max-image-preview:large","max-video-preview":"max-video-preview:-1"},"canonical":"https:\/\/deltaturistic.com\/en\/paquets-turistics\/llibre-paisatges-de-lebre-el-delta-i-el-port\/","schema":{"@context":"https:\/\/schema.org","@graph":[{"@type":"WebPage","@id":"https:\/\/deltaturistic.com\/en\/paquets-turistics\/llibre-paisatges-de-lebre-el-delta-i-el-port\/","url":"https:\/\/deltaturistic.com\/en\/paquets-turistics\/llibre-paisatges-de-lebre-el-delta-i-el-port\/","name":"llibre paisatges de l'Ebre: el Delta i el Port - Deltaturistic turisme, excursions i esports d&#039;aventura al delta de l&#039;Ebre","isPartOf":{"@id":"https:\/\/deltaturistic.com\/en\/#website"},"primaryImageOfPage":{"@id":"https:\/\/deltaturistic.com\/en\/paquets-turistics\/llibre-paisatges-de-lebre-el-delta-i-el-port\/#primaryimage"},"image":{"@id":"https:\/\/deltaturistic.com\/en\/paquets-turistics\/llibre-paisatges-de-lebre-el-delta-i-el-port\/#primaryimage"},"thumbnailUrl":"https:\/\/deltaturistic.com\/wp-content\/uploads\/2015\/12\/CAM00171.jpg","datePublished":"2015-12-22T18:49:24+00:00","dateModified":"2015-12-23T09:42:48+00:00","description":"llibre amb un recull de fotografies amb text dels indrets i costums, fauna i flora del Delta i els Ports","breadcrumb":{"@id":"https:\/\/deltaturistic.com\/en\/paquets-turistics\/llibre-paisatges-de-lebre-el-delta-i-el-port\/#breadcrumb"},"inLanguage":"en-US","potentialAction":[{"@type":"ReadAction","target":["https:\/\/deltaturistic.com\/en\/paquets-turistics\/llibre-paisatges-de-lebre-el-delta-i-el-port\/"]}]},{"@type":"ImageObject","inLanguage":"en-US","@id":"https:\/\/deltaturistic.com\/en\/paquets-turistics\/llibre-paisatges-de-lebre-el-delta-i-el-port\/#primaryimage","url":"https:\/\/deltaturistic.com\/wp-content\/uploads\/2015\/12\/CAM00171.jpg","contentUrl":"https:\/\/deltaturistic.com\/wp-content\/uploads\/2015\/12\/CAM00171.jpg","width":2048,"height":1536},{"@type":"BreadcrumbList","@id":"https:\/\/deltaturistic.com\/en\/paquets-turistics\/llibre-paisatges-de-lebre-el-delta-i-el-port\/#breadcrumb","itemListElement":[{"@type":"ListItem","position":1,"name":"Inici","item":"https:\/\/deltaturistic.com\/en\/"},{"@type":"ListItem","position":2,"name":"Productes tur\u00edstics","item":"https:\/\/deltaturistic.com\/paquets-turistics\/"},{"@type":"ListItem","position":3,"name":"llibre paisatges de l&#8217;Ebre: el Delta i el Port"}]},{"@type":"WebSite","@id":"https:\/\/deltaturistic.com\/en\/#website","url":"https:\/\/deltaturistic.com\/en\/","name":"Deltaturistic turisme, excursions i esports d&#039;aventura al delta de l&#039;Ebre","description":"Ag\u00e8ncia de Viatges Deltaturistic","potentialAction":[{"@type":"SearchAction","target":{"@type":"EntryPoint","urlTemplate":"https:\/\/deltaturistic.com\/en\/?s={search_term_string}"},"query-input":{"@type":"PropertyValueSpecification","valueRequired":true,"valueName":"search_term_string"}}],"inLanguage":"en-US"}]}},"_links":{"self":[{"href":"https:\/\/deltaturistic.com\/en\/wp-json\/wp\/v2\/product\/6608","targetHints":{"allow":["GET"]}}],"collection":[{"href":"https:\/\/deltaturistic.com\/en\/wp-json\/wp\/v2\/product"}],"about":[{"href":"https:\/\/deltaturistic.com\/en\/wp-json\/wp\/v2\/types\/product"}],"wp:featuredmedia":[{"embeddable":true,"href":"https:\/\/deltaturistic.com\/en\/wp-json\/wp\/v2\/media\/5963"}],"wp:attachment":[{"href":"https:\/\/deltaturistic.com\/en\/wp-json\/wp\/v2\/media?parent=6608"}],"wp:term":[{"taxonomy":"product_brand","embeddable":true,"href":"https:\/\/deltaturistic.com\/en\/wp-json\/wp\/v2\/product_brand?post=6608"},{"taxonomy":"product_cat","embeddable":true,"href":"https:\/\/deltaturistic.com\/en\/wp-json\/wp\/v2\/product_cat?post=6608"},{"taxonomy":"product_tag","embeddable":true,"href":"https:\/\/deltaturistic.com\/en\/wp-json\/wp\/v2\/product_tag?post=6608"}],"curies":[{"name":"wp","href":"https:\/\/api.w.org\/{rel}","templated":true}]}}