{"id":6629,"date":"2015-12-23T13:21:32","date_gmt":"2015-12-23T12:21:32","guid":{"rendered":"http:\/\/www.deltaturistic.com\/?post_type=product&#038;p=6629"},"modified":"2024-03-12T05:47:16","modified_gmt":"2024-03-12T04:47:16","slug":"cantimplora-geladora-amb-filtre","status":"publish","type":"product","link":"https:\/\/deltaturistic.com\/en\/paquets-turistics\/cantimplora-geladora-amb-filtre\/","title":{"rendered":"cantimplora gran per filtrar i gelar"},"content":{"rendered":"<p>cantimplora de capacitat 946 ml. que filtra i gela l\u2019aigua per proc\u00e9s patentat. Redueix notablement el sabor i la olor a clor. D\u00fcu palleta incorporada i indicador del nombre de c\u00e0rregues efectuades. Filtra m\u00e9s de 300 L. Lliure de BPA (additius pl\u00e0stics)<\/p>\n","protected":false},"excerpt":{"rendered":"<p>cantimplora de capacitat \u00a0946 ml\u00a0que filtra i gela l\u2019aigua per proc\u00e9s patentat. Redueix notablement el sabor i la olor a clor. Amb\u00a0palleta incorporada i indicador del nombre de c\u00e0rregues efectuades. Filtra m\u00e9s de 300 L. Lliure de BPA (additius pl\u00e0stics)<\/p>\n","protected":false},"featured_media":6449,"template":"","meta":[],"product_brand":[],"product_cat":[642],"product_tag":[],"class_list":{"0":"post-6629","1":"product","2":"type-product","3":"status-publish","4":"has-post-thumbnail","6":"product_cat-objectes-per-visitar-les-terres-de-lebre","8":"first","9":"instock","10":"shipping-taxable","11":"purchasable","12":"product-type-simple"},"yoast_head":"<!-- This site is optimized with the Yoast SEO plugin v27.1.1 - https:\/\/yoast.com\/product\/yoast-seo-wordpress\/ -->\n<title>cantimplora gran per filtrar i gelar - Deltaturistic turisme, excursions i esports d&#039;aventura al delta de l&#039;Ebre<\/title>\n<meta name=\"description\" content=\"cantimplora de capacitat 946 ml que filtra i gela l\u2019aigua i redueix notablement el sabor i la olor a clor. Filtra m\u00e9s de 300 L.\" \/>\n<meta name=\"robots\" content=\"index, follow, max-snippet:-1, max-image-preview:large, max-video-preview:-1\" \/>\n<link rel=\"canonical\" href=\"https:\/\/deltaturistic.com\/en\/paquets-turistics\/cantimplora-geladora-amb-filtre\/\" \/>\n<script type=\"application\/ld+json\" class=\"yoast-schema-graph\">{\"@context\":\"https:\/\/schema.org\",\"@graph\":[{\"@type\":\"WebPage\",\"@id\":\"https:\/\/deltaturistic.com\/en\/paquets-turistics\/cantimplora-geladora-amb-filtre\/\",\"url\":\"https:\/\/deltaturistic.com\/en\/paquets-turistics\/cantimplora-geladora-amb-filtre\/\",\"name\":\"cantimplora gran per filtrar i gelar - Deltaturistic turisme, excursions i esports d&#039;aventura al delta de l&#039;Ebre\",\"isPartOf\":{\"@id\":\"https:\/\/deltaturistic.com\/en\/#website\"},\"primaryImageOfPage\":{\"@id\":\"https:\/\/deltaturistic.com\/en\/paquets-turistics\/cantimplora-geladora-amb-filtre\/#primaryimage\"},\"image\":{\"@id\":\"https:\/\/deltaturistic.com\/en\/paquets-turistics\/cantimplora-geladora-amb-filtre\/#primaryimage\"},\"thumbnailUrl\":\"https:\/\/deltaturistic.com\/wp-content\/uploads\/2015\/12\/CAM002501.jpg\",\"datePublished\":\"2015-12-23T12:21:32+00:00\",\"dateModified\":\"2024-03-12T04:47:16+00:00\",\"description\":\"cantimplora de capacitat 946 ml que filtra i gela l\u2019aigua i redueix notablement el sabor i la olor a clor. Filtra m\u00e9s de 300 L.\",\"breadcrumb\":{\"@id\":\"https:\/\/deltaturistic.com\/en\/paquets-turistics\/cantimplora-geladora-amb-filtre\/#breadcrumb\"},\"inLanguage\":\"en-US\",\"potentialAction\":[{\"@type\":\"ReadAction\",\"target\":[\"https:\/\/deltaturistic.com\/en\/paquets-turistics\/cantimplora-geladora-amb-filtre\/\"]}]},{\"@type\":\"ImageObject\",\"inLanguage\":\"en-US\",\"@id\":\"https:\/\/deltaturistic.com\/en\/paquets-turistics\/cantimplora-geladora-amb-filtre\/#primaryimage\",\"url\":\"https:\/\/deltaturistic.com\/wp-content\/uploads\/2015\/12\/CAM002501.jpg\",\"contentUrl\":\"https:\/\/deltaturistic.com\/wp-content\/uploads\/2015\/12\/CAM002501.jpg\",\"width\":1536,\"height\":2048},{\"@type\":\"BreadcrumbList\",\"@id\":\"https:\/\/deltaturistic.com\/en\/paquets-turistics\/cantimplora-geladora-amb-filtre\/#breadcrumb\",\"itemListElement\":[{\"@type\":\"ListItem\",\"position\":1,\"name\":\"Inici\",\"item\":\"https:\/\/deltaturistic.com\/en\/\"},{\"@type\":\"ListItem\",\"position\":2,\"name\":\"Productes tur\u00edstics\",\"item\":\"https:\/\/deltaturistic.com\/paquets-turistics\/\"},{\"@type\":\"ListItem\",\"position\":3,\"name\":\"cantimplora gran per filtrar i gelar\"}]},{\"@type\":\"WebSite\",\"@id\":\"https:\/\/deltaturistic.com\/en\/#website\",\"url\":\"https:\/\/deltaturistic.com\/en\/\",\"name\":\"Deltaturistic turisme, excursions i esports d&#039;aventura al delta de l&#039;Ebre\",\"description\":\"Ag\u00e8ncia de Viatges Deltaturistic\",\"potentialAction\":[{\"@type\":\"SearchAction\",\"target\":{\"@type\":\"EntryPoint\",\"urlTemplate\":\"https:\/\/deltaturistic.com\/en\/?s={search_term_string}\"},\"query-input\":{\"@type\":\"PropertyValueSpecification\",\"valueRequired\":true,\"valueName\":\"search_term_string\"}}],\"inLanguage\":\"en-US\"}]}<\/script>\n<!-- \/ Yoast SEO plugin. -->","yoast_head_json":{"title":"cantimplora gran per filtrar i gelar - Deltaturistic turisme, excursions i esports d&#039;aventura al delta de l&#039;Ebre","description":"cantimplora de capacitat 946 ml que filtra i gela l\u2019aigua i redueix notablement el sabor i la olor a clor. Filtra m\u00e9s de 300 L.","robots":{"index":"index","follow":"follow","max-snippet":"max-snippet:-1","max-image-preview":"max-image-preview:large","max-video-preview":"max-video-preview:-1"},"canonical":"https:\/\/deltaturistic.com\/en\/paquets-turistics\/cantimplora-geladora-amb-filtre\/","schema":{"@context":"https:\/\/schema.org","@graph":[{"@type":"WebPage","@id":"https:\/\/deltaturistic.com\/en\/paquets-turistics\/cantimplora-geladora-amb-filtre\/","url":"https:\/\/deltaturistic.com\/en\/paquets-turistics\/cantimplora-geladora-amb-filtre\/","name":"cantimplora gran per filtrar i gelar - Deltaturistic turisme, excursions i esports d&#039;aventura al delta de l&#039;Ebre","isPartOf":{"@id":"https:\/\/deltaturistic.com\/en\/#website"},"primaryImageOfPage":{"@id":"https:\/\/deltaturistic.com\/en\/paquets-turistics\/cantimplora-geladora-amb-filtre\/#primaryimage"},"image":{"@id":"https:\/\/deltaturistic.com\/en\/paquets-turistics\/cantimplora-geladora-amb-filtre\/#primaryimage"},"thumbnailUrl":"https:\/\/deltaturistic.com\/wp-content\/uploads\/2015\/12\/CAM002501.jpg","datePublished":"2015-12-23T12:21:32+00:00","dateModified":"2024-03-12T04:47:16+00:00","description":"cantimplora de capacitat 946 ml que filtra i gela l\u2019aigua i redueix notablement el sabor i la olor a clor. Filtra m\u00e9s de 300 L.","breadcrumb":{"@id":"https:\/\/deltaturistic.com\/en\/paquets-turistics\/cantimplora-geladora-amb-filtre\/#breadcrumb"},"inLanguage":"en-US","potentialAction":[{"@type":"ReadAction","target":["https:\/\/deltaturistic.com\/en\/paquets-turistics\/cantimplora-geladora-amb-filtre\/"]}]},{"@type":"ImageObject","inLanguage":"en-US","@id":"https:\/\/deltaturistic.com\/en\/paquets-turistics\/cantimplora-geladora-amb-filtre\/#primaryimage","url":"https:\/\/deltaturistic.com\/wp-content\/uploads\/2015\/12\/CAM002501.jpg","contentUrl":"https:\/\/deltaturistic.com\/wp-content\/uploads\/2015\/12\/CAM002501.jpg","width":1536,"height":2048},{"@type":"BreadcrumbList","@id":"https:\/\/deltaturistic.com\/en\/paquets-turistics\/cantimplora-geladora-amb-filtre\/#breadcrumb","itemListElement":[{"@type":"ListItem","position":1,"name":"Inici","item":"https:\/\/deltaturistic.com\/en\/"},{"@type":"ListItem","position":2,"name":"Productes tur\u00edstics","item":"https:\/\/deltaturistic.com\/paquets-turistics\/"},{"@type":"ListItem","position":3,"name":"cantimplora gran per filtrar i gelar"}]},{"@type":"WebSite","@id":"https:\/\/deltaturistic.com\/en\/#website","url":"https:\/\/deltaturistic.com\/en\/","name":"Deltaturistic turisme, excursions i esports d&#039;aventura al delta de l&#039;Ebre","description":"Ag\u00e8ncia de Viatges Deltaturistic","potentialAction":[{"@type":"SearchAction","target":{"@type":"EntryPoint","urlTemplate":"https:\/\/deltaturistic.com\/en\/?s={search_term_string}"},"query-input":{"@type":"PropertyValueSpecification","valueRequired":true,"valueName":"search_term_string"}}],"inLanguage":"en-US"}]}},"_links":{"self":[{"href":"https:\/\/deltaturistic.com\/en\/wp-json\/wp\/v2\/product\/6629","targetHints":{"allow":["GET"]}}],"collection":[{"href":"https:\/\/deltaturistic.com\/en\/wp-json\/wp\/v2\/product"}],"about":[{"href":"https:\/\/deltaturistic.com\/en\/wp-json\/wp\/v2\/types\/product"}],"wp:featuredmedia":[{"embeddable":true,"href":"https:\/\/deltaturistic.com\/en\/wp-json\/wp\/v2\/media\/6449"}],"wp:attachment":[{"href":"https:\/\/deltaturistic.com\/en\/wp-json\/wp\/v2\/media?parent=6629"}],"wp:term":[{"taxonomy":"product_brand","embeddable":true,"href":"https:\/\/deltaturistic.com\/en\/wp-json\/wp\/v2\/product_brand?post=6629"},{"taxonomy":"product_cat","embeddable":true,"href":"https:\/\/deltaturistic.com\/en\/wp-json\/wp\/v2\/product_cat?post=6629"},{"taxonomy":"product_tag","embeddable":true,"href":"https:\/\/deltaturistic.com\/en\/wp-json\/wp\/v2\/product_tag?post=6629"}],"curies":[{"name":"wp","href":"https:\/\/api.w.org\/{rel}","templated":true}]}}