{"id":6734,"date":"2016-01-19T18:55:54","date_gmt":"2016-01-19T17:55:54","guid":{"rendered":"http:\/\/www.deltaturistic.com\/?post_type=product&#038;p=6734"},"modified":"2016-02-23T13:00:32","modified_gmt":"2016-02-23T12:00:32","slug":"arros-creatiu-bayo","status":"publish","type":"product","link":"https:\/\/deltaturistic.com\/en\/paquets-turistics\/arros-creatiu-bayo\/","title":{"rendered":"arr\u00f2s creatiu Bayo"},"content":{"rendered":"<p>L&#8217;arr\u00f2s creatiu Bayo \u00e9s una mescla d\u2019arr\u00f2s llarg i arr\u00f2s salvatge, cosa que el converteix en un original acompanyament ideal per a plats amb peix o amanides, trobant-se entre els m\u00e9s apreciats pels creadors culinaris.\u00a0Presentaci\u00f3: capsa de\u00a0250 gr amb dossificador obre-f\u00e0cil<\/p>\n","protected":false},"excerpt":{"rendered":"<p>tal com indica el seu nom, \u00e9s especial per crear plats deliciosos<\/p>\n","protected":false},"featured_media":6104,"template":"","meta":[],"product_brand":[],"product_cat":[635],"product_tag":[],"class_list":{"0":"post-6734","1":"product","2":"type-product","3":"status-publish","4":"has-post-thumbnail","6":"product_cat-menjar-tipic-delta-ebre","8":"first","9":"instock","10":"shipping-taxable","11":"purchasable","12":"product-type-simple"},"yoast_head":"<!-- This site is optimized with the Yoast SEO plugin v27.1.1 - https:\/\/yoast.com\/product\/yoast-seo-wordpress\/ -->\n<title>arr\u00f2s creatiu Bayo - Deltaturistic turisme, excursions i esports d&#039;aventura al delta de l&#039;Ebre<\/title>\n<meta name=\"description\" content=\"L&#039;arr\u00f2s creatiu Bayo \u00e9s una mescla d\u2019arr\u00f2s llarg i arr\u00f2s salvatge, ideal per acompanyar peixos o amanides\" \/>\n<meta name=\"robots\" content=\"index, follow, max-snippet:-1, max-image-preview:large, max-video-preview:-1\" \/>\n<link rel=\"canonical\" href=\"https:\/\/deltaturistic.com\/en\/paquets-turistics\/arros-creatiu-bayo\/\" \/>\n<script type=\"application\/ld+json\" class=\"yoast-schema-graph\">{\"@context\":\"https:\/\/schema.org\",\"@graph\":[{\"@type\":\"WebPage\",\"@id\":\"https:\/\/deltaturistic.com\/en\/paquets-turistics\/arros-creatiu-bayo\/\",\"url\":\"https:\/\/deltaturistic.com\/en\/paquets-turistics\/arros-creatiu-bayo\/\",\"name\":\"arr\u00f2s creatiu Bayo - Deltaturistic turisme, excursions i esports d&#039;aventura al delta de l&#039;Ebre\",\"isPartOf\":{\"@id\":\"https:\/\/deltaturistic.com\/en\/#website\"},\"primaryImageOfPage\":{\"@id\":\"https:\/\/deltaturistic.com\/en\/paquets-turistics\/arros-creatiu-bayo\/#primaryimage\"},\"image\":{\"@id\":\"https:\/\/deltaturistic.com\/en\/paquets-turistics\/arros-creatiu-bayo\/#primaryimage\"},\"thumbnailUrl\":\"https:\/\/deltaturistic.com\/wp-content\/uploads\/2015\/12\/CAM00218.jpg\",\"datePublished\":\"2016-01-19T17:55:54+00:00\",\"dateModified\":\"2016-02-23T12:00:32+00:00\",\"description\":\"L'arr\u00f2s creatiu Bayo \u00e9s una mescla d\u2019arr\u00f2s llarg i arr\u00f2s salvatge, ideal per acompanyar peixos o amanides\",\"breadcrumb\":{\"@id\":\"https:\/\/deltaturistic.com\/en\/paquets-turistics\/arros-creatiu-bayo\/#breadcrumb\"},\"inLanguage\":\"en-US\",\"potentialAction\":[{\"@type\":\"ReadAction\",\"target\":[\"https:\/\/deltaturistic.com\/en\/paquets-turistics\/arros-creatiu-bayo\/\"]}]},{\"@type\":\"ImageObject\",\"inLanguage\":\"en-US\",\"@id\":\"https:\/\/deltaturistic.com\/en\/paquets-turistics\/arros-creatiu-bayo\/#primaryimage\",\"url\":\"https:\/\/deltaturistic.com\/wp-content\/uploads\/2015\/12\/CAM00218.jpg\",\"contentUrl\":\"https:\/\/deltaturistic.com\/wp-content\/uploads\/2015\/12\/CAM00218.jpg\",\"width\":1536,\"height\":2048},{\"@type\":\"BreadcrumbList\",\"@id\":\"https:\/\/deltaturistic.com\/en\/paquets-turistics\/arros-creatiu-bayo\/#breadcrumb\",\"itemListElement\":[{\"@type\":\"ListItem\",\"position\":1,\"name\":\"Inici\",\"item\":\"https:\/\/deltaturistic.com\/en\/\"},{\"@type\":\"ListItem\",\"position\":2,\"name\":\"Productes tur\u00edstics\",\"item\":\"https:\/\/deltaturistic.com\/paquets-turistics\/\"},{\"@type\":\"ListItem\",\"position\":3,\"name\":\"arr\u00f2s creatiu Bayo\"}]},{\"@type\":\"WebSite\",\"@id\":\"https:\/\/deltaturistic.com\/en\/#website\",\"url\":\"https:\/\/deltaturistic.com\/en\/\",\"name\":\"Deltaturistic turisme, excursions i esports d&#039;aventura al delta de l&#039;Ebre\",\"description\":\"Ag\u00e8ncia de Viatges Deltaturistic\",\"potentialAction\":[{\"@type\":\"SearchAction\",\"target\":{\"@type\":\"EntryPoint\",\"urlTemplate\":\"https:\/\/deltaturistic.com\/en\/?s={search_term_string}\"},\"query-input\":{\"@type\":\"PropertyValueSpecification\",\"valueRequired\":true,\"valueName\":\"search_term_string\"}}],\"inLanguage\":\"en-US\"}]}<\/script>\n<!-- \/ Yoast SEO plugin. -->","yoast_head_json":{"title":"arr\u00f2s creatiu Bayo - Deltaturistic turisme, excursions i esports d&#039;aventura al delta de l&#039;Ebre","description":"L'arr\u00f2s creatiu Bayo \u00e9s una mescla d\u2019arr\u00f2s llarg i arr\u00f2s salvatge, ideal per acompanyar peixos o amanides","robots":{"index":"index","follow":"follow","max-snippet":"max-snippet:-1","max-image-preview":"max-image-preview:large","max-video-preview":"max-video-preview:-1"},"canonical":"https:\/\/deltaturistic.com\/en\/paquets-turistics\/arros-creatiu-bayo\/","schema":{"@context":"https:\/\/schema.org","@graph":[{"@type":"WebPage","@id":"https:\/\/deltaturistic.com\/en\/paquets-turistics\/arros-creatiu-bayo\/","url":"https:\/\/deltaturistic.com\/en\/paquets-turistics\/arros-creatiu-bayo\/","name":"arr\u00f2s creatiu Bayo - Deltaturistic turisme, excursions i esports d&#039;aventura al delta de l&#039;Ebre","isPartOf":{"@id":"https:\/\/deltaturistic.com\/en\/#website"},"primaryImageOfPage":{"@id":"https:\/\/deltaturistic.com\/en\/paquets-turistics\/arros-creatiu-bayo\/#primaryimage"},"image":{"@id":"https:\/\/deltaturistic.com\/en\/paquets-turistics\/arros-creatiu-bayo\/#primaryimage"},"thumbnailUrl":"https:\/\/deltaturistic.com\/wp-content\/uploads\/2015\/12\/CAM00218.jpg","datePublished":"2016-01-19T17:55:54+00:00","dateModified":"2016-02-23T12:00:32+00:00","description":"L'arr\u00f2s creatiu Bayo \u00e9s una mescla d\u2019arr\u00f2s llarg i arr\u00f2s salvatge, ideal per acompanyar peixos o amanides","breadcrumb":{"@id":"https:\/\/deltaturistic.com\/en\/paquets-turistics\/arros-creatiu-bayo\/#breadcrumb"},"inLanguage":"en-US","potentialAction":[{"@type":"ReadAction","target":["https:\/\/deltaturistic.com\/en\/paquets-turistics\/arros-creatiu-bayo\/"]}]},{"@type":"ImageObject","inLanguage":"en-US","@id":"https:\/\/deltaturistic.com\/en\/paquets-turistics\/arros-creatiu-bayo\/#primaryimage","url":"https:\/\/deltaturistic.com\/wp-content\/uploads\/2015\/12\/CAM00218.jpg","contentUrl":"https:\/\/deltaturistic.com\/wp-content\/uploads\/2015\/12\/CAM00218.jpg","width":1536,"height":2048},{"@type":"BreadcrumbList","@id":"https:\/\/deltaturistic.com\/en\/paquets-turistics\/arros-creatiu-bayo\/#breadcrumb","itemListElement":[{"@type":"ListItem","position":1,"name":"Inici","item":"https:\/\/deltaturistic.com\/en\/"},{"@type":"ListItem","position":2,"name":"Productes tur\u00edstics","item":"https:\/\/deltaturistic.com\/paquets-turistics\/"},{"@type":"ListItem","position":3,"name":"arr\u00f2s creatiu Bayo"}]},{"@type":"WebSite","@id":"https:\/\/deltaturistic.com\/en\/#website","url":"https:\/\/deltaturistic.com\/en\/","name":"Deltaturistic turisme, excursions i esports d&#039;aventura al delta de l&#039;Ebre","description":"Ag\u00e8ncia de Viatges Deltaturistic","potentialAction":[{"@type":"SearchAction","target":{"@type":"EntryPoint","urlTemplate":"https:\/\/deltaturistic.com\/en\/?s={search_term_string}"},"query-input":{"@type":"PropertyValueSpecification","valueRequired":true,"valueName":"search_term_string"}}],"inLanguage":"en-US"}]}},"_links":{"self":[{"href":"https:\/\/deltaturistic.com\/en\/wp-json\/wp\/v2\/product\/6734","targetHints":{"allow":["GET"]}}],"collection":[{"href":"https:\/\/deltaturistic.com\/en\/wp-json\/wp\/v2\/product"}],"about":[{"href":"https:\/\/deltaturistic.com\/en\/wp-json\/wp\/v2\/types\/product"}],"wp:featuredmedia":[{"embeddable":true,"href":"https:\/\/deltaturistic.com\/en\/wp-json\/wp\/v2\/media\/6104"}],"wp:attachment":[{"href":"https:\/\/deltaturistic.com\/en\/wp-json\/wp\/v2\/media?parent=6734"}],"wp:term":[{"taxonomy":"product_brand","embeddable":true,"href":"https:\/\/deltaturistic.com\/en\/wp-json\/wp\/v2\/product_brand?post=6734"},{"taxonomy":"product_cat","embeddable":true,"href":"https:\/\/deltaturistic.com\/en\/wp-json\/wp\/v2\/product_cat?post=6734"},{"taxonomy":"product_tag","embeddable":true,"href":"https:\/\/deltaturistic.com\/en\/wp-json\/wp\/v2\/product_tag?post=6734"}],"curies":[{"name":"wp","href":"https:\/\/api.w.org\/{rel}","templated":true}]}}