{"id":6735,"date":"2016-01-19T19:01:47","date_gmt":"2016-01-19T18:01:47","guid":{"rendered":"http:\/\/www.deltaturistic.com\/?post_type=product&#038;p=6735"},"modified":"2016-01-19T19:03:41","modified_gmt":"2016-01-19T18:03:41","slug":"pack-mel-muntanya-muria","status":"publish","type":"product","link":"https:\/\/deltaturistic.com\/en\/paquets-turistics\/pack-mel-muntanya-muria\/","title":{"rendered":"pack mel muntanya Muria"},"content":{"rendered":"<p>Pack 4 mels de muntanya en estoig de fusta . 200 gr (50 gr c\/u)<\/p>\n<p>Aquesta mel s\u2019extrau de les arnes situades a les muntanyes. Caracter\u00edstiques :<\/p>\n<p>Bruc : de color fosc caoba amb tonalitats rogences, d\u2019aroma intens i persistent, i sabor peculiar.<\/p>\n<p>Alta muntanya : mel recollida per les abelles en els terrenys on dominen les flors de muntanya, en altures superiors a uns 1000 m i amb dominaci\u00f3 de flors silvestres. De color \u00e0mbar m\u00e9s o menys fosc i un aroma intens i persistent (semblant al que hi ha als boscos de tardor), i gust pronunciat.<\/p>\n<p>Alzina : de color \u00e0mbar molt fosc, quasi negre, aroma intens a malta, \u00e9s una mel amb ess\u00e8ncies de resines naturals.<\/p>\n<p>Eucaliptus : Color terr\u00f3s i verd\u00f3s, \u00e0mbar m\u00e9s o menys clar. Aroma intens, agradable i persistent semblant a la fusta mullada. Gust dol\u00e7 amb lleugeres notes \u00e0cides.<\/p>\n","protected":false},"excerpt":{"rendered":"<p>ideal per degustacions i\/\u00f3 regalar<\/p>\n","protected":false},"featured_media":6059,"template":"","meta":[],"product_brand":[],"product_cat":[635],"product_tag":[],"class_list":{"0":"post-6735","1":"product","2":"type-product","3":"status-publish","4":"has-post-thumbnail","6":"product_cat-menjar-tipic-delta-ebre","8":"first","9":"instock","10":"shipping-taxable","11":"purchasable","12":"product-type-simple"},"yoast_head":"<!-- This site is optimized with the Yoast SEO plugin v27.1.1 - https:\/\/yoast.com\/product\/yoast-seo-wordpress\/ -->\n<title>pack mel muntanya Muria - Deltaturistic turisme, excursions i esports d&#039;aventura al delta de l&#039;Ebre<\/title>\n<meta name=\"description\" content=\"mel extreta dels arbustos que viuen a la muntanya, cont\u00e9 propietats regeneradores i fortificants.\" \/>\n<meta name=\"robots\" content=\"index, follow, max-snippet:-1, max-image-preview:large, max-video-preview:-1\" \/>\n<link rel=\"canonical\" href=\"https:\/\/deltaturistic.com\/en\/paquets-turistics\/pack-mel-muntanya-muria\/\" \/>\n<meta name=\"twitter:label1\" content=\"Est. reading time\" \/>\n\t<meta name=\"twitter:data1\" content=\"1 minute\" \/>\n<script type=\"application\/ld+json\" class=\"yoast-schema-graph\">{\"@context\":\"https:\/\/schema.org\",\"@graph\":[{\"@type\":\"WebPage\",\"@id\":\"https:\/\/deltaturistic.com\/en\/paquets-turistics\/pack-mel-muntanya-muria\/\",\"url\":\"https:\/\/deltaturistic.com\/en\/paquets-turistics\/pack-mel-muntanya-muria\/\",\"name\":\"pack mel muntanya Muria - Deltaturistic turisme, excursions i esports d&#039;aventura al delta de l&#039;Ebre\",\"isPartOf\":{\"@id\":\"https:\/\/deltaturistic.com\/en\/#website\"},\"primaryImageOfPage\":{\"@id\":\"https:\/\/deltaturistic.com\/en\/paquets-turistics\/pack-mel-muntanya-muria\/#primaryimage\"},\"image\":{\"@id\":\"https:\/\/deltaturistic.com\/en\/paquets-turistics\/pack-mel-muntanya-muria\/#primaryimage\"},\"thumbnailUrl\":\"https:\/\/deltaturistic.com\/wp-content\/uploads\/2015\/12\/CAM00203.jpg\",\"datePublished\":\"2016-01-19T18:01:47+00:00\",\"dateModified\":\"2016-01-19T18:03:41+00:00\",\"description\":\"mel extreta dels arbustos que viuen a la muntanya, cont\u00e9 propietats regeneradores i fortificants.\",\"breadcrumb\":{\"@id\":\"https:\/\/deltaturistic.com\/en\/paquets-turistics\/pack-mel-muntanya-muria\/#breadcrumb\"},\"inLanguage\":\"en-US\",\"potentialAction\":[{\"@type\":\"ReadAction\",\"target\":[\"https:\/\/deltaturistic.com\/en\/paquets-turistics\/pack-mel-muntanya-muria\/\"]}]},{\"@type\":\"ImageObject\",\"inLanguage\":\"en-US\",\"@id\":\"https:\/\/deltaturistic.com\/en\/paquets-turistics\/pack-mel-muntanya-muria\/#primaryimage\",\"url\":\"https:\/\/deltaturistic.com\/wp-content\/uploads\/2015\/12\/CAM00203.jpg\",\"contentUrl\":\"https:\/\/deltaturistic.com\/wp-content\/uploads\/2015\/12\/CAM00203.jpg\",\"width\":2048,\"height\":1536},{\"@type\":\"BreadcrumbList\",\"@id\":\"https:\/\/deltaturistic.com\/en\/paquets-turistics\/pack-mel-muntanya-muria\/#breadcrumb\",\"itemListElement\":[{\"@type\":\"ListItem\",\"position\":1,\"name\":\"Inici\",\"item\":\"https:\/\/deltaturistic.com\/en\/\"},{\"@type\":\"ListItem\",\"position\":2,\"name\":\"Productes tur\u00edstics\",\"item\":\"https:\/\/deltaturistic.com\/paquets-turistics\/\"},{\"@type\":\"ListItem\",\"position\":3,\"name\":\"pack mel muntanya Muria\"}]},{\"@type\":\"WebSite\",\"@id\":\"https:\/\/deltaturistic.com\/en\/#website\",\"url\":\"https:\/\/deltaturistic.com\/en\/\",\"name\":\"Deltaturistic turisme, excursions i esports d&#039;aventura al delta de l&#039;Ebre\",\"description\":\"Ag\u00e8ncia de Viatges Deltaturistic\",\"potentialAction\":[{\"@type\":\"SearchAction\",\"target\":{\"@type\":\"EntryPoint\",\"urlTemplate\":\"https:\/\/deltaturistic.com\/en\/?s={search_term_string}\"},\"query-input\":{\"@type\":\"PropertyValueSpecification\",\"valueRequired\":true,\"valueName\":\"search_term_string\"}}],\"inLanguage\":\"en-US\"}]}<\/script>\n<!-- \/ Yoast SEO plugin. -->","yoast_head_json":{"title":"pack mel muntanya Muria - Deltaturistic turisme, excursions i esports d&#039;aventura al delta de l&#039;Ebre","description":"mel extreta dels arbustos que viuen a la muntanya, cont\u00e9 propietats regeneradores i fortificants.","robots":{"index":"index","follow":"follow","max-snippet":"max-snippet:-1","max-image-preview":"max-image-preview:large","max-video-preview":"max-video-preview:-1"},"canonical":"https:\/\/deltaturistic.com\/en\/paquets-turistics\/pack-mel-muntanya-muria\/","twitter_misc":{"Est. reading time":"1 minute"},"schema":{"@context":"https:\/\/schema.org","@graph":[{"@type":"WebPage","@id":"https:\/\/deltaturistic.com\/en\/paquets-turistics\/pack-mel-muntanya-muria\/","url":"https:\/\/deltaturistic.com\/en\/paquets-turistics\/pack-mel-muntanya-muria\/","name":"pack mel muntanya Muria - Deltaturistic turisme, excursions i esports d&#039;aventura al delta de l&#039;Ebre","isPartOf":{"@id":"https:\/\/deltaturistic.com\/en\/#website"},"primaryImageOfPage":{"@id":"https:\/\/deltaturistic.com\/en\/paquets-turistics\/pack-mel-muntanya-muria\/#primaryimage"},"image":{"@id":"https:\/\/deltaturistic.com\/en\/paquets-turistics\/pack-mel-muntanya-muria\/#primaryimage"},"thumbnailUrl":"https:\/\/deltaturistic.com\/wp-content\/uploads\/2015\/12\/CAM00203.jpg","datePublished":"2016-01-19T18:01:47+00:00","dateModified":"2016-01-19T18:03:41+00:00","description":"mel extreta dels arbustos que viuen a la muntanya, cont\u00e9 propietats regeneradores i fortificants.","breadcrumb":{"@id":"https:\/\/deltaturistic.com\/en\/paquets-turistics\/pack-mel-muntanya-muria\/#breadcrumb"},"inLanguage":"en-US","potentialAction":[{"@type":"ReadAction","target":["https:\/\/deltaturistic.com\/en\/paquets-turistics\/pack-mel-muntanya-muria\/"]}]},{"@type":"ImageObject","inLanguage":"en-US","@id":"https:\/\/deltaturistic.com\/en\/paquets-turistics\/pack-mel-muntanya-muria\/#primaryimage","url":"https:\/\/deltaturistic.com\/wp-content\/uploads\/2015\/12\/CAM00203.jpg","contentUrl":"https:\/\/deltaturistic.com\/wp-content\/uploads\/2015\/12\/CAM00203.jpg","width":2048,"height":1536},{"@type":"BreadcrumbList","@id":"https:\/\/deltaturistic.com\/en\/paquets-turistics\/pack-mel-muntanya-muria\/#breadcrumb","itemListElement":[{"@type":"ListItem","position":1,"name":"Inici","item":"https:\/\/deltaturistic.com\/en\/"},{"@type":"ListItem","position":2,"name":"Productes tur\u00edstics","item":"https:\/\/deltaturistic.com\/paquets-turistics\/"},{"@type":"ListItem","position":3,"name":"pack mel muntanya Muria"}]},{"@type":"WebSite","@id":"https:\/\/deltaturistic.com\/en\/#website","url":"https:\/\/deltaturistic.com\/en\/","name":"Deltaturistic turisme, excursions i esports d&#039;aventura al delta de l&#039;Ebre","description":"Ag\u00e8ncia de Viatges Deltaturistic","potentialAction":[{"@type":"SearchAction","target":{"@type":"EntryPoint","urlTemplate":"https:\/\/deltaturistic.com\/en\/?s={search_term_string}"},"query-input":{"@type":"PropertyValueSpecification","valueRequired":true,"valueName":"search_term_string"}}],"inLanguage":"en-US"}]}},"_links":{"self":[{"href":"https:\/\/deltaturistic.com\/en\/wp-json\/wp\/v2\/product\/6735","targetHints":{"allow":["GET"]}}],"collection":[{"href":"https:\/\/deltaturistic.com\/en\/wp-json\/wp\/v2\/product"}],"about":[{"href":"https:\/\/deltaturistic.com\/en\/wp-json\/wp\/v2\/types\/product"}],"wp:featuredmedia":[{"embeddable":true,"href":"https:\/\/deltaturistic.com\/en\/wp-json\/wp\/v2\/media\/6059"}],"wp:attachment":[{"href":"https:\/\/deltaturistic.com\/en\/wp-json\/wp\/v2\/media?parent=6735"}],"wp:term":[{"taxonomy":"product_brand","embeddable":true,"href":"https:\/\/deltaturistic.com\/en\/wp-json\/wp\/v2\/product_brand?post=6735"},{"taxonomy":"product_cat","embeddable":true,"href":"https:\/\/deltaturistic.com\/en\/wp-json\/wp\/v2\/product_cat?post=6735"},{"taxonomy":"product_tag","embeddable":true,"href":"https:\/\/deltaturistic.com\/en\/wp-json\/wp\/v2\/product_tag?post=6735"}],"curies":[{"name":"wp","href":"https:\/\/api.w.org\/{rel}","templated":true}]}}