{"id":6809,"date":"2016-02-08T17:37:57","date_gmt":"2016-02-08T16:37:57","guid":{"rendered":"http:\/\/www.deltaturistic.com\/?post_type=product&#038;p=6809"},"modified":"2016-02-08T18:46:40","modified_gmt":"2016-02-08T17:46:40","slug":"oli-doliva","status":"publish","type":"product","link":"https:\/\/deltaturistic.com\/en\/paquets-turistics\/oli-doliva\/","title":{"rendered":"oli d&#8217;oliva"},"content":{"rendered":"<p>L\u2019oli d\u2019oliva Cal Viudo \u00e9s un oli trepitjat amb rodets de pedra, premsat en fred, de primera i \u00fanica extracci\u00f3. Est\u00e0 elaborat tradicionalment sense filtrar, conservant les seves propietats i atributs. \u00a0Ampolla vidre \u00bd l.<\/p>\n<p>&nbsp;<\/p>\n","protected":false},"excerpt":{"rendered":"<p>L\u2019oli d\u2019oliva Cal Viudo \u00e9s un oli trepitjat amb rodets de pedra, premsat en fred, de primera i \u00fanica extracci\u00f3. Est\u00e0 elaborat tradicionalment sense filtrar, conservant les seves propietats i atributs. \u00a0Ampolla vidre \u00bd l. &nbsp;<\/p>\n","protected":false},"featured_media":6563,"template":"","meta":[],"product_brand":[],"product_cat":[635],"product_tag":[],"class_list":{"0":"post-6809","1":"product","2":"type-product","3":"status-publish","4":"has-post-thumbnail","6":"product_cat-menjar-tipic-delta-ebre","8":"first","9":"instock","10":"shipping-taxable","11":"purchasable","12":"product-type-simple"},"yoast_head":"<!-- This site is optimized with the Yoast SEO plugin v27.1.1 - https:\/\/yoast.com\/product\/yoast-seo-wordpress\/ -->\n<title>oli d&#039;oliva - Deltaturistic turisme, excursions i esports d&#039;aventura al delta de l&#039;Ebre<\/title>\n<meta name=\"description\" content=\"L&#039;oli d&#039;oliva Cal Viudo est\u00e0 elaborat sense filtrar, conservant aix\u00ed les seves propietats i atributs\" \/>\n<meta name=\"robots\" content=\"index, follow, max-snippet:-1, max-image-preview:large, max-video-preview:-1\" \/>\n<link rel=\"canonical\" href=\"https:\/\/deltaturistic.com\/en\/paquets-turistics\/oli-doliva\/\" \/>\n<script type=\"application\/ld+json\" class=\"yoast-schema-graph\">{\"@context\":\"https:\/\/schema.org\",\"@graph\":[{\"@type\":\"WebPage\",\"@id\":\"https:\/\/deltaturistic.com\/en\/paquets-turistics\/oli-doliva\/\",\"url\":\"https:\/\/deltaturistic.com\/en\/paquets-turistics\/oli-doliva\/\",\"name\":\"oli d'oliva - Deltaturistic turisme, excursions i esports d&#039;aventura al delta de l&#039;Ebre\",\"isPartOf\":{\"@id\":\"https:\/\/deltaturistic.com\/en\/#website\"},\"primaryImageOfPage\":{\"@id\":\"https:\/\/deltaturistic.com\/en\/paquets-turistics\/oli-doliva\/#primaryimage\"},\"image\":{\"@id\":\"https:\/\/deltaturistic.com\/en\/paquets-turistics\/oli-doliva\/#primaryimage\"},\"thumbnailUrl\":\"https:\/\/deltaturistic.com\/wp-content\/uploads\/2015\/12\/CAM002881.jpg\",\"datePublished\":\"2016-02-08T16:37:57+00:00\",\"dateModified\":\"2016-02-08T17:46:40+00:00\",\"description\":\"L'oli d'oliva Cal Viudo est\u00e0 elaborat sense filtrar, conservant aix\u00ed les seves propietats i atributs\",\"breadcrumb\":{\"@id\":\"https:\/\/deltaturistic.com\/en\/paquets-turistics\/oli-doliva\/#breadcrumb\"},\"inLanguage\":\"en-US\",\"potentialAction\":[{\"@type\":\"ReadAction\",\"target\":[\"https:\/\/deltaturistic.com\/en\/paquets-turistics\/oli-doliva\/\"]}]},{\"@type\":\"ImageObject\",\"inLanguage\":\"en-US\",\"@id\":\"https:\/\/deltaturistic.com\/en\/paquets-turistics\/oli-doliva\/#primaryimage\",\"url\":\"https:\/\/deltaturistic.com\/wp-content\/uploads\/2015\/12\/CAM002881.jpg\",\"contentUrl\":\"https:\/\/deltaturistic.com\/wp-content\/uploads\/2015\/12\/CAM002881.jpg\",\"width\":1536,\"height\":2048},{\"@type\":\"BreadcrumbList\",\"@id\":\"https:\/\/deltaturistic.com\/en\/paquets-turistics\/oli-doliva\/#breadcrumb\",\"itemListElement\":[{\"@type\":\"ListItem\",\"position\":1,\"name\":\"Inici\",\"item\":\"https:\/\/deltaturistic.com\/en\/\"},{\"@type\":\"ListItem\",\"position\":2,\"name\":\"Productes tur\u00edstics\",\"item\":\"https:\/\/deltaturistic.com\/paquets-turistics\/\"},{\"@type\":\"ListItem\",\"position\":3,\"name\":\"oli d&#8217;oliva\"}]},{\"@type\":\"WebSite\",\"@id\":\"https:\/\/deltaturistic.com\/en\/#website\",\"url\":\"https:\/\/deltaturistic.com\/en\/\",\"name\":\"Deltaturistic turisme, excursions i esports d&#039;aventura al delta de l&#039;Ebre\",\"description\":\"Ag\u00e8ncia de Viatges Deltaturistic\",\"potentialAction\":[{\"@type\":\"SearchAction\",\"target\":{\"@type\":\"EntryPoint\",\"urlTemplate\":\"https:\/\/deltaturistic.com\/en\/?s={search_term_string}\"},\"query-input\":{\"@type\":\"PropertyValueSpecification\",\"valueRequired\":true,\"valueName\":\"search_term_string\"}}],\"inLanguage\":\"en-US\"}]}<\/script>\n<!-- \/ Yoast SEO plugin. -->","yoast_head_json":{"title":"oli d'oliva - Deltaturistic turisme, excursions i esports d&#039;aventura al delta de l&#039;Ebre","description":"L'oli d'oliva Cal Viudo est\u00e0 elaborat sense filtrar, conservant aix\u00ed les seves propietats i atributs","robots":{"index":"index","follow":"follow","max-snippet":"max-snippet:-1","max-image-preview":"max-image-preview:large","max-video-preview":"max-video-preview:-1"},"canonical":"https:\/\/deltaturistic.com\/en\/paquets-turistics\/oli-doliva\/","schema":{"@context":"https:\/\/schema.org","@graph":[{"@type":"WebPage","@id":"https:\/\/deltaturistic.com\/en\/paquets-turistics\/oli-doliva\/","url":"https:\/\/deltaturistic.com\/en\/paquets-turistics\/oli-doliva\/","name":"oli d'oliva - Deltaturistic turisme, excursions i esports d&#039;aventura al delta de l&#039;Ebre","isPartOf":{"@id":"https:\/\/deltaturistic.com\/en\/#website"},"primaryImageOfPage":{"@id":"https:\/\/deltaturistic.com\/en\/paquets-turistics\/oli-doliva\/#primaryimage"},"image":{"@id":"https:\/\/deltaturistic.com\/en\/paquets-turistics\/oli-doliva\/#primaryimage"},"thumbnailUrl":"https:\/\/deltaturistic.com\/wp-content\/uploads\/2015\/12\/CAM002881.jpg","datePublished":"2016-02-08T16:37:57+00:00","dateModified":"2016-02-08T17:46:40+00:00","description":"L'oli d'oliva Cal Viudo est\u00e0 elaborat sense filtrar, conservant aix\u00ed les seves propietats i atributs","breadcrumb":{"@id":"https:\/\/deltaturistic.com\/en\/paquets-turistics\/oli-doliva\/#breadcrumb"},"inLanguage":"en-US","potentialAction":[{"@type":"ReadAction","target":["https:\/\/deltaturistic.com\/en\/paquets-turistics\/oli-doliva\/"]}]},{"@type":"ImageObject","inLanguage":"en-US","@id":"https:\/\/deltaturistic.com\/en\/paquets-turistics\/oli-doliva\/#primaryimage","url":"https:\/\/deltaturistic.com\/wp-content\/uploads\/2015\/12\/CAM002881.jpg","contentUrl":"https:\/\/deltaturistic.com\/wp-content\/uploads\/2015\/12\/CAM002881.jpg","width":1536,"height":2048},{"@type":"BreadcrumbList","@id":"https:\/\/deltaturistic.com\/en\/paquets-turistics\/oli-doliva\/#breadcrumb","itemListElement":[{"@type":"ListItem","position":1,"name":"Inici","item":"https:\/\/deltaturistic.com\/en\/"},{"@type":"ListItem","position":2,"name":"Productes tur\u00edstics","item":"https:\/\/deltaturistic.com\/paquets-turistics\/"},{"@type":"ListItem","position":3,"name":"oli d&#8217;oliva"}]},{"@type":"WebSite","@id":"https:\/\/deltaturistic.com\/en\/#website","url":"https:\/\/deltaturistic.com\/en\/","name":"Deltaturistic turisme, excursions i esports d&#039;aventura al delta de l&#039;Ebre","description":"Ag\u00e8ncia de Viatges Deltaturistic","potentialAction":[{"@type":"SearchAction","target":{"@type":"EntryPoint","urlTemplate":"https:\/\/deltaturistic.com\/en\/?s={search_term_string}"},"query-input":{"@type":"PropertyValueSpecification","valueRequired":true,"valueName":"search_term_string"}}],"inLanguage":"en-US"}]}},"_links":{"self":[{"href":"https:\/\/deltaturistic.com\/en\/wp-json\/wp\/v2\/product\/6809","targetHints":{"allow":["GET"]}}],"collection":[{"href":"https:\/\/deltaturistic.com\/en\/wp-json\/wp\/v2\/product"}],"about":[{"href":"https:\/\/deltaturistic.com\/en\/wp-json\/wp\/v2\/types\/product"}],"wp:featuredmedia":[{"embeddable":true,"href":"https:\/\/deltaturistic.com\/en\/wp-json\/wp\/v2\/media\/6563"}],"wp:attachment":[{"href":"https:\/\/deltaturistic.com\/en\/wp-json\/wp\/v2\/media?parent=6809"}],"wp:term":[{"taxonomy":"product_brand","embeddable":true,"href":"https:\/\/deltaturistic.com\/en\/wp-json\/wp\/v2\/product_brand?post=6809"},{"taxonomy":"product_cat","embeddable":true,"href":"https:\/\/deltaturistic.com\/en\/wp-json\/wp\/v2\/product_cat?post=6809"},{"taxonomy":"product_tag","embeddable":true,"href":"https:\/\/deltaturistic.com\/en\/wp-json\/wp\/v2\/product_tag?post=6809"}],"curies":[{"name":"wp","href":"https:\/\/api.w.org\/{rel}","templated":true}]}}