{"id":6820,"date":"2016-02-08T19:18:42","date_gmt":"2016-02-08T18:18:42","guid":{"rendered":"http:\/\/www.deltaturistic.com\/?post_type=product&#038;p=6820"},"modified":"2020-03-26T02:21:03","modified_gmt":"2020-03-26T01:21:03","slug":"licor-crema-darros","status":"publish","type":"product","link":"https:\/\/deltaturistic.com\/en\/paquets-turistics\/licor-crema-darros\/","title":{"rendered":"licor crema d&#8217;arr\u00f2s"},"content":{"rendered":"<p>El licor de crema d\u2019arr\u00f2s \u00e9s una beguda ideal per a postres, per prendre amb fruits secs i pastes, etc. Amb entrada molt suau i dol\u00e7a, on es noten els gustos a canyella, llimona, llet i arr\u00f2s, i de gran pot\u00e8ncia arom\u00e0tica, ric per\u00f2 a la vegada subtil, el final en boca deixa un regust al t\u00edpic arr\u00f2s amb llet, amb un toc diferent degut al 17% d&#8217;alcohol. Provinent de la fermentaci\u00f3 de l&#8217;arr\u00f2s produ\u00eft al Delta de l&#8217;Ebre. \u00a0Ampolla vidre 700 ml.<\/p>\n","protected":false},"excerpt":{"rendered":"<p>El licor de crema d\u2019arr\u00f2s \u00e9s una beguda ideal per a postres, per prendre amb fruits secs i pastes, etc. Amb entrada molt suau i dol\u00e7a, on es noten els gustos a canyella, llimona, llet i arr\u00f2s, i de gran pot\u00e8ncia arom\u00e0tica, ric per\u00f2 a la vegada subtil, el final en boca deixa un regust [&hellip;]<\/p>\n","protected":false},"featured_media":5993,"template":"","meta":[],"product_brand":[],"product_cat":[640],"product_tag":[],"class_list":{"0":"post-6820","1":"product","2":"type-product","3":"status-publish","4":"has-post-thumbnail","6":"product_cat-beure","8":"first","9":"instock","10":"shipping-taxable","11":"purchasable","12":"product-type-simple"},"yoast_head":"<!-- This site is optimized with the Yoast SEO plugin v27.1.1 - https:\/\/yoast.com\/product\/yoast-seo-wordpress\/ -->\n<title>licor crema d&#039;arr\u00f2s - Deltaturistic turisme, excursions i esports d&#039;aventura al delta de l&#039;Ebre<\/title>\n<meta name=\"description\" content=\"el licor de crema d&#039;arr\u00f2s prov\u00e9 del Delta de l&#039;Ebre, i \u00e9s una beguda alcoh\u00f2lica dol\u00e7a i fina\" \/>\n<meta name=\"robots\" content=\"index, follow, max-snippet:-1, max-image-preview:large, max-video-preview:-1\" \/>\n<link rel=\"canonical\" href=\"https:\/\/deltaturistic.com\/en\/paquets-turistics\/licor-crema-darros\/\" \/>\n<script type=\"application\/ld+json\" class=\"yoast-schema-graph\">{\"@context\":\"https:\/\/schema.org\",\"@graph\":[{\"@type\":\"WebPage\",\"@id\":\"https:\/\/deltaturistic.com\/en\/paquets-turistics\/licor-crema-darros\/\",\"url\":\"https:\/\/deltaturistic.com\/en\/paquets-turistics\/licor-crema-darros\/\",\"name\":\"licor crema d'arr\u00f2s - Deltaturistic turisme, excursions i esports d&#039;aventura al delta de l&#039;Ebre\",\"isPartOf\":{\"@id\":\"https:\/\/deltaturistic.com\/en\/#website\"},\"primaryImageOfPage\":{\"@id\":\"https:\/\/deltaturistic.com\/en\/paquets-turistics\/licor-crema-darros\/#primaryimage\"},\"image\":{\"@id\":\"https:\/\/deltaturistic.com\/en\/paquets-turistics\/licor-crema-darros\/#primaryimage\"},\"thumbnailUrl\":\"https:\/\/deltaturistic.com\/wp-content\/uploads\/2015\/12\/CAM00181.jpg\",\"datePublished\":\"2016-02-08T18:18:42+00:00\",\"dateModified\":\"2020-03-26T01:21:03+00:00\",\"description\":\"el licor de crema d'arr\u00f2s prov\u00e9 del Delta de l'Ebre, i \u00e9s una beguda alcoh\u00f2lica dol\u00e7a i fina\",\"breadcrumb\":{\"@id\":\"https:\/\/deltaturistic.com\/en\/paquets-turistics\/licor-crema-darros\/#breadcrumb\"},\"inLanguage\":\"en-US\",\"potentialAction\":[{\"@type\":\"ReadAction\",\"target\":[\"https:\/\/deltaturistic.com\/en\/paquets-turistics\/licor-crema-darros\/\"]}]},{\"@type\":\"ImageObject\",\"inLanguage\":\"en-US\",\"@id\":\"https:\/\/deltaturistic.com\/en\/paquets-turistics\/licor-crema-darros\/#primaryimage\",\"url\":\"https:\/\/deltaturistic.com\/wp-content\/uploads\/2015\/12\/CAM00181.jpg\",\"contentUrl\":\"https:\/\/deltaturistic.com\/wp-content\/uploads\/2015\/12\/CAM00181.jpg\",\"width\":1536,\"height\":2048},{\"@type\":\"BreadcrumbList\",\"@id\":\"https:\/\/deltaturistic.com\/en\/paquets-turistics\/licor-crema-darros\/#breadcrumb\",\"itemListElement\":[{\"@type\":\"ListItem\",\"position\":1,\"name\":\"Inici\",\"item\":\"https:\/\/deltaturistic.com\/en\/\"},{\"@type\":\"ListItem\",\"position\":2,\"name\":\"Productes tur\u00edstics\",\"item\":\"https:\/\/deltaturistic.com\/paquets-turistics\/\"},{\"@type\":\"ListItem\",\"position\":3,\"name\":\"licor crema d&#8217;arr\u00f2s\"}]},{\"@type\":\"WebSite\",\"@id\":\"https:\/\/deltaturistic.com\/en\/#website\",\"url\":\"https:\/\/deltaturistic.com\/en\/\",\"name\":\"Deltaturistic turisme, excursions i esports d&#039;aventura al delta de l&#039;Ebre\",\"description\":\"Ag\u00e8ncia de Viatges Deltaturistic\",\"potentialAction\":[{\"@type\":\"SearchAction\",\"target\":{\"@type\":\"EntryPoint\",\"urlTemplate\":\"https:\/\/deltaturistic.com\/en\/?s={search_term_string}\"},\"query-input\":{\"@type\":\"PropertyValueSpecification\",\"valueRequired\":true,\"valueName\":\"search_term_string\"}}],\"inLanguage\":\"en-US\"}]}<\/script>\n<!-- \/ Yoast SEO plugin. -->","yoast_head_json":{"title":"licor crema d'arr\u00f2s - Deltaturistic turisme, excursions i esports d&#039;aventura al delta de l&#039;Ebre","description":"el licor de crema d'arr\u00f2s prov\u00e9 del Delta de l'Ebre, i \u00e9s una beguda alcoh\u00f2lica dol\u00e7a i fina","robots":{"index":"index","follow":"follow","max-snippet":"max-snippet:-1","max-image-preview":"max-image-preview:large","max-video-preview":"max-video-preview:-1"},"canonical":"https:\/\/deltaturistic.com\/en\/paquets-turistics\/licor-crema-darros\/","schema":{"@context":"https:\/\/schema.org","@graph":[{"@type":"WebPage","@id":"https:\/\/deltaturistic.com\/en\/paquets-turistics\/licor-crema-darros\/","url":"https:\/\/deltaturistic.com\/en\/paquets-turistics\/licor-crema-darros\/","name":"licor crema d'arr\u00f2s - Deltaturistic turisme, excursions i esports d&#039;aventura al delta de l&#039;Ebre","isPartOf":{"@id":"https:\/\/deltaturistic.com\/en\/#website"},"primaryImageOfPage":{"@id":"https:\/\/deltaturistic.com\/en\/paquets-turistics\/licor-crema-darros\/#primaryimage"},"image":{"@id":"https:\/\/deltaturistic.com\/en\/paquets-turistics\/licor-crema-darros\/#primaryimage"},"thumbnailUrl":"https:\/\/deltaturistic.com\/wp-content\/uploads\/2015\/12\/CAM00181.jpg","datePublished":"2016-02-08T18:18:42+00:00","dateModified":"2020-03-26T01:21:03+00:00","description":"el licor de crema d'arr\u00f2s prov\u00e9 del Delta de l'Ebre, i \u00e9s una beguda alcoh\u00f2lica dol\u00e7a i fina","breadcrumb":{"@id":"https:\/\/deltaturistic.com\/en\/paquets-turistics\/licor-crema-darros\/#breadcrumb"},"inLanguage":"en-US","potentialAction":[{"@type":"ReadAction","target":["https:\/\/deltaturistic.com\/en\/paquets-turistics\/licor-crema-darros\/"]}]},{"@type":"ImageObject","inLanguage":"en-US","@id":"https:\/\/deltaturistic.com\/en\/paquets-turistics\/licor-crema-darros\/#primaryimage","url":"https:\/\/deltaturistic.com\/wp-content\/uploads\/2015\/12\/CAM00181.jpg","contentUrl":"https:\/\/deltaturistic.com\/wp-content\/uploads\/2015\/12\/CAM00181.jpg","width":1536,"height":2048},{"@type":"BreadcrumbList","@id":"https:\/\/deltaturistic.com\/en\/paquets-turistics\/licor-crema-darros\/#breadcrumb","itemListElement":[{"@type":"ListItem","position":1,"name":"Inici","item":"https:\/\/deltaturistic.com\/en\/"},{"@type":"ListItem","position":2,"name":"Productes tur\u00edstics","item":"https:\/\/deltaturistic.com\/paquets-turistics\/"},{"@type":"ListItem","position":3,"name":"licor crema d&#8217;arr\u00f2s"}]},{"@type":"WebSite","@id":"https:\/\/deltaturistic.com\/en\/#website","url":"https:\/\/deltaturistic.com\/en\/","name":"Deltaturistic turisme, excursions i esports d&#039;aventura al delta de l&#039;Ebre","description":"Ag\u00e8ncia de Viatges Deltaturistic","potentialAction":[{"@type":"SearchAction","target":{"@type":"EntryPoint","urlTemplate":"https:\/\/deltaturistic.com\/en\/?s={search_term_string}"},"query-input":{"@type":"PropertyValueSpecification","valueRequired":true,"valueName":"search_term_string"}}],"inLanguage":"en-US"}]}},"_links":{"self":[{"href":"https:\/\/deltaturistic.com\/en\/wp-json\/wp\/v2\/product\/6820","targetHints":{"allow":["GET"]}}],"collection":[{"href":"https:\/\/deltaturistic.com\/en\/wp-json\/wp\/v2\/product"}],"about":[{"href":"https:\/\/deltaturistic.com\/en\/wp-json\/wp\/v2\/types\/product"}],"wp:featuredmedia":[{"embeddable":true,"href":"https:\/\/deltaturistic.com\/en\/wp-json\/wp\/v2\/media\/5993"}],"wp:attachment":[{"href":"https:\/\/deltaturistic.com\/en\/wp-json\/wp\/v2\/media?parent=6820"}],"wp:term":[{"taxonomy":"product_brand","embeddable":true,"href":"https:\/\/deltaturistic.com\/en\/wp-json\/wp\/v2\/product_brand?post=6820"},{"taxonomy":"product_cat","embeddable":true,"href":"https:\/\/deltaturistic.com\/en\/wp-json\/wp\/v2\/product_cat?post=6820"},{"taxonomy":"product_tag","embeddable":true,"href":"https:\/\/deltaturistic.com\/en\/wp-json\/wp\/v2\/product_tag?post=6820"}],"curies":[{"name":"wp","href":"https:\/\/api.w.org\/{rel}","templated":true}]}}