{"id":1024,"date":"2014-02-21T10:07:53","date_gmt":"2014-02-21T09:07:53","guid":{"rendered":"http:\/\/www.deltaturistic.com\/alquileres\/altres-lloguers\/"},"modified":"2014-08-06T16:01:09","modified_gmt":"2014-08-06T15:01:09","slug":"otros-alquileres","status":"publish","type":"page","link":"https:\/\/deltaturistic.com\/es\/alquileres\/otros-alquileres\/","title":{"rendered":"Otros alquileres"},"content":{"rendered":"<p><img decoding=\"async\" class=\" wp-image-200 alignright\" src=\"http:\/\/www.deltaturistic.com\/wp-content\/uploads\/2014\/02\/windsurf-293x300.jpg\" alt=\"windsurf\" width=\"200\" srcset=\"https:\/\/deltaturistic.com\/wp-content\/uploads\/2014\/02\/windsurf-293x300.jpg 293w, https:\/\/deltaturistic.com\/wp-content\/uploads\/2014\/02\/windsurf-300x307.jpg 300w, https:\/\/deltaturistic.com\/wp-content\/uploads\/2014\/02\/windsurf.jpg 335w\" sizes=\"(max-width: 293px) 100vw, 293px\" \/><\/p>\n<h2>Otros alquileres<\/h2>\n<ul>\n<li>Alquiler de piraguas: 1,2 posibilidad ni\u00f1o 3<\/li>\n<li>Alquiler de tablas de windsurf.<\/li>\n<li>Alquiler de servicios de guia.<\/li>\n<li>Ca\u00f1as de pescar.<\/li>\n<li>P\u00eddenos informaci\u00f3n<\/li>\n<\/ul>\n<p>&nbsp;<\/p>\n<p>[ls_button color=\u00bbdefault\u00bb url=\u00bbhttp:\/\/www.deltaturistic.com\/es\/empresa\/contactar\/\u00bb title=\u00bbContactar\u00bb display=\u00bbblock\u00bb]Contactar[\/ls_button]<\/p>\n","protected":false},"excerpt":{"rendered":"<p>Otros alquileres Alquiler de piraguas: 1,2 posibilidad ni\u00f1o 3 Alquiler de tablas de windsurf. Alquiler de servicios de guia. Ca\u00f1as de pescar. P\u00eddenos informaci\u00f3n &nbsp; [ls_button color=\u00bbdefault\u00bb url=\u00bbhttp:\/\/www.deltaturistic.com\/es\/empresa\/contactar\/\u00bb title=\u00bbContactar\u00bb display=\u00bbblock\u00bb]Contactar[\/ls_button]<\/p>\n","protected":false},"author":2,"featured_media":0,"parent":980,"menu_order":7,"comment_status":"closed","ping_status":"closed","template":"","meta":{"footnotes":""},"class_list":["post-1024","page","type-page","status-publish","hentry"],"yoast_head":"<!-- This site is optimized with the Yoast SEO plugin v27.1.1 - https:\/\/yoast.com\/product\/yoast-seo-wordpress\/ -->\n<title>Otros alquileres - Turismo, excursiones y deportes de aventura en ell delta del Ebro<\/title>\n<meta name=\"robots\" content=\"index, follow, max-snippet:-1, max-image-preview:large, max-video-preview:-1\" \/>\n<link rel=\"canonical\" href=\"https:\/\/deltaturistic.com\/es\/alquileres\/otros-alquileres\/\" \/>\n<script type=\"application\/ld+json\" class=\"yoast-schema-graph\">{\"@context\":\"https:\/\/schema.org\",\"@graph\":[{\"@type\":\"WebPage\",\"@id\":\"https:\/\/deltaturistic.com\/es\/alquileres\/otros-alquileres\/\",\"url\":\"https:\/\/deltaturistic.com\/es\/alquileres\/otros-alquileres\/\",\"name\":\"Otros alquileres - Turismo, excursiones y deportes de aventura en ell delta del Ebro\",\"isPartOf\":{\"@id\":\"https:\/\/deltaturistic.com\/es\/#website\"},\"primaryImageOfPage\":{\"@id\":\"https:\/\/deltaturistic.com\/es\/alquileres\/otros-alquileres\/#primaryimage\"},\"image\":{\"@id\":\"https:\/\/deltaturistic.com\/es\/alquileres\/otros-alquileres\/#primaryimage\"},\"thumbnailUrl\":\"http:\/\/www.deltaturistic.com\/wp-content\/uploads\/2014\/02\/windsurf-293x300.jpg\",\"datePublished\":\"2014-02-21T09:07:53+00:00\",\"dateModified\":\"2014-08-06T15:01:09+00:00\",\"breadcrumb\":{\"@id\":\"https:\/\/deltaturistic.com\/es\/alquileres\/otros-alquileres\/#breadcrumb\"},\"inLanguage\":\"es\",\"potentialAction\":[{\"@type\":\"ReadAction\",\"target\":[\"https:\/\/deltaturistic.com\/es\/alquileres\/otros-alquileres\/\"]}]},{\"@type\":\"ImageObject\",\"inLanguage\":\"es\",\"@id\":\"https:\/\/deltaturistic.com\/es\/alquileres\/otros-alquileres\/#primaryimage\",\"url\":\"http:\/\/www.deltaturistic.com\/wp-content\/uploads\/2014\/02\/windsurf-293x300.jpg\",\"contentUrl\":\"http:\/\/www.deltaturistic.com\/wp-content\/uploads\/2014\/02\/windsurf-293x300.jpg\"},{\"@type\":\"BreadcrumbList\",\"@id\":\"https:\/\/deltaturistic.com\/es\/alquileres\/otros-alquileres\/#breadcrumb\",\"itemListElement\":[{\"@type\":\"ListItem\",\"position\":1,\"name\":\"Inici\",\"item\":\"https:\/\/deltaturistic.com\/es\/\"},{\"@type\":\"ListItem\",\"position\":2,\"name\":\"Alquileres\",\"item\":\"https:\/\/deltaturistic.com\/es\/alquileres\/\"},{\"@type\":\"ListItem\",\"position\":3,\"name\":\"Otros alquileres\"}]},{\"@type\":\"WebSite\",\"@id\":\"https:\/\/deltaturistic.com\/es\/#website\",\"url\":\"https:\/\/deltaturistic.com\/es\/\",\"name\":\"Turismo, excursiones y deportes de aventura en ell delta del Ebro\",\"description\":\"Turismo, excursiones y deportes de aventura en el delta del Ebro. Agencia de Viages Deltaturistic\",\"potentialAction\":[{\"@type\":\"SearchAction\",\"target\":{\"@type\":\"EntryPoint\",\"urlTemplate\":\"https:\/\/deltaturistic.com\/es\/?s={search_term_string}\"},\"query-input\":{\"@type\":\"PropertyValueSpecification\",\"valueRequired\":true,\"valueName\":\"search_term_string\"}}],\"inLanguage\":\"es\"}]}<\/script>\n<!-- \/ Yoast SEO plugin. -->","yoast_head_json":{"title":"Otros alquileres - Turismo, excursiones y deportes de aventura en ell delta del Ebro","robots":{"index":"index","follow":"follow","max-snippet":"max-snippet:-1","max-image-preview":"max-image-preview:large","max-video-preview":"max-video-preview:-1"},"canonical":"https:\/\/deltaturistic.com\/es\/alquileres\/otros-alquileres\/","schema":{"@context":"https:\/\/schema.org","@graph":[{"@type":"WebPage","@id":"https:\/\/deltaturistic.com\/es\/alquileres\/otros-alquileres\/","url":"https:\/\/deltaturistic.com\/es\/alquileres\/otros-alquileres\/","name":"Otros alquileres - Turismo, excursiones y deportes de aventura en ell delta del Ebro","isPartOf":{"@id":"https:\/\/deltaturistic.com\/es\/#website"},"primaryImageOfPage":{"@id":"https:\/\/deltaturistic.com\/es\/alquileres\/otros-alquileres\/#primaryimage"},"image":{"@id":"https:\/\/deltaturistic.com\/es\/alquileres\/otros-alquileres\/#primaryimage"},"thumbnailUrl":"http:\/\/www.deltaturistic.com\/wp-content\/uploads\/2014\/02\/windsurf-293x300.jpg","datePublished":"2014-02-21T09:07:53+00:00","dateModified":"2014-08-06T15:01:09+00:00","breadcrumb":{"@id":"https:\/\/deltaturistic.com\/es\/alquileres\/otros-alquileres\/#breadcrumb"},"inLanguage":"es","potentialAction":[{"@type":"ReadAction","target":["https:\/\/deltaturistic.com\/es\/alquileres\/otros-alquileres\/"]}]},{"@type":"ImageObject","inLanguage":"es","@id":"https:\/\/deltaturistic.com\/es\/alquileres\/otros-alquileres\/#primaryimage","url":"http:\/\/www.deltaturistic.com\/wp-content\/uploads\/2014\/02\/windsurf-293x300.jpg","contentUrl":"http:\/\/www.deltaturistic.com\/wp-content\/uploads\/2014\/02\/windsurf-293x300.jpg"},{"@type":"BreadcrumbList","@id":"https:\/\/deltaturistic.com\/es\/alquileres\/otros-alquileres\/#breadcrumb","itemListElement":[{"@type":"ListItem","position":1,"name":"Inici","item":"https:\/\/deltaturistic.com\/es\/"},{"@type":"ListItem","position":2,"name":"Alquileres","item":"https:\/\/deltaturistic.com\/es\/alquileres\/"},{"@type":"ListItem","position":3,"name":"Otros alquileres"}]},{"@type":"WebSite","@id":"https:\/\/deltaturistic.com\/es\/#website","url":"https:\/\/deltaturistic.com\/es\/","name":"Turismo, excursiones y deportes de aventura en ell delta del Ebro","description":"Turismo, excursiones y deportes de aventura en el delta del Ebro. Agencia de Viages Deltaturistic","potentialAction":[{"@type":"SearchAction","target":{"@type":"EntryPoint","urlTemplate":"https:\/\/deltaturistic.com\/es\/?s={search_term_string}"},"query-input":{"@type":"PropertyValueSpecification","valueRequired":true,"valueName":"search_term_string"}}],"inLanguage":"es"}]}},"_links":{"self":[{"href":"https:\/\/deltaturistic.com\/es\/wp-json\/wp\/v2\/pages\/1024","targetHints":{"allow":["GET"]}}],"collection":[{"href":"https:\/\/deltaturistic.com\/es\/wp-json\/wp\/v2\/pages"}],"about":[{"href":"https:\/\/deltaturistic.com\/es\/wp-json\/wp\/v2\/types\/page"}],"author":[{"embeddable":true,"href":"https:\/\/deltaturistic.com\/es\/wp-json\/wp\/v2\/users\/2"}],"replies":[{"embeddable":true,"href":"https:\/\/deltaturistic.com\/es\/wp-json\/wp\/v2\/comments?post=1024"}],"version-history":[{"count":2,"href":"https:\/\/deltaturistic.com\/es\/wp-json\/wp\/v2\/pages\/1024\/revisions"}],"predecessor-version":[{"id":1903,"href":"https:\/\/deltaturistic.com\/es\/wp-json\/wp\/v2\/pages\/1024\/revisions\/1903"}],"up":[{"embeddable":true,"href":"https:\/\/deltaturistic.com\/es\/wp-json\/wp\/v2\/pages\/980"}],"wp:attachment":[{"href":"https:\/\/deltaturistic.com\/es\/wp-json\/wp\/v2\/media?parent=1024"}],"curies":[{"name":"wp","href":"https:\/\/api.w.org\/{rel}","templated":true}]}}