{"id":851,"date":"2014-02-21T10:15:07","date_gmt":"2014-02-21T09:15:07","guid":{"rendered":"http:\/\/www.deltaturistic.com\/excursiones\/excursions-al-delta-de-l-ebre\/"},"modified":"2014-08-06T15:08:18","modified_gmt":"2014-08-06T14:08:18","slug":"excursiones-al-delta-del-ebro","status":"publish","type":"page","link":"https:\/\/deltaturistic.com\/es\/excursiones\/excursiones-al-delta-del-ebro\/","title":{"rendered":"Excursiones al delta del Ebro"},"content":{"rendered":"<h2>Excursiones al delta del Ebro<\/h2>\n<p><strong>Deltatur\u00edstic<\/strong>, se ha especializado en ofrecer un producto innovador, que consiste en dise\u00f1ar un paquete tur\u00edstico en funci\u00f3n de las necesidades de cada cliente.<\/p>\n<p>Garantiendo una serie de ventajas:<\/p>\n<p>Disponemos de <strong>servicios de\u00a0<\/strong><b>gu\u00edas<\/b>\u00a0de la zona, que nos podr\u00e1n transmitir conocimientos y vivencias propias, de forma que conozcamos realmente la cultura y la historia de esta zona, pero con la perspectiva de la \u00e9poca en que nos encontramos.<\/p>\n<p>Tambi\u00e9n haremos que entiendan y admiren la gente de esta zona, senzilla pero trabajadora, humilde pero con car\u00e1cter, distante pero cercana.<\/p>\n<p>Podreis visitar sitios \u00fanicos y llenos de encanto, que por uno mismo resultarian en muchas ocasiones dif\u00edciles de encontrar.<\/p>\n<p>Tambi\u00e9n queremos que disfruten de este entorno con la tranquilidad que se merecen, y por eso contamos con el soporte y respaldo de una agencia de viages, Viatges Delta Tur\u00edstic S.L. GC-1395.<\/p>\n<p>Y finalmente queremos que palpen la es\u00e9ncia y la tranquilidad que transmite este espacio, denominado el Delta del Ebro,dejando, que seamos nosotros quienes les llevemos de un sitio a otro cuidando de ustedes, de forma que su \u00fanica preocupaci\u00f3n sea la de que recuerdo llevarse.<\/p>\n<p>Especialitzados en excursiones para diferentes grupos:<\/p>\n<ul>\n<li><a title=\"Excursiones al delta del Ebro\" href=\"http:\/\/www.deltaturistic.com\/es\/excursiones\/excursiones-al-delta-del-ebro\/\">Empresas<\/a><\/li>\n<li><a title=\"Escuelas\" href=\"http:\/\/www.deltaturistic.com\/es\/excursiones\/excursiones-al-delta-del-ebro\/escuelas\/\">Escuelas<\/a><\/li>\n<li><a title=\"Agencias de viajes\" href=\"http:\/\/www.deltaturistic.com\/es\/excursiones\/excursiones-al-delta-del-ebro\/agencias-de-viajes\/\">Agencias de viajes<\/a><\/li>\n<li><a title=\"Colectivos, asociaciones y clubs\" href=\"http:\/\/www.deltaturistic.com\/es\/excursiones\/excursiones-al-delta-del-ebro\/colectivos-asociaciones-y-clubs\/\">Colectivos \/ grupos<\/a><\/li>\n<li><a title=\"Grupos y familias\" href=\"http:\/\/www.deltaturistic.com\/es\/excursiones\/excursiones-al-delta-del-ebro\/grupos-y-familias\/\">Grupos fam\u00edlias<\/a><\/li>\n<\/ul>\n","protected":false},"excerpt":{"rendered":"<p>Excursiones al delta del Ebro Deltatur\u00edstic, se ha especializado en ofrecer un producto innovador, que consiste en dise\u00f1ar un paquete tur\u00edstico en funci\u00f3n de las necesidades de cada cliente. Garantiendo una serie de ventajas: Disponemos de servicios de\u00a0gu\u00edas\u00a0de la zona, que nos podr\u00e1n transmitir conocimientos y vivencias propias, de forma que conozcamos realmente la cultura [&hellip;]<\/p>\n","protected":false},"author":2,"featured_media":0,"parent":841,"menu_order":2,"comment_status":"closed","ping_status":"closed","template":"","meta":{"footnotes":""},"class_list":["post-851","page","type-page","status-publish","hentry"],"yoast_head":"<!-- This site is optimized with the Yoast SEO plugin v27.1.1 - https:\/\/yoast.com\/product\/yoast-seo-wordpress\/ -->\n<title>Excursiones al delta del Ebro | Deltaturistic turismo en el delta del Ebro<\/title>\n<meta name=\"description\" content=\"Especialistes en excursiones y paquetes tur\u00edsticos por el delta del Ebro. Excursiones para empresas, escolares, agencias de viajes, colectivos, grupos y fam\u00edlias.\" \/>\n<meta name=\"robots\" content=\"index, follow, max-snippet:-1, max-image-preview:large, max-video-preview:-1\" \/>\n<link rel=\"canonical\" href=\"https:\/\/deltaturistic.com\/es\/excursiones\/excursiones-al-delta-del-ebro\/\" \/>\n<meta name=\"twitter:label1\" content=\"Tiempo de lectura\" \/>\n\t<meta name=\"twitter:data1\" content=\"1 minuto\" \/>\n<script type=\"application\/ld+json\" class=\"yoast-schema-graph\">{\"@context\":\"https:\/\/schema.org\",\"@graph\":[{\"@type\":\"WebPage\",\"@id\":\"https:\/\/deltaturistic.com\/es\/excursiones\/excursiones-al-delta-del-ebro\/\",\"url\":\"https:\/\/deltaturistic.com\/es\/excursiones\/excursiones-al-delta-del-ebro\/\",\"name\":\"Excursiones al delta del Ebro | Deltaturistic turismo en el delta del Ebro\",\"isPartOf\":{\"@id\":\"https:\/\/deltaturistic.com\/es\/#website\"},\"datePublished\":\"2014-02-21T09:15:07+00:00\",\"dateModified\":\"2014-08-06T14:08:18+00:00\",\"description\":\"Especialistes en excursiones y paquetes tur\u00edsticos por el delta del Ebro. Excursiones para empresas, escolares, agencias de viajes, colectivos, grupos y fam\u00edlias.\",\"breadcrumb\":{\"@id\":\"https:\/\/deltaturistic.com\/es\/excursiones\/excursiones-al-delta-del-ebro\/#breadcrumb\"},\"inLanguage\":\"es\",\"potentialAction\":[{\"@type\":\"ReadAction\",\"target\":[\"https:\/\/deltaturistic.com\/es\/excursiones\/excursiones-al-delta-del-ebro\/\"]}]},{\"@type\":\"BreadcrumbList\",\"@id\":\"https:\/\/deltaturistic.com\/es\/excursiones\/excursiones-al-delta-del-ebro\/#breadcrumb\",\"itemListElement\":[{\"@type\":\"ListItem\",\"position\":1,\"name\":\"Inici\",\"item\":\"https:\/\/deltaturistic.com\/es\/\"},{\"@type\":\"ListItem\",\"position\":2,\"name\":\"Excursiones\",\"item\":\"https:\/\/deltaturistic.com\/es\/excursiones\/\"},{\"@type\":\"ListItem\",\"position\":3,\"name\":\"Excursiones al delta del Ebro\"}]},{\"@type\":\"WebSite\",\"@id\":\"https:\/\/deltaturistic.com\/es\/#website\",\"url\":\"https:\/\/deltaturistic.com\/es\/\",\"name\":\"Turismo, excursiones y deportes de aventura en ell delta del Ebro\",\"description\":\"Turismo, excursiones y deportes de aventura en el delta del Ebro. Agencia de Viages Deltaturistic\",\"potentialAction\":[{\"@type\":\"SearchAction\",\"target\":{\"@type\":\"EntryPoint\",\"urlTemplate\":\"https:\/\/deltaturistic.com\/es\/?s={search_term_string}\"},\"query-input\":{\"@type\":\"PropertyValueSpecification\",\"valueRequired\":true,\"valueName\":\"search_term_string\"}}],\"inLanguage\":\"es\"}]}<\/script>\n<!-- \/ Yoast SEO plugin. -->","yoast_head_json":{"title":"Excursiones al delta del Ebro | Deltaturistic turismo en el delta del Ebro","description":"Especialistes en excursiones y paquetes tur\u00edsticos por el delta del Ebro. Excursiones para empresas, escolares, agencias de viajes, colectivos, grupos y fam\u00edlias.","robots":{"index":"index","follow":"follow","max-snippet":"max-snippet:-1","max-image-preview":"max-image-preview:large","max-video-preview":"max-video-preview:-1"},"canonical":"https:\/\/deltaturistic.com\/es\/excursiones\/excursiones-al-delta-del-ebro\/","twitter_misc":{"Tiempo de lectura":"1 minuto"},"schema":{"@context":"https:\/\/schema.org","@graph":[{"@type":"WebPage","@id":"https:\/\/deltaturistic.com\/es\/excursiones\/excursiones-al-delta-del-ebro\/","url":"https:\/\/deltaturistic.com\/es\/excursiones\/excursiones-al-delta-del-ebro\/","name":"Excursiones al delta del Ebro | Deltaturistic turismo en el delta del Ebro","isPartOf":{"@id":"https:\/\/deltaturistic.com\/es\/#website"},"datePublished":"2014-02-21T09:15:07+00:00","dateModified":"2014-08-06T14:08:18+00:00","description":"Especialistes en excursiones y paquetes tur\u00edsticos por el delta del Ebro. Excursiones para empresas, escolares, agencias de viajes, colectivos, grupos y fam\u00edlias.","breadcrumb":{"@id":"https:\/\/deltaturistic.com\/es\/excursiones\/excursiones-al-delta-del-ebro\/#breadcrumb"},"inLanguage":"es","potentialAction":[{"@type":"ReadAction","target":["https:\/\/deltaturistic.com\/es\/excursiones\/excursiones-al-delta-del-ebro\/"]}]},{"@type":"BreadcrumbList","@id":"https:\/\/deltaturistic.com\/es\/excursiones\/excursiones-al-delta-del-ebro\/#breadcrumb","itemListElement":[{"@type":"ListItem","position":1,"name":"Inici","item":"https:\/\/deltaturistic.com\/es\/"},{"@type":"ListItem","position":2,"name":"Excursiones","item":"https:\/\/deltaturistic.com\/es\/excursiones\/"},{"@type":"ListItem","position":3,"name":"Excursiones al delta del Ebro"}]},{"@type":"WebSite","@id":"https:\/\/deltaturistic.com\/es\/#website","url":"https:\/\/deltaturistic.com\/es\/","name":"Turismo, excursiones y deportes de aventura en ell delta del Ebro","description":"Turismo, excursiones y deportes de aventura en el delta del Ebro. Agencia de Viages Deltaturistic","potentialAction":[{"@type":"SearchAction","target":{"@type":"EntryPoint","urlTemplate":"https:\/\/deltaturistic.com\/es\/?s={search_term_string}"},"query-input":{"@type":"PropertyValueSpecification","valueRequired":true,"valueName":"search_term_string"}}],"inLanguage":"es"}]}},"_links":{"self":[{"href":"https:\/\/deltaturistic.com\/es\/wp-json\/wp\/v2\/pages\/851","targetHints":{"allow":["GET"]}}],"collection":[{"href":"https:\/\/deltaturistic.com\/es\/wp-json\/wp\/v2\/pages"}],"about":[{"href":"https:\/\/deltaturistic.com\/es\/wp-json\/wp\/v2\/types\/page"}],"author":[{"embeddable":true,"href":"https:\/\/deltaturistic.com\/es\/wp-json\/wp\/v2\/users\/2"}],"replies":[{"embeddable":true,"href":"https:\/\/deltaturistic.com\/es\/wp-json\/wp\/v2\/comments?post=851"}],"version-history":[{"count":6,"href":"https:\/\/deltaturistic.com\/es\/wp-json\/wp\/v2\/pages\/851\/revisions"}],"predecessor-version":[{"id":1864,"href":"https:\/\/deltaturistic.com\/es\/wp-json\/wp\/v2\/pages\/851\/revisions\/1864"}],"up":[{"embeddable":true,"href":"https:\/\/deltaturistic.com\/es\/wp-json\/wp\/v2\/pages\/841"}],"wp:attachment":[{"href":"https:\/\/deltaturistic.com\/es\/wp-json\/wp\/v2\/media?parent=851"}],"curies":[{"name":"wp","href":"https:\/\/api.w.org\/{rel}","templated":true}]}}