{"id":870,"date":"2014-02-21T11:36:27","date_gmt":"2014-02-21T10:36:27","guid":{"rendered":"http:\/\/www.deltaturistic.com\/excursiones\/excursiones-al-delta-del-ebro\/agencies-de-viatges\/"},"modified":"2014-07-30T11:58:20","modified_gmt":"2014-07-30T10:58:20","slug":"agencias-de-viajes","status":"publish","type":"page","link":"https:\/\/deltaturistic.com\/es\/excursiones\/excursiones-al-delta-del-ebro\/agencias-de-viajes\/","title":{"rendered":"Agencias de viajes"},"content":{"rendered":"<p>Deltatur\u00edstic se ha especializado en ofrecer servicios para actividades complementarias a agencias de viajes con visitas planificadas al parque natural del delta del Ebro.<\/p>\n<p>Disponemos de diferentes actividades de ocio, culturales, de visitas y excursiones, de diferentes itinerarios y duraci\u00f3n, en funci\u00f3n de las caracter\u00edsticas de cada grupo.<\/p>\n<p>Tambi\u00e9n disponemos de diferentes talleres de aprendizage sobre flora y fauna, artes de pesca, cultivos aut\u00f3ctonos&#8230;<\/p>\n<p>Deltatur\u00edstic le confeccionar\u00e1 un pack, a precio cerrado, para una o varias jornadas.<\/p>\n","protected":false},"excerpt":{"rendered":"<p>Deltatur\u00edstic se ha especializado en ofrecer servicios para actividades complementarias a agencias de viajes con visitas planificadas al parque natural del delta del Ebro. Disponemos de diferentes actividades de ocio, culturales, de visitas y excursiones, de diferentes itinerarios y duraci\u00f3n, en funci\u00f3n de las caracter\u00edsticas de cada grupo. Tambi\u00e9n disponemos de diferentes talleres de aprendizage [&hellip;]<\/p>\n","protected":false},"author":2,"featured_media":0,"parent":851,"menu_order":4,"comment_status":"closed","ping_status":"closed","template":"","meta":{"footnotes":""},"class_list":["post-870","page","type-page","status-publish","hentry"],"yoast_head":"<!-- This site is optimized with the Yoast SEO plugin v27.1.1 - https:\/\/yoast.com\/product\/yoast-seo-wordpress\/ -->\n<title>Agencias de viajes - Turismo, excursiones y deportes de aventura en ell delta del Ebro<\/title>\n<meta name=\"robots\" content=\"index, follow, max-snippet:-1, max-image-preview:large, max-video-preview:-1\" \/>\n<link rel=\"canonical\" href=\"https:\/\/deltaturistic.com\/es\/excursiones\/excursiones-al-delta-del-ebro\/agencias-de-viajes\/\" \/>\n<script type=\"application\/ld+json\" class=\"yoast-schema-graph\">{\"@context\":\"https:\/\/schema.org\",\"@graph\":[{\"@type\":\"WebPage\",\"@id\":\"https:\/\/deltaturistic.com\/es\/excursiones\/excursiones-al-delta-del-ebro\/agencias-de-viajes\/\",\"url\":\"https:\/\/deltaturistic.com\/es\/excursiones\/excursiones-al-delta-del-ebro\/agencias-de-viajes\/\",\"name\":\"Agencias de viajes - Turismo, excursiones y deportes de aventura en ell delta del Ebro\",\"isPartOf\":{\"@id\":\"https:\/\/deltaturistic.com\/es\/#website\"},\"datePublished\":\"2014-02-21T10:36:27+00:00\",\"dateModified\":\"2014-07-30T10:58:20+00:00\",\"breadcrumb\":{\"@id\":\"https:\/\/deltaturistic.com\/es\/excursiones\/excursiones-al-delta-del-ebro\/agencias-de-viajes\/#breadcrumb\"},\"inLanguage\":\"es\",\"potentialAction\":[{\"@type\":\"ReadAction\",\"target\":[\"https:\/\/deltaturistic.com\/es\/excursiones\/excursiones-al-delta-del-ebro\/agencias-de-viajes\/\"]}]},{\"@type\":\"BreadcrumbList\",\"@id\":\"https:\/\/deltaturistic.com\/es\/excursiones\/excursiones-al-delta-del-ebro\/agencias-de-viajes\/#breadcrumb\",\"itemListElement\":[{\"@type\":\"ListItem\",\"position\":1,\"name\":\"Inici\",\"item\":\"https:\/\/deltaturistic.com\/es\/\"},{\"@type\":\"ListItem\",\"position\":2,\"name\":\"Excursiones\",\"item\":\"https:\/\/deltaturistic.com\/es\/excursiones\/\"},{\"@type\":\"ListItem\",\"position\":3,\"name\":\"Excursiones al delta del Ebro\",\"item\":\"https:\/\/deltaturistic.com\/es\/excursiones\/excursiones-al-delta-del-ebro\/\"},{\"@type\":\"ListItem\",\"position\":4,\"name\":\"Agencias de viajes\"}]},{\"@type\":\"WebSite\",\"@id\":\"https:\/\/deltaturistic.com\/es\/#website\",\"url\":\"https:\/\/deltaturistic.com\/es\/\",\"name\":\"Turismo, excursiones y deportes de aventura en ell delta del Ebro\",\"description\":\"Turismo, excursiones y deportes de aventura en el delta del Ebro. Agencia de Viages Deltaturistic\",\"potentialAction\":[{\"@type\":\"SearchAction\",\"target\":{\"@type\":\"EntryPoint\",\"urlTemplate\":\"https:\/\/deltaturistic.com\/es\/?s={search_term_string}\"},\"query-input\":{\"@type\":\"PropertyValueSpecification\",\"valueRequired\":true,\"valueName\":\"search_term_string\"}}],\"inLanguage\":\"es\"}]}<\/script>\n<!-- \/ Yoast SEO plugin. -->","yoast_head_json":{"title":"Agencias de viajes - Turismo, excursiones y deportes de aventura en ell delta del Ebro","robots":{"index":"index","follow":"follow","max-snippet":"max-snippet:-1","max-image-preview":"max-image-preview:large","max-video-preview":"max-video-preview:-1"},"canonical":"https:\/\/deltaturistic.com\/es\/excursiones\/excursiones-al-delta-del-ebro\/agencias-de-viajes\/","schema":{"@context":"https:\/\/schema.org","@graph":[{"@type":"WebPage","@id":"https:\/\/deltaturistic.com\/es\/excursiones\/excursiones-al-delta-del-ebro\/agencias-de-viajes\/","url":"https:\/\/deltaturistic.com\/es\/excursiones\/excursiones-al-delta-del-ebro\/agencias-de-viajes\/","name":"Agencias de viajes - Turismo, excursiones y deportes de aventura en ell delta del Ebro","isPartOf":{"@id":"https:\/\/deltaturistic.com\/es\/#website"},"datePublished":"2014-02-21T10:36:27+00:00","dateModified":"2014-07-30T10:58:20+00:00","breadcrumb":{"@id":"https:\/\/deltaturistic.com\/es\/excursiones\/excursiones-al-delta-del-ebro\/agencias-de-viajes\/#breadcrumb"},"inLanguage":"es","potentialAction":[{"@type":"ReadAction","target":["https:\/\/deltaturistic.com\/es\/excursiones\/excursiones-al-delta-del-ebro\/agencias-de-viajes\/"]}]},{"@type":"BreadcrumbList","@id":"https:\/\/deltaturistic.com\/es\/excursiones\/excursiones-al-delta-del-ebro\/agencias-de-viajes\/#breadcrumb","itemListElement":[{"@type":"ListItem","position":1,"name":"Inici","item":"https:\/\/deltaturistic.com\/es\/"},{"@type":"ListItem","position":2,"name":"Excursiones","item":"https:\/\/deltaturistic.com\/es\/excursiones\/"},{"@type":"ListItem","position":3,"name":"Excursiones al delta del Ebro","item":"https:\/\/deltaturistic.com\/es\/excursiones\/excursiones-al-delta-del-ebro\/"},{"@type":"ListItem","position":4,"name":"Agencias de viajes"}]},{"@type":"WebSite","@id":"https:\/\/deltaturistic.com\/es\/#website","url":"https:\/\/deltaturistic.com\/es\/","name":"Turismo, excursiones y deportes de aventura en ell delta del Ebro","description":"Turismo, excursiones y deportes de aventura en el delta del Ebro. Agencia de Viages Deltaturistic","potentialAction":[{"@type":"SearchAction","target":{"@type":"EntryPoint","urlTemplate":"https:\/\/deltaturistic.com\/es\/?s={search_term_string}"},"query-input":{"@type":"PropertyValueSpecification","valueRequired":true,"valueName":"search_term_string"}}],"inLanguage":"es"}]}},"_links":{"self":[{"href":"https:\/\/deltaturistic.com\/es\/wp-json\/wp\/v2\/pages\/870","targetHints":{"allow":["GET"]}}],"collection":[{"href":"https:\/\/deltaturistic.com\/es\/wp-json\/wp\/v2\/pages"}],"about":[{"href":"https:\/\/deltaturistic.com\/es\/wp-json\/wp\/v2\/types\/page"}],"author":[{"embeddable":true,"href":"https:\/\/deltaturistic.com\/es\/wp-json\/wp\/v2\/users\/2"}],"replies":[{"embeddable":true,"href":"https:\/\/deltaturistic.com\/es\/wp-json\/wp\/v2\/comments?post=870"}],"version-history":[{"count":1,"href":"https:\/\/deltaturistic.com\/es\/wp-json\/wp\/v2\/pages\/870\/revisions"}],"predecessor-version":[{"id":871,"href":"https:\/\/deltaturistic.com\/es\/wp-json\/wp\/v2\/pages\/870\/revisions\/871"}],"up":[{"embeddable":true,"href":"https:\/\/deltaturistic.com\/es\/wp-json\/wp\/v2\/pages\/851"}],"wp:attachment":[{"href":"https:\/\/deltaturistic.com\/es\/wp-json\/wp\/v2\/media?parent=870"}],"curies":[{"name":"wp","href":"https:\/\/api.w.org\/{rel}","templated":true}]}}