{"id":874,"date":"2014-02-21T11:38:21","date_gmt":"2014-02-21T10:38:21","guid":{"rendered":"http:\/\/www.deltaturistic.com\/excursiones\/excursiones-al-delta-del-ebro\/col%c2%b7lectius-associacions-i-clubs\/"},"modified":"2014-07-30T12:01:30","modified_gmt":"2014-07-30T11:01:30","slug":"colectivos-asociaciones-y-clubs","status":"publish","type":"page","link":"https:\/\/deltaturistic.com\/es\/excursiones\/excursiones-al-delta-del-ebro\/colectivos-asociaciones-y-clubs\/","title":{"rendered":"Colectivos, asociaciones y clubs"},"content":{"rendered":"<p><img loading=\"lazy\" decoding=\"async\" class=\"size-full wp-image-222 alignright\" src=\"http:\/\/www.deltaturistic.com\/wp-content\/uploads\/2014\/02\/grups2.jpg\" alt=\"Excursions grups\" width=\"210\" height=\"154\" \/>Deltatur\u00edstic, dispone de una amplia gama de actividades deportivas para realizar en este territorio, y que variaran en funci\u00f3n de sus necesidades.<\/p>\n<p>Tambi\u00e9n podemo ofrecer alojamiento y todo tipo de alquileres de vehiculos, para llebar a cabo estas actividades y excursiones.<\/p>\n<p>La finalidad de estas actividades s\u00f3n divertir, y a la vez potenciar el trabajo en equipo, de forma que combinando estas actividades, se conozcan mucho m\u00e1s entre ellos fuera del entorno habitual.<\/p>\n<p>Por otro lado, tambi\u00e9n les realizamos la b\u00fasqueda de aquello que necesiten y que m\u00e1s se adapte a sus necesidades.<\/p>\n","protected":false},"excerpt":{"rendered":"<p>Deltatur\u00edstic, dispone de una amplia gama de actividades deportivas para realizar en este territorio, y que variaran en funci\u00f3n de sus necesidades. Tambi\u00e9n podemo ofrecer alojamiento y todo tipo de alquileres de vehiculos, para llebar a cabo estas actividades y excursiones. La finalidad de estas actividades s\u00f3n divertir, y a la vez potenciar el trabajo [&hellip;]<\/p>\n","protected":false},"author":2,"featured_media":0,"parent":851,"menu_order":5,"comment_status":"closed","ping_status":"closed","template":"","meta":{"footnotes":""},"class_list":["post-874","page","type-page","status-publish","hentry"],"yoast_head":"<!-- This site is optimized with the Yoast SEO plugin v27.1.1 - https:\/\/yoast.com\/product\/yoast-seo-wordpress\/ -->\n<title>Colectivos, asociaciones y clubs - Turismo, excursiones y deportes de aventura en ell delta del Ebro<\/title>\n<meta name=\"robots\" content=\"index, follow, max-snippet:-1, max-image-preview:large, max-video-preview:-1\" \/>\n<link rel=\"canonical\" href=\"https:\/\/deltaturistic.com\/es\/excursiones\/excursiones-al-delta-del-ebro\/colectivos-asociaciones-y-clubs\/\" \/>\n<meta name=\"twitter:label1\" content=\"Tiempo de lectura\" \/>\n\t<meta name=\"twitter:data1\" content=\"1 minuto\" \/>\n<script type=\"application\/ld+json\" class=\"yoast-schema-graph\">{\"@context\":\"https:\/\/schema.org\",\"@graph\":[{\"@type\":\"WebPage\",\"@id\":\"https:\/\/deltaturistic.com\/es\/excursiones\/excursiones-al-delta-del-ebro\/colectivos-asociaciones-y-clubs\/\",\"url\":\"https:\/\/deltaturistic.com\/es\/excursiones\/excursiones-al-delta-del-ebro\/colectivos-asociaciones-y-clubs\/\",\"name\":\"Colectivos, asociaciones y clubs - Turismo, excursiones y deportes de aventura en ell delta del Ebro\",\"isPartOf\":{\"@id\":\"https:\/\/deltaturistic.com\/es\/#website\"},\"primaryImageOfPage\":{\"@id\":\"https:\/\/deltaturistic.com\/es\/excursiones\/excursiones-al-delta-del-ebro\/colectivos-asociaciones-y-clubs\/#primaryimage\"},\"image\":{\"@id\":\"https:\/\/deltaturistic.com\/es\/excursiones\/excursiones-al-delta-del-ebro\/colectivos-asociaciones-y-clubs\/#primaryimage\"},\"thumbnailUrl\":\"http:\/\/www.deltaturistic.com\/wp-content\/uploads\/2014\/02\/grups2.jpg\",\"datePublished\":\"2014-02-21T10:38:21+00:00\",\"dateModified\":\"2014-07-30T11:01:30+00:00\",\"breadcrumb\":{\"@id\":\"https:\/\/deltaturistic.com\/es\/excursiones\/excursiones-al-delta-del-ebro\/colectivos-asociaciones-y-clubs\/#breadcrumb\"},\"inLanguage\":\"es\",\"potentialAction\":[{\"@type\":\"ReadAction\",\"target\":[\"https:\/\/deltaturistic.com\/es\/excursiones\/excursiones-al-delta-del-ebro\/colectivos-asociaciones-y-clubs\/\"]}]},{\"@type\":\"ImageObject\",\"inLanguage\":\"es\",\"@id\":\"https:\/\/deltaturistic.com\/es\/excursiones\/excursiones-al-delta-del-ebro\/colectivos-asociaciones-y-clubs\/#primaryimage\",\"url\":\"http:\/\/www.deltaturistic.com\/wp-content\/uploads\/2014\/02\/grups2.jpg\",\"contentUrl\":\"http:\/\/www.deltaturistic.com\/wp-content\/uploads\/2014\/02\/grups2.jpg\"},{\"@type\":\"BreadcrumbList\",\"@id\":\"https:\/\/deltaturistic.com\/es\/excursiones\/excursiones-al-delta-del-ebro\/colectivos-asociaciones-y-clubs\/#breadcrumb\",\"itemListElement\":[{\"@type\":\"ListItem\",\"position\":1,\"name\":\"Inici\",\"item\":\"https:\/\/deltaturistic.com\/es\/\"},{\"@type\":\"ListItem\",\"position\":2,\"name\":\"Excursiones\",\"item\":\"https:\/\/deltaturistic.com\/es\/excursiones\/\"},{\"@type\":\"ListItem\",\"position\":3,\"name\":\"Excursiones al delta del Ebro\",\"item\":\"https:\/\/deltaturistic.com\/es\/excursiones\/excursiones-al-delta-del-ebro\/\"},{\"@type\":\"ListItem\",\"position\":4,\"name\":\"Colectivos, asociaciones y clubs\"}]},{\"@type\":\"WebSite\",\"@id\":\"https:\/\/deltaturistic.com\/es\/#website\",\"url\":\"https:\/\/deltaturistic.com\/es\/\",\"name\":\"Turismo, excursiones y deportes de aventura en ell delta del Ebro\",\"description\":\"Turismo, excursiones y deportes de aventura en el delta del Ebro. Agencia de Viages Deltaturistic\",\"potentialAction\":[{\"@type\":\"SearchAction\",\"target\":{\"@type\":\"EntryPoint\",\"urlTemplate\":\"https:\/\/deltaturistic.com\/es\/?s={search_term_string}\"},\"query-input\":{\"@type\":\"PropertyValueSpecification\",\"valueRequired\":true,\"valueName\":\"search_term_string\"}}],\"inLanguage\":\"es\"}]}<\/script>\n<!-- \/ Yoast SEO plugin. -->","yoast_head_json":{"title":"Colectivos, asociaciones y clubs - Turismo, excursiones y deportes de aventura en ell delta del Ebro","robots":{"index":"index","follow":"follow","max-snippet":"max-snippet:-1","max-image-preview":"max-image-preview:large","max-video-preview":"max-video-preview:-1"},"canonical":"https:\/\/deltaturistic.com\/es\/excursiones\/excursiones-al-delta-del-ebro\/colectivos-asociaciones-y-clubs\/","twitter_misc":{"Tiempo de lectura":"1 minuto"},"schema":{"@context":"https:\/\/schema.org","@graph":[{"@type":"WebPage","@id":"https:\/\/deltaturistic.com\/es\/excursiones\/excursiones-al-delta-del-ebro\/colectivos-asociaciones-y-clubs\/","url":"https:\/\/deltaturistic.com\/es\/excursiones\/excursiones-al-delta-del-ebro\/colectivos-asociaciones-y-clubs\/","name":"Colectivos, asociaciones y clubs - Turismo, excursiones y deportes de aventura en ell delta del Ebro","isPartOf":{"@id":"https:\/\/deltaturistic.com\/es\/#website"},"primaryImageOfPage":{"@id":"https:\/\/deltaturistic.com\/es\/excursiones\/excursiones-al-delta-del-ebro\/colectivos-asociaciones-y-clubs\/#primaryimage"},"image":{"@id":"https:\/\/deltaturistic.com\/es\/excursiones\/excursiones-al-delta-del-ebro\/colectivos-asociaciones-y-clubs\/#primaryimage"},"thumbnailUrl":"http:\/\/www.deltaturistic.com\/wp-content\/uploads\/2014\/02\/grups2.jpg","datePublished":"2014-02-21T10:38:21+00:00","dateModified":"2014-07-30T11:01:30+00:00","breadcrumb":{"@id":"https:\/\/deltaturistic.com\/es\/excursiones\/excursiones-al-delta-del-ebro\/colectivos-asociaciones-y-clubs\/#breadcrumb"},"inLanguage":"es","potentialAction":[{"@type":"ReadAction","target":["https:\/\/deltaturistic.com\/es\/excursiones\/excursiones-al-delta-del-ebro\/colectivos-asociaciones-y-clubs\/"]}]},{"@type":"ImageObject","inLanguage":"es","@id":"https:\/\/deltaturistic.com\/es\/excursiones\/excursiones-al-delta-del-ebro\/colectivos-asociaciones-y-clubs\/#primaryimage","url":"http:\/\/www.deltaturistic.com\/wp-content\/uploads\/2014\/02\/grups2.jpg","contentUrl":"http:\/\/www.deltaturistic.com\/wp-content\/uploads\/2014\/02\/grups2.jpg"},{"@type":"BreadcrumbList","@id":"https:\/\/deltaturistic.com\/es\/excursiones\/excursiones-al-delta-del-ebro\/colectivos-asociaciones-y-clubs\/#breadcrumb","itemListElement":[{"@type":"ListItem","position":1,"name":"Inici","item":"https:\/\/deltaturistic.com\/es\/"},{"@type":"ListItem","position":2,"name":"Excursiones","item":"https:\/\/deltaturistic.com\/es\/excursiones\/"},{"@type":"ListItem","position":3,"name":"Excursiones al delta del Ebro","item":"https:\/\/deltaturistic.com\/es\/excursiones\/excursiones-al-delta-del-ebro\/"},{"@type":"ListItem","position":4,"name":"Colectivos, asociaciones y clubs"}]},{"@type":"WebSite","@id":"https:\/\/deltaturistic.com\/es\/#website","url":"https:\/\/deltaturistic.com\/es\/","name":"Turismo, excursiones y deportes de aventura en ell delta del Ebro","description":"Turismo, excursiones y deportes de aventura en el delta del Ebro. Agencia de Viages Deltaturistic","potentialAction":[{"@type":"SearchAction","target":{"@type":"EntryPoint","urlTemplate":"https:\/\/deltaturistic.com\/es\/?s={search_term_string}"},"query-input":{"@type":"PropertyValueSpecification","valueRequired":true,"valueName":"search_term_string"}}],"inLanguage":"es"}]}},"_links":{"self":[{"href":"https:\/\/deltaturistic.com\/es\/wp-json\/wp\/v2\/pages\/874","targetHints":{"allow":["GET"]}}],"collection":[{"href":"https:\/\/deltaturistic.com\/es\/wp-json\/wp\/v2\/pages"}],"about":[{"href":"https:\/\/deltaturistic.com\/es\/wp-json\/wp\/v2\/types\/page"}],"author":[{"embeddable":true,"href":"https:\/\/deltaturistic.com\/es\/wp-json\/wp\/v2\/users\/2"}],"replies":[{"embeddable":true,"href":"https:\/\/deltaturistic.com\/es\/wp-json\/wp\/v2\/comments?post=874"}],"version-history":[{"count":1,"href":"https:\/\/deltaturistic.com\/es\/wp-json\/wp\/v2\/pages\/874\/revisions"}],"predecessor-version":[{"id":876,"href":"https:\/\/deltaturistic.com\/es\/wp-json\/wp\/v2\/pages\/874\/revisions\/876"}],"up":[{"embeddable":true,"href":"https:\/\/deltaturistic.com\/es\/wp-json\/wp\/v2\/pages\/851"}],"wp:attachment":[{"href":"https:\/\/deltaturistic.com\/es\/wp-json\/wp\/v2\/media?parent=874"}],"curies":[{"name":"wp","href":"https:\/\/api.w.org\/{rel}","templated":true}]}}