{"id":878,"date":"2014-02-21T11:41:22","date_gmt":"2014-02-21T10:41:22","guid":{"rendered":"http:\/\/www.deltaturistic.com\/excursiones\/excursiones-al-delta-del-ebro\/grups-i-families\/"},"modified":"2014-07-30T12:03:32","modified_gmt":"2014-07-30T11:03:32","slug":"grupos-y-familias","status":"publish","type":"page","link":"https:\/\/deltaturistic.com\/es\/excursiones\/excursiones-al-delta-del-ebro\/grupos-y-familias\/","title":{"rendered":"Grupos y familias"},"content":{"rendered":"<p><img decoding=\"async\" class=\" wp-image-225 alignright\" src=\"http:\/\/www.deltaturistic.com\/wp-content\/uploads\/2014\/02\/exc2-300x224.jpg\" alt=\"Excursions grups\" width=\"250\" srcset=\"https:\/\/deltaturistic.com\/wp-content\/uploads\/2014\/02\/exc2-300x225.jpg 300w, https:\/\/deltaturistic.com\/wp-content\/uploads\/2014\/02\/exc2.jpg 342w\" sizes=\"(max-width: 300px) 100vw, 300px\" \/>Deltatur\u00edstic, dispone de una amplia gama de actividades deportivas para realizar en este territorio, y que variaran en funci\u00f3n de sus necesidades.<\/p>\n<p>Tambi\u00e9n podemo ofrecer alojamiento y todo tipo de alquileres de vehiculos, para llebar a cabo estas actividades y excursiones.<\/p>\n<p>La finalidad de estas actividades son divertir, y a la vez potenciar el trabajo en equipo, de forma que combinando estas actividades, se conozcan mucho m\u00e1s entre ellos fuera del entorno habitual.<\/p>\n<p>Por otro lado, tambi\u00e9n les realizamos la b\u00fasqueda de aquello que necesiten y que m\u00e1s se adapte a sus necesidades.<\/p>\n","protected":false},"excerpt":{"rendered":"<p>Deltatur\u00edstic, dispone de una amplia gama de actividades deportivas para realizar en este territorio, y que variaran en funci\u00f3n de sus necesidades. Tambi\u00e9n podemo ofrecer alojamiento y todo tipo de alquileres de vehiculos, para llebar a cabo estas actividades y excursiones. La finalidad de estas actividades son divertir, y a la vez potenciar el trabajo [&hellip;]<\/p>\n","protected":false},"author":2,"featured_media":0,"parent":851,"menu_order":6,"comment_status":"closed","ping_status":"closed","template":"","meta":{"footnotes":""},"class_list":["post-878","page","type-page","status-publish","hentry"],"yoast_head":"<!-- This site is optimized with the Yoast SEO plugin v27.1.1 - https:\/\/yoast.com\/product\/yoast-seo-wordpress\/ -->\n<title>Grupos y familias - Turismo, excursiones y deportes de aventura en ell delta del Ebro<\/title>\n<meta name=\"robots\" content=\"index, follow, max-snippet:-1, max-image-preview:large, max-video-preview:-1\" \/>\n<link rel=\"canonical\" href=\"https:\/\/deltaturistic.com\/es\/excursiones\/excursiones-al-delta-del-ebro\/grupos-y-familias\/\" \/>\n<meta name=\"twitter:label1\" content=\"Tiempo de lectura\" \/>\n\t<meta name=\"twitter:data1\" content=\"1 minuto\" \/>\n<script type=\"application\/ld+json\" class=\"yoast-schema-graph\">{\"@context\":\"https:\/\/schema.org\",\"@graph\":[{\"@type\":\"WebPage\",\"@id\":\"https:\/\/deltaturistic.com\/es\/excursiones\/excursiones-al-delta-del-ebro\/grupos-y-familias\/\",\"url\":\"https:\/\/deltaturistic.com\/es\/excursiones\/excursiones-al-delta-del-ebro\/grupos-y-familias\/\",\"name\":\"Grupos y familias - Turismo, excursiones y deportes de aventura en ell delta del Ebro\",\"isPartOf\":{\"@id\":\"https:\/\/deltaturistic.com\/es\/#website\"},\"primaryImageOfPage\":{\"@id\":\"https:\/\/deltaturistic.com\/es\/excursiones\/excursiones-al-delta-del-ebro\/grupos-y-familias\/#primaryimage\"},\"image\":{\"@id\":\"https:\/\/deltaturistic.com\/es\/excursiones\/excursiones-al-delta-del-ebro\/grupos-y-familias\/#primaryimage\"},\"thumbnailUrl\":\"http:\/\/www.deltaturistic.com\/wp-content\/uploads\/2014\/02\/exc2-300x224.jpg\",\"datePublished\":\"2014-02-21T10:41:22+00:00\",\"dateModified\":\"2014-07-30T11:03:32+00:00\",\"breadcrumb\":{\"@id\":\"https:\/\/deltaturistic.com\/es\/excursiones\/excursiones-al-delta-del-ebro\/grupos-y-familias\/#breadcrumb\"},\"inLanguage\":\"es\",\"potentialAction\":[{\"@type\":\"ReadAction\",\"target\":[\"https:\/\/deltaturistic.com\/es\/excursiones\/excursiones-al-delta-del-ebro\/grupos-y-familias\/\"]}]},{\"@type\":\"ImageObject\",\"inLanguage\":\"es\",\"@id\":\"https:\/\/deltaturistic.com\/es\/excursiones\/excursiones-al-delta-del-ebro\/grupos-y-familias\/#primaryimage\",\"url\":\"http:\/\/www.deltaturistic.com\/wp-content\/uploads\/2014\/02\/exc2-300x224.jpg\",\"contentUrl\":\"http:\/\/www.deltaturistic.com\/wp-content\/uploads\/2014\/02\/exc2-300x224.jpg\"},{\"@type\":\"BreadcrumbList\",\"@id\":\"https:\/\/deltaturistic.com\/es\/excursiones\/excursiones-al-delta-del-ebro\/grupos-y-familias\/#breadcrumb\",\"itemListElement\":[{\"@type\":\"ListItem\",\"position\":1,\"name\":\"Inici\",\"item\":\"https:\/\/deltaturistic.com\/es\/\"},{\"@type\":\"ListItem\",\"position\":2,\"name\":\"Excursiones\",\"item\":\"https:\/\/deltaturistic.com\/es\/excursiones\/\"},{\"@type\":\"ListItem\",\"position\":3,\"name\":\"Excursiones al delta del Ebro\",\"item\":\"https:\/\/deltaturistic.com\/es\/excursiones\/excursiones-al-delta-del-ebro\/\"},{\"@type\":\"ListItem\",\"position\":4,\"name\":\"Grupos y familias\"}]},{\"@type\":\"WebSite\",\"@id\":\"https:\/\/deltaturistic.com\/es\/#website\",\"url\":\"https:\/\/deltaturistic.com\/es\/\",\"name\":\"Turismo, excursiones y deportes de aventura en ell delta del Ebro\",\"description\":\"Turismo, excursiones y deportes de aventura en el delta del Ebro. Agencia de Viages Deltaturistic\",\"potentialAction\":[{\"@type\":\"SearchAction\",\"target\":{\"@type\":\"EntryPoint\",\"urlTemplate\":\"https:\/\/deltaturistic.com\/es\/?s={search_term_string}\"},\"query-input\":{\"@type\":\"PropertyValueSpecification\",\"valueRequired\":true,\"valueName\":\"search_term_string\"}}],\"inLanguage\":\"es\"}]}<\/script>\n<!-- \/ Yoast SEO plugin. -->","yoast_head_json":{"title":"Grupos y familias - Turismo, excursiones y deportes de aventura en ell delta del Ebro","robots":{"index":"index","follow":"follow","max-snippet":"max-snippet:-1","max-image-preview":"max-image-preview:large","max-video-preview":"max-video-preview:-1"},"canonical":"https:\/\/deltaturistic.com\/es\/excursiones\/excursiones-al-delta-del-ebro\/grupos-y-familias\/","twitter_misc":{"Tiempo de lectura":"1 minuto"},"schema":{"@context":"https:\/\/schema.org","@graph":[{"@type":"WebPage","@id":"https:\/\/deltaturistic.com\/es\/excursiones\/excursiones-al-delta-del-ebro\/grupos-y-familias\/","url":"https:\/\/deltaturistic.com\/es\/excursiones\/excursiones-al-delta-del-ebro\/grupos-y-familias\/","name":"Grupos y familias - Turismo, excursiones y deportes de aventura en ell delta del Ebro","isPartOf":{"@id":"https:\/\/deltaturistic.com\/es\/#website"},"primaryImageOfPage":{"@id":"https:\/\/deltaturistic.com\/es\/excursiones\/excursiones-al-delta-del-ebro\/grupos-y-familias\/#primaryimage"},"image":{"@id":"https:\/\/deltaturistic.com\/es\/excursiones\/excursiones-al-delta-del-ebro\/grupos-y-familias\/#primaryimage"},"thumbnailUrl":"http:\/\/www.deltaturistic.com\/wp-content\/uploads\/2014\/02\/exc2-300x224.jpg","datePublished":"2014-02-21T10:41:22+00:00","dateModified":"2014-07-30T11:03:32+00:00","breadcrumb":{"@id":"https:\/\/deltaturistic.com\/es\/excursiones\/excursiones-al-delta-del-ebro\/grupos-y-familias\/#breadcrumb"},"inLanguage":"es","potentialAction":[{"@type":"ReadAction","target":["https:\/\/deltaturistic.com\/es\/excursiones\/excursiones-al-delta-del-ebro\/grupos-y-familias\/"]}]},{"@type":"ImageObject","inLanguage":"es","@id":"https:\/\/deltaturistic.com\/es\/excursiones\/excursiones-al-delta-del-ebro\/grupos-y-familias\/#primaryimage","url":"http:\/\/www.deltaturistic.com\/wp-content\/uploads\/2014\/02\/exc2-300x224.jpg","contentUrl":"http:\/\/www.deltaturistic.com\/wp-content\/uploads\/2014\/02\/exc2-300x224.jpg"},{"@type":"BreadcrumbList","@id":"https:\/\/deltaturistic.com\/es\/excursiones\/excursiones-al-delta-del-ebro\/grupos-y-familias\/#breadcrumb","itemListElement":[{"@type":"ListItem","position":1,"name":"Inici","item":"https:\/\/deltaturistic.com\/es\/"},{"@type":"ListItem","position":2,"name":"Excursiones","item":"https:\/\/deltaturistic.com\/es\/excursiones\/"},{"@type":"ListItem","position":3,"name":"Excursiones al delta del Ebro","item":"https:\/\/deltaturistic.com\/es\/excursiones\/excursiones-al-delta-del-ebro\/"},{"@type":"ListItem","position":4,"name":"Grupos y familias"}]},{"@type":"WebSite","@id":"https:\/\/deltaturistic.com\/es\/#website","url":"https:\/\/deltaturistic.com\/es\/","name":"Turismo, excursiones y deportes de aventura en ell delta del Ebro","description":"Turismo, excursiones y deportes de aventura en el delta del Ebro. Agencia de Viages Deltaturistic","potentialAction":[{"@type":"SearchAction","target":{"@type":"EntryPoint","urlTemplate":"https:\/\/deltaturistic.com\/es\/?s={search_term_string}"},"query-input":{"@type":"PropertyValueSpecification","valueRequired":true,"valueName":"search_term_string"}}],"inLanguage":"es"}]}},"_links":{"self":[{"href":"https:\/\/deltaturistic.com\/es\/wp-json\/wp\/v2\/pages\/878","targetHints":{"allow":["GET"]}}],"collection":[{"href":"https:\/\/deltaturistic.com\/es\/wp-json\/wp\/v2\/pages"}],"about":[{"href":"https:\/\/deltaturistic.com\/es\/wp-json\/wp\/v2\/types\/page"}],"author":[{"embeddable":true,"href":"https:\/\/deltaturistic.com\/es\/wp-json\/wp\/v2\/users\/2"}],"replies":[{"embeddable":true,"href":"https:\/\/deltaturistic.com\/es\/wp-json\/wp\/v2\/comments?post=878"}],"version-history":[{"count":3,"href":"https:\/\/deltaturistic.com\/es\/wp-json\/wp\/v2\/pages\/878\/revisions"}],"predecessor-version":[{"id":881,"href":"https:\/\/deltaturistic.com\/es\/wp-json\/wp\/v2\/pages\/878\/revisions\/881"}],"up":[{"embeddable":true,"href":"https:\/\/deltaturistic.com\/es\/wp-json\/wp\/v2\/pages\/851"}],"wp:attachment":[{"href":"https:\/\/deltaturistic.com\/es\/wp-json\/wp\/v2\/media?parent=878"}],"curies":[{"name":"wp","href":"https:\/\/api.w.org\/{rel}","templated":true}]}}