{"id":894,"date":"2014-02-21T15:47:28","date_gmt":"2014-02-21T14:47:28","guid":{"rendered":"http:\/\/www.deltaturistic.com\/empresa-2\/"},"modified":"2014-07-31T08:32:06","modified_gmt":"2014-07-31T07:32:06","slug":"empresa","status":"publish","type":"page","link":"https:\/\/deltaturistic.com\/es\/empresa\/","title":{"rendered":"Empresa"},"content":{"rendered":"<p>DELTA TOURISTIC &amp; RENT, neix d\u2019una il\u00b7lusi\u00f3, vinculada sentimentalment al\u00a0<strong>Delta de l\u2019Ebre<\/strong>, i creada a partir de les viv\u00e8ncies d\u2019aquest magn\u00edfic territori, amb la finalitat de poder transmetre totes aquelles an\u00e8cdotes i records, que fans d\u2019aquest, un espai \u00fanic a tot el territori.<\/p>\n<p>Des de Delta Tur\u00edstic, la nostra empresa, volem facilitar al m\u00e0xim un\u00a0<strong>servei tur\u00edstic<\/strong>, centrat en les dues comarques que conformen el\u00a0<span style=\"text-decoration: underline;\">delta del Ebre<\/span>,\u00a0<span style=\"text-decoration: underline;\">Baix Ebre<\/span>\u00a0i\u00a0<span style=\"text-decoration: underline;\">Montsi\u00e0<\/span>, Aix\u00ed com les comarques adjacents que seguint el curs del riu i a contracorrent, penetren entre paratges abruptes i escarpats impressionants.<\/p>\n<p>Sense oblidar com no, la nostra capital,Tarragona, Patrimoni de la Humanitat, on les monumentals restes de la Imperial T\u00e0rraco, descansen eternament.<\/p>\n<p>Des de Delta Tur\u00edstic, volem que la teva \u00fanica preocupaci\u00f3, quan decideixis gaudir del delta, sigui tenir a l\u2019abast tot un seguit de serveis tur\u00edstics, tant sols trucant a un tel\u00e8fon, i deixant, que t\u2019assessorem sobre,\u00a0<strong>allotjament<\/strong>,\u00a0<strong>lloguers<\/strong>,\u00a0<strong>esports<\/strong>,\u00a0<strong>activitats<\/strong>,\u00a0<strong>excursions<\/strong>,\u00a0<strong>restaurants<\/strong>, etc.<\/p>\n<p>A Delta Tur\u00edstic, volem que tornis, i que t\u2019emportis, cada cop un millor record d\u2019aquest magn\u00edfic territori i de la seva gent.<\/p>\n<p>&nbsp;<\/p>\n<p><a href=\"http:\/\/www.deltaturistic.com\/wp-content\/uploads\/2014\/02\/Imagen-007.jpg\"><img loading=\"lazy\" decoding=\"async\" class=\"alignleft wp-image-695 size-thumbnail\" src=\"http:\/\/www.deltaturistic.com\/wp-content\/uploads\/2014\/02\/Imagen-007-250x250.jpg\" alt=\"Deltaturistic\" width=\"250\" height=\"250\" srcset=\"https:\/\/deltaturistic.com\/wp-content\/uploads\/2014\/02\/Imagen-007-250x250.jpg 250w, https:\/\/deltaturistic.com\/wp-content\/uploads\/2014\/02\/Imagen-007-100x100.jpg 100w\" sizes=\"auto, (max-width: 250px) 100vw, 250px\" \/><\/a> <a href=\"http:\/\/www.deltaturistic.com\/wp-content\/uploads\/2014\/02\/100_3169.jpg\"><img loading=\"lazy\" decoding=\"async\" class=\"alignleft wp-image-696 size-thumbnail\" src=\"http:\/\/www.deltaturistic.com\/wp-content\/uploads\/2014\/02\/100_3169-250x250.jpg\" alt=\"Deltaturistic\" width=\"250\" height=\"250\" srcset=\"https:\/\/deltaturistic.com\/wp-content\/uploads\/2014\/02\/100_3169-250x250.jpg 250w, https:\/\/deltaturistic.com\/wp-content\/uploads\/2014\/02\/100_3169-100x100.jpg 100w\" sizes=\"auto, (max-width: 250px) 100vw, 250px\" \/><\/a> <a href=\"http:\/\/www.deltaturistic.com\/wp-content\/uploads\/2014\/02\/100_3363.jpg\"><img loading=\"lazy\" decoding=\"async\" class=\"alignleft wp-image-697 size-thumbnail\" src=\"http:\/\/www.deltaturistic.com\/wp-content\/uploads\/2014\/02\/100_3363-250x250.jpg\" alt=\"Deltaturistic\" width=\"250\" height=\"250\" srcset=\"https:\/\/deltaturistic.com\/wp-content\/uploads\/2014\/02\/100_3363-250x250.jpg 250w, https:\/\/deltaturistic.com\/wp-content\/uploads\/2014\/02\/100_3363-100x100.jpg 100w\" sizes=\"auto, (max-width: 250px) 100vw, 250px\" \/><\/a> <a href=\"http:\/\/www.deltaturistic.com\/wp-content\/uploads\/2014\/02\/100_4157.jpg\"><img loading=\"lazy\" decoding=\"async\" class=\"alignleft wp-image-698 size-thumbnail\" src=\"http:\/\/www.deltaturistic.com\/wp-content\/uploads\/2014\/02\/100_4157-250x250.jpg\" alt=\"Deltaturistic\" width=\"250\" height=\"250\" srcset=\"https:\/\/deltaturistic.com\/wp-content\/uploads\/2014\/02\/100_4157-250x250.jpg 250w, https:\/\/deltaturistic.com\/wp-content\/uploads\/2014\/02\/100_4157-100x100.jpg 100w\" sizes=\"auto, (max-width: 250px) 100vw, 250px\" \/><\/a> <a href=\"http:\/\/www.deltaturistic.com\/wp-content\/uploads\/2014\/02\/Imagen-003.jpg\"><img loading=\"lazy\" decoding=\"async\" class=\"alignleft wp-image-699 size-thumbnail\" src=\"http:\/\/www.deltaturistic.com\/wp-content\/uploads\/2014\/02\/Imagen-003-250x250.jpg\" alt=\"Deltaturistic\" width=\"250\" height=\"250\" srcset=\"https:\/\/deltaturistic.com\/wp-content\/uploads\/2014\/02\/Imagen-003-250x250.jpg 250w, https:\/\/deltaturistic.com\/wp-content\/uploads\/2014\/02\/Imagen-003-100x100.jpg 100w\" sizes=\"auto, (max-width: 250px) 100vw, 250px\" \/><\/a><\/p>\n<p>&nbsp;<\/p>\n","protected":false},"excerpt":{"rendered":"<p>DELTA TOURISTIC &amp; RENT, neix d\u2019una il\u00b7lusi\u00f3, vinculada sentimentalment al\u00a0Delta de l\u2019Ebre, i creada a partir de les viv\u00e8ncies d\u2019aquest magn\u00edfic territori, amb la finalitat de poder transmetre totes aquelles an\u00e8cdotes i records, que fans d\u2019aquest, un espai \u00fanic a tot el territori. Des de Delta Tur\u00edstic, la nostra empresa, volem facilitar al m\u00e0xim un\u00a0servei [&hellip;]<\/p>\n","protected":false},"author":2,"featured_media":0,"parent":0,"menu_order":8,"comment_status":"closed","ping_status":"closed","template":"","meta":{"footnotes":""},"class_list":["post-894","page","type-page","status-publish","hentry"],"yoast_head":"<!-- This site is optimized with the Yoast SEO plugin v27.1.1 - https:\/\/yoast.com\/product\/yoast-seo-wordpress\/ -->\n<title>Empresa - Turismo, excursiones y deportes de aventura en ell delta del Ebro<\/title>\n<meta name=\"robots\" content=\"index, follow, max-snippet:-1, max-image-preview:large, max-video-preview:-1\" \/>\n<link rel=\"canonical\" href=\"https:\/\/deltaturistic.com\/es\/empresa\/\" \/>\n<meta name=\"twitter:label1\" content=\"Tiempo de lectura\" \/>\n\t<meta name=\"twitter:data1\" content=\"1 minuto\" \/>\n<script type=\"application\/ld+json\" class=\"yoast-schema-graph\">{\"@context\":\"https:\/\/schema.org\",\"@graph\":[{\"@type\":\"WebPage\",\"@id\":\"https:\/\/deltaturistic.com\/es\/empresa\/\",\"url\":\"https:\/\/deltaturistic.com\/es\/empresa\/\",\"name\":\"Empresa - Turismo, excursiones y deportes de aventura en ell delta del Ebro\",\"isPartOf\":{\"@id\":\"https:\/\/deltaturistic.com\/es\/#website\"},\"primaryImageOfPage\":{\"@id\":\"https:\/\/deltaturistic.com\/es\/empresa\/#primaryimage\"},\"image\":{\"@id\":\"https:\/\/deltaturistic.com\/es\/empresa\/#primaryimage\"},\"thumbnailUrl\":\"http:\/\/www.deltaturistic.com\/wp-content\/uploads\/2014\/02\/Imagen-007-250x250.jpg\",\"datePublished\":\"2014-02-21T14:47:28+00:00\",\"dateModified\":\"2014-07-31T07:32:06+00:00\",\"breadcrumb\":{\"@id\":\"https:\/\/deltaturistic.com\/es\/empresa\/#breadcrumb\"},\"inLanguage\":\"es\",\"potentialAction\":[{\"@type\":\"ReadAction\",\"target\":[\"https:\/\/deltaturistic.com\/es\/empresa\/\"]}]},{\"@type\":\"ImageObject\",\"inLanguage\":\"es\",\"@id\":\"https:\/\/deltaturistic.com\/es\/empresa\/#primaryimage\",\"url\":\"http:\/\/www.deltaturistic.com\/wp-content\/uploads\/2014\/02\/Imagen-007-250x250.jpg\",\"contentUrl\":\"http:\/\/www.deltaturistic.com\/wp-content\/uploads\/2014\/02\/Imagen-007-250x250.jpg\"},{\"@type\":\"BreadcrumbList\",\"@id\":\"https:\/\/deltaturistic.com\/es\/empresa\/#breadcrumb\",\"itemListElement\":[{\"@type\":\"ListItem\",\"position\":1,\"name\":\"Inici\",\"item\":\"https:\/\/deltaturistic.com\/es\/\"},{\"@type\":\"ListItem\",\"position\":2,\"name\":\"Empresa\"}]},{\"@type\":\"WebSite\",\"@id\":\"https:\/\/deltaturistic.com\/es\/#website\",\"url\":\"https:\/\/deltaturistic.com\/es\/\",\"name\":\"Turismo, excursiones y deportes de aventura en ell delta del Ebro\",\"description\":\"Turismo, excursiones y deportes de aventura en el delta del Ebro. Agencia de Viages Deltaturistic\",\"potentialAction\":[{\"@type\":\"SearchAction\",\"target\":{\"@type\":\"EntryPoint\",\"urlTemplate\":\"https:\/\/deltaturistic.com\/es\/?s={search_term_string}\"},\"query-input\":{\"@type\":\"PropertyValueSpecification\",\"valueRequired\":true,\"valueName\":\"search_term_string\"}}],\"inLanguage\":\"es\"}]}<\/script>\n<!-- \/ Yoast SEO plugin. -->","yoast_head_json":{"title":"Empresa - Turismo, excursiones y deportes de aventura en ell delta del Ebro","robots":{"index":"index","follow":"follow","max-snippet":"max-snippet:-1","max-image-preview":"max-image-preview:large","max-video-preview":"max-video-preview:-1"},"canonical":"https:\/\/deltaturistic.com\/es\/empresa\/","twitter_misc":{"Tiempo de lectura":"1 minuto"},"schema":{"@context":"https:\/\/schema.org","@graph":[{"@type":"WebPage","@id":"https:\/\/deltaturistic.com\/es\/empresa\/","url":"https:\/\/deltaturistic.com\/es\/empresa\/","name":"Empresa - Turismo, excursiones y deportes de aventura en ell delta del Ebro","isPartOf":{"@id":"https:\/\/deltaturistic.com\/es\/#website"},"primaryImageOfPage":{"@id":"https:\/\/deltaturistic.com\/es\/empresa\/#primaryimage"},"image":{"@id":"https:\/\/deltaturistic.com\/es\/empresa\/#primaryimage"},"thumbnailUrl":"http:\/\/www.deltaturistic.com\/wp-content\/uploads\/2014\/02\/Imagen-007-250x250.jpg","datePublished":"2014-02-21T14:47:28+00:00","dateModified":"2014-07-31T07:32:06+00:00","breadcrumb":{"@id":"https:\/\/deltaturistic.com\/es\/empresa\/#breadcrumb"},"inLanguage":"es","potentialAction":[{"@type":"ReadAction","target":["https:\/\/deltaturistic.com\/es\/empresa\/"]}]},{"@type":"ImageObject","inLanguage":"es","@id":"https:\/\/deltaturistic.com\/es\/empresa\/#primaryimage","url":"http:\/\/www.deltaturistic.com\/wp-content\/uploads\/2014\/02\/Imagen-007-250x250.jpg","contentUrl":"http:\/\/www.deltaturistic.com\/wp-content\/uploads\/2014\/02\/Imagen-007-250x250.jpg"},{"@type":"BreadcrumbList","@id":"https:\/\/deltaturistic.com\/es\/empresa\/#breadcrumb","itemListElement":[{"@type":"ListItem","position":1,"name":"Inici","item":"https:\/\/deltaturistic.com\/es\/"},{"@type":"ListItem","position":2,"name":"Empresa"}]},{"@type":"WebSite","@id":"https:\/\/deltaturistic.com\/es\/#website","url":"https:\/\/deltaturistic.com\/es\/","name":"Turismo, excursiones y deportes de aventura en ell delta del Ebro","description":"Turismo, excursiones y deportes de aventura en el delta del Ebro. Agencia de Viages Deltaturistic","potentialAction":[{"@type":"SearchAction","target":{"@type":"EntryPoint","urlTemplate":"https:\/\/deltaturistic.com\/es\/?s={search_term_string}"},"query-input":{"@type":"PropertyValueSpecification","valueRequired":true,"valueName":"search_term_string"}}],"inLanguage":"es"}]}},"_links":{"self":[{"href":"https:\/\/deltaturistic.com\/es\/wp-json\/wp\/v2\/pages\/894","targetHints":{"allow":["GET"]}}],"collection":[{"href":"https:\/\/deltaturistic.com\/es\/wp-json\/wp\/v2\/pages"}],"about":[{"href":"https:\/\/deltaturistic.com\/es\/wp-json\/wp\/v2\/types\/page"}],"author":[{"embeddable":true,"href":"https:\/\/deltaturistic.com\/es\/wp-json\/wp\/v2\/users\/2"}],"replies":[{"embeddable":true,"href":"https:\/\/deltaturistic.com\/es\/wp-json\/wp\/v2\/comments?post=894"}],"version-history":[{"count":1,"href":"https:\/\/deltaturistic.com\/es\/wp-json\/wp\/v2\/pages\/894\/revisions"}],"predecessor-version":[{"id":895,"href":"https:\/\/deltaturistic.com\/es\/wp-json\/wp\/v2\/pages\/894\/revisions\/895"}],"wp:attachment":[{"href":"https:\/\/deltaturistic.com\/es\/wp-json\/wp\/v2\/media?parent=894"}],"curies":[{"name":"wp","href":"https:\/\/api.w.org\/{rel}","templated":true}]}}