{"id":911,"date":"2014-02-21T12:34:25","date_gmt":"2014-02-21T11:34:25","guid":{"rendered":"http:\/\/www.deltaturistic.com\/excursiones\/altres-excursions\/"},"modified":"2014-07-31T08:49:19","modified_gmt":"2014-07-31T07:49:19","slug":"otras-excursiones","status":"publish","type":"page","link":"https:\/\/deltaturistic.com\/es\/excursiones\/otras-excursiones\/","title":{"rendered":"Otras excursiones"},"content":{"rendered":"<p>Disponemos de diferentes alternativas en otras zonas de inter\u00e9s, donde podr\u00e1n disfrutar de una salida alternativa.<\/p>\n<h3>La T\u00e1rraco romana<\/h3>\n<p>Visita guiada par Tarragona (patrimonio de la humanidad), a fin de conocer los encantos y la historia de esta fant\u00e1stica ciudad (capital de nuestra provincia), donde descansan los restos de la antigua ciudad romana T\u00e1rraco, visitaremos museos, el barrio del Serrallo (barrio pescador), y comeremos en un restaurante al pie de la catedral de la ciudad.<\/p>\n<h3>Aut\u00e9ntica cal\u00e7otada<\/h3>\n<p>Nos dirigiremos a\u00a0Reus, pueblo originario de las cal\u00e7otadas, donde nuestros amigos de can&#8230;&#8230;. Nos ofrecer\u00e1n una de las maravillas gastron\u00f3micas de la cocina catalana.<\/p>\n<h3>Bodegas AVGVSTVS \u2013 FORVM<\/h3>\n<p>Visita exclusiva a una de las bodegas familiares con m\u00e1s encanto de la zona donde podremos degustar alguno de los vinos y vinagres FORVM m\u00e1s representativos de la d.o. Pened\u00e9s y tendremos la posibilidad de comprar algunos de sus productos.<br \/>\nComeremos en un restaurante de la zona.<\/p>\n<h3>Cavas Monestir de poblet.<\/h3>\n<h3>Port aventura.<\/h3>\n","protected":false},"excerpt":{"rendered":"<p>Disponemos de diferentes alternativas en otras zonas de inter\u00e9s, donde podr\u00e1n disfrutar de una salida alternativa. La T\u00e1rraco romana Visita guiada par Tarragona (patrimonio de la humanidad), a fin de conocer los encantos y la historia de esta fant\u00e1stica ciudad (capital de nuestra provincia), donde descansan los restos de la antigua ciudad romana T\u00e1rraco, visitaremos [&hellip;]<\/p>\n","protected":false},"author":2,"featured_media":0,"parent":841,"menu_order":6,"comment_status":"closed","ping_status":"closed","template":"","meta":{"footnotes":""},"class_list":["post-911","page","type-page","status-publish","hentry"],"yoast_head":"<!-- This site is optimized with the Yoast SEO plugin v27.1.1 - https:\/\/yoast.com\/product\/yoast-seo-wordpress\/ -->\n<title>Otras excursiones - Turismo, excursiones y deportes de aventura en ell delta del Ebro<\/title>\n<meta name=\"robots\" content=\"index, follow, max-snippet:-1, max-image-preview:large, max-video-preview:-1\" \/>\n<link rel=\"canonical\" href=\"https:\/\/deltaturistic.com\/es\/excursiones\/otras-excursiones\/\" \/>\n<meta name=\"twitter:label1\" content=\"Tiempo de lectura\" \/>\n\t<meta name=\"twitter:data1\" content=\"1 minuto\" \/>\n<script type=\"application\/ld+json\" class=\"yoast-schema-graph\">{\"@context\":\"https:\/\/schema.org\",\"@graph\":[{\"@type\":\"WebPage\",\"@id\":\"https:\/\/deltaturistic.com\/es\/excursiones\/otras-excursiones\/\",\"url\":\"https:\/\/deltaturistic.com\/es\/excursiones\/otras-excursiones\/\",\"name\":\"Otras excursiones - Turismo, excursiones y deportes de aventura en ell delta del Ebro\",\"isPartOf\":{\"@id\":\"https:\/\/deltaturistic.com\/es\/#website\"},\"datePublished\":\"2014-02-21T11:34:25+00:00\",\"dateModified\":\"2014-07-31T07:49:19+00:00\",\"breadcrumb\":{\"@id\":\"https:\/\/deltaturistic.com\/es\/excursiones\/otras-excursiones\/#breadcrumb\"},\"inLanguage\":\"es\",\"potentialAction\":[{\"@type\":\"ReadAction\",\"target\":[\"https:\/\/deltaturistic.com\/es\/excursiones\/otras-excursiones\/\"]}]},{\"@type\":\"BreadcrumbList\",\"@id\":\"https:\/\/deltaturistic.com\/es\/excursiones\/otras-excursiones\/#breadcrumb\",\"itemListElement\":[{\"@type\":\"ListItem\",\"position\":1,\"name\":\"Inici\",\"item\":\"https:\/\/deltaturistic.com\/es\/\"},{\"@type\":\"ListItem\",\"position\":2,\"name\":\"Excursiones\",\"item\":\"https:\/\/deltaturistic.com\/es\/excursiones\/\"},{\"@type\":\"ListItem\",\"position\":3,\"name\":\"Otras excursiones\"}]},{\"@type\":\"WebSite\",\"@id\":\"https:\/\/deltaturistic.com\/es\/#website\",\"url\":\"https:\/\/deltaturistic.com\/es\/\",\"name\":\"Turismo, excursiones y deportes de aventura en ell delta del Ebro\",\"description\":\"Turismo, excursiones y deportes de aventura en el delta del Ebro. Agencia de Viages Deltaturistic\",\"potentialAction\":[{\"@type\":\"SearchAction\",\"target\":{\"@type\":\"EntryPoint\",\"urlTemplate\":\"https:\/\/deltaturistic.com\/es\/?s={search_term_string}\"},\"query-input\":{\"@type\":\"PropertyValueSpecification\",\"valueRequired\":true,\"valueName\":\"search_term_string\"}}],\"inLanguage\":\"es\"}]}<\/script>\n<!-- \/ Yoast SEO plugin. -->","yoast_head_json":{"title":"Otras excursiones - Turismo, excursiones y deportes de aventura en ell delta del Ebro","robots":{"index":"index","follow":"follow","max-snippet":"max-snippet:-1","max-image-preview":"max-image-preview:large","max-video-preview":"max-video-preview:-1"},"canonical":"https:\/\/deltaturistic.com\/es\/excursiones\/otras-excursiones\/","twitter_misc":{"Tiempo de lectura":"1 minuto"},"schema":{"@context":"https:\/\/schema.org","@graph":[{"@type":"WebPage","@id":"https:\/\/deltaturistic.com\/es\/excursiones\/otras-excursiones\/","url":"https:\/\/deltaturistic.com\/es\/excursiones\/otras-excursiones\/","name":"Otras excursiones - Turismo, excursiones y deportes de aventura en ell delta del Ebro","isPartOf":{"@id":"https:\/\/deltaturistic.com\/es\/#website"},"datePublished":"2014-02-21T11:34:25+00:00","dateModified":"2014-07-31T07:49:19+00:00","breadcrumb":{"@id":"https:\/\/deltaturistic.com\/es\/excursiones\/otras-excursiones\/#breadcrumb"},"inLanguage":"es","potentialAction":[{"@type":"ReadAction","target":["https:\/\/deltaturistic.com\/es\/excursiones\/otras-excursiones\/"]}]},{"@type":"BreadcrumbList","@id":"https:\/\/deltaturistic.com\/es\/excursiones\/otras-excursiones\/#breadcrumb","itemListElement":[{"@type":"ListItem","position":1,"name":"Inici","item":"https:\/\/deltaturistic.com\/es\/"},{"@type":"ListItem","position":2,"name":"Excursiones","item":"https:\/\/deltaturistic.com\/es\/excursiones\/"},{"@type":"ListItem","position":3,"name":"Otras excursiones"}]},{"@type":"WebSite","@id":"https:\/\/deltaturistic.com\/es\/#website","url":"https:\/\/deltaturistic.com\/es\/","name":"Turismo, excursiones y deportes de aventura en ell delta del Ebro","description":"Turismo, excursiones y deportes de aventura en el delta del Ebro. Agencia de Viages Deltaturistic","potentialAction":[{"@type":"SearchAction","target":{"@type":"EntryPoint","urlTemplate":"https:\/\/deltaturistic.com\/es\/?s={search_term_string}"},"query-input":{"@type":"PropertyValueSpecification","valueRequired":true,"valueName":"search_term_string"}}],"inLanguage":"es"}]}},"_links":{"self":[{"href":"https:\/\/deltaturistic.com\/es\/wp-json\/wp\/v2\/pages\/911","targetHints":{"allow":["GET"]}}],"collection":[{"href":"https:\/\/deltaturistic.com\/es\/wp-json\/wp\/v2\/pages"}],"about":[{"href":"https:\/\/deltaturistic.com\/es\/wp-json\/wp\/v2\/types\/page"}],"author":[{"embeddable":true,"href":"https:\/\/deltaturistic.com\/es\/wp-json\/wp\/v2\/users\/2"}],"replies":[{"embeddable":true,"href":"https:\/\/deltaturistic.com\/es\/wp-json\/wp\/v2\/comments?post=911"}],"version-history":[{"count":1,"href":"https:\/\/deltaturistic.com\/es\/wp-json\/wp\/v2\/pages\/911\/revisions"}],"predecessor-version":[{"id":912,"href":"https:\/\/deltaturistic.com\/es\/wp-json\/wp\/v2\/pages\/911\/revisions\/912"}],"up":[{"embeddable":true,"href":"https:\/\/deltaturistic.com\/es\/wp-json\/wp\/v2\/pages\/841"}],"wp:attachment":[{"href":"https:\/\/deltaturistic.com\/es\/wp-json\/wp\/v2\/media?parent=911"}],"curies":[{"name":"wp","href":"https:\/\/api.w.org\/{rel}","templated":true}]}}