{"id":935,"date":"2014-07-25T08:59:42","date_gmt":"2014-07-25T07:59:42","guid":{"rendered":"http:\/\/www.deltaturistic.com\/el-delta-de-lebre-2\/"},"modified":"2014-07-31T09:38:26","modified_gmt":"2014-07-31T08:38:26","slug":"el-delta-del-ebro","status":"publish","type":"page","link":"https:\/\/deltaturistic.com\/es\/el-delta-del-ebro\/","title":{"rendered":"El delta del Ebro"},"content":{"rendered":"<h2>Bienvenidos al Delta del Ebro<\/h2>\n<p>[ls_googlemap location=\u00bb40.727739, 0.664365&#8243; zoom=\u00bb10&#8243; title=\u00bbEl delta del Ebro\u00bb height=\u00bb400&#8243;]<\/p>\n<h3>DeltaTour\u00edstic<\/h3>\n<p>Alquiler de veh\u00edculos para rutas tur\u00edsticas al Delta del Ebro.<\/p>\n<p>El medio ideal para visitar en un peque\u00f1o grupo familiar. Un paisaje variado y maravilloso.<\/p>\n<p>Rutas por: canales, r\u00edos, ca\u00f1ados, pueblos silenciosos, playas inmensas.<\/p>\n<h3>Galer\u00eda fotogr\u00e1fica del delta del Ebro<\/h3>\n<p>&nbsp;<\/p>\n<p><a href=\"http:\/\/www.deltaturistic.com\/wp-content\/uploads\/2014\/07\/excursions-118.jpg\"><img loading=\"lazy\" decoding=\"async\" class=\"alignright wp-image-668 size-thumbnail\" src=\"https:\/\/deltaturistic.com\/wp-content\/uploads\/2014\/07\/excursions-118-250x250.jpg\" alt=\"el delta de l'Ebre\" width=\"200\" height=\"200\" srcset=\"https:\/\/deltaturistic.com\/wp-content\/uploads\/2014\/07\/excursions-118-250x250.jpg 250w, https:\/\/deltaturistic.com\/wp-content\/uploads\/2014\/07\/excursions-118-100x100.jpg 100w\" sizes=\"auto, (max-width: 200px) 100vw, 200px\" \/><\/a> <a href=\"http:\/\/www.deltaturistic.com\/wp-content\/uploads\/2014\/07\/IMG000441.jpg\"><img loading=\"lazy\" decoding=\"async\" class=\"alignright wp-image-669 size-thumbnail\" src=\"https:\/\/deltaturistic.com\/wp-content\/uploads\/2014\/07\/IMG000441-250x250.jpg\" alt=\"el delta de l'Ebre\" width=\"200\" height=\"200\" srcset=\"https:\/\/deltaturistic.com\/wp-content\/uploads\/2014\/07\/IMG000441-250x250.jpg 250w, https:\/\/deltaturistic.com\/wp-content\/uploads\/2014\/07\/IMG000441-100x100.jpg 100w\" sizes=\"auto, (max-width: 200px) 100vw, 200px\" \/><\/a> <a href=\"http:\/\/www.deltaturistic.com\/wp-content\/uploads\/2014\/07\/IMG-20130605-WA0004.jpg\"><img loading=\"lazy\" decoding=\"async\" class=\"alignright wp-image-670 size-thumbnail\" src=\"https:\/\/deltaturistic.com\/wp-content\/uploads\/2014\/07\/IMG-20130605-WA0004-250x250.jpg\" alt=\"el delta de l'Ebre\" width=\"200\" height=\"200\" srcset=\"https:\/\/deltaturistic.com\/wp-content\/uploads\/2014\/07\/IMG-20130605-WA0004-250x250.jpg 250w, https:\/\/deltaturistic.com\/wp-content\/uploads\/2014\/07\/IMG-20130605-WA0004-100x100.jpg 100w\" sizes=\"auto, (max-width: 200px) 100vw, 200px\" \/><\/a> <a href=\"http:\/\/www.deltaturistic.com\/wp-content\/uploads\/2014\/07\/IMG-20140613-WA0006.jpg\"><img loading=\"lazy\" decoding=\"async\" class=\"alignright size-thumbnail wp-image-671\" src=\"https:\/\/deltaturistic.com\/wp-content\/uploads\/2014\/07\/IMG-20140613-WA0006-250x250.jpg\" alt=\"el delta de l'Ebre\" width=\"200\" height=\"200\" srcset=\"https:\/\/deltaturistic.com\/wp-content\/uploads\/2014\/07\/IMG-20140613-WA0006-250x250.jpg 250w, https:\/\/deltaturistic.com\/wp-content\/uploads\/2014\/07\/IMG-20140613-WA0006-100x100.jpg 100w\" sizes=\"auto, (max-width: 200px) 100vw, 200px\" \/><\/a> <a href=\"http:\/\/www.deltaturistic.com\/wp-content\/uploads\/2014\/07\/IMG-20140619-WA0015.jpg\"><img loading=\"lazy\" decoding=\"async\" class=\"alignright size-thumbnail wp-image-675\" src=\"https:\/\/deltaturistic.com\/wp-content\/uploads\/2014\/07\/IMG-20140619-WA0015-250x250.jpg\" alt=\"el delta de l'Ebre\" width=\"200\" height=\"200\" srcset=\"https:\/\/deltaturistic.com\/wp-content\/uploads\/2014\/07\/IMG-20140619-WA0015-250x250.jpg 250w, https:\/\/deltaturistic.com\/wp-content\/uploads\/2014\/07\/IMG-20140619-WA0015-100x100.jpg 100w\" sizes=\"auto, (max-width: 200px) 100vw, 200px\" \/><\/a> <a href=\"http:\/\/www.deltaturistic.com\/wp-content\/uploads\/2014\/07\/IMG-20140619-WA00141.jpg\"><img loading=\"lazy\" decoding=\"async\" class=\"alignright size-thumbnail wp-image-674\" src=\"https:\/\/deltaturistic.com\/wp-content\/uploads\/2014\/07\/IMG-20140619-WA00141-250x250.jpg\" alt=\"el delta de l'Ebre\" width=\"200\" height=\"200\" srcset=\"https:\/\/deltaturistic.com\/wp-content\/uploads\/2014\/07\/IMG-20140619-WA00141-250x250.jpg 250w, https:\/\/deltaturistic.com\/wp-content\/uploads\/2014\/07\/IMG-20140619-WA00141-100x100.jpg 100w\" sizes=\"auto, (max-width: 200px) 100vw, 200px\" \/><\/a> <a href=\"http:\/\/www.deltaturistic.com\/wp-content\/uploads\/2014\/07\/IMG-20140619-WA0013.jpg\"><img loading=\"lazy\" decoding=\"async\" class=\"alignright size-thumbnail wp-image-673\" src=\"https:\/\/deltaturistic.com\/wp-content\/uploads\/2014\/07\/IMG-20140619-WA0013-250x250.jpg\" alt=\"el delta de l'Ebre\" width=\"200\" height=\"200\" srcset=\"https:\/\/deltaturistic.com\/wp-content\/uploads\/2014\/07\/IMG-20140619-WA0013-250x250.jpg 250w, https:\/\/deltaturistic.com\/wp-content\/uploads\/2014\/07\/IMG-20140619-WA0013-100x100.jpg 100w\" sizes=\"auto, (max-width: 200px) 100vw, 200px\" \/><\/a> <a href=\"http:\/\/www.deltaturistic.com\/wp-content\/uploads\/2014\/07\/IMG-20140613-WA0007.jpg\"><img loading=\"lazy\" decoding=\"async\" class=\"alignright size-thumbnail wp-image-672\" src=\"https:\/\/deltaturistic.com\/wp-content\/uploads\/2014\/07\/IMG-20140613-WA0007-250x250.jpg\" alt=\"el delta de l'Ebre\" width=\"200\" height=\"200\" srcset=\"https:\/\/deltaturistic.com\/wp-content\/uploads\/2014\/07\/IMG-20140613-WA0007-250x250.jpg 250w, https:\/\/deltaturistic.com\/wp-content\/uploads\/2014\/07\/IMG-20140613-WA0007-100x100.jpg 100w\" sizes=\"auto, (max-width: 200px) 100vw, 200px\" \/><\/a> <a href=\"http:\/\/www.deltaturistic.com\/wp-content\/uploads\/2014\/07\/noves-004.jpg\"><img loading=\"lazy\" decoding=\"async\" class=\"alignright size-thumbnail wp-image-676\" src=\"https:\/\/deltaturistic.com\/wp-content\/uploads\/2014\/07\/noves-004-250x250.jpg\" alt=\"el delta de l'Ebre\" width=\"200\" height=\"200\" srcset=\"https:\/\/deltaturistic.com\/wp-content\/uploads\/2014\/07\/noves-004-250x250.jpg 250w, https:\/\/deltaturistic.com\/wp-content\/uploads\/2014\/07\/noves-004-100x100.jpg 100w\" sizes=\"auto, (max-width: 200px) 100vw, 200px\" \/><\/a> <a href=\"http:\/\/www.deltaturistic.com\/wp-content\/uploads\/2014\/07\/CIMG6072.jpg\"><img loading=\"lazy\" decoding=\"async\" class=\"alignright size-thumbnail wp-image-677\" src=\"https:\/\/deltaturistic.com\/wp-content\/uploads\/2014\/07\/CIMG6072-250x250.jpg\" alt=\"el delta de l'Ebre\" width=\"200\" height=\"200\" srcset=\"https:\/\/deltaturistic.com\/wp-content\/uploads\/2014\/07\/CIMG6072-250x250.jpg 250w, https:\/\/deltaturistic.com\/wp-content\/uploads\/2014\/07\/CIMG6072-100x100.jpg 100w\" sizes=\"auto, (max-width: 200px) 100vw, 200px\" \/><\/a> <a href=\"http:\/\/www.deltaturistic.com\/wp-content\/uploads\/2014\/07\/CIMG6090.jpg\"><img loading=\"lazy\" decoding=\"async\" class=\"alignright size-thumbnail wp-image-678\" src=\"https:\/\/deltaturistic.com\/wp-content\/uploads\/2014\/07\/CIMG6090-250x250.jpg\" alt=\"el delta de l'Ebre\" width=\"200\" height=\"200\" srcset=\"https:\/\/deltaturistic.com\/wp-content\/uploads\/2014\/07\/CIMG6090-250x250.jpg 250w, https:\/\/deltaturistic.com\/wp-content\/uploads\/2014\/07\/CIMG6090-100x100.jpg 100w\" sizes=\"auto, (max-width: 200px) 100vw, 200px\" \/><\/a> <a href=\"http:\/\/www.deltaturistic.com\/wp-content\/uploads\/2014\/07\/excursions-020.jpg\"><img loading=\"lazy\" decoding=\"async\" class=\"alignright size-thumbnail wp-image-679\" src=\"https:\/\/deltaturistic.com\/wp-content\/uploads\/2014\/07\/excursions-020-250x250.jpg\" alt=\"el delta de l'Ebre\" width=\"200\" height=\"200\" srcset=\"https:\/\/deltaturistic.com\/wp-content\/uploads\/2014\/07\/excursions-020-250x250.jpg 250w, https:\/\/deltaturistic.com\/wp-content\/uploads\/2014\/07\/excursions-020-100x100.jpg 100w\" sizes=\"auto, (max-width: 200px) 100vw, 200px\" \/><\/a><\/p>\n","protected":false},"excerpt":{"rendered":"<p>Bienvenidos al Delta del Ebro [ls_googlemap location=\u00bb40.727739, 0.664365&#8243; zoom=\u00bb10&#8243; title=\u00bbEl delta del Ebro\u00bb height=\u00bb400&#8243;] DeltaTour\u00edstic Alquiler de veh\u00edculos para rutas tur\u00edsticas al Delta del Ebro. El medio ideal para visitar en un peque\u00f1o grupo familiar. Un paisaje variado y maravilloso. Rutas por: canales, r\u00edos, ca\u00f1ados, pueblos silenciosos, playas inmensas. Galer\u00eda fotogr\u00e1fica del delta del Ebro [&hellip;]<\/p>\n","protected":false},"author":2,"featured_media":0,"parent":0,"menu_order":11,"comment_status":"closed","ping_status":"closed","template":"","meta":{"footnotes":""},"class_list":["post-935","page","type-page","status-publish","hentry"],"yoast_head":"<!-- This site is optimized with the Yoast SEO plugin v27.1.1 - https:\/\/yoast.com\/product\/yoast-seo-wordpress\/ -->\n<title>El delta del Ebro - Turismo, excursiones y deportes de aventura en ell delta del Ebro<\/title>\n<meta name=\"robots\" content=\"index, follow, max-snippet:-1, max-image-preview:large, max-video-preview:-1\" \/>\n<link rel=\"canonical\" href=\"https:\/\/deltaturistic.com\/es\/el-delta-del-ebro\/\" \/>\n<script type=\"application\/ld+json\" class=\"yoast-schema-graph\">{\"@context\":\"https:\/\/schema.org\",\"@graph\":[{\"@type\":\"WebPage\",\"@id\":\"https:\/\/deltaturistic.com\/es\/el-delta-del-ebro\/\",\"url\":\"https:\/\/deltaturistic.com\/es\/el-delta-del-ebro\/\",\"name\":\"El delta del Ebro - Turismo, excursiones y deportes de aventura en ell delta del Ebro\",\"isPartOf\":{\"@id\":\"https:\/\/deltaturistic.com\/es\/#website\"},\"primaryImageOfPage\":{\"@id\":\"https:\/\/deltaturistic.com\/es\/el-delta-del-ebro\/#primaryimage\"},\"image\":{\"@id\":\"https:\/\/deltaturistic.com\/es\/el-delta-del-ebro\/#primaryimage\"},\"thumbnailUrl\":\"https:\/\/deltaturistic.com\/wp-content\/uploads\/2014\/07\/excursions-118-250x250.jpg\",\"datePublished\":\"2014-07-25T07:59:42+00:00\",\"dateModified\":\"2014-07-31T08:38:26+00:00\",\"breadcrumb\":{\"@id\":\"https:\/\/deltaturistic.com\/es\/el-delta-del-ebro\/#breadcrumb\"},\"inLanguage\":\"es\",\"potentialAction\":[{\"@type\":\"ReadAction\",\"target\":[\"https:\/\/deltaturistic.com\/es\/el-delta-del-ebro\/\"]}]},{\"@type\":\"ImageObject\",\"inLanguage\":\"es\",\"@id\":\"https:\/\/deltaturistic.com\/es\/el-delta-del-ebro\/#primaryimage\",\"url\":\"https:\/\/deltaturistic.com\/wp-content\/uploads\/2014\/07\/excursions-118-250x250.jpg\",\"contentUrl\":\"https:\/\/deltaturistic.com\/wp-content\/uploads\/2014\/07\/excursions-118-250x250.jpg\"},{\"@type\":\"BreadcrumbList\",\"@id\":\"https:\/\/deltaturistic.com\/es\/el-delta-del-ebro\/#breadcrumb\",\"itemListElement\":[{\"@type\":\"ListItem\",\"position\":1,\"name\":\"Inici\",\"item\":\"https:\/\/deltaturistic.com\/es\/\"},{\"@type\":\"ListItem\",\"position\":2,\"name\":\"El delta del Ebro\"}]},{\"@type\":\"WebSite\",\"@id\":\"https:\/\/deltaturistic.com\/es\/#website\",\"url\":\"https:\/\/deltaturistic.com\/es\/\",\"name\":\"Turismo, excursiones y deportes de aventura en ell delta del Ebro\",\"description\":\"Turismo, excursiones y deportes de aventura en el delta del Ebro. Agencia de Viages Deltaturistic\",\"potentialAction\":[{\"@type\":\"SearchAction\",\"target\":{\"@type\":\"EntryPoint\",\"urlTemplate\":\"https:\/\/deltaturistic.com\/es\/?s={search_term_string}\"},\"query-input\":{\"@type\":\"PropertyValueSpecification\",\"valueRequired\":true,\"valueName\":\"search_term_string\"}}],\"inLanguage\":\"es\"}]}<\/script>\n<!-- \/ Yoast SEO plugin. -->","yoast_head_json":{"title":"El delta del Ebro - Turismo, excursiones y deportes de aventura en ell delta del Ebro","robots":{"index":"index","follow":"follow","max-snippet":"max-snippet:-1","max-image-preview":"max-image-preview:large","max-video-preview":"max-video-preview:-1"},"canonical":"https:\/\/deltaturistic.com\/es\/el-delta-del-ebro\/","schema":{"@context":"https:\/\/schema.org","@graph":[{"@type":"WebPage","@id":"https:\/\/deltaturistic.com\/es\/el-delta-del-ebro\/","url":"https:\/\/deltaturistic.com\/es\/el-delta-del-ebro\/","name":"El delta del Ebro - Turismo, excursiones y deportes de aventura en ell delta del Ebro","isPartOf":{"@id":"https:\/\/deltaturistic.com\/es\/#website"},"primaryImageOfPage":{"@id":"https:\/\/deltaturistic.com\/es\/el-delta-del-ebro\/#primaryimage"},"image":{"@id":"https:\/\/deltaturistic.com\/es\/el-delta-del-ebro\/#primaryimage"},"thumbnailUrl":"https:\/\/deltaturistic.com\/wp-content\/uploads\/2014\/07\/excursions-118-250x250.jpg","datePublished":"2014-07-25T07:59:42+00:00","dateModified":"2014-07-31T08:38:26+00:00","breadcrumb":{"@id":"https:\/\/deltaturistic.com\/es\/el-delta-del-ebro\/#breadcrumb"},"inLanguage":"es","potentialAction":[{"@type":"ReadAction","target":["https:\/\/deltaturistic.com\/es\/el-delta-del-ebro\/"]}]},{"@type":"ImageObject","inLanguage":"es","@id":"https:\/\/deltaturistic.com\/es\/el-delta-del-ebro\/#primaryimage","url":"https:\/\/deltaturistic.com\/wp-content\/uploads\/2014\/07\/excursions-118-250x250.jpg","contentUrl":"https:\/\/deltaturistic.com\/wp-content\/uploads\/2014\/07\/excursions-118-250x250.jpg"},{"@type":"BreadcrumbList","@id":"https:\/\/deltaturistic.com\/es\/el-delta-del-ebro\/#breadcrumb","itemListElement":[{"@type":"ListItem","position":1,"name":"Inici","item":"https:\/\/deltaturistic.com\/es\/"},{"@type":"ListItem","position":2,"name":"El delta del Ebro"}]},{"@type":"WebSite","@id":"https:\/\/deltaturistic.com\/es\/#website","url":"https:\/\/deltaturistic.com\/es\/","name":"Turismo, excursiones y deportes de aventura en ell delta del Ebro","description":"Turismo, excursiones y deportes de aventura en el delta del Ebro. Agencia de Viages Deltaturistic","potentialAction":[{"@type":"SearchAction","target":{"@type":"EntryPoint","urlTemplate":"https:\/\/deltaturistic.com\/es\/?s={search_term_string}"},"query-input":{"@type":"PropertyValueSpecification","valueRequired":true,"valueName":"search_term_string"}}],"inLanguage":"es"}]}},"_links":{"self":[{"href":"https:\/\/deltaturistic.com\/es\/wp-json\/wp\/v2\/pages\/935","targetHints":{"allow":["GET"]}}],"collection":[{"href":"https:\/\/deltaturistic.com\/es\/wp-json\/wp\/v2\/pages"}],"about":[{"href":"https:\/\/deltaturistic.com\/es\/wp-json\/wp\/v2\/types\/page"}],"author":[{"embeddable":true,"href":"https:\/\/deltaturistic.com\/es\/wp-json\/wp\/v2\/users\/2"}],"replies":[{"embeddable":true,"href":"https:\/\/deltaturistic.com\/es\/wp-json\/wp\/v2\/comments?post=935"}],"version-history":[{"count":4,"href":"https:\/\/deltaturistic.com\/es\/wp-json\/wp\/v2\/pages\/935\/revisions"}],"predecessor-version":[{"id":953,"href":"https:\/\/deltaturistic.com\/es\/wp-json\/wp\/v2\/pages\/935\/revisions\/953"}],"wp:attachment":[{"href":"https:\/\/deltaturistic.com\/es\/wp-json\/wp\/v2\/media?parent=935"}],"curies":[{"name":"wp","href":"https:\/\/api.w.org\/{rel}","templated":true}]}}