{"id":964,"date":"2014-02-21T12:54:47","date_gmt":"2014-02-21T11:54:47","guid":{"rendered":"http:\/\/www.deltaturistic.com\/el-delta-del-ebro\/turisme-per-lebre\/"},"modified":"2014-07-31T10:16:07","modified_gmt":"2014-07-31T09:16:07","slug":"turismo-ebro","status":"publish","type":"page","link":"https:\/\/deltaturistic.com\/es\/el-delta-del-ebro\/turismo-ebro\/","title":{"rendered":"Turismo por el Ebro"},"content":{"rendered":"<h2>Itinerarios al delta del Ebro<\/h2>\n<p><span style=\"color: #000000;\">El\u00a0<\/span><strong style=\"color: #000000;\">Parque Natural del Delta del Ebro<\/strong><span style=\"color: #000000;\">\u00a0ofrece a sus visitantes una amplia y variada gama de itinerarios para descubrir los lugares m\u00e1s interesantes del Delta, sea a pie, en bici, canoa o a caballo.\u00a0<\/span><a title=\"Itinerarios\" href=\"http:\/\/www20.gencat.cat\/portal\/site\/parcsnaturals\/menuitem.1eb639065e10cdb0e6789a10b0c0e1a0\/?vgnextoid=b7433d304f754210VgnVCM1000008d0c1e0aRCRD&amp;vgnextchannel=b7433d304f754210VgnVCM1000008d0c1e0aRCRD&amp;vgnextfmt=default\">Consulta aqu\u00ed los itinerarios<\/a>.<\/p>\n<h2>El Parque Natural del delta del Ebro<\/h2>\n<p><img loading=\"lazy\" decoding=\"async\" class=\"size-medium wp-image-253 alignright\" src=\"http:\/\/www.deltaturistic.com\/wp-content\/uploads\/2014\/02\/parc-natural-delta-ebre-168x300.jpg\" alt=\"Parc Natural delta de l'Ebre\" width=\"168\" height=\"300\" srcset=\"https:\/\/deltaturistic.com\/wp-content\/uploads\/2014\/02\/parc-natural-delta-ebre-168x300.jpg 168w, https:\/\/deltaturistic.com\/wp-content\/uploads\/2014\/02\/parc-natural-delta-ebre.jpg 251w\" sizes=\"auto, (max-width: 168px) 100vw, 168px\" \/><\/p>\n<p style=\"color: #000000;\">El<strong>\u00a0delta del Ebro<\/strong>\u00a0es la zona h\u00fameda mayor de las tierras catalanas. Constituye el habitado acu\u00e1tico m\u00e1s importante del Mediterr\u00e1neo occidental, despu\u00e9s de la camarga (Parque Regional Franc\u00e9s), y el segundo del Estado Espa\u00f1ol, despu\u00e9s del Parque Nacional de Do\u00f1ana.<\/p>\n<p style=\"color: #000000;\">Por solicitud de Deltebre, la Generalitat de Catalunya cre\u00f3, por un decreto de 1983, el\u00a0<strong>Parque Natural del Delta del Ebro<\/strong>, donde se hace constar que el delta del Ebro es la primera zona h\u00fameda de Catalu\u00f1a con la importancia a escala internacional, reconocida por los m\u00e1ximos organismos especializados. Ya en 1962 fue incluida en la clasificaci\u00f3n de las zonas h\u00famedas euroafricanas de inter\u00e9s internacional elaborada por el Bureau MAR con la categor\u00eda A (prioridad urgente).<\/p>\n<p style=\"color: #000000;\">El\u00a0<strong>Parque Natural del Delta del Ebro<\/strong>\u00a0tiene una superficie total de 7.736 ha. Conforman las lagunas de las 011as, el Canal Vell, el Garxal, el Alfacada, la Platjola, el Encierro y la Enca\u00f1izada, las islas de Buda, Sant Antoni i Sapinya, las pen\u00ednsulas de la Punta del Cuerno (los Alfaques) y del Fangar, los ullals de Baltasar y los p\u00e1ramos de Casablanca.<\/p>\n<p style=\"color: #000000;\">En el paisaje del delta encontramos tierras totalmente planas que le dan un aspecto peculiar y \u00fanico en Catalu\u00f1a. En el interior encontramos los extensos arrozales, cambiantes seg\u00fan las estaciones (terrosos en invierno, inundados de agua a la primavera, verdes en verano). En el litoral encontramos uno de los paisajes lacustres m\u00e1s atractivo del Mediterr\u00e1neo, grandes estanques bordeados por canyissars y jonqueres. En la periferia, soles salinos con cirialeres, juncos marinos y encara las largas y desiertas playas arenosas, con dunas y otras muestras de vegetaci\u00f3n, bien adaptada en el medio.<\/p>\n<p style=\"color: #000000;\"><strong>Quieres visitar el PARQUE NATURAL DEL DELTA DEL EBRO o realizar una excursi\u00f3n por el delta del Ebro?<\/strong>\u00a0P\u00eddenos informaci\u00f3n sin compromiso haciendo clic\u00a0<a title=\"Contactar\" href=\"http:\/\/www.deltaturistic.com\/es\/empresa\/contactar\/\">aqu\u00ed<\/a>.<\/p>\n<h2>La Casa de Fusta<\/h2>\n<p><img loading=\"lazy\" decoding=\"async\" class=\" wp-image-244 alignnone\" src=\"http:\/\/www.deltaturistic.com\/wp-content\/uploads\/2014\/02\/casa-de-fusta-delta-de-lebre-300x243.jpg\" alt=\"Casa de fusta delta de l'Ebre\" width=\"215\" height=\"174\" srcset=\"https:\/\/deltaturistic.com\/wp-content\/uploads\/2014\/02\/casa-de-fusta-delta-de-lebre-300x244.jpg 300w, https:\/\/deltaturistic.com\/wp-content\/uploads\/2014\/02\/casa-de-fusta-delta-de-lebre.jpg 369w\" sizes=\"auto, (max-width: 215px) 100vw, 215px\" \/><img loading=\"lazy\" decoding=\"async\" class=\"size-medium wp-image-245 alignnone\" style=\"margin-left: 15px;\" src=\"http:\/\/www.deltaturistic.com\/wp-content\/uploads\/2014\/02\/casa-de-fusta-interior-delta-del-ebre-300x174.jpg\" alt=\"Casa de fusta interior, delta de l'Ebre\" width=\"300\" height=\"174\" srcset=\"https:\/\/deltaturistic.com\/wp-content\/uploads\/2014\/02\/casa-de-fusta-interior-delta-del-ebre-300x175.jpg 300w, https:\/\/deltaturistic.com\/wp-content\/uploads\/2014\/02\/casa-de-fusta-interior-delta-del-ebre.jpg 400w\" sizes=\"auto, (max-width: 300px) 100vw, 300px\" \/><\/p>\n<p><span style=\"color: #000000;\">Construcci\u00f3n emblem\u00e1tica en el Delta, actualmente es una instalaci\u00f3n del\u00a0<\/span><strong style=\"color: #000000;\">Parque Natural<\/strong><span style=\"color: #000000;\">\u00a0que acoge un centro de informaci\u00f3n y un museo ornitol\u00f3gico donde se muestra una colecci\u00f3n mucho completa de las especias m\u00e1s representativas de la fauna deltaica.<\/span><\/p>\n<p><strong style=\"color: #000000;\">Quieres visitar LA CASA DE FUSTA<\/strong><strong style=\"color: #000000;\">\u00a0o realizar una excursi\u00f3n por el delta del Ebro?<\/strong><span style=\"color: #000000;\">\u00a0P\u00eddenos informaci\u00f3n sin compromiso haciendo clic\u00a0<\/span><a title=\"Contactar\" href=\"http:\/\/www.deltaturistic.com\/es\/empresa\/contactar\/\">aqu\u00ed<\/a><span style=\"color: #000000;\">.<\/span><\/p>\n<h2>El Ecomuseu<\/h2>\n<p style=\"color: #000000;\">Su funci\u00f3n principal es<strong>\u00a0introducir a los reci\u00e9n llegados en el peculiar mundo del Delta<\/strong>, especialmente en el funcionamiento de los aspectos naturales y humanos de su ecosistema. De esta manera, los diferentes elementos que lo configuran son representaciones de los paisajes, de las actividades tradicionales y de la arquitectura del Delta.<br \/>\nEl Ecomuseu ayuda a conocer e interpretar una realidad compleja donde la profunda humanizaci\u00f3n y el peso de las actividades econ\u00f3micas contrasta con la existencia de unos espacios que est\u00e1n protegidos por sus importantes valores naturales.<\/p>\n<p style=\"color: #000000;\"><strong>Quieres visitar EL ECOMUSEO<\/strong><strong>\u00a0o realizar una excursi\u00f3n por el delta del Ebro?<\/strong>\u00a0P\u00eddenos informaci\u00f3n sin compromiso haciendo clic\u00a0<a title=\"Contactar\" href=\"http:\/\/www.deltaturistic.com\/es\/empresa\/contactar\/\">aqu\u00ed<\/a>.<\/p>\n<h2>El Museu de las Tierras del Ebro<\/h2>\n<p><img decoding=\"async\" class=\" wp-image-252 alignright\" src=\"http:\/\/www.deltaturistic.com\/wp-content\/uploads\/2014\/02\/museu-del-montsia-delta-del-ebre-300x225.jpg\" alt=\"Museu del Montsi\u00e0 delta de l'Ebre\" width=\"280\" srcset=\"https:\/\/deltaturistic.com\/wp-content\/uploads\/2014\/02\/museu-del-montsia-delta-del-ebre-300x225.jpg 300w, https:\/\/deltaturistic.com\/wp-content\/uploads\/2014\/02\/museu-del-montsia-delta-del-ebre.jpg 400w\" sizes=\"(max-width: 300px) 100vw, 300px\" \/><\/p>\n<p style=\"color: #000000;\">El Museo, inaugurado en 2011 a partir de la renovaci\u00f3n del Museo Comarcal del Montsi\u00e0, es una de las principales entidades culturales del territorio. El Museo conserva y gestiona las colecciones m\u00e1s importantes de la naturaleza, la arqueolog\u00eda y la etnolog\u00eda de las Tierras del Ebro, un fondo que comprende m\u00e1s de 35.000 objetos. La naturaleza, la arqueolog\u00eda y la etnolog\u00eda son los \u00e1mbitos principales a partir de los cuales la entidad incide en la conservaci\u00f3n del patrimonio territorial y en desarrollo la gesti\u00f3n y acci\u00f3n multidisciplinarias.<\/p>\n<p style=\"color: #000000;\"><strong>Quieres visitar EL MUSEO DE LAS TIERRAS DEL EBRO<\/strong><strong>\u00a0o realizar una excursi\u00f3n por el delta del Ebro?<\/strong>\u00a0P\u00eddenos informaci\u00f3n sin compromiso haciendo clic\u00a0<a title=\"Contactar\" href=\"http:\/\/www.deltaturistic.com\/es\/empresa\/contactar\/\">aqu\u00ed<\/a>.<\/p>\n<h2>Les Olles<\/h2>\n<p><img loading=\"lazy\" decoding=\"async\" class=\"size-medium wp-image-251 alignright\" src=\"http:\/\/www.deltaturistic.com\/wp-content\/uploads\/2014\/02\/les-olles-delta-del-ebre-300x191.jpg\" alt=\"Les Olles delta de l'Ebre\" width=\"300\" height=\"191\" srcset=\"https:\/\/deltaturistic.com\/wp-content\/uploads\/2014\/02\/les-olles-delta-del-ebre-300x191.jpg 300w, https:\/\/deltaturistic.com\/wp-content\/uploads\/2014\/02\/les-olles-delta-del-ebre.jpg 400w\" sizes=\"auto, (max-width: 300px) 100vw, 300px\" \/><\/p>\n<p style=\"color: #000000;\">Es\u00a0<strong>la laguna m\u00e1s peque\u00f1a del Delta\u00a0<\/strong>con 54 ha. Toda su area de protecci\u00f3n t\u00e9 pero 415 ha. El acceso m\u00e1s habitual est\u00e1 desde la carretera de la Ampolla a la playa del arenal.<br \/>\nSi nos interesan las aves marinas y los lim\u00edcolas podemos atravesar el canal y seguir otro km. hasta llegar al Goler\u00f3, antigua desembocadura del Ebro en la actualidad un canal de desag\u00fce.<br \/>\nEn la misma playa del Arenal, en la alberca|balsa de las ollas podr\u00e1s disfrutar de la\u00a0<strong>cocina t\u00edpica del delta<\/strong>\u00a0al\u00a0<em>Restaurante Lo Goler\u00f3<\/em>.<\/p>\n<p style=\"color: #000000;\"><strong>Quieres visitar LES OLLES<\/strong><strong>\u00a0o realizar una excursi\u00f3n por el delta del Ebro?<\/strong>\u00a0P\u00eddenos informaci\u00f3n sin compromiso haciendo clic\u00a0<a title=\"Contactar\" href=\"http:\/\/www.deltaturistic.com\/es\/empresa\/contactar\/\">aqu\u00ed<\/a>.<\/p>\n<h2>El Fangar<\/h2>\n<p><img decoding=\"async\" class=\" wp-image-247 alignright\" src=\"http:\/\/www.deltaturistic.com\/wp-content\/uploads\/2014\/02\/el-fangar-delta-del-ebre-300x185.jpg\" alt=\"El fangar delta de l'Ebre\" width=\"280\" srcset=\"https:\/\/deltaturistic.com\/wp-content\/uploads\/2014\/02\/el-fangar-delta-del-ebre-300x185.jpg 300w, https:\/\/deltaturistic.com\/wp-content\/uploads\/2014\/02\/el-fangar-delta-del-ebre.jpg 400w\" sizes=\"(max-width: 300px) 100vw, 300px\" \/><\/p>\n<p style=\"color: #000000;\">El Fangar es una\u00a0<strong>pen\u00ednsula de arena<\/strong>\u00a0de 410 ha. orientada de NO a SE.<\/p>\n<p>Est\u00e1 atravesada por una pista de arena compactada de unos 3&#8217;5 o 4 km por donde se puede circular o caminar hasta el mirador, el Faro o el extremo norte de la pen\u00ednsula.<\/p>\n<p style=\"color: #000000;\"><strong>Quieres visitar EL FANGAR<\/strong><strong>\u00a0o realizar una excursi\u00f3n por el delta del Ebro?<\/strong>\u00a0P\u00eddenos informaci\u00f3n sin compromiso haciendo clic\u00a0<a title=\"Contactar\" href=\"http:\/\/www.deltaturistic.com\/es\/empresa\/contactar\/\">aqu\u00ed<\/a>.<\/p>\n<h2>El Canal Vell<\/h2>\n<p><img loading=\"lazy\" decoding=\"async\" class=\"size-medium wp-image-243 alignright\" src=\"http:\/\/www.deltaturistic.com\/wp-content\/uploads\/2014\/02\/canal-vell-delta-del-ebre-300x186.jpg\" alt=\"Canal vell delta de l'Ebre\" width=\"300\" height=\"186\" srcset=\"https:\/\/deltaturistic.com\/wp-content\/uploads\/2014\/02\/canal-vell-delta-del-ebre-300x187.jpg 300w, https:\/\/deltaturistic.com\/wp-content\/uploads\/2014\/02\/canal-vell-delta-del-ebre.jpg 400w\" sizes=\"auto, (max-width: 300px) 100vw, 300px\" \/><\/p>\n<p style=\"color: #000000;\">El Canal Vell es la<strong>\u00a0laguna mayor del hemidelta norte o izquierdo<\/strong>\u00a0con una extensi\u00f3n de 235 ha.<\/p>\n<p>El acceso actual est\u00e1 limitado a un mirador\/observatorio que se privado en lo que se llega desde un desv\u00edo de la carretera de Deltebre a Riumar.<\/p>\n<p style=\"color: #000000;\"><strong>Quieres visitar EL CANAL VELL<\/strong><strong>\u00a0o realizar una excursi\u00f3n por el delta del Ebro?<\/strong>\u00a0P\u00eddenos informaci\u00f3n sin compromiso haciendo clic\u00a0<a title=\"Contactar\" href=\"http:\/\/www.deltaturistic.com\/es\/empresa\/contactar\/\">aqu\u00ed<\/a>.<\/p>\n<h2>La desembocadura del r\u00edo Ebro<\/h2>\n<p><img loading=\"lazy\" decoding=\"async\" class=\"alignright size-medium wp-image-246\" src=\"http:\/\/www.deltaturistic.com\/wp-content\/uploads\/2014\/02\/desembocadura-delta-del-ebre-300x174.jpg\" alt=\"Desenvocadura delta de l'Ebre\" width=\"300\" height=\"174\" srcset=\"https:\/\/deltaturistic.com\/wp-content\/uploads\/2014\/02\/desembocadura-delta-del-ebre-300x175.jpg 300w, https:\/\/deltaturistic.com\/wp-content\/uploads\/2014\/02\/desembocadura-delta-del-ebre.jpg 400w\" sizes=\"auto, (max-width: 300px) 100vw, 300px\" \/><\/p>\n<p style=\"color: #000000;\">La zona de la\u00a0<strong>desembocadura del Ebro<\/strong>\u00a0compran los espacios naturales protegidos del Garxal (280 ha), la Isla de Sant Antoni (170 ha) y la Isla de Buda (1231 ha).<\/p>\n<p>La Isla de Buda y la Isla de Sant Antoni tienen el paso restringido y tanto solos se puede entrar con autorizaci\u00f3n. La \u00fanica zona visitable, es el borde izquierdo del r\u00edo hasta llegar al Garxal.<\/p>\n<p style=\"color: #000000;\"><strong>Quieres visitar LA DESEMBOCADURA<\/strong><strong>\u00a0o realizar una excursi\u00f3n por el delta del Ebro?<\/strong>\u00a0Pidenos informaci\u00f3n sin compromiso haciendo clic\u00a0<a title=\"Contactar\" href=\"http:\/\/www.deltaturistic.com\/es\/empresa\/contactar\/\">aqu\u00ed<\/a>.<\/p>\n<h2>El r\u00edo\u00a0Mitjorn<\/h2>\n<p><img loading=\"lazy\" decoding=\"async\" class=\"alignright size-medium wp-image-254\" src=\"http:\/\/www.deltaturistic.com\/wp-content\/uploads\/2014\/02\/riu-migjorn-delta-del-ebre-300x186.jpg\" alt=\"Riu Migjorn delta de l'Ebre\" width=\"300\" height=\"186\" srcset=\"https:\/\/deltaturistic.com\/wp-content\/uploads\/2014\/02\/riu-migjorn-delta-del-ebre-300x186.jpg 300w, https:\/\/deltaturistic.com\/wp-content\/uploads\/2014\/02\/riu-migjorn-delta-del-ebre.jpg 400w\" sizes=\"auto, (max-width: 300px) 100vw, 300px\" \/><\/p>\n<p style=\"color: #000000;\">El r\u00edo Migjorn es una\u00a0<strong>antigua desembocadura del Ebro<\/strong>que bordea la Isla de Buda durante 3,5 km acabando en la playa del mismo nombre.<\/p>\n<p>Se trata de una zona accesible en coche desde Sant Jaume d&#8217;Enveja.<\/p>\n<p style=\"color: #000000;\"><strong>Quieres visitar el RIU DE MIGJORN<\/strong><strong>\u00a0o realizar una excursi\u00f3n por el delta del Ebro?<\/strong>\u00a0P\u00eddenos informaci\u00f3n sin compromiso haciendo clic\u00a0<a title=\"Contactar\" href=\"http:\/\/www.deltaturistic.com\/es\/empresa\/contactar\/\">aqu\u00ed<\/a>.<\/p>\n<h2>La Tancada<\/h2>\n<p><img loading=\"lazy\" decoding=\"async\" class=\"alignright size-medium wp-image-250\" src=\"http:\/\/www.deltaturistic.com\/wp-content\/uploads\/2014\/02\/la-tancada-delta-del-ebre-300x180.jpg\" alt=\"La Tancada delta de l'Ebre\" width=\"300\" height=\"180\" srcset=\"https:\/\/deltaturistic.com\/wp-content\/uploads\/2014\/02\/la-tancada-delta-del-ebre-300x181.jpg 300w, https:\/\/deltaturistic.com\/wp-content\/uploads\/2014\/02\/la-tancada-delta-del-ebre.jpg 400w\" sizes=\"auto, (max-width: 300px) 100vw, 300px\" \/><\/p>\n<p style=\"color: #000000;\">Tiene una extensi\u00f3n de 312 ha, limita por el E con el mar y por el S con la Bah\u00eda de los Alfaques.<\/p>\n<p>Es visitable desde el camino de Baladres, que es una carretera asfaltada de unos 3 km que bordea la laguna por el este.<\/p>\n<p style=\"color: #000000;\"><strong>Quieres visitar LA TANCADA<\/strong><strong>\u00a0o realizar una excursi\u00f3n por el delta del Ebro?<\/strong>\u00a0Pidenos informaci\u00f3n sin compromiso haciendo clic\u00a0<a title=\"Contactar\" href=\"http:\/\/www.deltaturistic.com\/es\/empresa\/contactar\/\">aqu\u00ed<\/a>.<\/p>\n<h2>La Banya<\/h2>\n<p><img loading=\"lazy\" decoding=\"async\" class=\"alignright  wp-image-249\" src=\"http:\/\/www.deltaturistic.com\/wp-content\/uploads\/2014\/02\/la-banya-delta-del-ebre-300x197.jpg\" alt=\"La Banya delta de l'Ebre\" width=\"300\" height=\"155\" \/><\/p>\n<p style=\"color: #000000;\">Tiene una superficie de 2.500 ha. contando con la barra del Trabucador. La Punta de la banya es\u00a0<strong>Reserva Natural Parcial<\/strong>. Su acceso est\u00e1 restringido excepto entre el 15 de julio y el 15 de septiembre, que sin salir de la playa se puede entrar sin veh\u00edculo.<\/p>\n<p style=\"color: #000000;\"><strong>Quieres visitar LA BANYA<\/strong><strong>\u00a0o realizar una excursi\u00f3n por el delta del Ebro?<\/strong>\u00a0P\u00eddenos informaci\u00f3n sin compromiso haciendo clic\u00a0<a title=\"Contactar\" href=\"http:\/\/www.deltaturistic.com\/es\/empresa\/contactar\/\">aqu\u00ed<\/a>.<\/p>\n<h2>La Encanyissada<\/h2>\n<p><img loading=\"lazy\" decoding=\"async\" class=\"alignright wp-image-248\" src=\"http:\/\/www.deltaturistic.com\/wp-content\/uploads\/2014\/02\/encanyissada-delta-del-ebre-300x192.jpg\" alt=\"L'encanyissada delta de l'Ebre\" width=\"241\" height=\"154\" srcset=\"https:\/\/deltaturistic.com\/wp-content\/uploads\/2014\/02\/encanyissada-delta-del-ebre-300x193.jpg 300w, https:\/\/deltaturistic.com\/wp-content\/uploads\/2014\/02\/encanyissada-delta-del-ebre.jpg 400w\" sizes=\"auto, (max-width: 241px) 100vw, 241px\" \/><\/p>\n<p style=\"color: #000000;\">Con una extensi\u00f3n de 1.192 ha. es la<strong>laguna mayor del Delta<\/strong>. Est\u00e1 la posibilidad de dar toda la vuelta en la laguna, con tramos de carretera asfaltada y otros sin asfaltar. El recorrido variar\u00e1 entre 12 y 18 km. dependi\u00e9ndose si se quiere hacer la vuelta en la cubeta grande o a toda la laguna.<\/p>\n<p style=\"color: #000000;\"><strong>Quieres visitar L&#8217;ENCANYISSADA<\/strong><strong>\u00a0o realizar una excursi\u00f3n por el delta del Ebro?<\/strong>\u00a0Pidenos informaci\u00f3n sin compromiso haciendo clic\u00a0<a title=\"Contactar\" href=\"http:\/\/www.deltaturistic.com\/es\/empresa\/contactar\/\">aqu\u00ed<\/a>.<\/p>\n<h2>Els Ullals<\/h2>\n<p><img loading=\"lazy\" decoding=\"async\" class=\"alignright size-full wp-image-255\" src=\"http:\/\/www.deltaturistic.com\/wp-content\/uploads\/2014\/02\/ullals-delta-del-ebre.jpg\" alt=\"Ullals delta de l'Ebre\" width=\"298\" height=\"300\" srcset=\"https:\/\/deltaturistic.com\/wp-content\/uploads\/2014\/02\/ullals-delta-del-ebre.jpg 298w, https:\/\/deltaturistic.com\/wp-content\/uploads\/2014\/02\/ullals-delta-del-ebre-100x100.jpg 100w, https:\/\/deltaturistic.com\/wp-content\/uploads\/2014\/02\/ullals-delta-del-ebre-150x150.jpg 150w\" sizes=\"auto, (max-width: 298px) 100vw, 298px\" \/><\/p>\n<p style=\"color: #000000;\">Tienen una extensi\u00f3n total de 10 ha. Hay en torno a 40, 15 de los cuales est\u00e1n dentro de la delimitaci\u00f3i de Parc y el resto son de propiedad privada. Es el \u00fanico ambiente de agua dulce de todo el Delta. Encontramos\u00a0<strong>diversas zonas de amfibios<\/strong>\u00a0raras en el Delta y uno de los pocos lugares donde encontramos\u00a0<strong>nen\u00fafares<\/strong>\u00a0de forma espontanea en Catalu\u00f1a.<\/p>\n<p style=\"color: #000000;\"><strong>Quieres visitar ELS ULLALS<\/strong><strong>\u00a0o realizar una excursi\u00f3n por el delta del Ebro?<\/strong>\u00a0Pidenos informaci\u00f3n sin compromiso haciendo clic\u00a0<a title=\"Contactar\" href=\"http:\/\/www.deltaturistic.com\/es\/empresa\/contactar\/\">aqu\u00ed<\/a>.<\/p>\n","protected":false},"excerpt":{"rendered":"<p>Itinerarios al delta del Ebro El\u00a0Parque Natural del Delta del Ebro\u00a0ofrece a sus visitantes una amplia y variada gama de itinerarios para descubrir los lugares m\u00e1s interesantes del Delta, sea a pie, en bici, canoa o a caballo.\u00a0Consulta aqu\u00ed los itinerarios. El Parque Natural del delta del Ebro El\u00a0delta del Ebro\u00a0es la zona h\u00fameda mayor [&hellip;]<\/p>\n","protected":false},"author":2,"featured_media":0,"parent":935,"menu_order":9,"comment_status":"closed","ping_status":"closed","template":"","meta":{"footnotes":""},"class_list":["post-964","page","type-page","status-publish","hentry"],"yoast_head":"<!-- This site is optimized with the Yoast SEO plugin v27.1.1 - https:\/\/yoast.com\/product\/yoast-seo-wordpress\/ -->\n<title>Turismo por el Ebro - Turismo, excursiones y deportes de aventura en ell delta del Ebro<\/title>\n<meta name=\"robots\" content=\"index, follow, max-snippet:-1, max-image-preview:large, max-video-preview:-1\" \/>\n<link rel=\"canonical\" href=\"https:\/\/deltaturistic.com\/es\/el-delta-del-ebro\/turismo-ebro\/\" \/>\n<meta name=\"twitter:label1\" content=\"Tiempo de lectura\" \/>\n\t<meta name=\"twitter:data1\" content=\"7 minutos\" \/>\n<script type=\"application\/ld+json\" class=\"yoast-schema-graph\">{\"@context\":\"https:\/\/schema.org\",\"@graph\":[{\"@type\":\"WebPage\",\"@id\":\"https:\/\/deltaturistic.com\/es\/el-delta-del-ebro\/turismo-ebro\/\",\"url\":\"https:\/\/deltaturistic.com\/es\/el-delta-del-ebro\/turismo-ebro\/\",\"name\":\"Turismo por el Ebro - Turismo, excursiones y deportes de aventura en ell delta del Ebro\",\"isPartOf\":{\"@id\":\"https:\/\/deltaturistic.com\/es\/#website\"},\"primaryImageOfPage\":{\"@id\":\"https:\/\/deltaturistic.com\/es\/el-delta-del-ebro\/turismo-ebro\/#primaryimage\"},\"image\":{\"@id\":\"https:\/\/deltaturistic.com\/es\/el-delta-del-ebro\/turismo-ebro\/#primaryimage\"},\"thumbnailUrl\":\"http:\/\/www.deltaturistic.com\/wp-content\/uploads\/2014\/02\/parc-natural-delta-ebre-168x300.jpg\",\"datePublished\":\"2014-02-21T11:54:47+00:00\",\"dateModified\":\"2014-07-31T09:16:07+00:00\",\"breadcrumb\":{\"@id\":\"https:\/\/deltaturistic.com\/es\/el-delta-del-ebro\/turismo-ebro\/#breadcrumb\"},\"inLanguage\":\"es\",\"potentialAction\":[{\"@type\":\"ReadAction\",\"target\":[\"https:\/\/deltaturistic.com\/es\/el-delta-del-ebro\/turismo-ebro\/\"]}]},{\"@type\":\"ImageObject\",\"inLanguage\":\"es\",\"@id\":\"https:\/\/deltaturistic.com\/es\/el-delta-del-ebro\/turismo-ebro\/#primaryimage\",\"url\":\"http:\/\/www.deltaturistic.com\/wp-content\/uploads\/2014\/02\/parc-natural-delta-ebre-168x300.jpg\",\"contentUrl\":\"http:\/\/www.deltaturistic.com\/wp-content\/uploads\/2014\/02\/parc-natural-delta-ebre-168x300.jpg\"},{\"@type\":\"BreadcrumbList\",\"@id\":\"https:\/\/deltaturistic.com\/es\/el-delta-del-ebro\/turismo-ebro\/#breadcrumb\",\"itemListElement\":[{\"@type\":\"ListItem\",\"position\":1,\"name\":\"Inici\",\"item\":\"https:\/\/deltaturistic.com\/es\/\"},{\"@type\":\"ListItem\",\"position\":2,\"name\":\"El delta del Ebro\",\"item\":\"https:\/\/deltaturistic.com\/es\/el-delta-del-ebro\/\"},{\"@type\":\"ListItem\",\"position\":3,\"name\":\"Turismo por el Ebro\"}]},{\"@type\":\"WebSite\",\"@id\":\"https:\/\/deltaturistic.com\/es\/#website\",\"url\":\"https:\/\/deltaturistic.com\/es\/\",\"name\":\"Turismo, excursiones y deportes de aventura en ell delta del Ebro\",\"description\":\"Turismo, excursiones y deportes de aventura en el delta del Ebro. Agencia de Viages Deltaturistic\",\"potentialAction\":[{\"@type\":\"SearchAction\",\"target\":{\"@type\":\"EntryPoint\",\"urlTemplate\":\"https:\/\/deltaturistic.com\/es\/?s={search_term_string}\"},\"query-input\":{\"@type\":\"PropertyValueSpecification\",\"valueRequired\":true,\"valueName\":\"search_term_string\"}}],\"inLanguage\":\"es\"}]}<\/script>\n<!-- \/ Yoast SEO plugin. -->","yoast_head_json":{"title":"Turismo por el Ebro - Turismo, excursiones y deportes de aventura en ell delta del Ebro","robots":{"index":"index","follow":"follow","max-snippet":"max-snippet:-1","max-image-preview":"max-image-preview:large","max-video-preview":"max-video-preview:-1"},"canonical":"https:\/\/deltaturistic.com\/es\/el-delta-del-ebro\/turismo-ebro\/","twitter_misc":{"Tiempo de lectura":"7 minutos"},"schema":{"@context":"https:\/\/schema.org","@graph":[{"@type":"WebPage","@id":"https:\/\/deltaturistic.com\/es\/el-delta-del-ebro\/turismo-ebro\/","url":"https:\/\/deltaturistic.com\/es\/el-delta-del-ebro\/turismo-ebro\/","name":"Turismo por el Ebro - Turismo, excursiones y deportes de aventura en ell delta del Ebro","isPartOf":{"@id":"https:\/\/deltaturistic.com\/es\/#website"},"primaryImageOfPage":{"@id":"https:\/\/deltaturistic.com\/es\/el-delta-del-ebro\/turismo-ebro\/#primaryimage"},"image":{"@id":"https:\/\/deltaturistic.com\/es\/el-delta-del-ebro\/turismo-ebro\/#primaryimage"},"thumbnailUrl":"http:\/\/www.deltaturistic.com\/wp-content\/uploads\/2014\/02\/parc-natural-delta-ebre-168x300.jpg","datePublished":"2014-02-21T11:54:47+00:00","dateModified":"2014-07-31T09:16:07+00:00","breadcrumb":{"@id":"https:\/\/deltaturistic.com\/es\/el-delta-del-ebro\/turismo-ebro\/#breadcrumb"},"inLanguage":"es","potentialAction":[{"@type":"ReadAction","target":["https:\/\/deltaturistic.com\/es\/el-delta-del-ebro\/turismo-ebro\/"]}]},{"@type":"ImageObject","inLanguage":"es","@id":"https:\/\/deltaturistic.com\/es\/el-delta-del-ebro\/turismo-ebro\/#primaryimage","url":"http:\/\/www.deltaturistic.com\/wp-content\/uploads\/2014\/02\/parc-natural-delta-ebre-168x300.jpg","contentUrl":"http:\/\/www.deltaturistic.com\/wp-content\/uploads\/2014\/02\/parc-natural-delta-ebre-168x300.jpg"},{"@type":"BreadcrumbList","@id":"https:\/\/deltaturistic.com\/es\/el-delta-del-ebro\/turismo-ebro\/#breadcrumb","itemListElement":[{"@type":"ListItem","position":1,"name":"Inici","item":"https:\/\/deltaturistic.com\/es\/"},{"@type":"ListItem","position":2,"name":"El delta del Ebro","item":"https:\/\/deltaturistic.com\/es\/el-delta-del-ebro\/"},{"@type":"ListItem","position":3,"name":"Turismo por el Ebro"}]},{"@type":"WebSite","@id":"https:\/\/deltaturistic.com\/es\/#website","url":"https:\/\/deltaturistic.com\/es\/","name":"Turismo, excursiones y deportes de aventura en ell delta del Ebro","description":"Turismo, excursiones y deportes de aventura en el delta del Ebro. Agencia de Viages Deltaturistic","potentialAction":[{"@type":"SearchAction","target":{"@type":"EntryPoint","urlTemplate":"https:\/\/deltaturistic.com\/es\/?s={search_term_string}"},"query-input":{"@type":"PropertyValueSpecification","valueRequired":true,"valueName":"search_term_string"}}],"inLanguage":"es"}]}},"_links":{"self":[{"href":"https:\/\/deltaturistic.com\/es\/wp-json\/wp\/v2\/pages\/964","targetHints":{"allow":["GET"]}}],"collection":[{"href":"https:\/\/deltaturistic.com\/es\/wp-json\/wp\/v2\/pages"}],"about":[{"href":"https:\/\/deltaturistic.com\/es\/wp-json\/wp\/v2\/types\/page"}],"author":[{"embeddable":true,"href":"https:\/\/deltaturistic.com\/es\/wp-json\/wp\/v2\/users\/2"}],"replies":[{"embeddable":true,"href":"https:\/\/deltaturistic.com\/es\/wp-json\/wp\/v2\/comments?post=964"}],"version-history":[{"count":10,"href":"https:\/\/deltaturistic.com\/es\/wp-json\/wp\/v2\/pages\/964\/revisions"}],"predecessor-version":[{"id":978,"href":"https:\/\/deltaturistic.com\/es\/wp-json\/wp\/v2\/pages\/964\/revisions\/978"}],"up":[{"embeddable":true,"href":"https:\/\/deltaturistic.com\/es\/wp-json\/wp\/v2\/pages\/935"}],"wp:attachment":[{"href":"https:\/\/deltaturistic.com\/es\/wp-json\/wp\/v2\/media?parent=964"}],"curies":[{"name":"wp","href":"https:\/\/api.w.org\/{rel}","templated":true}]}}