{"id":980,"date":"2014-02-20T09:33:12","date_gmt":"2014-02-20T08:33:12","guid":{"rendered":"http:\/\/www.deltaturistic.com\/lloguers-2\/"},"modified":"2014-08-06T17:36:37","modified_gmt":"2014-08-06T16:36:37","slug":"alquileres","status":"publish","type":"page","link":"https:\/\/deltaturistic.com\/es\/alquileres\/","title":{"rendered":"Alquileres"},"content":{"rendered":"<p><img loading=\"lazy\" decoding=\"async\" class=\"alignnone size-medium wp-image-158\" src=\"http:\/\/www.deltaturistic.com\/wp-content\/uploads\/2014\/02\/lloguers-300x156.jpg\" alt=\"lloguers\" width=\"300\" height=\"156\" srcset=\"https:\/\/deltaturistic.com\/wp-content\/uploads\/2014\/02\/lloguers-300x156.jpg 300w, https:\/\/deltaturistic.com\/wp-content\/uploads\/2014\/02\/lloguers.jpg 396w\" sizes=\"auto, (max-width: 300px) 100vw, 300px\" \/><\/p>\n<p>Nuestra propuesta \u00e9s una alternativa a las actuales ofertas de servicios a actividades empresariales en \u00e1mbitos externos a la empresa como son: Reuniones, cursillos, cohesi\u00f3n de equipo comercial, excursiones de ocio, como incentivo, premios a la productividad, etc.<\/p>\n<p>Deltaturistic\u00a0se ha especializado en ofrecer un producto innovador que consiste a dise\u00f1ar a medida de las necesidades de la empresa moderna, un ambiente l\u00fadico y estimulante.<\/p>\n<p>Deltaturistic\u00a0te permite efectuar reservas: alojamiento, hoteleras, casas rurales, albergues, pisos y xalets ( gracias a la colaboraci\u00f3n de Eurohabitatge 2002 s.l.), reservas a centros de interpretaci\u00f3n del parque, entradas culturales y de ocio, acontecimientos, actividades y deportes de aventura, excursiones y visitas, vehiculos, de forma que aproveches tu tiempo al Delta del Ebro.<\/p>\n<p>[ls_button color=\u00bbdefault\u00bb url=\u00bbhttp:\/\/www.deltaturistic.com\/es\/alquileres\/alquileres-de-bicicletas\/\u00bb title=\u00bbAlquiler de bicicletas\u00bb display=\u00bbblock\u00bb]Alquiler\u00a0de bicicletas[\/ls_button]<\/p>\n<p>[ls_button color=\u00bbdefault\u00bb url=\u00bbhttp:\/\/www.deltaturistic.com\/es\/alquileres\/alquiler-de-vehiculos\/\u00bb title=\u00bbVehiculos sin conductor\u00bb display=\u00bbblock\u00bb]Vehiculos sin conductor[\/ls_button]<\/p>\n<p>[ls_button color=\u00bbdefault\u00bb url=\u00bbhttp:\/\/www.deltaturistic.com\/es\/alquileres\/alquiler-de-autobuses\/\u00bb title=\u00bbAutobuses\u00bb display=\u00bbblock\u00bb]Autobuses[\/ls_button]<\/p>\n<p>[ls_button color=\u00bbdefault\u00bb url=\u00bbhttp:\/\/www.deltaturistic.com\/es\/alquileres\/alquiler-de-embarcaciones\/\u00bb title=\u00bbEmbarcaciones\u00bb display=\u00bbblock\u00bb]Embarcaciones[\/ls_button]<\/p>\n<p>[ls_button color=\u00bbdefault\u00bb url=\u00bbhttp:\/\/www.deltaturistic.com\/es\/alquileres\/alquiler-de-inmuebles\/\u00bb title=\u00bbInmuebles\u00bb display=\u00bbblock\u00bb]Inmuebles[\/ls_button]<\/p>\n<p>[ls_button color=\u00bbdefault\u00bb url=\u00bbhttp:\/\/www.deltaturistic.com\/es\/alquileres\/otros-alquileres\/\u00bb title=\u00bbOtros alquileres\u00bb display=\u00bbblock\u00bb]Otros alquileres[\/ls_button]<\/p>\n","protected":false},"excerpt":{"rendered":"<p>Nuestra propuesta \u00e9s una alternativa a las actuales ofertas de servicios a actividades empresariales en \u00e1mbitos externos a la empresa como son: Reuniones, cursillos, cohesi\u00f3n de equipo comercial, excursiones de ocio, como incentivo, premios a la productividad, etc. Deltaturistic\u00a0se ha especializado en ofrecer un producto innovador que consiste a dise\u00f1ar a medida de las necesidades [&hellip;]<\/p>\n","protected":false},"author":2,"featured_media":0,"parent":0,"menu_order":5,"comment_status":"closed","ping_status":"closed","template":"","meta":{"footnotes":""},"class_list":["post-980","page","type-page","status-publish","hentry"],"yoast_head":"<!-- This site is optimized with the Yoast SEO plugin v27.1.1 - https:\/\/yoast.com\/product\/yoast-seo-wordpress\/ -->\n<title>Alquileres al delta del Ebro | Deltaturistic turismo en el delta del Ebro<\/title>\n<meta name=\"description\" content=\"Alquileres al delta del Ebro. Alquiler de bicicletas, veh\u00edculos sin conductor, aubotuses, embarcaciones, inmuebles y otros alquileres.\" \/>\n<meta name=\"robots\" content=\"index, follow, max-snippet:-1, max-image-preview:large, max-video-preview:-1\" \/>\n<link rel=\"canonical\" href=\"https:\/\/deltaturistic.com\/es\/alquileres\/\" \/>\n<meta name=\"twitter:label1\" content=\"Tiempo de lectura\" \/>\n\t<meta name=\"twitter:data1\" content=\"1 minuto\" \/>\n<script type=\"application\/ld+json\" class=\"yoast-schema-graph\">{\"@context\":\"https:\/\/schema.org\",\"@graph\":[{\"@type\":\"WebPage\",\"@id\":\"https:\/\/deltaturistic.com\/es\/alquileres\/\",\"url\":\"https:\/\/deltaturistic.com\/es\/alquileres\/\",\"name\":\"Alquileres al delta del Ebro | Deltaturistic turismo en el delta del Ebro\",\"isPartOf\":{\"@id\":\"https:\/\/deltaturistic.com\/es\/#website\"},\"primaryImageOfPage\":{\"@id\":\"https:\/\/deltaturistic.com\/es\/alquileres\/#primaryimage\"},\"image\":{\"@id\":\"https:\/\/deltaturistic.com\/es\/alquileres\/#primaryimage\"},\"thumbnailUrl\":\"http:\/\/www.deltaturistic.com\/wp-content\/uploads\/2014\/02\/lloguers-300x156.jpg\",\"datePublished\":\"2014-02-20T08:33:12+00:00\",\"dateModified\":\"2014-08-06T16:36:37+00:00\",\"description\":\"Alquileres al delta del Ebro. Alquiler de bicicletas, veh\u00edculos sin conductor, aubotuses, embarcaciones, inmuebles y otros alquileres.\",\"breadcrumb\":{\"@id\":\"https:\/\/deltaturistic.com\/es\/alquileres\/#breadcrumb\"},\"inLanguage\":\"es\",\"potentialAction\":[{\"@type\":\"ReadAction\",\"target\":[\"https:\/\/deltaturistic.com\/es\/alquileres\/\"]}]},{\"@type\":\"ImageObject\",\"inLanguage\":\"es\",\"@id\":\"https:\/\/deltaturistic.com\/es\/alquileres\/#primaryimage\",\"url\":\"http:\/\/www.deltaturistic.com\/wp-content\/uploads\/2014\/02\/lloguers-300x156.jpg\",\"contentUrl\":\"http:\/\/www.deltaturistic.com\/wp-content\/uploads\/2014\/02\/lloguers-300x156.jpg\"},{\"@type\":\"BreadcrumbList\",\"@id\":\"https:\/\/deltaturistic.com\/es\/alquileres\/#breadcrumb\",\"itemListElement\":[{\"@type\":\"ListItem\",\"position\":1,\"name\":\"Inici\",\"item\":\"https:\/\/deltaturistic.com\/es\/\"},{\"@type\":\"ListItem\",\"position\":2,\"name\":\"Alquileres\"}]},{\"@type\":\"WebSite\",\"@id\":\"https:\/\/deltaturistic.com\/es\/#website\",\"url\":\"https:\/\/deltaturistic.com\/es\/\",\"name\":\"Turismo, excursiones y deportes de aventura en ell delta del Ebro\",\"description\":\"Turismo, excursiones y deportes de aventura en el delta del Ebro. Agencia de Viages Deltaturistic\",\"potentialAction\":[{\"@type\":\"SearchAction\",\"target\":{\"@type\":\"EntryPoint\",\"urlTemplate\":\"https:\/\/deltaturistic.com\/es\/?s={search_term_string}\"},\"query-input\":{\"@type\":\"PropertyValueSpecification\",\"valueRequired\":true,\"valueName\":\"search_term_string\"}}],\"inLanguage\":\"es\"}]}<\/script>\n<!-- \/ Yoast SEO plugin. -->","yoast_head_json":{"title":"Alquileres al delta del Ebro | Deltaturistic turismo en el delta del Ebro","description":"Alquileres al delta del Ebro. Alquiler de bicicletas, veh\u00edculos sin conductor, aubotuses, embarcaciones, inmuebles y otros alquileres.","robots":{"index":"index","follow":"follow","max-snippet":"max-snippet:-1","max-image-preview":"max-image-preview:large","max-video-preview":"max-video-preview:-1"},"canonical":"https:\/\/deltaturistic.com\/es\/alquileres\/","twitter_misc":{"Tiempo de lectura":"1 minuto"},"schema":{"@context":"https:\/\/schema.org","@graph":[{"@type":"WebPage","@id":"https:\/\/deltaturistic.com\/es\/alquileres\/","url":"https:\/\/deltaturistic.com\/es\/alquileres\/","name":"Alquileres al delta del Ebro | Deltaturistic turismo en el delta del Ebro","isPartOf":{"@id":"https:\/\/deltaturistic.com\/es\/#website"},"primaryImageOfPage":{"@id":"https:\/\/deltaturistic.com\/es\/alquileres\/#primaryimage"},"image":{"@id":"https:\/\/deltaturistic.com\/es\/alquileres\/#primaryimage"},"thumbnailUrl":"http:\/\/www.deltaturistic.com\/wp-content\/uploads\/2014\/02\/lloguers-300x156.jpg","datePublished":"2014-02-20T08:33:12+00:00","dateModified":"2014-08-06T16:36:37+00:00","description":"Alquileres al delta del Ebro. Alquiler de bicicletas, veh\u00edculos sin conductor, aubotuses, embarcaciones, inmuebles y otros alquileres.","breadcrumb":{"@id":"https:\/\/deltaturistic.com\/es\/alquileres\/#breadcrumb"},"inLanguage":"es","potentialAction":[{"@type":"ReadAction","target":["https:\/\/deltaturistic.com\/es\/alquileres\/"]}]},{"@type":"ImageObject","inLanguage":"es","@id":"https:\/\/deltaturistic.com\/es\/alquileres\/#primaryimage","url":"http:\/\/www.deltaturistic.com\/wp-content\/uploads\/2014\/02\/lloguers-300x156.jpg","contentUrl":"http:\/\/www.deltaturistic.com\/wp-content\/uploads\/2014\/02\/lloguers-300x156.jpg"},{"@type":"BreadcrumbList","@id":"https:\/\/deltaturistic.com\/es\/alquileres\/#breadcrumb","itemListElement":[{"@type":"ListItem","position":1,"name":"Inici","item":"https:\/\/deltaturistic.com\/es\/"},{"@type":"ListItem","position":2,"name":"Alquileres"}]},{"@type":"WebSite","@id":"https:\/\/deltaturistic.com\/es\/#website","url":"https:\/\/deltaturistic.com\/es\/","name":"Turismo, excursiones y deportes de aventura en ell delta del Ebro","description":"Turismo, excursiones y deportes de aventura en el delta del Ebro. Agencia de Viages Deltaturistic","potentialAction":[{"@type":"SearchAction","target":{"@type":"EntryPoint","urlTemplate":"https:\/\/deltaturistic.com\/es\/?s={search_term_string}"},"query-input":{"@type":"PropertyValueSpecification","valueRequired":true,"valueName":"search_term_string"}}],"inLanguage":"es"}]}},"_links":{"self":[{"href":"https:\/\/deltaturistic.com\/es\/wp-json\/wp\/v2\/pages\/980","targetHints":{"allow":["GET"]}}],"collection":[{"href":"https:\/\/deltaturistic.com\/es\/wp-json\/wp\/v2\/pages"}],"about":[{"href":"https:\/\/deltaturistic.com\/es\/wp-json\/wp\/v2\/types\/page"}],"author":[{"embeddable":true,"href":"https:\/\/deltaturistic.com\/es\/wp-json\/wp\/v2\/users\/2"}],"replies":[{"embeddable":true,"href":"https:\/\/deltaturistic.com\/es\/wp-json\/wp\/v2\/comments?post=980"}],"version-history":[{"count":4,"href":"https:\/\/deltaturistic.com\/es\/wp-json\/wp\/v2\/pages\/980\/revisions"}],"predecessor-version":[{"id":1920,"href":"https:\/\/deltaturistic.com\/es\/wp-json\/wp\/v2\/pages\/980\/revisions\/1920"}],"wp:attachment":[{"href":"https:\/\/deltaturistic.com\/es\/wp-json\/wp\/v2\/media?parent=980"}],"curies":[{"name":"wp","href":"https:\/\/api.w.org\/{rel}","templated":true}]}}