{"id":986,"date":"2014-02-21T09:31:26","date_gmt":"2014-02-21T08:31:26","guid":{"rendered":"http:\/\/www.deltaturistic.com\/alquileres\/bicicletes\/"},"modified":"2014-09-26T10:07:48","modified_gmt":"2014-09-26T09:07:48","slug":"alquiler-de-bicicletas","status":"publish","type":"page","link":"https:\/\/deltaturistic.com\/es\/alquileres\/alquiler-de-bicicletas\/","title":{"rendered":"Alquiler de bicicletas"},"content":{"rendered":"<p><img loading=\"lazy\" decoding=\"async\" class=\"alignright wp-image-165 size-full\" src=\"http:\/\/www.deltaturistic.com\/wp-content\/uploads\/2014\/02\/bicicleta.jpg\" alt=\"bicicleta\" width=\"236\" height=\"161\" \/><\/p>\n<h2>Alquiler de bicicletas<\/h2>\n<ul>\n<li>Infantil: indicada de 2-4 o 6 a\u00f1os.<\/li>\n<li>Junior: indicada de 6 a 12 a\u00f1os.<\/li>\n<li>Adulto: indicada a partir de 12 a\u00f1os.<\/li>\n<li>T\u00e1ndems: ideal para una nueva\u00a0experiencia en bici, capacidad dos pax.<\/li>\n<\/ul>\n<p>&nbsp;<\/p>\n<div class=\"clearfix\"><\/div>\n<h3>\u00a0Tarifas de precios<\/h3>\n<table border=\"1\" cellspacing=\"1\" cellpadding=\"1\">\n<tbody>\n<tr>\n<td><strong>Tiempo<\/strong><\/td>\n<td><strong>Tipo<\/strong><\/td>\n<td><strong>Precio<\/strong><\/td>\n<\/tr>\n<tr>\n<td rowspan=\"4\"><strong>1 hora<\/strong><\/td>\n<td>Hombre \/\u00a0Mujer<\/td>\n<td>4,00 \u20ac<\/td>\n<\/tr>\n<tr>\n<td>Joven<\/td>\n<td>3,00 \u20ac<\/td>\n<\/tr>\n<tr>\n<td>Ni\u00f1o<\/td>\n<td>2,00 \u20ac<\/td>\n<\/tr>\n<tr>\n<td>T\u00e1ndem<\/td>\n<td>8,00 \u20ac<\/td>\n<\/tr>\n<tr>\n<td rowspan=\"4\"><strong>\u00bd\u00a0d\u00eda\u00a0(4 horas)<\/strong><\/td>\n<td>Hombre\u00a0\/\u00a0Mujer<\/td>\n<td>10,00 \u20ac<\/td>\n<\/tr>\n<tr>\n<td>Joven<\/td>\n<td>8,00 \u20ac<\/td>\n<\/tr>\n<tr>\n<td>Ni\u00f1o<\/td>\n<td>4,00 \u20ac<\/td>\n<\/tr>\n<tr>\n<td>T\u00e1ndem<\/td>\n<td>20,00 \u20ac<\/td>\n<\/tr>\n<tr>\n<td rowspan=\"4\"><strong>1\u00a0d\u00eda\u00a0(8 horas)<\/strong><\/td>\n<td>Hombre\u00a0\/\u00a0Mujer<\/td>\n<td>15,00 \u20ac<\/td>\n<\/tr>\n<tr>\n<td>Joven<\/td>\n<td>10,00 \u20ac<\/td>\n<\/tr>\n<tr>\n<td>Nen<span style=\"color: #000000;\">Ni\u00f1o<\/span><\/td>\n<td>7,00 \u20ac<\/td>\n<\/tr>\n<tr>\n<td>T\u00e1ndem<\/td>\n<td>30,00 \u20ac<\/td>\n<\/tr>\n<tr>\n<td rowspan=\"2\"><strong>24 hores<\/strong><\/td>\n<td>Adult<\/td>\n<td>20,00 \u20ac<\/td>\n<\/tr>\n<tr>\n<td>Altres<\/td>\n<td>15,00 \u20ac<\/td>\n<\/tr>\n<tr>\n<td rowspan=\"2\"><strong>1 setmana<\/strong><\/td>\n<td>Adult<\/td>\n<td>50,00 \u20ac<\/td>\n<\/tr>\n<tr>\n<td>Altres<\/td>\n<td>45,00 \u20ac<\/td>\n<\/tr>\n<tr>\n<td rowspan=\"2\"><strong>7 dies<\/strong><\/td>\n<td>Adult<\/td>\n<td>65,00 \u20ac<\/td>\n<\/tr>\n<tr>\n<td>Altres<\/td>\n<td>50,00 \u20ac<\/td>\n<\/tr>\n<tr>\n<td colspan=\"3\">EXCURSI\u00d3N EN BICICLETA<br \/>\n\u00bd D\u00cdA 25\u20ac &#8211; m\u00e1s aperitivos<br \/>\n(M\u00ednimo grupos de 4 personas)<\/td>\n<\/tr>\n<\/tbody>\n<\/table>\n<p>&nbsp;<\/p>\n<div class=\"clearfix\"><\/div>\n<h3>Accesorios bicicleta<\/h3>\n<p>Todas las bicicletas incluyen cascos reglamentarios. Solicitar con antelaci\u00f3n la cesta delantera portaequipajes.<\/p>\n<table border=\"1\" cellspacing=\"2\" cellpadding=\"2\">\n<tbody>\n<tr>\n<td><strong>IMAGEN<\/strong><\/td>\n<td><strong>ACCESORIO<\/strong><\/td>\n<td><strong>PRECIO<\/strong><\/td>\n<\/tr>\n<tr>\n<td><img loading=\"lazy\" decoding=\"async\" class=\"alignnone size-full wp-image-167\" src=\"http:\/\/www.deltaturistic.com\/wp-content\/uploads\/2014\/02\/silla.jpg\" alt=\"Cadireta\" width=\"130\" height=\"108\" \/><\/td>\n<td><strong>Silla\u00a0porta-bebes<\/strong><br \/>\n(hasta\u00a022 Kg m\u00e1ximo)<\/td>\n<td>5,00 \u20ac<\/td>\n<\/tr>\n<tr>\n<td><img loading=\"lazy\" decoding=\"async\" class=\"alignnone size-full wp-image-168\" src=\"http:\/\/www.deltaturistic.com\/wp-content\/uploads\/2014\/02\/tandem.jpg\" alt=\"Barra bicicleta\" width=\"150\" height=\"113\" \/><\/td>\n<td><strong>Barra remolque<\/strong>.<br \/>\nBarra para subjectar la bici infantil\u00a0y<br \/>\nremolcarla en caso de que el ni\u00f1o se canse<br \/>\no para controlarlos.<\/td>\n<td>\u00bd d\u00eda 5,00 \u20ac<br \/>\n1 d\u00eda 10,00 \u20ac<\/td>\n<\/tr>\n<tr>\n<td><img loading=\"lazy\" decoding=\"async\" class=\"alignnone size-full wp-image-166\" src=\"http:\/\/www.deltaturistic.com\/wp-content\/uploads\/2014\/02\/bici-remolc.jpg\" alt=\"Bici carret, remolc\" width=\"130\" height=\"123\" \/><\/td>\n<td><strong>Carrito<\/strong> (hasta\u00a025 Kg)<br \/>\nCarrito con capacidad de 2 beb\u00e9s y con un total de 36kg de peso conjuntamente.<\/td>\n<td>\u00bd d\u00eda 10,00 \u20ac<br \/>\n1 d\u00eda 15,00 \u20ac<\/td>\n<\/tr>\n<\/tbody>\n<\/table>\n<p>&nbsp;<\/p>\n<p>[ls_button color=\u00bbdefault\u00bb url=\u00bbhttp:\/\/www.deltaturistic.com\/es\/empresa\/contactar\/\u00bb title=\u00bbContactar\u00bb display=\u00bbblock\u00bb]Contactar[\/ls_button]<\/p>\n","protected":false},"excerpt":{"rendered":"<p>Alquiler de bicicletas Infantil: indicada de 2-4 o 6 a\u00f1os. Junior: indicada de 6 a 12 a\u00f1os. Adulto: indicada a partir de 12 a\u00f1os. T\u00e1ndems: ideal para una nueva\u00a0experiencia en bici, capacidad dos pax. &nbsp; \u00a0Tarifas de precios Tiempo Tipo Precio 1 hora Hombre \/\u00a0Mujer 4,00 \u20ac Joven 3,00 \u20ac Ni\u00f1o 2,00 \u20ac T\u00e1ndem 8,00 [&hellip;]<\/p>\n","protected":false},"author":2,"featured_media":0,"parent":980,"menu_order":1,"comment_status":"closed","ping_status":"closed","template":"","meta":{"footnotes":""},"class_list":["post-986","page","type-page","status-publish","hentry"],"yoast_head":"<!-- This site is optimized with the Yoast SEO plugin v27.1.1 - https:\/\/yoast.com\/product\/yoast-seo-wordpress\/ -->\n<title>Alquiler de bicicletas al delta del Ebro | Deltaturistic turismo en el delta del Ebro<\/title>\n<meta name=\"description\" content=\"Alquiler de bicicletas y accesorios para disfrutar del delta del Ebro, sus playas rutas y v\u00edas verdes.\" \/>\n<meta name=\"robots\" content=\"index, follow, max-snippet:-1, max-image-preview:large, max-video-preview:-1\" \/>\n<link rel=\"canonical\" href=\"https:\/\/deltaturistic.com\/es\/alquileres\/alquiler-de-bicicletas\/\" \/>\n<meta name=\"twitter:label1\" content=\"Tiempo de lectura\" \/>\n\t<meta name=\"twitter:data1\" content=\"1 minuto\" \/>\n<script type=\"application\/ld+json\" class=\"yoast-schema-graph\">{\"@context\":\"https:\/\/schema.org\",\"@graph\":[{\"@type\":\"WebPage\",\"@id\":\"https:\/\/deltaturistic.com\/es\/alquileres\/alquiler-de-bicicletas\/\",\"url\":\"https:\/\/deltaturistic.com\/es\/alquileres\/alquiler-de-bicicletas\/\",\"name\":\"Alquiler de bicicletas al delta del Ebro | Deltaturistic turismo en el delta del Ebro\",\"isPartOf\":{\"@id\":\"https:\/\/deltaturistic.com\/es\/#website\"},\"primaryImageOfPage\":{\"@id\":\"https:\/\/deltaturistic.com\/es\/alquileres\/alquiler-de-bicicletas\/#primaryimage\"},\"image\":{\"@id\":\"https:\/\/deltaturistic.com\/es\/alquileres\/alquiler-de-bicicletas\/#primaryimage\"},\"thumbnailUrl\":\"http:\/\/www.deltaturistic.com\/wp-content\/uploads\/2014\/02\/bicicleta.jpg\",\"datePublished\":\"2014-02-21T08:31:26+00:00\",\"dateModified\":\"2014-09-26T09:07:48+00:00\",\"description\":\"Alquiler de bicicletas y accesorios para disfrutar del delta del Ebro, sus playas rutas y v\u00edas verdes.\",\"breadcrumb\":{\"@id\":\"https:\/\/deltaturistic.com\/es\/alquileres\/alquiler-de-bicicletas\/#breadcrumb\"},\"inLanguage\":\"es\",\"potentialAction\":[{\"@type\":\"ReadAction\",\"target\":[\"https:\/\/deltaturistic.com\/es\/alquileres\/alquiler-de-bicicletas\/\"]}]},{\"@type\":\"ImageObject\",\"inLanguage\":\"es\",\"@id\":\"https:\/\/deltaturistic.com\/es\/alquileres\/alquiler-de-bicicletas\/#primaryimage\",\"url\":\"http:\/\/www.deltaturistic.com\/wp-content\/uploads\/2014\/02\/bicicleta.jpg\",\"contentUrl\":\"http:\/\/www.deltaturistic.com\/wp-content\/uploads\/2014\/02\/bicicleta.jpg\"},{\"@type\":\"BreadcrumbList\",\"@id\":\"https:\/\/deltaturistic.com\/es\/alquileres\/alquiler-de-bicicletas\/#breadcrumb\",\"itemListElement\":[{\"@type\":\"ListItem\",\"position\":1,\"name\":\"Inici\",\"item\":\"https:\/\/deltaturistic.com\/es\/\"},{\"@type\":\"ListItem\",\"position\":2,\"name\":\"Alquileres\",\"item\":\"https:\/\/deltaturistic.com\/es\/alquileres\/\"},{\"@type\":\"ListItem\",\"position\":3,\"name\":\"Alquiler de bicicletas\"}]},{\"@type\":\"WebSite\",\"@id\":\"https:\/\/deltaturistic.com\/es\/#website\",\"url\":\"https:\/\/deltaturistic.com\/es\/\",\"name\":\"Turismo, excursiones y deportes de aventura en ell delta del Ebro\",\"description\":\"Turismo, excursiones y deportes de aventura en el delta del Ebro. Agencia de Viages Deltaturistic\",\"potentialAction\":[{\"@type\":\"SearchAction\",\"target\":{\"@type\":\"EntryPoint\",\"urlTemplate\":\"https:\/\/deltaturistic.com\/es\/?s={search_term_string}\"},\"query-input\":{\"@type\":\"PropertyValueSpecification\",\"valueRequired\":true,\"valueName\":\"search_term_string\"}}],\"inLanguage\":\"es\"}]}<\/script>\n<!-- \/ Yoast SEO plugin. -->","yoast_head_json":{"title":"Alquiler de bicicletas al delta del Ebro | Deltaturistic turismo en el delta del Ebro","description":"Alquiler de bicicletas y accesorios para disfrutar del delta del Ebro, sus playas rutas y v\u00edas verdes.","robots":{"index":"index","follow":"follow","max-snippet":"max-snippet:-1","max-image-preview":"max-image-preview:large","max-video-preview":"max-video-preview:-1"},"canonical":"https:\/\/deltaturistic.com\/es\/alquileres\/alquiler-de-bicicletas\/","twitter_misc":{"Tiempo de lectura":"1 minuto"},"schema":{"@context":"https:\/\/schema.org","@graph":[{"@type":"WebPage","@id":"https:\/\/deltaturistic.com\/es\/alquileres\/alquiler-de-bicicletas\/","url":"https:\/\/deltaturistic.com\/es\/alquileres\/alquiler-de-bicicletas\/","name":"Alquiler de bicicletas al delta del Ebro | Deltaturistic turismo en el delta del Ebro","isPartOf":{"@id":"https:\/\/deltaturistic.com\/es\/#website"},"primaryImageOfPage":{"@id":"https:\/\/deltaturistic.com\/es\/alquileres\/alquiler-de-bicicletas\/#primaryimage"},"image":{"@id":"https:\/\/deltaturistic.com\/es\/alquileres\/alquiler-de-bicicletas\/#primaryimage"},"thumbnailUrl":"http:\/\/www.deltaturistic.com\/wp-content\/uploads\/2014\/02\/bicicleta.jpg","datePublished":"2014-02-21T08:31:26+00:00","dateModified":"2014-09-26T09:07:48+00:00","description":"Alquiler de bicicletas y accesorios para disfrutar del delta del Ebro, sus playas rutas y v\u00edas verdes.","breadcrumb":{"@id":"https:\/\/deltaturistic.com\/es\/alquileres\/alquiler-de-bicicletas\/#breadcrumb"},"inLanguage":"es","potentialAction":[{"@type":"ReadAction","target":["https:\/\/deltaturistic.com\/es\/alquileres\/alquiler-de-bicicletas\/"]}]},{"@type":"ImageObject","inLanguage":"es","@id":"https:\/\/deltaturistic.com\/es\/alquileres\/alquiler-de-bicicletas\/#primaryimage","url":"http:\/\/www.deltaturistic.com\/wp-content\/uploads\/2014\/02\/bicicleta.jpg","contentUrl":"http:\/\/www.deltaturistic.com\/wp-content\/uploads\/2014\/02\/bicicleta.jpg"},{"@type":"BreadcrumbList","@id":"https:\/\/deltaturistic.com\/es\/alquileres\/alquiler-de-bicicletas\/#breadcrumb","itemListElement":[{"@type":"ListItem","position":1,"name":"Inici","item":"https:\/\/deltaturistic.com\/es\/"},{"@type":"ListItem","position":2,"name":"Alquileres","item":"https:\/\/deltaturistic.com\/es\/alquileres\/"},{"@type":"ListItem","position":3,"name":"Alquiler de bicicletas"}]},{"@type":"WebSite","@id":"https:\/\/deltaturistic.com\/es\/#website","url":"https:\/\/deltaturistic.com\/es\/","name":"Turismo, excursiones y deportes de aventura en ell delta del Ebro","description":"Turismo, excursiones y deportes de aventura en el delta del Ebro. Agencia de Viages Deltaturistic","potentialAction":[{"@type":"SearchAction","target":{"@type":"EntryPoint","urlTemplate":"https:\/\/deltaturistic.com\/es\/?s={search_term_string}"},"query-input":{"@type":"PropertyValueSpecification","valueRequired":true,"valueName":"search_term_string"}}],"inLanguage":"es"}]}},"_links":{"self":[{"href":"https:\/\/deltaturistic.com\/es\/wp-json\/wp\/v2\/pages\/986","targetHints":{"allow":["GET"]}}],"collection":[{"href":"https:\/\/deltaturistic.com\/es\/wp-json\/wp\/v2\/pages"}],"about":[{"href":"https:\/\/deltaturistic.com\/es\/wp-json\/wp\/v2\/types\/page"}],"author":[{"embeddable":true,"href":"https:\/\/deltaturistic.com\/es\/wp-json\/wp\/v2\/users\/2"}],"replies":[{"embeddable":true,"href":"https:\/\/deltaturistic.com\/es\/wp-json\/wp\/v2\/comments?post=986"}],"version-history":[{"count":7,"href":"https:\/\/deltaturistic.com\/es\/wp-json\/wp\/v2\/pages\/986\/revisions"}],"predecessor-version":[{"id":5574,"href":"https:\/\/deltaturistic.com\/es\/wp-json\/wp\/v2\/pages\/986\/revisions\/5574"}],"up":[{"embeddable":true,"href":"https:\/\/deltaturistic.com\/es\/wp-json\/wp\/v2\/pages\/980"}],"wp:attachment":[{"href":"https:\/\/deltaturistic.com\/es\/wp-json\/wp\/v2\/media?parent=986"}],"curies":[{"name":"wp","href":"https:\/\/api.w.org\/{rel}","templated":true}]}}