{"id":1754,"date":"2014-05-23T11:32:57","date_gmt":"2014-05-23T10:32:57","guid":{"rendered":"http:\/\/www.deltaturistic.com\/paquets-turistics\/bird-watching-2\/"},"modified":"2022-11-26T02:08:06","modified_gmt":"2022-11-26T01:08:06","slug":"bird-watching-2","status":"publish","type":"product","link":"https:\/\/deltaturistic.com\/es\/paquets-turistics\/bird-watching-2\/","title":{"rendered":"Bird watching"},"content":{"rendered":"<p>Ven a descubrir el fabuloso mundo de las aves en el Delta del Ebro. Seg\u00fan la temporada, descubriras numerosas especies, como les famosos flamencos, el morito com\u00fan, numerosas especies de lim\u00edcolas y mucho m\u00e1s&#8230;.<\/p>\n<p>El Delta del Ebro, con sus 7.736 hect\u00e1reas de Parque Natural, es un lugar incre\u00edble para observar muchas especies de aves. Seg\u00fan la temporada, elija el h\u00e1bitat que desea descubrir, como las lagunas, los campos de arroz, etc &#8230; y acompa\u00f1ados por nuestro gu\u00eda, pasa un d\u00eda muy agradable y educativo en la fauna del delta, ya sea entre adultos o de la familia.<\/p>\n<p><strong>El precio incluye:<\/strong><br \/>El equipo necesario para la actividad (los gemelos), el transporte, los seguros y monitores<\/p>\n<p><strong>Aconsejamos:<\/strong><br \/>Protector solar, repelente de mosquitos, c\u00e1mara, zapatos para caminar (dependiendo de la ruta elegida).<\/p>\n<p><strong>Importante:<\/strong><br \/>Grupo m\u00ednimo de 4 personas.<\/p>\n<p>La organizaci\u00f3n, se reserva el derecho de modificar el horario y ubicaci\u00f3n de la actividad, siempre que lo considere necesario por motivos de organizaci\u00f3n, sin implicar reducci\u00f3n o abono del importe de la actividad, asimismo se reserva el derecho de anular la actividad, si por motivos de meteorolog\u00eda o seguridad lo cree conveniente, en cuyo caso se reembolsar\u00eda el importe exacto de la reserva.<\/p>\n","protected":false},"excerpt":{"rendered":"<p>Ven a descubrir el fabuloso mundo de las aves en el Delta del Ebro. Seg\u00fan la temporada, descubriras numerosas especies, como les famosos flamencos, el morito com\u00fan, numerosas especies de lim\u00edcolas y mucho m\u00e1s&#8230;. El Delta del Ebro, con sus 7.736 hect\u00e1reas de Parque Natural, es un lugar incre\u00edble para observar muchas especies de aves. [&hellip;]<\/p>\n","protected":false},"featured_media":1382,"template":"","meta":[],"product_brand":[],"product_cat":[532],"product_tag":[],"class_list":{"0":"post-1754","1":"product","2":"type-product","3":"status-publish","4":"has-post-thumbnail","6":"product_cat-observacion-de-aves","7":"pa_adicional-grupo-minimo-de-4-personas","8":"pa_duracio-medidia-incluyendo-desplazamiento","9":"pa_preu-el-precio-incluye-el-equipo-necesario-para-la-actividad-los-prismaticos-el-transporte-los-seguros-y-monitores","11":"first","12":"instock","13":"shipping-taxable","14":"purchasable","15":"product-type-simple"},"yoast_head":"<!-- This site is optimized with the Yoast SEO plugin v27.1.1 - https:\/\/yoast.com\/product\/yoast-seo-wordpress\/ -->\n<title>Bird watching - Turismo, excursiones y deportes de aventura en ell delta del Ebro<\/title>\n<meta name=\"robots\" content=\"index, follow, max-snippet:-1, max-image-preview:large, max-video-preview:-1\" \/>\n<link rel=\"canonical\" href=\"https:\/\/deltaturistic.com\/es\/paquets-turistics\/bird-watching-2\/\" \/>\n<meta name=\"twitter:label1\" content=\"Tiempo de lectura\" \/>\n\t<meta name=\"twitter:data1\" content=\"1 minuto\" \/>\n<script type=\"application\/ld+json\" class=\"yoast-schema-graph\">{\"@context\":\"https:\/\/schema.org\",\"@graph\":[{\"@type\":\"WebPage\",\"@id\":\"https:\/\/deltaturistic.com\/es\/paquets-turistics\/bird-watching-2\/\",\"url\":\"https:\/\/deltaturistic.com\/es\/paquets-turistics\/bird-watching-2\/\",\"name\":\"Bird watching - Turismo, excursiones y deportes de aventura en ell delta del Ebro\",\"isPartOf\":{\"@id\":\"https:\/\/deltaturistic.com\/es\/#website\"},\"primaryImageOfPage\":{\"@id\":\"https:\/\/deltaturistic.com\/es\/paquets-turistics\/bird-watching-2\/#primaryimage\"},\"image\":{\"@id\":\"https:\/\/deltaturistic.com\/es\/paquets-turistics\/bird-watching-2\/#primaryimage\"},\"thumbnailUrl\":\"https:\/\/deltaturistic.com\/wp-content\/uploads\/2014\/05\/29-06-10_1144.jpg\",\"datePublished\":\"2014-05-23T10:32:57+00:00\",\"dateModified\":\"2022-11-26T01:08:06+00:00\",\"breadcrumb\":{\"@id\":\"https:\/\/deltaturistic.com\/es\/paquets-turistics\/bird-watching-2\/#breadcrumb\"},\"inLanguage\":\"es\",\"potentialAction\":[{\"@type\":\"ReadAction\",\"target\":[\"https:\/\/deltaturistic.com\/es\/paquets-turistics\/bird-watching-2\/\"]}]},{\"@type\":\"ImageObject\",\"inLanguage\":\"es\",\"@id\":\"https:\/\/deltaturistic.com\/es\/paquets-turistics\/bird-watching-2\/#primaryimage\",\"url\":\"https:\/\/deltaturistic.com\/wp-content\/uploads\/2014\/05\/29-06-10_1144.jpg\",\"contentUrl\":\"https:\/\/deltaturistic.com\/wp-content\/uploads\/2014\/05\/29-06-10_1144.jpg\",\"width\":1024,\"height\":1280},{\"@type\":\"BreadcrumbList\",\"@id\":\"https:\/\/deltaturistic.com\/es\/paquets-turistics\/bird-watching-2\/#breadcrumb\",\"itemListElement\":[{\"@type\":\"ListItem\",\"position\":1,\"name\":\"Inici\",\"item\":\"https:\/\/deltaturistic.com\/es\/\"},{\"@type\":\"ListItem\",\"position\":2,\"name\":\"Productes tur\u00edstics\",\"item\":\"https:\/\/deltaturistic.com\/paquets-turistics\/\"},{\"@type\":\"ListItem\",\"position\":3,\"name\":\"Bird watching\"}]},{\"@type\":\"WebSite\",\"@id\":\"https:\/\/deltaturistic.com\/es\/#website\",\"url\":\"https:\/\/deltaturistic.com\/es\/\",\"name\":\"Turismo, excursiones y deportes de aventura en ell delta del Ebro\",\"description\":\"Turismo, excursiones y deportes de aventura en el delta del Ebro. Agencia de Viages Deltaturistic\",\"potentialAction\":[{\"@type\":\"SearchAction\",\"target\":{\"@type\":\"EntryPoint\",\"urlTemplate\":\"https:\/\/deltaturistic.com\/es\/?s={search_term_string}\"},\"query-input\":{\"@type\":\"PropertyValueSpecification\",\"valueRequired\":true,\"valueName\":\"search_term_string\"}}],\"inLanguage\":\"es\"}]}<\/script>\n<!-- \/ Yoast SEO plugin. -->","yoast_head_json":{"title":"Bird watching - Turismo, excursiones y deportes de aventura en ell delta del Ebro","robots":{"index":"index","follow":"follow","max-snippet":"max-snippet:-1","max-image-preview":"max-image-preview:large","max-video-preview":"max-video-preview:-1"},"canonical":"https:\/\/deltaturistic.com\/es\/paquets-turistics\/bird-watching-2\/","twitter_misc":{"Tiempo de lectura":"1 minuto"},"schema":{"@context":"https:\/\/schema.org","@graph":[{"@type":"WebPage","@id":"https:\/\/deltaturistic.com\/es\/paquets-turistics\/bird-watching-2\/","url":"https:\/\/deltaturistic.com\/es\/paquets-turistics\/bird-watching-2\/","name":"Bird watching - Turismo, excursiones y deportes de aventura en ell delta del Ebro","isPartOf":{"@id":"https:\/\/deltaturistic.com\/es\/#website"},"primaryImageOfPage":{"@id":"https:\/\/deltaturistic.com\/es\/paquets-turistics\/bird-watching-2\/#primaryimage"},"image":{"@id":"https:\/\/deltaturistic.com\/es\/paquets-turistics\/bird-watching-2\/#primaryimage"},"thumbnailUrl":"https:\/\/deltaturistic.com\/wp-content\/uploads\/2014\/05\/29-06-10_1144.jpg","datePublished":"2014-05-23T10:32:57+00:00","dateModified":"2022-11-26T01:08:06+00:00","breadcrumb":{"@id":"https:\/\/deltaturistic.com\/es\/paquets-turistics\/bird-watching-2\/#breadcrumb"},"inLanguage":"es","potentialAction":[{"@type":"ReadAction","target":["https:\/\/deltaturistic.com\/es\/paquets-turistics\/bird-watching-2\/"]}]},{"@type":"ImageObject","inLanguage":"es","@id":"https:\/\/deltaturistic.com\/es\/paquets-turistics\/bird-watching-2\/#primaryimage","url":"https:\/\/deltaturistic.com\/wp-content\/uploads\/2014\/05\/29-06-10_1144.jpg","contentUrl":"https:\/\/deltaturistic.com\/wp-content\/uploads\/2014\/05\/29-06-10_1144.jpg","width":1024,"height":1280},{"@type":"BreadcrumbList","@id":"https:\/\/deltaturistic.com\/es\/paquets-turistics\/bird-watching-2\/#breadcrumb","itemListElement":[{"@type":"ListItem","position":1,"name":"Inici","item":"https:\/\/deltaturistic.com\/es\/"},{"@type":"ListItem","position":2,"name":"Productes tur\u00edstics","item":"https:\/\/deltaturistic.com\/paquets-turistics\/"},{"@type":"ListItem","position":3,"name":"Bird watching"}]},{"@type":"WebSite","@id":"https:\/\/deltaturistic.com\/es\/#website","url":"https:\/\/deltaturistic.com\/es\/","name":"Turismo, excursiones y deportes de aventura en ell delta del Ebro","description":"Turismo, excursiones y deportes de aventura en el delta del Ebro. Agencia de Viages Deltaturistic","potentialAction":[{"@type":"SearchAction","target":{"@type":"EntryPoint","urlTemplate":"https:\/\/deltaturistic.com\/es\/?s={search_term_string}"},"query-input":{"@type":"PropertyValueSpecification","valueRequired":true,"valueName":"search_term_string"}}],"inLanguage":"es"}]}},"_links":{"self":[{"href":"https:\/\/deltaturistic.com\/es\/wp-json\/wp\/v2\/product\/1754","targetHints":{"allow":["GET"]}}],"collection":[{"href":"https:\/\/deltaturistic.com\/es\/wp-json\/wp\/v2\/product"}],"about":[{"href":"https:\/\/deltaturistic.com\/es\/wp-json\/wp\/v2\/types\/product"}],"wp:featuredmedia":[{"embeddable":true,"href":"https:\/\/deltaturistic.com\/es\/wp-json\/wp\/v2\/media\/1382"}],"wp:attachment":[{"href":"https:\/\/deltaturistic.com\/es\/wp-json\/wp\/v2\/media?parent=1754"}],"wp:term":[{"taxonomy":"product_brand","embeddable":true,"href":"https:\/\/deltaturistic.com\/es\/wp-json\/wp\/v2\/product_brand?post=1754"},{"taxonomy":"product_cat","embeddable":true,"href":"https:\/\/deltaturistic.com\/es\/wp-json\/wp\/v2\/product_cat?post=1754"},{"taxonomy":"product_tag","embeddable":true,"href":"https:\/\/deltaturistic.com\/es\/wp-json\/wp\/v2\/product_tag?post=1754"}],"curies":[{"name":"wp","href":"https:\/\/api.w.org\/{rel}","templated":true}]}}