{"id":1762,"date":"2014-05-26T11:06:04","date_gmt":"2014-05-26T10:06:04","guid":{"rendered":"http:\/\/www.deltaturistic.com\/paquets-turistics\/programa-escolares-de-low-cost\/"},"modified":"2014-05-26T11:06:04","modified_gmt":"2014-05-26T10:06:04","slug":"programa-escolares-de-low-cost","status":"publish","type":"product","link":"https:\/\/deltaturistic.com\/es\/paquets-turistics\/programa-escolares-de-low-cost\/","title":{"rendered":"Programa escolares de Low Cost"},"content":{"rendered":"<p>Programa dise\u00f1ado para pasar unos d\u00edas en las Tierras del Ebro, realizando diferentes actividades que nos har\u00e1n conocer un poco el entorno que nos rodea.<br \/>\nActividades de todo tipo, visitas al Parque Natural del Delta del Ebro, visita al Ecomuseo, tallers, jocs, ruta al castillo de Miravet, etc.<\/p>\n<p>Programa:\u00a0<a href=\"http:\/\/www.deltaturistic.com\/wp-content\/uploads\/2014\/05\/escolares-2013-14-1dia.pdf\">escolares-2013-14-1dia<\/a><\/p>\n<p>Presentaci\u00f3n:<a href=\"http:\/\/www.deltaturistic.com\/wp-content\/uploads\/2014\/05\/escolares-presentacion.pdf\">escolares-presentacion<\/a><\/p>\n<p>Actividades\u00a0opcionales:\u00a0<a href=\"http:\/\/www.deltaturistic.com\/wp-content\/uploads\/2014\/05\/escolares-actividades-opcionales.pdf\">escolares-actividades-opcionales<\/a><\/p>\n<p>Actividades sueltas:\u00a0<a href=\"http:\/\/www.deltaturistic.com\/wp-content\/uploads\/2014\/05\/escolares-actividades-sueltas.pdf\">escolares-actividades-sueltas<\/a><\/p>\n<p>Condiciones generales:\u00a0<a href=\"http:\/\/www.deltaturistic.com\/wp-content\/uploads\/2014\/05\/escolares-condiciones-generales.pdf\">escolares-condiciones-generales<\/a><\/p>\n<p>Inclusiones y\u00a0exclusiones:\u00a0<a href=\"http:\/\/www.deltaturistic.com\/wp-content\/uploads\/2014\/05\/escolares-inclusiones-y-exclusiones.pdf\">escolares-inclusiones-y-exclusiones<\/a><\/p>\n<p>Observacionse:\u00a0<a href=\"http:\/\/www.deltaturistic.com\/wp-content\/uploads\/2014\/05\/escolares-observaciones.pdf\">escolares-observaciones<\/a><\/p>\n<p>Recomendaciones:\u00a0<a href=\"http:\/\/www.deltaturistic.com\/wp-content\/uploads\/2014\/05\/escolares-recomendaciones.pdf\">escolares-recomendaciones<\/a><\/p>\n<p>Alojamiento:\u00a0<a href=\"http:\/\/www.deltaturistic.com\/wp-content\/uploads\/2014\/05\/escolares-alojamientos.pdf\">escolares-alojamientos<\/a><\/p>\n","protected":false},"excerpt":{"rendered":"<p>Programa dise\u00f1ado para pasar unos d\u00edas en las Tierras del Ebro, realizando diferentes actividades que nos har\u00e1n conocer un poco el entorno que nos rodea. Actividades de todo tipo, visitas al Parque Natural del Delta del Ebro, visita al Ecomuseo, tallers, jocs, ruta al castillo de Miravet, etc. Programa:\u00a0escolares-2013-14-1dia Presentaci\u00f3n:escolares-presentacion Actividades\u00a0opcionales:\u00a0escolares-actividades-opcionales Actividades sueltas:\u00a0escolares-actividades-sueltas Condiciones generales:\u00a0escolares-condiciones-generales [&hellip;]<\/p>\n","protected":false},"featured_media":1390,"template":"","meta":[],"product_brand":[],"product_cat":[143,150],"product_tag":[],"class_list":{"0":"post-1762","1":"product","2":"type-product","3":"status-publish","4":"has-post-thumbnail","6":"product_cat-escolares","7":"product_cat-escolares-low-cost","9":"first","10":"instock","11":"shipping-taxable","12":"product-type-simple"},"yoast_head":"<!-- This site is optimized with the Yoast SEO plugin v27.1.1 - https:\/\/yoast.com\/product\/yoast-seo-wordpress\/ -->\n<title>Programa escolares de Low Cost - Turismo, excursiones y deportes de aventura en ell delta del Ebro<\/title>\n<meta name=\"robots\" content=\"index, follow, max-snippet:-1, max-image-preview:large, max-video-preview:-1\" \/>\n<link rel=\"canonical\" href=\"https:\/\/deltaturistic.com\/es\/paquets-turistics\/programa-escolares-de-low-cost\/\" \/>\n<script type=\"application\/ld+json\" class=\"yoast-schema-graph\">{\"@context\":\"https:\/\/schema.org\",\"@graph\":[{\"@type\":\"WebPage\",\"@id\":\"https:\/\/deltaturistic.com\/es\/paquets-turistics\/programa-escolares-de-low-cost\/\",\"url\":\"https:\/\/deltaturistic.com\/es\/paquets-turistics\/programa-escolares-de-low-cost\/\",\"name\":\"Programa escolares de Low Cost - Turismo, excursiones y deportes de aventura en ell delta del Ebro\",\"isPartOf\":{\"@id\":\"https:\/\/deltaturistic.com\/es\/#website\"},\"primaryImageOfPage\":{\"@id\":\"https:\/\/deltaturistic.com\/es\/paquets-turistics\/programa-escolares-de-low-cost\/#primaryimage\"},\"image\":{\"@id\":\"https:\/\/deltaturistic.com\/es\/paquets-turistics\/programa-escolares-de-low-cost\/#primaryimage\"},\"thumbnailUrl\":\"https:\/\/deltaturistic.com\/wp-content\/uploads\/2014\/05\/1371559858851.jpg\",\"datePublished\":\"2014-05-26T10:06:04+00:00\",\"breadcrumb\":{\"@id\":\"https:\/\/deltaturistic.com\/es\/paquets-turistics\/programa-escolares-de-low-cost\/#breadcrumb\"},\"inLanguage\":\"es\",\"potentialAction\":[{\"@type\":\"ReadAction\",\"target\":[\"https:\/\/deltaturistic.com\/es\/paquets-turistics\/programa-escolares-de-low-cost\/\"]}]},{\"@type\":\"ImageObject\",\"inLanguage\":\"es\",\"@id\":\"https:\/\/deltaturistic.com\/es\/paquets-turistics\/programa-escolares-de-low-cost\/#primaryimage\",\"url\":\"https:\/\/deltaturistic.com\/wp-content\/uploads\/2014\/05\/1371559858851.jpg\",\"contentUrl\":\"https:\/\/deltaturistic.com\/wp-content\/uploads\/2014\/05\/1371559858851.jpg\",\"width\":400,\"height\":300},{\"@type\":\"BreadcrumbList\",\"@id\":\"https:\/\/deltaturistic.com\/es\/paquets-turistics\/programa-escolares-de-low-cost\/#breadcrumb\",\"itemListElement\":[{\"@type\":\"ListItem\",\"position\":1,\"name\":\"Inici\",\"item\":\"https:\/\/deltaturistic.com\/es\/\"},{\"@type\":\"ListItem\",\"position\":2,\"name\":\"Productes tur\u00edstics\",\"item\":\"https:\/\/deltaturistic.com\/paquets-turistics\/\"},{\"@type\":\"ListItem\",\"position\":3,\"name\":\"Programa escolares de Low Cost\"}]},{\"@type\":\"WebSite\",\"@id\":\"https:\/\/deltaturistic.com\/es\/#website\",\"url\":\"https:\/\/deltaturistic.com\/es\/\",\"name\":\"Turismo, excursiones y deportes de aventura en ell delta del Ebro\",\"description\":\"Turismo, excursiones y deportes de aventura en el delta del Ebro. Agencia de Viages Deltaturistic\",\"potentialAction\":[{\"@type\":\"SearchAction\",\"target\":{\"@type\":\"EntryPoint\",\"urlTemplate\":\"https:\/\/deltaturistic.com\/es\/?s={search_term_string}\"},\"query-input\":{\"@type\":\"PropertyValueSpecification\",\"valueRequired\":true,\"valueName\":\"search_term_string\"}}],\"inLanguage\":\"es\"}]}<\/script>\n<!-- \/ Yoast SEO plugin. -->","yoast_head_json":{"title":"Programa escolares de Low Cost - Turismo, excursiones y deportes de aventura en ell delta del Ebro","robots":{"index":"index","follow":"follow","max-snippet":"max-snippet:-1","max-image-preview":"max-image-preview:large","max-video-preview":"max-video-preview:-1"},"canonical":"https:\/\/deltaturistic.com\/es\/paquets-turistics\/programa-escolares-de-low-cost\/","schema":{"@context":"https:\/\/schema.org","@graph":[{"@type":"WebPage","@id":"https:\/\/deltaturistic.com\/es\/paquets-turistics\/programa-escolares-de-low-cost\/","url":"https:\/\/deltaturistic.com\/es\/paquets-turistics\/programa-escolares-de-low-cost\/","name":"Programa escolares de Low Cost - Turismo, excursiones y deportes de aventura en ell delta del Ebro","isPartOf":{"@id":"https:\/\/deltaturistic.com\/es\/#website"},"primaryImageOfPage":{"@id":"https:\/\/deltaturistic.com\/es\/paquets-turistics\/programa-escolares-de-low-cost\/#primaryimage"},"image":{"@id":"https:\/\/deltaturistic.com\/es\/paquets-turistics\/programa-escolares-de-low-cost\/#primaryimage"},"thumbnailUrl":"https:\/\/deltaturistic.com\/wp-content\/uploads\/2014\/05\/1371559858851.jpg","datePublished":"2014-05-26T10:06:04+00:00","breadcrumb":{"@id":"https:\/\/deltaturistic.com\/es\/paquets-turistics\/programa-escolares-de-low-cost\/#breadcrumb"},"inLanguage":"es","potentialAction":[{"@type":"ReadAction","target":["https:\/\/deltaturistic.com\/es\/paquets-turistics\/programa-escolares-de-low-cost\/"]}]},{"@type":"ImageObject","inLanguage":"es","@id":"https:\/\/deltaturistic.com\/es\/paquets-turistics\/programa-escolares-de-low-cost\/#primaryimage","url":"https:\/\/deltaturistic.com\/wp-content\/uploads\/2014\/05\/1371559858851.jpg","contentUrl":"https:\/\/deltaturistic.com\/wp-content\/uploads\/2014\/05\/1371559858851.jpg","width":400,"height":300},{"@type":"BreadcrumbList","@id":"https:\/\/deltaturistic.com\/es\/paquets-turistics\/programa-escolares-de-low-cost\/#breadcrumb","itemListElement":[{"@type":"ListItem","position":1,"name":"Inici","item":"https:\/\/deltaturistic.com\/es\/"},{"@type":"ListItem","position":2,"name":"Productes tur\u00edstics","item":"https:\/\/deltaturistic.com\/paquets-turistics\/"},{"@type":"ListItem","position":3,"name":"Programa escolares de Low Cost"}]},{"@type":"WebSite","@id":"https:\/\/deltaturistic.com\/es\/#website","url":"https:\/\/deltaturistic.com\/es\/","name":"Turismo, excursiones y deportes de aventura en ell delta del Ebro","description":"Turismo, excursiones y deportes de aventura en el delta del Ebro. Agencia de Viages Deltaturistic","potentialAction":[{"@type":"SearchAction","target":{"@type":"EntryPoint","urlTemplate":"https:\/\/deltaturistic.com\/es\/?s={search_term_string}"},"query-input":{"@type":"PropertyValueSpecification","valueRequired":true,"valueName":"search_term_string"}}],"inLanguage":"es"}]}},"_links":{"self":[{"href":"https:\/\/deltaturistic.com\/es\/wp-json\/wp\/v2\/product\/1762","targetHints":{"allow":["GET"]}}],"collection":[{"href":"https:\/\/deltaturistic.com\/es\/wp-json\/wp\/v2\/product"}],"about":[{"href":"https:\/\/deltaturistic.com\/es\/wp-json\/wp\/v2\/types\/product"}],"wp:featuredmedia":[{"embeddable":true,"href":"https:\/\/deltaturistic.com\/es\/wp-json\/wp\/v2\/media\/1390"}],"wp:attachment":[{"href":"https:\/\/deltaturistic.com\/es\/wp-json\/wp\/v2\/media?parent=1762"}],"wp:term":[{"taxonomy":"product_brand","embeddable":true,"href":"https:\/\/deltaturistic.com\/es\/wp-json\/wp\/v2\/product_brand?post=1762"},{"taxonomy":"product_cat","embeddable":true,"href":"https:\/\/deltaturistic.com\/es\/wp-json\/wp\/v2\/product_cat?post=1762"},{"taxonomy":"product_tag","embeddable":true,"href":"https:\/\/deltaturistic.com\/es\/wp-json\/wp\/v2\/product_tag?post=1762"}],"curies":[{"name":"wp","href":"https:\/\/api.w.org\/{rel}","templated":true}]}}