{"id":1787,"date":"2014-07-22T12:02:10","date_gmt":"2014-07-22T11:02:10","guid":{"rendered":"http:\/\/www.deltaturistic.com\/paquets-turistics\/delta-tasting-tour-3\/"},"modified":"2014-07-22T12:02:10","modified_gmt":"2014-07-22T11:02:10","slug":"delta-tasting-tour-3","status":"publish","type":"product","link":"https:\/\/deltaturistic.com\/es\/paquets-turistics\/delta-tasting-tour-3\/","title":{"rendered":"Delta tasting tour"},"content":{"rendered":"<p>Empezaremos la visita con un trayecto en barca por las bateas de mejillones y ostras del Delta, para conocer el funcionamiento de estas. Seguidamente nos dirigiremos a uno de los viveros de ostras y mejillones del Delta, donde el gu\u00eda nos explicara el cultivo, cr\u00eda, recolecci\u00f3n, etc&#8230; de estos moluscos .Tambi\u00e9n veremos un peque\u00f1o museo que alberga los mas antiguos y modernos instrumentos de trabajo para estos cultivos, entre otras curiosidades. Ya para finalizar la visita, en la misma mejillonera, procederemos a efectuar una degustaci\u00f3n de productos aut\u00f3ctonos de nuestra bah\u00eda, como son las ostras y los mejillones, acompa\u00f1ado evidentemente de un buen vino blanco de la zona.<\/p>\n<p><strong>INCLUYE<\/strong>: BARCA, PATR\u00d3N, GU\u00cdA, DEGUSTACI\u00d3N MEJILLONES, OSTRAS Y CAVA, Y SEGURO ASISTENCIA.<br \/> <strong>RECOMENDAMOS<\/strong>: CREMA SOLAR, CALZADO DEPORTIVO, C\u00c1MARA DE FOTOS, Y PRISM\u00c1TICOS.<br \/> <strong>OBSERVACIONES<\/strong>: La organizaci\u00f3n se reserva el derecho de efectuar variaci\u00f3n en el recorrido, as\u00ed como proponer el sustituir la visita por una visita guiada al Delta en Furgoneta si por motivos de seguridad, o climatolog\u00eda, lo considera necesario.<br \/> La organizaci\u00f3n se reserva el derecho de anular la visita por no llegar al m\u00ednimo de participantes.<\/p>\n","protected":false},"excerpt":{"rendered":"<p>Empezaremos la visita con un trayecto en barca por las bateas de mejillones y ostras del Delta, para conocer el funcionamiento de estas. Seguidamente nos dirigiremos a uno de los viveros de ostras y mejillones del Delta, donde el guia nos explicara el cultivo, cria, recolecci\u00f3n, etc&#8230; de estos moluscos.<\/p>\n","protected":false},"featured_media":1450,"template":"","meta":[],"product_brand":[],"product_cat":[535],"product_tag":[],"class_list":{"0":"post-1787","1":"product","2":"type-product","3":"status-publish","4":"has-post-thumbnail","6":"product_cat-gastronomicas","7":"pa_adicional-degustacion-de-ostras-mejillones-y-vino-incluido","8":"pa_duracio-25-horas-aprox","9":"pa_preu-adult-40-e-es","10":"pa_preu-nen-27-e-ninos-menores-de-12-anos","12":"first","13":"instock","14":"shipping-taxable","15":"purchasable","16":"product-type-simple"},"yoast_head":"<!-- This site is optimized with the Yoast SEO plugin v27.1.1 - https:\/\/yoast.com\/product\/yoast-seo-wordpress\/ -->\n<title>Delta tasting tour - Turismo, excursiones y deportes de aventura en ell delta del Ebro<\/title>\n<meta name=\"robots\" content=\"index, follow, max-snippet:-1, max-image-preview:large, max-video-preview:-1\" \/>\n<link rel=\"canonical\" href=\"https:\/\/deltaturistic.com\/es\/paquets-turistics\/delta-tasting-tour-3\/\" \/>\n<meta name=\"twitter:label1\" content=\"Tiempo de lectura\" \/>\n\t<meta name=\"twitter:data1\" content=\"1 minuto\" \/>\n<script type=\"application\/ld+json\" class=\"yoast-schema-graph\">{\"@context\":\"https:\/\/schema.org\",\"@graph\":[{\"@type\":\"WebPage\",\"@id\":\"https:\/\/deltaturistic.com\/es\/paquets-turistics\/delta-tasting-tour-3\/\",\"url\":\"https:\/\/deltaturistic.com\/es\/paquets-turistics\/delta-tasting-tour-3\/\",\"name\":\"Delta tasting tour - Turismo, excursiones y deportes de aventura en ell delta del Ebro\",\"isPartOf\":{\"@id\":\"https:\/\/deltaturistic.com\/es\/#website\"},\"primaryImageOfPage\":{\"@id\":\"https:\/\/deltaturistic.com\/es\/paquets-turistics\/delta-tasting-tour-3\/#primaryimage\"},\"image\":{\"@id\":\"https:\/\/deltaturistic.com\/es\/paquets-turistics\/delta-tasting-tour-3\/#primaryimage\"},\"thumbnailUrl\":\"https:\/\/deltaturistic.com\/wp-content\/uploads\/2014\/07\/excursio-delta-vivers-001.jpg\",\"datePublished\":\"2014-07-22T11:02:10+00:00\",\"breadcrumb\":{\"@id\":\"https:\/\/deltaturistic.com\/es\/paquets-turistics\/delta-tasting-tour-3\/#breadcrumb\"},\"inLanguage\":\"es\",\"potentialAction\":[{\"@type\":\"ReadAction\",\"target\":[\"https:\/\/deltaturistic.com\/es\/paquets-turistics\/delta-tasting-tour-3\/\"]}]},{\"@type\":\"ImageObject\",\"inLanguage\":\"es\",\"@id\":\"https:\/\/deltaturistic.com\/es\/paquets-turistics\/delta-tasting-tour-3\/#primaryimage\",\"url\":\"https:\/\/deltaturistic.com\/wp-content\/uploads\/2014\/07\/excursio-delta-vivers-001.jpg\",\"contentUrl\":\"https:\/\/deltaturistic.com\/wp-content\/uploads\/2014\/07\/excursio-delta-vivers-001.jpg\",\"width\":1536,\"height\":2048},{\"@type\":\"BreadcrumbList\",\"@id\":\"https:\/\/deltaturistic.com\/es\/paquets-turistics\/delta-tasting-tour-3\/#breadcrumb\",\"itemListElement\":[{\"@type\":\"ListItem\",\"position\":1,\"name\":\"Inici\",\"item\":\"https:\/\/deltaturistic.com\/es\/\"},{\"@type\":\"ListItem\",\"position\":2,\"name\":\"Productes tur\u00edstics\",\"item\":\"https:\/\/deltaturistic.com\/paquets-turistics\/\"},{\"@type\":\"ListItem\",\"position\":3,\"name\":\"Delta tasting tour\"}]},{\"@type\":\"WebSite\",\"@id\":\"https:\/\/deltaturistic.com\/es\/#website\",\"url\":\"https:\/\/deltaturistic.com\/es\/\",\"name\":\"Turismo, excursiones y deportes de aventura en ell delta del Ebro\",\"description\":\"Turismo, excursiones y deportes de aventura en el delta del Ebro. Agencia de Viages Deltaturistic\",\"potentialAction\":[{\"@type\":\"SearchAction\",\"target\":{\"@type\":\"EntryPoint\",\"urlTemplate\":\"https:\/\/deltaturistic.com\/es\/?s={search_term_string}\"},\"query-input\":{\"@type\":\"PropertyValueSpecification\",\"valueRequired\":true,\"valueName\":\"search_term_string\"}}],\"inLanguage\":\"es\"}]}<\/script>\n<!-- \/ Yoast SEO plugin. -->","yoast_head_json":{"title":"Delta tasting tour - Turismo, excursiones y deportes de aventura en ell delta del Ebro","robots":{"index":"index","follow":"follow","max-snippet":"max-snippet:-1","max-image-preview":"max-image-preview:large","max-video-preview":"max-video-preview:-1"},"canonical":"https:\/\/deltaturistic.com\/es\/paquets-turistics\/delta-tasting-tour-3\/","twitter_misc":{"Tiempo de lectura":"1 minuto"},"schema":{"@context":"https:\/\/schema.org","@graph":[{"@type":"WebPage","@id":"https:\/\/deltaturistic.com\/es\/paquets-turistics\/delta-tasting-tour-3\/","url":"https:\/\/deltaturistic.com\/es\/paquets-turistics\/delta-tasting-tour-3\/","name":"Delta tasting tour - Turismo, excursiones y deportes de aventura en ell delta del Ebro","isPartOf":{"@id":"https:\/\/deltaturistic.com\/es\/#website"},"primaryImageOfPage":{"@id":"https:\/\/deltaturistic.com\/es\/paquets-turistics\/delta-tasting-tour-3\/#primaryimage"},"image":{"@id":"https:\/\/deltaturistic.com\/es\/paquets-turistics\/delta-tasting-tour-3\/#primaryimage"},"thumbnailUrl":"https:\/\/deltaturistic.com\/wp-content\/uploads\/2014\/07\/excursio-delta-vivers-001.jpg","datePublished":"2014-07-22T11:02:10+00:00","breadcrumb":{"@id":"https:\/\/deltaturistic.com\/es\/paquets-turistics\/delta-tasting-tour-3\/#breadcrumb"},"inLanguage":"es","potentialAction":[{"@type":"ReadAction","target":["https:\/\/deltaturistic.com\/es\/paquets-turistics\/delta-tasting-tour-3\/"]}]},{"@type":"ImageObject","inLanguage":"es","@id":"https:\/\/deltaturistic.com\/es\/paquets-turistics\/delta-tasting-tour-3\/#primaryimage","url":"https:\/\/deltaturistic.com\/wp-content\/uploads\/2014\/07\/excursio-delta-vivers-001.jpg","contentUrl":"https:\/\/deltaturistic.com\/wp-content\/uploads\/2014\/07\/excursio-delta-vivers-001.jpg","width":1536,"height":2048},{"@type":"BreadcrumbList","@id":"https:\/\/deltaturistic.com\/es\/paquets-turistics\/delta-tasting-tour-3\/#breadcrumb","itemListElement":[{"@type":"ListItem","position":1,"name":"Inici","item":"https:\/\/deltaturistic.com\/es\/"},{"@type":"ListItem","position":2,"name":"Productes tur\u00edstics","item":"https:\/\/deltaturistic.com\/paquets-turistics\/"},{"@type":"ListItem","position":3,"name":"Delta tasting tour"}]},{"@type":"WebSite","@id":"https:\/\/deltaturistic.com\/es\/#website","url":"https:\/\/deltaturistic.com\/es\/","name":"Turismo, excursiones y deportes de aventura en ell delta del Ebro","description":"Turismo, excursiones y deportes de aventura en el delta del Ebro. Agencia de Viages Deltaturistic","potentialAction":[{"@type":"SearchAction","target":{"@type":"EntryPoint","urlTemplate":"https:\/\/deltaturistic.com\/es\/?s={search_term_string}"},"query-input":{"@type":"PropertyValueSpecification","valueRequired":true,"valueName":"search_term_string"}}],"inLanguage":"es"}]}},"_links":{"self":[{"href":"https:\/\/deltaturistic.com\/es\/wp-json\/wp\/v2\/product\/1787","targetHints":{"allow":["GET"]}}],"collection":[{"href":"https:\/\/deltaturistic.com\/es\/wp-json\/wp\/v2\/product"}],"about":[{"href":"https:\/\/deltaturistic.com\/es\/wp-json\/wp\/v2\/types\/product"}],"wp:featuredmedia":[{"embeddable":true,"href":"https:\/\/deltaturistic.com\/es\/wp-json\/wp\/v2\/media\/1450"}],"wp:attachment":[{"href":"https:\/\/deltaturistic.com\/es\/wp-json\/wp\/v2\/media?parent=1787"}],"wp:term":[{"taxonomy":"product_brand","embeddable":true,"href":"https:\/\/deltaturistic.com\/es\/wp-json\/wp\/v2\/product_brand?post=1787"},{"taxonomy":"product_cat","embeddable":true,"href":"https:\/\/deltaturistic.com\/es\/wp-json\/wp\/v2\/product_cat?post=1787"},{"taxonomy":"product_tag","embeddable":true,"href":"https:\/\/deltaturistic.com\/es\/wp-json\/wp\/v2\/product_tag?post=1787"}],"curies":[{"name":"wp","href":"https:\/\/api.w.org\/{rel}","templated":true}]}}