{"id":1796,"date":"2014-07-23T08:05:20","date_gmt":"2014-07-23T07:05:20","guid":{"rendered":"http:\/\/www.deltaturistic.com\/paquets-turistics\/hotel-flamingo-escapada-romantica-4\/"},"modified":"2015-03-21T12:56:39","modified_gmt":"2015-03-21T11:56:39","slug":"hotel-flamingo-escapada-romantica-4","status":"publish","type":"product","link":"https:\/\/deltaturistic.com\/es\/paquets-turistics\/hotel-flamingo-escapada-romantica-4\/","title":{"rendered":"Hotel Flamingo, Escapada Rom\u00e1ntica"},"content":{"rendered":"<p>Habitaci\u00f3n doble vista mar garantizada<br \/> Desayuno bufet<br \/> Cena romantica 2 pax<br \/> Copa de cava (en la cena)<br \/> Free lare check-out hasta las 17\u201900 h (seg\u00fan disponibilidad)<br \/> Libre disposici\u00f3n de bicicletas 1 dia para ruta autoguiada<\/p>\n<p>CENA ROM\u00c1NTICA:<br \/> Pica pica centro mesa<br \/> Caracoles de mar con romesco<br \/> Almejas a la marinera<br \/> Mejillones al vapor<br \/> Langostinos a la sal (2 por persona)<br \/> Segundo plato a elegir<br \/> Magret de pato con manzana confitada<br \/> o<br \/> Filete de dorada con verduritas<br \/> postres<br \/> pasteler\u00eda artesanal<br \/> bebidas<br \/> aguas minerales<br \/> Vino tinto o blanco de la casa<\/p>\n<p>Todos los precios son con IVA incluido<br \/> Tasa tur\u00edstica no incluida 1\u20ac persona y dia a pagar directo en el hotel.<\/p>\n","protected":false},"excerpt":{"rendered":"<p>Habitaci\u00f3n doble vista mar garantizada Desayuno bufet Cena romantica 2 pax Copa de cava (en la cena) Free lare check-out hasta las 17\u201900 h (seg\u00fan disponibilidad) Libre disposici\u00f3n de bicicletas 1 dia para ruta autoguiada CENA ROM\u00c1NTICA: Pica pica centro mesa Caracoles de mar con romesco Almejas a la marinera Mejillones al vapor Langostinos a [&hellip;]<\/p>\n","protected":false},"featured_media":1472,"template":"","meta":[],"product_brand":[],"product_cat":[142],"product_tag":[],"class_list":{"0":"post-1796","1":"product","2":"type-product","3":"status-publish","4":"has-post-thumbnail","6":"product_cat-escapadas-al-delta-del-ebro","7":"pa_adicional-preus-valids-de-l1-de-gener-2016-al-12-de-juliol-2016-i-del-14-de-setembre-2016-al-29-de-desembre-2016-excepte-14-febrer-23-juny-31-octubre-i-24-desembre","8":"pa_adicional-preus-valids-de-l1-de-gener-2016-al-12-de-juliol-2016-i-del-14-de-setembre-2016-al-29-de-desembre-2016-excepte-14-febrer-23-juny-31-octubre-i-24-desembre-en","9":"pa_duracio-2-dias-1-noche","11":"first","12":"instock","13":"shipping-taxable","14":"purchasable","15":"product-type-simple"},"yoast_head":"<!-- This site is optimized with the Yoast SEO plugin v27.1.1 - https:\/\/yoast.com\/product\/yoast-seo-wordpress\/ -->\n<title>Hotel Flamingo, Escapada Rom\u00e1ntica - Turismo, excursiones y deportes de aventura en ell delta del Ebro<\/title>\n<meta name=\"robots\" content=\"index, follow, max-snippet:-1, max-image-preview:large, max-video-preview:-1\" \/>\n<link rel=\"canonical\" href=\"https:\/\/deltaturistic.com\/es\/paquets-turistics\/hotel-flamingo-escapada-romantica-4\/\" \/>\n<meta name=\"twitter:label1\" content=\"Tiempo de lectura\" \/>\n\t<meta name=\"twitter:data1\" content=\"1 minuto\" \/>\n<script type=\"application\/ld+json\" class=\"yoast-schema-graph\">{\"@context\":\"https:\/\/schema.org\",\"@graph\":[{\"@type\":\"WebPage\",\"@id\":\"https:\/\/deltaturistic.com\/es\/paquets-turistics\/hotel-flamingo-escapada-romantica-4\/\",\"url\":\"https:\/\/deltaturistic.com\/es\/paquets-turistics\/hotel-flamingo-escapada-romantica-4\/\",\"name\":\"Hotel Flamingo, Escapada Rom\u00e1ntica - Turismo, excursiones y deportes de aventura en ell delta del Ebro\",\"isPartOf\":{\"@id\":\"https:\/\/deltaturistic.com\/es\/#website\"},\"primaryImageOfPage\":{\"@id\":\"https:\/\/deltaturistic.com\/es\/paquets-turistics\/hotel-flamingo-escapada-romantica-4\/#primaryimage\"},\"image\":{\"@id\":\"https:\/\/deltaturistic.com\/es\/paquets-turistics\/hotel-flamingo-escapada-romantica-4\/#primaryimage\"},\"thumbnailUrl\":\"https:\/\/deltaturistic.com\/wp-content\/uploads\/2014\/07\/hotel-flamingo.jpg\",\"datePublished\":\"2014-07-23T07:05:20+00:00\",\"dateModified\":\"2015-03-21T11:56:39+00:00\",\"breadcrumb\":{\"@id\":\"https:\/\/deltaturistic.com\/es\/paquets-turistics\/hotel-flamingo-escapada-romantica-4\/#breadcrumb\"},\"inLanguage\":\"es\",\"potentialAction\":[{\"@type\":\"ReadAction\",\"target\":[\"https:\/\/deltaturistic.com\/es\/paquets-turistics\/hotel-flamingo-escapada-romantica-4\/\"]}]},{\"@type\":\"ImageObject\",\"inLanguage\":\"es\",\"@id\":\"https:\/\/deltaturistic.com\/es\/paquets-turistics\/hotel-flamingo-escapada-romantica-4\/#primaryimage\",\"url\":\"https:\/\/deltaturistic.com\/wp-content\/uploads\/2014\/07\/hotel-flamingo.jpg\",\"contentUrl\":\"https:\/\/deltaturistic.com\/wp-content\/uploads\/2014\/07\/hotel-flamingo.jpg\",\"width\":508,\"height\":340},{\"@type\":\"BreadcrumbList\",\"@id\":\"https:\/\/deltaturistic.com\/es\/paquets-turistics\/hotel-flamingo-escapada-romantica-4\/#breadcrumb\",\"itemListElement\":[{\"@type\":\"ListItem\",\"position\":1,\"name\":\"Inici\",\"item\":\"https:\/\/deltaturistic.com\/es\/\"},{\"@type\":\"ListItem\",\"position\":2,\"name\":\"Productes tur\u00edstics\",\"item\":\"https:\/\/deltaturistic.com\/paquets-turistics\/\"},{\"@type\":\"ListItem\",\"position\":3,\"name\":\"Hotel Flamingo, Escapada Rom\u00e1ntica\"}]},{\"@type\":\"WebSite\",\"@id\":\"https:\/\/deltaturistic.com\/es\/#website\",\"url\":\"https:\/\/deltaturistic.com\/es\/\",\"name\":\"Turismo, excursiones y deportes de aventura en ell delta del Ebro\",\"description\":\"Turismo, excursiones y deportes de aventura en el delta del Ebro. Agencia de Viages Deltaturistic\",\"potentialAction\":[{\"@type\":\"SearchAction\",\"target\":{\"@type\":\"EntryPoint\",\"urlTemplate\":\"https:\/\/deltaturistic.com\/es\/?s={search_term_string}\"},\"query-input\":{\"@type\":\"PropertyValueSpecification\",\"valueRequired\":true,\"valueName\":\"search_term_string\"}}],\"inLanguage\":\"es\"}]}<\/script>\n<!-- \/ Yoast SEO plugin. -->","yoast_head_json":{"title":"Hotel Flamingo, Escapada Rom\u00e1ntica - Turismo, excursiones y deportes de aventura en ell delta del Ebro","robots":{"index":"index","follow":"follow","max-snippet":"max-snippet:-1","max-image-preview":"max-image-preview:large","max-video-preview":"max-video-preview:-1"},"canonical":"https:\/\/deltaturistic.com\/es\/paquets-turistics\/hotel-flamingo-escapada-romantica-4\/","twitter_misc":{"Tiempo de lectura":"1 minuto"},"schema":{"@context":"https:\/\/schema.org","@graph":[{"@type":"WebPage","@id":"https:\/\/deltaturistic.com\/es\/paquets-turistics\/hotel-flamingo-escapada-romantica-4\/","url":"https:\/\/deltaturistic.com\/es\/paquets-turistics\/hotel-flamingo-escapada-romantica-4\/","name":"Hotel Flamingo, Escapada Rom\u00e1ntica - Turismo, excursiones y deportes de aventura en ell delta del Ebro","isPartOf":{"@id":"https:\/\/deltaturistic.com\/es\/#website"},"primaryImageOfPage":{"@id":"https:\/\/deltaturistic.com\/es\/paquets-turistics\/hotel-flamingo-escapada-romantica-4\/#primaryimage"},"image":{"@id":"https:\/\/deltaturistic.com\/es\/paquets-turistics\/hotel-flamingo-escapada-romantica-4\/#primaryimage"},"thumbnailUrl":"https:\/\/deltaturistic.com\/wp-content\/uploads\/2014\/07\/hotel-flamingo.jpg","datePublished":"2014-07-23T07:05:20+00:00","dateModified":"2015-03-21T11:56:39+00:00","breadcrumb":{"@id":"https:\/\/deltaturistic.com\/es\/paquets-turistics\/hotel-flamingo-escapada-romantica-4\/#breadcrumb"},"inLanguage":"es","potentialAction":[{"@type":"ReadAction","target":["https:\/\/deltaturistic.com\/es\/paquets-turistics\/hotel-flamingo-escapada-romantica-4\/"]}]},{"@type":"ImageObject","inLanguage":"es","@id":"https:\/\/deltaturistic.com\/es\/paquets-turistics\/hotel-flamingo-escapada-romantica-4\/#primaryimage","url":"https:\/\/deltaturistic.com\/wp-content\/uploads\/2014\/07\/hotel-flamingo.jpg","contentUrl":"https:\/\/deltaturistic.com\/wp-content\/uploads\/2014\/07\/hotel-flamingo.jpg","width":508,"height":340},{"@type":"BreadcrumbList","@id":"https:\/\/deltaturistic.com\/es\/paquets-turistics\/hotel-flamingo-escapada-romantica-4\/#breadcrumb","itemListElement":[{"@type":"ListItem","position":1,"name":"Inici","item":"https:\/\/deltaturistic.com\/es\/"},{"@type":"ListItem","position":2,"name":"Productes tur\u00edstics","item":"https:\/\/deltaturistic.com\/paquets-turistics\/"},{"@type":"ListItem","position":3,"name":"Hotel Flamingo, Escapada Rom\u00e1ntica"}]},{"@type":"WebSite","@id":"https:\/\/deltaturistic.com\/es\/#website","url":"https:\/\/deltaturistic.com\/es\/","name":"Turismo, excursiones y deportes de aventura en ell delta del Ebro","description":"Turismo, excursiones y deportes de aventura en el delta del Ebro. Agencia de Viages Deltaturistic","potentialAction":[{"@type":"SearchAction","target":{"@type":"EntryPoint","urlTemplate":"https:\/\/deltaturistic.com\/es\/?s={search_term_string}"},"query-input":{"@type":"PropertyValueSpecification","valueRequired":true,"valueName":"search_term_string"}}],"inLanguage":"es"}]}},"_links":{"self":[{"href":"https:\/\/deltaturistic.com\/es\/wp-json\/wp\/v2\/product\/1796","targetHints":{"allow":["GET"]}}],"collection":[{"href":"https:\/\/deltaturistic.com\/es\/wp-json\/wp\/v2\/product"}],"about":[{"href":"https:\/\/deltaturistic.com\/es\/wp-json\/wp\/v2\/types\/product"}],"wp:featuredmedia":[{"embeddable":true,"href":"https:\/\/deltaturistic.com\/es\/wp-json\/wp\/v2\/media\/1472"}],"wp:attachment":[{"href":"https:\/\/deltaturistic.com\/es\/wp-json\/wp\/v2\/media?parent=1796"}],"wp:term":[{"taxonomy":"product_brand","embeddable":true,"href":"https:\/\/deltaturistic.com\/es\/wp-json\/wp\/v2\/product_brand?post=1796"},{"taxonomy":"product_cat","embeddable":true,"href":"https:\/\/deltaturistic.com\/es\/wp-json\/wp\/v2\/product_cat?post=1796"},{"taxonomy":"product_tag","embeddable":true,"href":"https:\/\/deltaturistic.com\/es\/wp-json\/wp\/v2\/product_tag?post=1796"}],"curies":[{"name":"wp","href":"https:\/\/api.w.org\/{rel}","templated":true}]}}