{"id":1797,"date":"2014-07-23T08:15:15","date_gmt":"2014-07-23T07:15:15","guid":{"rendered":"http:\/\/www.deltaturistic.com\/paquets-turistics\/les-oliveres-deltaescapada-avetura-2\/"},"modified":"2014-07-23T08:15:15","modified_gmt":"2014-07-23T07:15:15","slug":"les-oliveres-deltaescapada-avetura-2","status":"publish","type":"product","link":"https:\/\/deltaturistic.com\/es\/paquets-turistics\/les-oliveres-deltaescapada-avetura-2\/","title":{"rendered":"Les Oliveres, deltaescapada avetura"},"content":{"rendered":"<p>COMPLEJO HOTELERO EN 1\u00aa LINEA DE MAR, CERCA DE LA PLAYA Y SITUADO EN UN ACANTILADO CON VISTAS AL MAR.<br \/> PENSI\u00d3N COMPLETA, 2 CONSUMICIONES EN EL BAR DEL HOTEL, 1 CIRCUITO DE AGUAS, 1 SESI\u00d3N AQUAFITNESS, 1 HORA DE MINIGOLF, 1 HORA DE TENIS, LIBRE UTILIZACI\u00d3N DE PISCINA CLIMATIZADA, FANT\u00c1STICA EXCURSI\u00d3N GUIADA POR EL PARQUE NATURAL DEL DELTA DEL EBRO, CRUCERO EN BARCO POR EL EBRE Y ALMUERZO EN RESTAURANTE T\u00cdPICO.<\/p>\n<p>Ver condiciones de las actividades en la oferta:\u00a0 <a href=\"http:\/\/www.deltaturistic.com\/wp-content\/uploads\/2014\/07\/Escapada-Aventura-en-Hotel-Oliveres-Beach-Resort.pdf\">Escapada Aventura en Hotel Oliveres Beach Resort<\/a><\/p>\n","protected":false},"excerpt":{"rendered":"<p>COMPLEJO HOTELERO EN 1\u00aa LINEA DE MAR, CERCA DE LA PLAYA Y SITUADO EN UN ACANTILADO CON VISTAS AL MAR. PENSI\u00d3N COMPLETA, 2 CONSUMICIONES EN EL BAR DEL HOTEL, 1 CIRCUITO DE AGUAS, 1 SESI\u00d3N AQUAFITNESS, 1 HORA DE MINIGOLF, 1 HORA DE TENIS, LIBRE UTILIZACI\u00d3N DE PISCINA CLIMATIZADA, FANT\u00c1STICA EXCURSI\u00d3N GUIADA POR EL PARQUE [&hellip;]<\/p>\n","protected":false},"featured_media":1478,"template":"","meta":[],"product_brand":[],"product_cat":[142],"product_tag":[],"class_list":{"0":"post-1797","1":"product","2":"type-product","3":"status-publish","4":"has-post-thumbnail","6":"product_cat-escapadas-al-delta-del-ebro","7":"pa_preu-desde-8050-e-consultar-documento-adjunto","9":"first","10":"instock","11":"shipping-taxable","12":"purchasable","13":"product-type-simple"},"yoast_head":"<!-- This site is optimized with the Yoast SEO plugin v27.1.1 - https:\/\/yoast.com\/product\/yoast-seo-wordpress\/ -->\n<title>Les Oliveres, deltaescapada avetura - Turismo, excursiones y deportes de aventura en ell delta del Ebro<\/title>\n<meta name=\"robots\" content=\"index, follow, max-snippet:-1, max-image-preview:large, max-video-preview:-1\" \/>\n<link rel=\"canonical\" href=\"https:\/\/deltaturistic.com\/es\/paquets-turistics\/les-oliveres-deltaescapada-avetura-2\/\" \/>\n<script type=\"application\/ld+json\" class=\"yoast-schema-graph\">{\"@context\":\"https:\/\/schema.org\",\"@graph\":[{\"@type\":\"WebPage\",\"@id\":\"https:\/\/deltaturistic.com\/es\/paquets-turistics\/les-oliveres-deltaescapada-avetura-2\/\",\"url\":\"https:\/\/deltaturistic.com\/es\/paquets-turistics\/les-oliveres-deltaescapada-avetura-2\/\",\"name\":\"Les Oliveres, deltaescapada avetura - Turismo, excursiones y deportes de aventura en ell delta del Ebro\",\"isPartOf\":{\"@id\":\"https:\/\/deltaturistic.com\/es\/#website\"},\"primaryImageOfPage\":{\"@id\":\"https:\/\/deltaturistic.com\/es\/paquets-turistics\/les-oliveres-deltaescapada-avetura-2\/#primaryimage\"},\"image\":{\"@id\":\"https:\/\/deltaturistic.com\/es\/paquets-turistics\/les-oliveres-deltaescapada-avetura-2\/#primaryimage\"},\"thumbnailUrl\":\"https:\/\/deltaturistic.com\/wp-content\/uploads\/2014\/07\/16178300_4177525.jpg\",\"datePublished\":\"2014-07-23T07:15:15+00:00\",\"breadcrumb\":{\"@id\":\"https:\/\/deltaturistic.com\/es\/paquets-turistics\/les-oliveres-deltaescapada-avetura-2\/#breadcrumb\"},\"inLanguage\":\"es\",\"potentialAction\":[{\"@type\":\"ReadAction\",\"target\":[\"https:\/\/deltaturistic.com\/es\/paquets-turistics\/les-oliveres-deltaescapada-avetura-2\/\"]}]},{\"@type\":\"ImageObject\",\"inLanguage\":\"es\",\"@id\":\"https:\/\/deltaturistic.com\/es\/paquets-turistics\/les-oliveres-deltaescapada-avetura-2\/#primaryimage\",\"url\":\"https:\/\/deltaturistic.com\/wp-content\/uploads\/2014\/07\/16178300_4177525.jpg\",\"contentUrl\":\"https:\/\/deltaturistic.com\/wp-content\/uploads\/2014\/07\/16178300_4177525.jpg\",\"width\":600,\"height\":600},{\"@type\":\"BreadcrumbList\",\"@id\":\"https:\/\/deltaturistic.com\/es\/paquets-turistics\/les-oliveres-deltaescapada-avetura-2\/#breadcrumb\",\"itemListElement\":[{\"@type\":\"ListItem\",\"position\":1,\"name\":\"Inici\",\"item\":\"https:\/\/deltaturistic.com\/es\/\"},{\"@type\":\"ListItem\",\"position\":2,\"name\":\"Productes tur\u00edstics\",\"item\":\"https:\/\/deltaturistic.com\/paquets-turistics\/\"},{\"@type\":\"ListItem\",\"position\":3,\"name\":\"Les Oliveres, deltaescapada avetura\"}]},{\"@type\":\"WebSite\",\"@id\":\"https:\/\/deltaturistic.com\/es\/#website\",\"url\":\"https:\/\/deltaturistic.com\/es\/\",\"name\":\"Turismo, excursiones y deportes de aventura en ell delta del Ebro\",\"description\":\"Turismo, excursiones y deportes de aventura en el delta del Ebro. Agencia de Viages Deltaturistic\",\"potentialAction\":[{\"@type\":\"SearchAction\",\"target\":{\"@type\":\"EntryPoint\",\"urlTemplate\":\"https:\/\/deltaturistic.com\/es\/?s={search_term_string}\"},\"query-input\":{\"@type\":\"PropertyValueSpecification\",\"valueRequired\":true,\"valueName\":\"search_term_string\"}}],\"inLanguage\":\"es\"}]}<\/script>\n<!-- \/ Yoast SEO plugin. -->","yoast_head_json":{"title":"Les Oliveres, deltaescapada avetura - Turismo, excursiones y deportes de aventura en ell delta del Ebro","robots":{"index":"index","follow":"follow","max-snippet":"max-snippet:-1","max-image-preview":"max-image-preview:large","max-video-preview":"max-video-preview:-1"},"canonical":"https:\/\/deltaturistic.com\/es\/paquets-turistics\/les-oliveres-deltaescapada-avetura-2\/","schema":{"@context":"https:\/\/schema.org","@graph":[{"@type":"WebPage","@id":"https:\/\/deltaturistic.com\/es\/paquets-turistics\/les-oliveres-deltaescapada-avetura-2\/","url":"https:\/\/deltaturistic.com\/es\/paquets-turistics\/les-oliveres-deltaescapada-avetura-2\/","name":"Les Oliveres, deltaescapada avetura - Turismo, excursiones y deportes de aventura en ell delta del Ebro","isPartOf":{"@id":"https:\/\/deltaturistic.com\/es\/#website"},"primaryImageOfPage":{"@id":"https:\/\/deltaturistic.com\/es\/paquets-turistics\/les-oliveres-deltaescapada-avetura-2\/#primaryimage"},"image":{"@id":"https:\/\/deltaturistic.com\/es\/paquets-turistics\/les-oliveres-deltaescapada-avetura-2\/#primaryimage"},"thumbnailUrl":"https:\/\/deltaturistic.com\/wp-content\/uploads\/2014\/07\/16178300_4177525.jpg","datePublished":"2014-07-23T07:15:15+00:00","breadcrumb":{"@id":"https:\/\/deltaturistic.com\/es\/paquets-turistics\/les-oliveres-deltaescapada-avetura-2\/#breadcrumb"},"inLanguage":"es","potentialAction":[{"@type":"ReadAction","target":["https:\/\/deltaturistic.com\/es\/paquets-turistics\/les-oliveres-deltaescapada-avetura-2\/"]}]},{"@type":"ImageObject","inLanguage":"es","@id":"https:\/\/deltaturistic.com\/es\/paquets-turistics\/les-oliveres-deltaescapada-avetura-2\/#primaryimage","url":"https:\/\/deltaturistic.com\/wp-content\/uploads\/2014\/07\/16178300_4177525.jpg","contentUrl":"https:\/\/deltaturistic.com\/wp-content\/uploads\/2014\/07\/16178300_4177525.jpg","width":600,"height":600},{"@type":"BreadcrumbList","@id":"https:\/\/deltaturistic.com\/es\/paquets-turistics\/les-oliveres-deltaescapada-avetura-2\/#breadcrumb","itemListElement":[{"@type":"ListItem","position":1,"name":"Inici","item":"https:\/\/deltaturistic.com\/es\/"},{"@type":"ListItem","position":2,"name":"Productes tur\u00edstics","item":"https:\/\/deltaturistic.com\/paquets-turistics\/"},{"@type":"ListItem","position":3,"name":"Les Oliveres, deltaescapada avetura"}]},{"@type":"WebSite","@id":"https:\/\/deltaturistic.com\/es\/#website","url":"https:\/\/deltaturistic.com\/es\/","name":"Turismo, excursiones y deportes de aventura en ell delta del Ebro","description":"Turismo, excursiones y deportes de aventura en el delta del Ebro. Agencia de Viages Deltaturistic","potentialAction":[{"@type":"SearchAction","target":{"@type":"EntryPoint","urlTemplate":"https:\/\/deltaturistic.com\/es\/?s={search_term_string}"},"query-input":{"@type":"PropertyValueSpecification","valueRequired":true,"valueName":"search_term_string"}}],"inLanguage":"es"}]}},"_links":{"self":[{"href":"https:\/\/deltaturistic.com\/es\/wp-json\/wp\/v2\/product\/1797","targetHints":{"allow":["GET"]}}],"collection":[{"href":"https:\/\/deltaturistic.com\/es\/wp-json\/wp\/v2\/product"}],"about":[{"href":"https:\/\/deltaturistic.com\/es\/wp-json\/wp\/v2\/types\/product"}],"wp:featuredmedia":[{"embeddable":true,"href":"https:\/\/deltaturistic.com\/es\/wp-json\/wp\/v2\/media\/1478"}],"wp:attachment":[{"href":"https:\/\/deltaturistic.com\/es\/wp-json\/wp\/v2\/media?parent=1797"}],"wp:term":[{"taxonomy":"product_brand","embeddable":true,"href":"https:\/\/deltaturistic.com\/es\/wp-json\/wp\/v2\/product_brand?post=1797"},{"taxonomy":"product_cat","embeddable":true,"href":"https:\/\/deltaturistic.com\/es\/wp-json\/wp\/v2\/product_cat?post=1797"},{"taxonomy":"product_tag","embeddable":true,"href":"https:\/\/deltaturistic.com\/es\/wp-json\/wp\/v2\/product_tag?post=1797"}],"curies":[{"name":"wp","href":"https:\/\/api.w.org\/{rel}","templated":true}]}}