{"id":1805,"date":"2014-07-24T09:56:04","date_gmt":"2014-07-24T08:56:04","guid":{"rendered":"http:\/\/www.deltaturistic.com\/paquets-turistics\/curso-kitesurf-iniciacion\/"},"modified":"2020-08-29T18:06:51","modified_gmt":"2020-08-29T17:06:51","slug":"curso-kitesurf-iniciacion","status":"publish","type":"product","link":"https:\/\/deltaturistic.com\/es\/paquets-turistics\/curso-kitesurf-iniciacion\/","title":{"rendered":"Curso Kitesurf nivel 1"},"content":{"rendered":"<p>Curso de iniciaci\u00f3n al kitesurf, dependiendo del n\u00famero de personas la sesi\u00f3n durar\u00e1 aproximadamente de 2 a 3 horas y los grupos ser\u00e1n de 2 o 4 personas, durante el aprendizaje seguimos la metodolog\u00eda de la ense\u00f1anza de la FCDV (Federaci\u00f3n Catalana de Vela) y IKO (International Kiteboarding Organization).<\/p>\n<p>Deporte destinado a aquellos que les gusta el mar, la Velocidad y liberar adrenalina.<\/p>\n<p><strong>Pasos a realizar para el 1 Nivel de kitesurf:<\/strong><\/p>\n<ol>\n<li>Teor\u00eda, conocimiento de las direcciones y de la ventana del viento donde vamos a empezar a pilotar la cometa, zonas de m\u00e1xima y menos potencia.<\/li>\n<li>Pilotar trainer de 3 lineas, aprendemos a direccionar derecha y izquierda y buscar las zonas de m\u00e1s y menos potencia de la ventana. Importante: El aprendizaje siempre lo realizaremos en la playa con trainer y kites de 3 metros para mayor seguridad.<\/li>\n<li>Pasamos a realizar el montaje de un kite de 3 metros con la barra de 4 l\u00edneas, conocemos las seguridades de la barra para tener la m\u00e1xima seguridad para poder pilotar.<\/li>\n<li>Pilotamos el kite de 4 lineas, direccionamos derecha y izquierda, y a\u00f1adimos subir barra para sacar potencia al kite y bajar barra para poder tener tensi\u00f3n a las l\u00edneas para direcionar. Importante: En caso de viento fuerte y kite incontrolable, posicionar la barra arriba del todo, el kite pierde potencia y no notamos la presi\u00f3n en caso de arrastre.<\/li>\n<li>Realizamos ejercicios de posicionamiento del kite a 45 grados a las dos partes de la ventana, conseguimos tener un mayor control del kite y notar la presi\u00f3n del viento sin realizar movimientos y posicionar la barra paralela al kite, realizamos ejercicios especificos con una mano y empezamos a adaptarnos para los pr\u00f3ximos ejercicios al Nivel 2 dentro del agua.<\/li>\n<\/ol>\n<p>La organizaci\u00f3n, se reserva el derecho de modificar el horario y UBICACI\u00d3N de la actividad si por Motivos de Organizaci\u00f3n lo estima Conveniente, sin implicar ning\u00fan Reducci\u00f3n o Abono del importe de la actividad, as\u00ed como de anulaci\u00f3n lar la actividad, si por Motivos de meteorolog\u00eda o Seguridad o cree Conveniente.<\/p>\n","protected":false},"excerpt":{"rendered":"<p>Curso de iniciaci\u00f3n al kitesurf, dependiendo del n\u00famero de personas la sesi\u00f3n durar\u00e1 aproximadamente de 2 a 3 horas y los grupos ser\u00e1n de 2 o 4 personas, durante el aprendizaje seguimos la metodolog\u00eda de la ense\u00f1anza de la FCDV (Federaci\u00f3n Catalana de Vela) y IKO (International Kiteboarding Organization). Deporte destinado a aquellos que les [&hellip;]<\/p>\n","protected":false},"featured_media":1496,"template":"","meta":[],"product_brand":[],"product_cat":[153],"product_tag":[],"class_list":{"0":"post-1805","1":"product","2":"type-product","3":"status-publish","4":"has-post-thumbnail","6":"product_cat-deportes-de-aventura","7":"pa_adicional-minimo-2-personas-i-precio-por-persona","8":"pa_duracio-2-horas","10":"first","11":"instock","12":"shipping-taxable","13":"purchasable","14":"product-type-simple"},"yoast_head":"<!-- This site is optimized with the Yoast SEO plugin v27.1.1 - https:\/\/yoast.com\/product\/yoast-seo-wordpress\/ -->\n<title>Curso Kitesurf nivel 1 - Turismo, excursiones y deportes de aventura en ell delta del Ebro<\/title>\n<meta name=\"robots\" content=\"index, follow, max-snippet:-1, max-image-preview:large, max-video-preview:-1\" \/>\n<link rel=\"canonical\" href=\"https:\/\/deltaturistic.com\/es\/paquets-turistics\/curso-kitesurf-iniciacion\/\" \/>\n<meta name=\"twitter:label1\" content=\"Tiempo de lectura\" \/>\n\t<meta name=\"twitter:data1\" content=\"2 minutos\" \/>\n<script type=\"application\/ld+json\" class=\"yoast-schema-graph\">{\"@context\":\"https:\/\/schema.org\",\"@graph\":[{\"@type\":\"WebPage\",\"@id\":\"https:\/\/deltaturistic.com\/es\/paquets-turistics\/curso-kitesurf-iniciacion\/\",\"url\":\"https:\/\/deltaturistic.com\/es\/paquets-turistics\/curso-kitesurf-iniciacion\/\",\"name\":\"Curso Kitesurf nivel 1 - Turismo, excursiones y deportes de aventura en ell delta del Ebro\",\"isPartOf\":{\"@id\":\"https:\/\/deltaturistic.com\/es\/#website\"},\"primaryImageOfPage\":{\"@id\":\"https:\/\/deltaturistic.com\/es\/paquets-turistics\/curso-kitesurf-iniciacion\/#primaryimage\"},\"image\":{\"@id\":\"https:\/\/deltaturistic.com\/es\/paquets-turistics\/curso-kitesurf-iniciacion\/#primaryimage\"},\"thumbnailUrl\":\"https:\/\/deltaturistic.com\/wp-content\/uploads\/2014\/07\/kitesurf.jpg\",\"datePublished\":\"2014-07-24T08:56:04+00:00\",\"dateModified\":\"2020-08-29T17:06:51+00:00\",\"breadcrumb\":{\"@id\":\"https:\/\/deltaturistic.com\/es\/paquets-turistics\/curso-kitesurf-iniciacion\/#breadcrumb\"},\"inLanguage\":\"es\",\"potentialAction\":[{\"@type\":\"ReadAction\",\"target\":[\"https:\/\/deltaturistic.com\/es\/paquets-turistics\/curso-kitesurf-iniciacion\/\"]}]},{\"@type\":\"ImageObject\",\"inLanguage\":\"es\",\"@id\":\"https:\/\/deltaturistic.com\/es\/paquets-turistics\/curso-kitesurf-iniciacion\/#primaryimage\",\"url\":\"https:\/\/deltaturistic.com\/wp-content\/uploads\/2014\/07\/kitesurf.jpg\",\"contentUrl\":\"https:\/\/deltaturistic.com\/wp-content\/uploads\/2014\/07\/kitesurf.jpg\",\"width\":550,\"height\":366},{\"@type\":\"BreadcrumbList\",\"@id\":\"https:\/\/deltaturistic.com\/es\/paquets-turistics\/curso-kitesurf-iniciacion\/#breadcrumb\",\"itemListElement\":[{\"@type\":\"ListItem\",\"position\":1,\"name\":\"Inici\",\"item\":\"https:\/\/deltaturistic.com\/es\/\"},{\"@type\":\"ListItem\",\"position\":2,\"name\":\"Productes tur\u00edstics\",\"item\":\"https:\/\/deltaturistic.com\/paquets-turistics\/\"},{\"@type\":\"ListItem\",\"position\":3,\"name\":\"Curso Kitesurf nivel 1\"}]},{\"@type\":\"WebSite\",\"@id\":\"https:\/\/deltaturistic.com\/es\/#website\",\"url\":\"https:\/\/deltaturistic.com\/es\/\",\"name\":\"Turismo, excursiones y deportes de aventura en ell delta del Ebro\",\"description\":\"Turismo, excursiones y deportes de aventura en el delta del Ebro. Agencia de Viages Deltaturistic\",\"potentialAction\":[{\"@type\":\"SearchAction\",\"target\":{\"@type\":\"EntryPoint\",\"urlTemplate\":\"https:\/\/deltaturistic.com\/es\/?s={search_term_string}\"},\"query-input\":{\"@type\":\"PropertyValueSpecification\",\"valueRequired\":true,\"valueName\":\"search_term_string\"}}],\"inLanguage\":\"es\"}]}<\/script>\n<!-- \/ Yoast SEO plugin. -->","yoast_head_json":{"title":"Curso Kitesurf nivel 1 - Turismo, excursiones y deportes de aventura en ell delta del Ebro","robots":{"index":"index","follow":"follow","max-snippet":"max-snippet:-1","max-image-preview":"max-image-preview:large","max-video-preview":"max-video-preview:-1"},"canonical":"https:\/\/deltaturistic.com\/es\/paquets-turistics\/curso-kitesurf-iniciacion\/","twitter_misc":{"Tiempo de lectura":"2 minutos"},"schema":{"@context":"https:\/\/schema.org","@graph":[{"@type":"WebPage","@id":"https:\/\/deltaturistic.com\/es\/paquets-turistics\/curso-kitesurf-iniciacion\/","url":"https:\/\/deltaturistic.com\/es\/paquets-turistics\/curso-kitesurf-iniciacion\/","name":"Curso Kitesurf nivel 1 - Turismo, excursiones y deportes de aventura en ell delta del Ebro","isPartOf":{"@id":"https:\/\/deltaturistic.com\/es\/#website"},"primaryImageOfPage":{"@id":"https:\/\/deltaturistic.com\/es\/paquets-turistics\/curso-kitesurf-iniciacion\/#primaryimage"},"image":{"@id":"https:\/\/deltaturistic.com\/es\/paquets-turistics\/curso-kitesurf-iniciacion\/#primaryimage"},"thumbnailUrl":"https:\/\/deltaturistic.com\/wp-content\/uploads\/2014\/07\/kitesurf.jpg","datePublished":"2014-07-24T08:56:04+00:00","dateModified":"2020-08-29T17:06:51+00:00","breadcrumb":{"@id":"https:\/\/deltaturistic.com\/es\/paquets-turistics\/curso-kitesurf-iniciacion\/#breadcrumb"},"inLanguage":"es","potentialAction":[{"@type":"ReadAction","target":["https:\/\/deltaturistic.com\/es\/paquets-turistics\/curso-kitesurf-iniciacion\/"]}]},{"@type":"ImageObject","inLanguage":"es","@id":"https:\/\/deltaturistic.com\/es\/paquets-turistics\/curso-kitesurf-iniciacion\/#primaryimage","url":"https:\/\/deltaturistic.com\/wp-content\/uploads\/2014\/07\/kitesurf.jpg","contentUrl":"https:\/\/deltaturistic.com\/wp-content\/uploads\/2014\/07\/kitesurf.jpg","width":550,"height":366},{"@type":"BreadcrumbList","@id":"https:\/\/deltaturistic.com\/es\/paquets-turistics\/curso-kitesurf-iniciacion\/#breadcrumb","itemListElement":[{"@type":"ListItem","position":1,"name":"Inici","item":"https:\/\/deltaturistic.com\/es\/"},{"@type":"ListItem","position":2,"name":"Productes tur\u00edstics","item":"https:\/\/deltaturistic.com\/paquets-turistics\/"},{"@type":"ListItem","position":3,"name":"Curso Kitesurf nivel 1"}]},{"@type":"WebSite","@id":"https:\/\/deltaturistic.com\/es\/#website","url":"https:\/\/deltaturistic.com\/es\/","name":"Turismo, excursiones y deportes de aventura en ell delta del Ebro","description":"Turismo, excursiones y deportes de aventura en el delta del Ebro. Agencia de Viages Deltaturistic","potentialAction":[{"@type":"SearchAction","target":{"@type":"EntryPoint","urlTemplate":"https:\/\/deltaturistic.com\/es\/?s={search_term_string}"},"query-input":{"@type":"PropertyValueSpecification","valueRequired":true,"valueName":"search_term_string"}}],"inLanguage":"es"}]}},"_links":{"self":[{"href":"https:\/\/deltaturistic.com\/es\/wp-json\/wp\/v2\/product\/1805","targetHints":{"allow":["GET"]}}],"collection":[{"href":"https:\/\/deltaturistic.com\/es\/wp-json\/wp\/v2\/product"}],"about":[{"href":"https:\/\/deltaturistic.com\/es\/wp-json\/wp\/v2\/types\/product"}],"wp:featuredmedia":[{"embeddable":true,"href":"https:\/\/deltaturistic.com\/es\/wp-json\/wp\/v2\/media\/1496"}],"wp:attachment":[{"href":"https:\/\/deltaturistic.com\/es\/wp-json\/wp\/v2\/media?parent=1805"}],"wp:term":[{"taxonomy":"product_brand","embeddable":true,"href":"https:\/\/deltaturistic.com\/es\/wp-json\/wp\/v2\/product_brand?post=1805"},{"taxonomy":"product_cat","embeddable":true,"href":"https:\/\/deltaturistic.com\/es\/wp-json\/wp\/v2\/product_cat?post=1805"},{"taxonomy":"product_tag","embeddable":true,"href":"https:\/\/deltaturistic.com\/es\/wp-json\/wp\/v2\/product_tag?post=1805"}],"curies":[{"name":"wp","href":"https:\/\/api.w.org\/{rel}","templated":true}]}}