{"id":1806,"date":"2014-07-24T09:59:35","date_gmt":"2014-07-24T08:59:35","guid":{"rendered":"http:\/\/www.deltaturistic.com\/paquets-turistics\/curso-kitesurf-intermedio\/"},"modified":"2020-08-22T00:57:44","modified_gmt":"2020-08-21T23:57:44","slug":"curso-kitesurf-intermedio","status":"publish","type":"product","link":"https:\/\/deltaturistic.com\/es\/paquets-turistics\/curso-kitesurf-intermedio\/","title":{"rendered":"Curso Kitesurf nivel 2"},"content":{"rendered":"<p>Kitesurf NIVEL 2 BODY-DRAG: Curso de ejercicios espec\u00edficos dentro del agua, los grupos ser\u00e1n de 2 a 3 personas, es aconsejable grupo de 2 personas para una mayor rapidez en el aprendizaje y evoluci\u00f3n para poder avanzar.Durant el curso seguimos la metodolog\u00eda de la ense\u00f1anza de la FCDV y IKO.<\/p>\n<p><strong>Curso de kitesurf Nivel 2 Body-Drag:<\/strong><br \/>1:Dentro del agua empezamos a pilotar un kite de 8 metros dependiendo de la intensidad del viento, hacemos ejercicios de posicionamiento del kite a los 2 lados de la ventana bajando el kite.<\/p>\n<p>Importante: Siempre elegimos la medida del kite dependiendo de la intensidad del viento, las clases para una mayor seguridad de aprendizaje los vientos estaran sobre 12 a 16 nudos, mayor intensidad montar\u00edamos un kite mas peque\u00f1o.<\/p>\n<p>2:Relanzamiento del kite en el agua, cuando el kite esta en el agua con el borde de ataque tocando el agua, cruzaremos la barra media vuelta y empezaremos a tirar de una l\u00ednea de direcci\u00f3n, puede ser izquierda o derecha, cuando el kite empieza a subir en vertical y ya casi esta casi saliendo del agua empezaremos a tirar menos de la l\u00ednea sin dejar de tirar.<\/p>\n<p>Cuando el kite se cae en el agua con el borde de ataque mirando hacia arriba, tiraremos de las 2 l\u00edneas de potencia fuerte, esto provoca que el kite se gire con el borde de ataque hacia el agua, luego empezaremos al relanzamiento.<\/p>\n<p>Importante: Cuando practicamos el relanzamiento del kite en el agua no tirar de la barra, para una mayor seguridad cuando el kite despega y que no nos coja potencia al subir, tambi\u00e9n es importante no tirar de barra en vientos suaves porque el kite cerramos demasiados los tips, los extremos de la cometa, el kite lo cerramos demasiado y se nos cae delante de la ventana.<\/p>\n<p>3:Recuperaci\u00f3n de la tabla de kitesurf cuando nos caemos al practicar el water-start, posicionaremos el kite a 45 grados para un mayor rango de ce\u00f1ida, posicionaremos el cuerpo en horizontal, con una mano extentida nos har\u00e1 de tim\u00f3n y coger un rumbo, con la otra mano cogeremos la barra de la parte del medio y tiraremos de ella para poder coger fuerza y arrastre para ir a buscar la tabla.<\/p>\n<p>Importante: Hacer ce\u00f1idas largas en zig-zag para ganar bastante al viento, por ejemplo si la tabla nos cae a 30 metros a barlovento nuestro, por encima nuestro, hacer una ce\u00f1ida del doble aproximadamente o m\u00e1s, siempre vigilando y no perder la posici\u00f3n y rumbo de nuestra tabla.<\/p>\n<p>4:Cuando ya tenemos estos ejercicios con total seguridad, empezamos a buscar potencia con el kite en forma de ochos, de las 12 hacia los lados de la ventana direccionando la barra totalmente en vertical para un mayor giro en la cometa y coger potencia suficiente para poder arrastrarnos por el agua, estos ejercicios sirven para poder cojer potencia cuando nos ponemos la tabla y poder empezar a practicar la salida el water-start, que explicamos al 3 Nivel.<\/p>\n<p>Importante:Si el viento es de mayor intensidad, los movimientos del kite en forma de ochos para buscar potencia ser\u00e1n m\u00e1s suaves y no bajaremos la cometa tanto hacia los lados de la ventana.<\/p>\n<p>5:Activar sistema de seguridad de nuestro kite:<\/p>\n<p>1: Cuando nos quedamos alejados o nos hemos quedado sin viento o el viento nos ha cambiado de sentido activaremos el sistema de seguridad que tenemos al chiken-loop,activamos la seguridad del kite, pierde pot\u00e9ncia y nos quedamos con la l\u00ednea de pot\u00e9ncia que vamos cojidos por el leash, damos 4 o 5 vueltas a la l\u00ednea que va cojida por el leash y la seguramos a la barra.Cuando ya tenemos esta l\u00ednea asegurada ya podemos empezar a recojer las otras l\u00edneas, sin\u00f3 aseguramos primero la l\u00ednea del leash a la barra independientemente de la otras el kite podria colocarse con las l\u00edneas en tensi\u00f3n y no podr\u00edamos recoger el kite con seguridad.<\/p>\n<p>Vamos nadando hacia el kite y antes de llegar ya tenemos las l\u00edneas recojidas a la barra y aseguradas, nos soltamos de la barra y nos cojemos al kite, si la direcci\u00f3n del viento es favorable intentamos invertir el kite con el borde de ataque hacia arriba y nos intentamos posicionar encima del centro del kite, una vez encima cojemos los v\u00e9rtices de una de las puntas del kite, esto nos puede servir de velero para poder arrastrarnos hacia un rumbo hacia la orilla.<\/p>\n<p>Sin\u00f3 tenemos viento suficiente para poder desplazarnos con el kite permaneceremos cojidos al kite y intentaremos salir nadando.<\/p>\n<p>Importante: El kite es nuestro salvavidas al ser visible y mantenerse encima del agua, si la direcci\u00f3n es totalmente de tierra a mar sin disponer de embarcaci\u00f3n de rescate, la mejor opci\u00f3n es activar sistema de seguridad y activar el leash de nuestro cintur\u00f3n y abandonar nuestro equipo y salir nadando con nuestra tabla<\/p>\n<p>La organizaci\u00f3n, se reserva el derecho de modificar el horario y ubicaci\u00f3n de la actividad si por motivos de organizaci\u00f3n lo estima conveniente, sin implicar ninguna reducci\u00f3n o abono del importe de la actividad, as\u00ed como de anular la actividad , si por motivos de meteorolog\u00eda o seguridad o cree conveniente.<\/p>\n","protected":false},"excerpt":{"rendered":"<p>Kitesurf NIVEL 2 BODY-DRAG: Curso de ejercicios espec\u00edficos dentro del agua, los grupos ser\u00e1n de 2 a 3 personas, es aconsejable grupo de 2 personas para una mayor rapidez en el aprendizaje y evoluci\u00f3n para poder avanzar.Durant el curso seguimos la metodolog\u00eda de la ense\u00f1anza de la FCDV y IKO. Curso de kitesurf Nivel 2 [&hellip;]<\/p>\n","protected":false},"featured_media":1496,"template":"","meta":[],"product_brand":[],"product_cat":[153],"product_tag":[],"class_list":{"0":"post-1806","1":"product","2":"type-product","3":"status-publish","4":"has-post-thumbnail","6":"product_cat-deportes-de-aventura","7":"pa_adicional-minimo-2-personas-y-precio-por-persona","8":"pa_duracio-3-horas","10":"first","11":"instock","12":"shipping-taxable","13":"purchasable","14":"product-type-simple"},"yoast_head":"<!-- This site is optimized with the Yoast SEO plugin v27.1.1 - https:\/\/yoast.com\/product\/yoast-seo-wordpress\/ -->\n<title>Curso Kitesurf nivel 2 - Turismo, excursiones y deportes de aventura en ell delta del Ebro<\/title>\n<meta name=\"robots\" content=\"index, follow, max-snippet:-1, max-image-preview:large, max-video-preview:-1\" \/>\n<link rel=\"canonical\" href=\"https:\/\/deltaturistic.com\/es\/paquets-turistics\/curso-kitesurf-intermedio\/\" \/>\n<meta name=\"twitter:label1\" content=\"Tiempo de lectura\" \/>\n\t<meta name=\"twitter:data1\" content=\"4 minutos\" \/>\n<script type=\"application\/ld+json\" class=\"yoast-schema-graph\">{\"@context\":\"https:\/\/schema.org\",\"@graph\":[{\"@type\":\"WebPage\",\"@id\":\"https:\/\/deltaturistic.com\/es\/paquets-turistics\/curso-kitesurf-intermedio\/\",\"url\":\"https:\/\/deltaturistic.com\/es\/paquets-turistics\/curso-kitesurf-intermedio\/\",\"name\":\"Curso Kitesurf nivel 2 - Turismo, excursiones y deportes de aventura en ell delta del Ebro\",\"isPartOf\":{\"@id\":\"https:\/\/deltaturistic.com\/es\/#website\"},\"primaryImageOfPage\":{\"@id\":\"https:\/\/deltaturistic.com\/es\/paquets-turistics\/curso-kitesurf-intermedio\/#primaryimage\"},\"image\":{\"@id\":\"https:\/\/deltaturistic.com\/es\/paquets-turistics\/curso-kitesurf-intermedio\/#primaryimage\"},\"thumbnailUrl\":\"https:\/\/deltaturistic.com\/wp-content\/uploads\/2014\/07\/kitesurf.jpg\",\"datePublished\":\"2014-07-24T08:59:35+00:00\",\"dateModified\":\"2020-08-21T23:57:44+00:00\",\"breadcrumb\":{\"@id\":\"https:\/\/deltaturistic.com\/es\/paquets-turistics\/curso-kitesurf-intermedio\/#breadcrumb\"},\"inLanguage\":\"es\",\"potentialAction\":[{\"@type\":\"ReadAction\",\"target\":[\"https:\/\/deltaturistic.com\/es\/paquets-turistics\/curso-kitesurf-intermedio\/\"]}]},{\"@type\":\"ImageObject\",\"inLanguage\":\"es\",\"@id\":\"https:\/\/deltaturistic.com\/es\/paquets-turistics\/curso-kitesurf-intermedio\/#primaryimage\",\"url\":\"https:\/\/deltaturistic.com\/wp-content\/uploads\/2014\/07\/kitesurf.jpg\",\"contentUrl\":\"https:\/\/deltaturistic.com\/wp-content\/uploads\/2014\/07\/kitesurf.jpg\",\"width\":550,\"height\":366},{\"@type\":\"BreadcrumbList\",\"@id\":\"https:\/\/deltaturistic.com\/es\/paquets-turistics\/curso-kitesurf-intermedio\/#breadcrumb\",\"itemListElement\":[{\"@type\":\"ListItem\",\"position\":1,\"name\":\"Inici\",\"item\":\"https:\/\/deltaturistic.com\/es\/\"},{\"@type\":\"ListItem\",\"position\":2,\"name\":\"Productes tur\u00edstics\",\"item\":\"https:\/\/deltaturistic.com\/paquets-turistics\/\"},{\"@type\":\"ListItem\",\"position\":3,\"name\":\"Curso Kitesurf nivel 2\"}]},{\"@type\":\"WebSite\",\"@id\":\"https:\/\/deltaturistic.com\/es\/#website\",\"url\":\"https:\/\/deltaturistic.com\/es\/\",\"name\":\"Turismo, excursiones y deportes de aventura en ell delta del Ebro\",\"description\":\"Turismo, excursiones y deportes de aventura en el delta del Ebro. Agencia de Viages Deltaturistic\",\"potentialAction\":[{\"@type\":\"SearchAction\",\"target\":{\"@type\":\"EntryPoint\",\"urlTemplate\":\"https:\/\/deltaturistic.com\/es\/?s={search_term_string}\"},\"query-input\":{\"@type\":\"PropertyValueSpecification\",\"valueRequired\":true,\"valueName\":\"search_term_string\"}}],\"inLanguage\":\"es\"}]}<\/script>\n<!-- \/ Yoast SEO plugin. -->","yoast_head_json":{"title":"Curso Kitesurf nivel 2 - Turismo, excursiones y deportes de aventura en ell delta del Ebro","robots":{"index":"index","follow":"follow","max-snippet":"max-snippet:-1","max-image-preview":"max-image-preview:large","max-video-preview":"max-video-preview:-1"},"canonical":"https:\/\/deltaturistic.com\/es\/paquets-turistics\/curso-kitesurf-intermedio\/","twitter_misc":{"Tiempo de lectura":"4 minutos"},"schema":{"@context":"https:\/\/schema.org","@graph":[{"@type":"WebPage","@id":"https:\/\/deltaturistic.com\/es\/paquets-turistics\/curso-kitesurf-intermedio\/","url":"https:\/\/deltaturistic.com\/es\/paquets-turistics\/curso-kitesurf-intermedio\/","name":"Curso Kitesurf nivel 2 - Turismo, excursiones y deportes de aventura en ell delta del Ebro","isPartOf":{"@id":"https:\/\/deltaturistic.com\/es\/#website"},"primaryImageOfPage":{"@id":"https:\/\/deltaturistic.com\/es\/paquets-turistics\/curso-kitesurf-intermedio\/#primaryimage"},"image":{"@id":"https:\/\/deltaturistic.com\/es\/paquets-turistics\/curso-kitesurf-intermedio\/#primaryimage"},"thumbnailUrl":"https:\/\/deltaturistic.com\/wp-content\/uploads\/2014\/07\/kitesurf.jpg","datePublished":"2014-07-24T08:59:35+00:00","dateModified":"2020-08-21T23:57:44+00:00","breadcrumb":{"@id":"https:\/\/deltaturistic.com\/es\/paquets-turistics\/curso-kitesurf-intermedio\/#breadcrumb"},"inLanguage":"es","potentialAction":[{"@type":"ReadAction","target":["https:\/\/deltaturistic.com\/es\/paquets-turistics\/curso-kitesurf-intermedio\/"]}]},{"@type":"ImageObject","inLanguage":"es","@id":"https:\/\/deltaturistic.com\/es\/paquets-turistics\/curso-kitesurf-intermedio\/#primaryimage","url":"https:\/\/deltaturistic.com\/wp-content\/uploads\/2014\/07\/kitesurf.jpg","contentUrl":"https:\/\/deltaturistic.com\/wp-content\/uploads\/2014\/07\/kitesurf.jpg","width":550,"height":366},{"@type":"BreadcrumbList","@id":"https:\/\/deltaturistic.com\/es\/paquets-turistics\/curso-kitesurf-intermedio\/#breadcrumb","itemListElement":[{"@type":"ListItem","position":1,"name":"Inici","item":"https:\/\/deltaturistic.com\/es\/"},{"@type":"ListItem","position":2,"name":"Productes tur\u00edstics","item":"https:\/\/deltaturistic.com\/paquets-turistics\/"},{"@type":"ListItem","position":3,"name":"Curso Kitesurf nivel 2"}]},{"@type":"WebSite","@id":"https:\/\/deltaturistic.com\/es\/#website","url":"https:\/\/deltaturistic.com\/es\/","name":"Turismo, excursiones y deportes de aventura en ell delta del Ebro","description":"Turismo, excursiones y deportes de aventura en el delta del Ebro. Agencia de Viages Deltaturistic","potentialAction":[{"@type":"SearchAction","target":{"@type":"EntryPoint","urlTemplate":"https:\/\/deltaturistic.com\/es\/?s={search_term_string}"},"query-input":{"@type":"PropertyValueSpecification","valueRequired":true,"valueName":"search_term_string"}}],"inLanguage":"es"}]}},"_links":{"self":[{"href":"https:\/\/deltaturistic.com\/es\/wp-json\/wp\/v2\/product\/1806","targetHints":{"allow":["GET"]}}],"collection":[{"href":"https:\/\/deltaturistic.com\/es\/wp-json\/wp\/v2\/product"}],"about":[{"href":"https:\/\/deltaturistic.com\/es\/wp-json\/wp\/v2\/types\/product"}],"wp:featuredmedia":[{"embeddable":true,"href":"https:\/\/deltaturistic.com\/es\/wp-json\/wp\/v2\/media\/1496"}],"wp:attachment":[{"href":"https:\/\/deltaturistic.com\/es\/wp-json\/wp\/v2\/media?parent=1806"}],"wp:term":[{"taxonomy":"product_brand","embeddable":true,"href":"https:\/\/deltaturistic.com\/es\/wp-json\/wp\/v2\/product_brand?post=1806"},{"taxonomy":"product_cat","embeddable":true,"href":"https:\/\/deltaturistic.com\/es\/wp-json\/wp\/v2\/product_cat?post=1806"},{"taxonomy":"product_tag","embeddable":true,"href":"https:\/\/deltaturistic.com\/es\/wp-json\/wp\/v2\/product_tag?post=1806"}],"curies":[{"name":"wp","href":"https:\/\/api.w.org\/{rel}","templated":true}]}}