{"id":1809,"date":"2014-07-24T10:02:11","date_gmt":"2014-07-24T09:02:11","guid":{"rendered":"http:\/\/www.deltaturistic.com\/paquets-turistics\/curso-kitesurf-avazado\/"},"modified":"2019-09-10T09:34:36","modified_gmt":"2019-09-10T08:34:36","slug":"curso-kitesurf-avazado","status":"publish","type":"product","link":"https:\/\/deltaturistic.com\/es\/paquets-turistics\/curso-kitesurf-avazado\/","title":{"rendered":"Curso Kitesurf nivel 3"},"content":{"rendered":"<p>Curso de ejercicios espec\u00edficos dentro del agua, los grupos ser\u00e1n de 2, es aconsejable grupo de 2 personas para una mayor rapidez en el aprendizaje y evoluci\u00f3n para poder avan\u00e7ar.Durant el curso seguimos la metodolog\u00eda de la ense\u00f1anza de la FCDV y IKO que explicamos a continuaci\u00f3n.<\/p>\n<p>\u00a0<\/p>\n<p><strong>Curso Kitesurf NIVEL 3 Water-Start<\/strong><\/p>\n<p>1: Posicionamos el kite a las 12 en punto, controlando el kite con una mano, importante colocar la mano en el centro para no perder estabilidad y que el kite no se nos vaya para los lados, siempre tener un m\u00ednimo de tensi\u00f3n las l\u00edneas.<\/p>\n<p>2:Cogemos la parte de la asa de la tabla y nos la colocamos a los pies con las piernas totalmente flexionadas.<\/p>\n<p>Importante flexionar piernas, el cuerpo tiene mayor estabilidad y no pierde el rumbo hacia donde queremos salir, uno de los principales fallos en el water-start son el estiramiento de las piernas antes de la salida, esto provoca que nuestro cuerpo pierda la posici\u00f3n y provoca 2 fallos:<\/p>\n<p>Si el cuerpo gira hacia el lado contrario de nuestro rumbo saldra nuestro cuerpo primero antes que la tabla.<\/p>\n<p>Si nuestro cuerpo gira hacia al lado del rumbo que queremos salir, saldremos demasiado en ce\u00f1ida y provocar\u00e1 demasiada presi\u00f3n con la tabla para salir,<\/p>\n<p>3: Posicionamos nuestro cuerpo siempre de espalda al viento, girando un poco la mirada y el cuerpo hacia al lado que queremos salir, las piernas totalmente flexionadas a nuestro cuerpo.<\/p>\n<p>4:Cuando notamos que nuestro cuerpo se levanta del agua, la pierna de detr\u00e1s siempre un poco flexionada y la pierna de delante completamente estirada.<\/p>\n<p>5:Para buscar potencia con el kite para un rumbo hacia la izquierda, realizamos el movimiento del kite en forma de ochos, importante buscar la potencia seg\u00fan la intensidad del viento, menos viento mayor radio de potencia tendremos que coger, m\u00e1s viento el radio es menor.<\/p>\n<p>Con vientos suaves de 12 a 16 nudos, dependiendo tambi\u00e9n del peso del alumno o de la medida del kite que utilizaremos durante el curso, realizamos los ochos de la 1 a las 9 en el sentido contario del reloj para salir en rumbo a babor ( izquierda ).Importante tirarnos al largo en direcci\u00f3n del viento cuando notamos la potencia para poder deslizar con mayor facilidad. Nos ayudamos a levantar de la tabla cuando notamos la presi\u00f3n del kite y nos ayudamos tirando un poco de la barra posicionando el cuerpo hacia delante.<\/p>\n<p>Con vientos de 18 a 25 nudos, dependiendo tambi\u00e9n del peso del alumno o de la medida del kite que utilizaremos durante el curso, realizamos los ochos de la 1 a las 11 en el sentido contario del reloj para salir un rumbo a babor ( izquierda ), realizamos la salida flexionando bastante la pierna de detr\u00e0s y estirando la pierna de delante y la tabla en posici\u00f3n de ce\u00f1ida.<\/p>\n<p>Importante cuando el viento esta m\u00e1s fuerte controlar la potencia del kite y tirar el cuerpo hacia atr\u00e1s para no provocar que nuestro cuerpo salga primero por delante.<\/p>\n<p>6: Cuando tenemos un rumbo ya posicionados encima de la tabla, posicionamos el kite a 45\u00ba para una mayor ce\u00f1ida y direcci\u00f3n de nuestro rumbo y empezamos a navegar.<\/p>\n<p>7:Activar sistema de seguridad de nuestro kite:<\/p>\n<p>Cuando nos quedamos alejados o nos hemos quedado sin viento o el viento nos ha cambiado de sentido activaremos el sistema de seguridad que tenemos al chiken-loop,activamos la seguridad del kite, pierde potencia y nos quedamos con la l\u00ednea de pot\u00e9ncia que vamos cogidos por el leash, damos 4 o 5 vueltas a la l\u00ednea que va cogida por el leash y la seguramos a la barra.Cuando ya tenemos esta l\u00ednea asegurada ya podemos empezar a recojer las otras l\u00edneas, sin\u00f3 aseguramos primero la l\u00ednea del leash a la barra independientemente de la otras el kite podria colocarse con las l\u00edneas en tensi\u00f3n y no podriamos recoger el kite con seguridad.<\/p>\n<p>Vamos nadando hacia el kite y antes de llegar ya tenemos las l\u00edneas recogidas a la barra y aseguradas, nos soltamos de la barra y nos cogemos al kite, si la direcci\u00f3n del viento es favorable intentamos invertir el kite con el borde de ataque hacia arriba y nos intentamos posicionar encima del centro del kite, una vez encima cogemos los v\u00e9rtices de una de las puntas del kite, esto nos puede servir de velero para poder arrastrarnos hacia un rumbo hacia la orilla.<\/p>\n<p>Sin\u00f3 tenemos viento suficiente para poder desplazarnos con el kite permaneceremos cogidos al kite y intentaremos salir nadando.<\/p>\n<p>Importante: El kite es nuestro salvavidas al ser visible y mantenerse encima del agua, si la direcci\u00f3n es totalmente de tierra a mar sin disponer de embarcaci\u00f3n de rescate, la mejor opci\u00f3n es activar sistema de seguridad y activar el leash de nuestro cintur\u00f3n y abandonar nuestro equipo y salir nadando con nuestra tabla.<\/p>\n<p>La organizaci\u00f3n, se reserva el derecho de modificar el horario y ubicaci\u00f3n de la actividad si por motivos de organizaci\u00f3n lo estima conveniente, sin implicar ninguna reducci\u00f3n o abono del importe de la actividad, as\u00ed como de anular la actividad , si por motivos de meteorolog\u00eda o seguridad o cree conveniente.<\/p>\n","protected":false},"excerpt":{"rendered":"<p>Curso de ejercicios espec\u00edficos dentro del agua, los grupos ser\u00e1n de 2, es aconsejable grupo de 2 personas para una mayor rapidez en el aprendizaje y evoluci\u00f3n para poder avan\u00e7ar.Durant el curso seguimos la metodolog\u00eda de la ense\u00f1anza de la FCDV y IKO que explicamos a continuaci\u00f3n. \u00a0 Curso Kitesurf NIVEL 3 Water-Start 1: Posicionamos [&hellip;]<\/p>\n","protected":false},"featured_media":1496,"template":"","meta":[],"product_brand":[],"product_cat":[153],"product_tag":[],"class_list":{"0":"post-1809","1":"product","2":"type-product","3":"status-publish","4":"has-post-thumbnail","6":"product_cat-deportes-de-aventura","7":"pa_adicional-minimo-2-personas-y-precio-por-persona","8":"pa_duracio-3-horas","10":"first","11":"instock","12":"shipping-taxable","13":"purchasable","14":"product-type-simple"},"yoast_head":"<!-- This site is optimized with the Yoast SEO plugin v27.1.1 - https:\/\/yoast.com\/product\/yoast-seo-wordpress\/ -->\n<title>Curso Kitesurf nivel 3  - Turismo, excursiones y deportes de aventura en ell delta del Ebro<\/title>\n<meta name=\"robots\" content=\"index, follow, max-snippet:-1, max-image-preview:large, max-video-preview:-1\" \/>\n<link rel=\"canonical\" href=\"https:\/\/deltaturistic.com\/es\/paquets-turistics\/curso-kitesurf-avazado\/\" \/>\n<meta name=\"twitter:label1\" content=\"Tiempo de lectura\" \/>\n\t<meta name=\"twitter:data1\" content=\"4 minutos\" \/>\n<script type=\"application\/ld+json\" class=\"yoast-schema-graph\">{\"@context\":\"https:\/\/schema.org\",\"@graph\":[{\"@type\":\"WebPage\",\"@id\":\"https:\/\/deltaturistic.com\/es\/paquets-turistics\/curso-kitesurf-avazado\/\",\"url\":\"https:\/\/deltaturistic.com\/es\/paquets-turistics\/curso-kitesurf-avazado\/\",\"name\":\"Curso Kitesurf nivel 3 - Turismo, excursiones y deportes de aventura en ell delta del Ebro\",\"isPartOf\":{\"@id\":\"https:\/\/deltaturistic.com\/es\/#website\"},\"primaryImageOfPage\":{\"@id\":\"https:\/\/deltaturistic.com\/es\/paquets-turistics\/curso-kitesurf-avazado\/#primaryimage\"},\"image\":{\"@id\":\"https:\/\/deltaturistic.com\/es\/paquets-turistics\/curso-kitesurf-avazado\/#primaryimage\"},\"thumbnailUrl\":\"https:\/\/deltaturistic.com\/wp-content\/uploads\/2014\/07\/kitesurf.jpg\",\"datePublished\":\"2014-07-24T09:02:11+00:00\",\"dateModified\":\"2019-09-10T08:34:36+00:00\",\"breadcrumb\":{\"@id\":\"https:\/\/deltaturistic.com\/es\/paquets-turistics\/curso-kitesurf-avazado\/#breadcrumb\"},\"inLanguage\":\"es\",\"potentialAction\":[{\"@type\":\"ReadAction\",\"target\":[\"https:\/\/deltaturistic.com\/es\/paquets-turistics\/curso-kitesurf-avazado\/\"]}]},{\"@type\":\"ImageObject\",\"inLanguage\":\"es\",\"@id\":\"https:\/\/deltaturistic.com\/es\/paquets-turistics\/curso-kitesurf-avazado\/#primaryimage\",\"url\":\"https:\/\/deltaturistic.com\/wp-content\/uploads\/2014\/07\/kitesurf.jpg\",\"contentUrl\":\"https:\/\/deltaturistic.com\/wp-content\/uploads\/2014\/07\/kitesurf.jpg\",\"width\":550,\"height\":366},{\"@type\":\"BreadcrumbList\",\"@id\":\"https:\/\/deltaturistic.com\/es\/paquets-turistics\/curso-kitesurf-avazado\/#breadcrumb\",\"itemListElement\":[{\"@type\":\"ListItem\",\"position\":1,\"name\":\"Inici\",\"item\":\"https:\/\/deltaturistic.com\/es\/\"},{\"@type\":\"ListItem\",\"position\":2,\"name\":\"Productes tur\u00edstics\",\"item\":\"https:\/\/deltaturistic.com\/paquets-turistics\/\"},{\"@type\":\"ListItem\",\"position\":3,\"name\":\"Curso Kitesurf nivel 3\"}]},{\"@type\":\"WebSite\",\"@id\":\"https:\/\/deltaturistic.com\/es\/#website\",\"url\":\"https:\/\/deltaturistic.com\/es\/\",\"name\":\"Turismo, excursiones y deportes de aventura en ell delta del Ebro\",\"description\":\"Turismo, excursiones y deportes de aventura en el delta del Ebro. Agencia de Viages Deltaturistic\",\"potentialAction\":[{\"@type\":\"SearchAction\",\"target\":{\"@type\":\"EntryPoint\",\"urlTemplate\":\"https:\/\/deltaturistic.com\/es\/?s={search_term_string}\"},\"query-input\":{\"@type\":\"PropertyValueSpecification\",\"valueRequired\":true,\"valueName\":\"search_term_string\"}}],\"inLanguage\":\"es\"}]}<\/script>\n<!-- \/ Yoast SEO plugin. -->","yoast_head_json":{"title":"Curso Kitesurf nivel 3  - Turismo, excursiones y deportes de aventura en ell delta del Ebro","robots":{"index":"index","follow":"follow","max-snippet":"max-snippet:-1","max-image-preview":"max-image-preview:large","max-video-preview":"max-video-preview:-1"},"canonical":"https:\/\/deltaturistic.com\/es\/paquets-turistics\/curso-kitesurf-avazado\/","twitter_misc":{"Tiempo de lectura":"4 minutos"},"schema":{"@context":"https:\/\/schema.org","@graph":[{"@type":"WebPage","@id":"https:\/\/deltaturistic.com\/es\/paquets-turistics\/curso-kitesurf-avazado\/","url":"https:\/\/deltaturistic.com\/es\/paquets-turistics\/curso-kitesurf-avazado\/","name":"Curso Kitesurf nivel 3 - Turismo, excursiones y deportes de aventura en ell delta del Ebro","isPartOf":{"@id":"https:\/\/deltaturistic.com\/es\/#website"},"primaryImageOfPage":{"@id":"https:\/\/deltaturistic.com\/es\/paquets-turistics\/curso-kitesurf-avazado\/#primaryimage"},"image":{"@id":"https:\/\/deltaturistic.com\/es\/paquets-turistics\/curso-kitesurf-avazado\/#primaryimage"},"thumbnailUrl":"https:\/\/deltaturistic.com\/wp-content\/uploads\/2014\/07\/kitesurf.jpg","datePublished":"2014-07-24T09:02:11+00:00","dateModified":"2019-09-10T08:34:36+00:00","breadcrumb":{"@id":"https:\/\/deltaturistic.com\/es\/paquets-turistics\/curso-kitesurf-avazado\/#breadcrumb"},"inLanguage":"es","potentialAction":[{"@type":"ReadAction","target":["https:\/\/deltaturistic.com\/es\/paquets-turistics\/curso-kitesurf-avazado\/"]}]},{"@type":"ImageObject","inLanguage":"es","@id":"https:\/\/deltaturistic.com\/es\/paquets-turistics\/curso-kitesurf-avazado\/#primaryimage","url":"https:\/\/deltaturistic.com\/wp-content\/uploads\/2014\/07\/kitesurf.jpg","contentUrl":"https:\/\/deltaturistic.com\/wp-content\/uploads\/2014\/07\/kitesurf.jpg","width":550,"height":366},{"@type":"BreadcrumbList","@id":"https:\/\/deltaturistic.com\/es\/paquets-turistics\/curso-kitesurf-avazado\/#breadcrumb","itemListElement":[{"@type":"ListItem","position":1,"name":"Inici","item":"https:\/\/deltaturistic.com\/es\/"},{"@type":"ListItem","position":2,"name":"Productes tur\u00edstics","item":"https:\/\/deltaturistic.com\/paquets-turistics\/"},{"@type":"ListItem","position":3,"name":"Curso Kitesurf nivel 3"}]},{"@type":"WebSite","@id":"https:\/\/deltaturistic.com\/es\/#website","url":"https:\/\/deltaturistic.com\/es\/","name":"Turismo, excursiones y deportes de aventura en ell delta del Ebro","description":"Turismo, excursiones y deportes de aventura en el delta del Ebro. Agencia de Viages Deltaturistic","potentialAction":[{"@type":"SearchAction","target":{"@type":"EntryPoint","urlTemplate":"https:\/\/deltaturistic.com\/es\/?s={search_term_string}"},"query-input":{"@type":"PropertyValueSpecification","valueRequired":true,"valueName":"search_term_string"}}],"inLanguage":"es"}]}},"_links":{"self":[{"href":"https:\/\/deltaturistic.com\/es\/wp-json\/wp\/v2\/product\/1809","targetHints":{"allow":["GET"]}}],"collection":[{"href":"https:\/\/deltaturistic.com\/es\/wp-json\/wp\/v2\/product"}],"about":[{"href":"https:\/\/deltaturistic.com\/es\/wp-json\/wp\/v2\/types\/product"}],"wp:featuredmedia":[{"embeddable":true,"href":"https:\/\/deltaturistic.com\/es\/wp-json\/wp\/v2\/media\/1496"}],"wp:attachment":[{"href":"https:\/\/deltaturistic.com\/es\/wp-json\/wp\/v2\/media?parent=1809"}],"wp:term":[{"taxonomy":"product_brand","embeddable":true,"href":"https:\/\/deltaturistic.com\/es\/wp-json\/wp\/v2\/product_brand?post=1809"},{"taxonomy":"product_cat","embeddable":true,"href":"https:\/\/deltaturistic.com\/es\/wp-json\/wp\/v2\/product_cat?post=1809"},{"taxonomy":"product_tag","embeddable":true,"href":"https:\/\/deltaturistic.com\/es\/wp-json\/wp\/v2\/product_tag?post=1809"}],"curies":[{"name":"wp","href":"https:\/\/api.w.org\/{rel}","templated":true}]}}