{"id":1822,"date":"2014-07-24T10:47:29","date_gmt":"2014-07-24T09:47:29","guid":{"rendered":"http:\/\/www.deltaturistic.com\/paquets-turistics\/curso-submarinismo-iniciacion-piscina-mar\/"},"modified":"2019-05-14T15:18:48","modified_gmt":"2019-05-14T14:18:48","slug":"curso-submarinismo-iniciacion-piscina-mar","status":"publish","type":"product","link":"https:\/\/deltaturistic.com\/es\/paquets-turistics\/curso-submarinismo-iniciacion-piscina-mar\/","title":{"rendered":"Curso submarinismo iniciaci\u00f3n piscina + mar"},"content":{"rendered":"<p>Iniciate en el mundo del submarinismo y descubre la tranquilidad y relax que te ofrece este apasionante deporte. Disfruta de una flora y fauna espectacular que solamente podr\u00e1s ver sumergi\u00e9ndote en el mar.<br \/>Iniciaci\u00f3n en diferentes ambientes i niveles<\/p>\n<p>Grupo m\u00ednimo 4 pax.<\/p>\n<p>Bautizo de submarinismo: Piscina+mar<\/p>\n<p><strong>El precio incluye:<\/strong><\/p>\n<ul>\n<li>Material necesario para realizar la actividad, seguro y monitores.<\/li>\n<li>Transporte gratuito desde el punto de reuni\u00f3n con los monitores hasta la actividad.<\/li>\n<\/ul>\n<p><strong>Aconsejamos:<\/strong><\/p>\n<ul>\n<li>Ba\u00f1ador y toalla.<\/li>\n<\/ul>\n<p>La organizaci\u00f3n, se reserva el derecho de modificar el horario y ubicaci\u00f3n de la actividad, siempre que lo considere necesario por motivos de organizaci\u00f3n, sin implicar reducci\u00f3n o abono del importe de la actividad, asimismo se reserva el derecho de anular la actividad, si por motivos de meteorolog\u00eda o seguridad lo cree conveniente. en cuyo caso se reembolsar\u00eda el importe exacto de la reserva.<\/p>\n","protected":false},"excerpt":{"rendered":"<p>Iniciate en el mundo del submarinismo y descubre la tranquilidad y relax que te ofrece este apasionante deporte. Disfruta de una flora y fauna espectacular que solamente podr\u00e1s ver sumergi\u00e9ndote en el mar.Iniciaci\u00f3n en diferentes ambientes i niveles Grupo m\u00ednimo 4 pax. Bautizo de submarinismo: Piscina+mar El precio incluye: Material necesario para realizar la actividad, [&hellip;]<\/p>\n","protected":false},"featured_media":1516,"template":"","meta":[],"product_brand":[],"product_cat":[522],"product_tag":[],"class_list":{"0":"post-1822","1":"product","2":"type-product","3":"status-publish","4":"has-post-thumbnail","6":"product_cat-submarinismo","7":"pa_duracio-5-horas","8":"pa_preu-25-e-pax-es","10":"first","11":"instock","12":"shipping-taxable","13":"purchasable","14":"product-type-simple"},"yoast_head":"<!-- This site is optimized with the Yoast SEO plugin v27.1.1 - https:\/\/yoast.com\/product\/yoast-seo-wordpress\/ -->\n<title>Curso submarinismo iniciaci\u00f3n piscina + mar - Turismo, excursiones y deportes de aventura en ell delta del Ebro<\/title>\n<meta name=\"robots\" content=\"index, follow, max-snippet:-1, max-image-preview:large, max-video-preview:-1\" \/>\n<link rel=\"canonical\" href=\"https:\/\/deltaturistic.com\/es\/paquets-turistics\/curso-submarinismo-iniciacion-piscina-mar\/\" \/>\n<meta name=\"twitter:label1\" content=\"Tiempo de lectura\" \/>\n\t<meta name=\"twitter:data1\" content=\"1 minuto\" \/>\n<script type=\"application\/ld+json\" class=\"yoast-schema-graph\">{\"@context\":\"https:\/\/schema.org\",\"@graph\":[{\"@type\":\"WebPage\",\"@id\":\"https:\/\/deltaturistic.com\/es\/paquets-turistics\/curso-submarinismo-iniciacion-piscina-mar\/\",\"url\":\"https:\/\/deltaturistic.com\/es\/paquets-turistics\/curso-submarinismo-iniciacion-piscina-mar\/\",\"name\":\"Curso submarinismo iniciaci\u00f3n piscina + mar - Turismo, excursiones y deportes de aventura en ell delta del Ebro\",\"isPartOf\":{\"@id\":\"https:\/\/deltaturistic.com\/es\/#website\"},\"primaryImageOfPage\":{\"@id\":\"https:\/\/deltaturistic.com\/es\/paquets-turistics\/curso-submarinismo-iniciacion-piscina-mar\/#primaryimage\"},\"image\":{\"@id\":\"https:\/\/deltaturistic.com\/es\/paquets-turistics\/curso-submarinismo-iniciacion-piscina-mar\/#primaryimage\"},\"thumbnailUrl\":\"https:\/\/deltaturistic.com\/wp-content\/uploads\/2014\/07\/1369733542571.jpg\",\"datePublished\":\"2014-07-24T09:47:29+00:00\",\"dateModified\":\"2019-05-14T14:18:48+00:00\",\"breadcrumb\":{\"@id\":\"https:\/\/deltaturistic.com\/es\/paquets-turistics\/curso-submarinismo-iniciacion-piscina-mar\/#breadcrumb\"},\"inLanguage\":\"es\",\"potentialAction\":[{\"@type\":\"ReadAction\",\"target\":[\"https:\/\/deltaturistic.com\/es\/paquets-turistics\/curso-submarinismo-iniciacion-piscina-mar\/\"]}]},{\"@type\":\"ImageObject\",\"inLanguage\":\"es\",\"@id\":\"https:\/\/deltaturistic.com\/es\/paquets-turistics\/curso-submarinismo-iniciacion-piscina-mar\/#primaryimage\",\"url\":\"https:\/\/deltaturistic.com\/wp-content\/uploads\/2014\/07\/1369733542571.jpg\",\"contentUrl\":\"https:\/\/deltaturistic.com\/wp-content\/uploads\/2014\/07\/1369733542571.jpg\",\"width\":320,\"height\":256},{\"@type\":\"BreadcrumbList\",\"@id\":\"https:\/\/deltaturistic.com\/es\/paquets-turistics\/curso-submarinismo-iniciacion-piscina-mar\/#breadcrumb\",\"itemListElement\":[{\"@type\":\"ListItem\",\"position\":1,\"name\":\"Inici\",\"item\":\"https:\/\/deltaturistic.com\/es\/\"},{\"@type\":\"ListItem\",\"position\":2,\"name\":\"Productes tur\u00edstics\",\"item\":\"https:\/\/deltaturistic.com\/paquets-turistics\/\"},{\"@type\":\"ListItem\",\"position\":3,\"name\":\"Curso submarinismo iniciaci\u00f3n piscina + mar\"}]},{\"@type\":\"WebSite\",\"@id\":\"https:\/\/deltaturistic.com\/es\/#website\",\"url\":\"https:\/\/deltaturistic.com\/es\/\",\"name\":\"Turismo, excursiones y deportes de aventura en ell delta del Ebro\",\"description\":\"Turismo, excursiones y deportes de aventura en el delta del Ebro. Agencia de Viages Deltaturistic\",\"potentialAction\":[{\"@type\":\"SearchAction\",\"target\":{\"@type\":\"EntryPoint\",\"urlTemplate\":\"https:\/\/deltaturistic.com\/es\/?s={search_term_string}\"},\"query-input\":{\"@type\":\"PropertyValueSpecification\",\"valueRequired\":true,\"valueName\":\"search_term_string\"}}],\"inLanguage\":\"es\"}]}<\/script>\n<!-- \/ Yoast SEO plugin. -->","yoast_head_json":{"title":"Curso submarinismo iniciaci\u00f3n piscina + mar - Turismo, excursiones y deportes de aventura en ell delta del Ebro","robots":{"index":"index","follow":"follow","max-snippet":"max-snippet:-1","max-image-preview":"max-image-preview:large","max-video-preview":"max-video-preview:-1"},"canonical":"https:\/\/deltaturistic.com\/es\/paquets-turistics\/curso-submarinismo-iniciacion-piscina-mar\/","twitter_misc":{"Tiempo de lectura":"1 minuto"},"schema":{"@context":"https:\/\/schema.org","@graph":[{"@type":"WebPage","@id":"https:\/\/deltaturistic.com\/es\/paquets-turistics\/curso-submarinismo-iniciacion-piscina-mar\/","url":"https:\/\/deltaturistic.com\/es\/paquets-turistics\/curso-submarinismo-iniciacion-piscina-mar\/","name":"Curso submarinismo iniciaci\u00f3n piscina + mar - Turismo, excursiones y deportes de aventura en ell delta del Ebro","isPartOf":{"@id":"https:\/\/deltaturistic.com\/es\/#website"},"primaryImageOfPage":{"@id":"https:\/\/deltaturistic.com\/es\/paquets-turistics\/curso-submarinismo-iniciacion-piscina-mar\/#primaryimage"},"image":{"@id":"https:\/\/deltaturistic.com\/es\/paquets-turistics\/curso-submarinismo-iniciacion-piscina-mar\/#primaryimage"},"thumbnailUrl":"https:\/\/deltaturistic.com\/wp-content\/uploads\/2014\/07\/1369733542571.jpg","datePublished":"2014-07-24T09:47:29+00:00","dateModified":"2019-05-14T14:18:48+00:00","breadcrumb":{"@id":"https:\/\/deltaturistic.com\/es\/paquets-turistics\/curso-submarinismo-iniciacion-piscina-mar\/#breadcrumb"},"inLanguage":"es","potentialAction":[{"@type":"ReadAction","target":["https:\/\/deltaturistic.com\/es\/paquets-turistics\/curso-submarinismo-iniciacion-piscina-mar\/"]}]},{"@type":"ImageObject","inLanguage":"es","@id":"https:\/\/deltaturistic.com\/es\/paquets-turistics\/curso-submarinismo-iniciacion-piscina-mar\/#primaryimage","url":"https:\/\/deltaturistic.com\/wp-content\/uploads\/2014\/07\/1369733542571.jpg","contentUrl":"https:\/\/deltaturistic.com\/wp-content\/uploads\/2014\/07\/1369733542571.jpg","width":320,"height":256},{"@type":"BreadcrumbList","@id":"https:\/\/deltaturistic.com\/es\/paquets-turistics\/curso-submarinismo-iniciacion-piscina-mar\/#breadcrumb","itemListElement":[{"@type":"ListItem","position":1,"name":"Inici","item":"https:\/\/deltaturistic.com\/es\/"},{"@type":"ListItem","position":2,"name":"Productes tur\u00edstics","item":"https:\/\/deltaturistic.com\/paquets-turistics\/"},{"@type":"ListItem","position":3,"name":"Curso submarinismo iniciaci\u00f3n piscina + mar"}]},{"@type":"WebSite","@id":"https:\/\/deltaturistic.com\/es\/#website","url":"https:\/\/deltaturistic.com\/es\/","name":"Turismo, excursiones y deportes de aventura en ell delta del Ebro","description":"Turismo, excursiones y deportes de aventura en el delta del Ebro. Agencia de Viages Deltaturistic","potentialAction":[{"@type":"SearchAction","target":{"@type":"EntryPoint","urlTemplate":"https:\/\/deltaturistic.com\/es\/?s={search_term_string}"},"query-input":{"@type":"PropertyValueSpecification","valueRequired":true,"valueName":"search_term_string"}}],"inLanguage":"es"}]}},"_links":{"self":[{"href":"https:\/\/deltaturistic.com\/es\/wp-json\/wp\/v2\/product\/1822","targetHints":{"allow":["GET"]}}],"collection":[{"href":"https:\/\/deltaturistic.com\/es\/wp-json\/wp\/v2\/product"}],"about":[{"href":"https:\/\/deltaturistic.com\/es\/wp-json\/wp\/v2\/types\/product"}],"wp:featuredmedia":[{"embeddable":true,"href":"https:\/\/deltaturistic.com\/es\/wp-json\/wp\/v2\/media\/1516"}],"wp:attachment":[{"href":"https:\/\/deltaturistic.com\/es\/wp-json\/wp\/v2\/media?parent=1822"}],"wp:term":[{"taxonomy":"product_brand","embeddable":true,"href":"https:\/\/deltaturistic.com\/es\/wp-json\/wp\/v2\/product_brand?post=1822"},{"taxonomy":"product_cat","embeddable":true,"href":"https:\/\/deltaturistic.com\/es\/wp-json\/wp\/v2\/product_cat?post=1822"},{"taxonomy":"product_tag","embeddable":true,"href":"https:\/\/deltaturistic.com\/es\/wp-json\/wp\/v2\/product_tag?post=1822"}],"curies":[{"name":"wp","href":"https:\/\/api.w.org\/{rel}","templated":true}]}}