{"id":1832,"date":"2014-07-24T11:41:07","date_gmt":"2014-07-24T10:41:07","guid":{"rendered":"http:\/\/www.deltaturistic.com\/paquets-turistics\/escalada-en-montana\/"},"modified":"2014-07-24T11:41:07","modified_gmt":"2014-07-24T10:41:07","slug":"escalada-en-montana","status":"publish","type":"product","link":"https:\/\/deltaturistic.com\/es\/paquets-turistics\/escalada-en-montana\/","title":{"rendered":"Escalada en monta\u00f1a"},"content":{"rendered":"<p>Actividad que se realiza al aire libre, y consiste en subir paredes \u00abverticales\u00bb para despu\u00e9s volverlas a bajar haciendo rapel.<br \/> Es una actividad de nivel bajo, apta para todas las edades, adaptando la actividad al nivel del grupo.<\/p>\n<p><strong>El precio incluye:<\/strong><\/p>\n<ul>\n<li>Material necesario para la actividad, seguro y monitores.<\/li>\n<li>Transporte gratuito desde el punto de encuentro con los monitores hasta la actividad.<\/li>\n<\/ul>\n<p><strong>Aconsejamos:<\/strong><\/p>\n<ul>\n<li>Crema solar, ropa deportiva, toalla, calzado deportivo y ropa y calzado de recambio.<\/li>\n<\/ul>\n<p><strong>Importante:<\/strong><\/p>\n<ul>\n<li>Grupo Minimo 4 Pax.<\/li>\n<\/ul>\n<p>La organizaci\u00f3n, se reserva el derecho de modificar el horario y ubicaci\u00f3n de la actividad, siempre que lo considere necesario por motivos de organizaci\u00f3n, sin implicar reducci\u00f3n o abono del importe de la actividad, asimismo se reserva el derecho de anular la actividad, si por motivos de meteorolog\u00eda o seguridad lo cree conveniente, en cuyo caso se reembolsar\u00eda el importe exacto de la reserva.<\/p>\n","protected":false},"excerpt":{"rendered":"<p>Actividad que se realiza al aire libre, y consiste en subir paredes \u00abverticales\u00bb para despu\u00e9s volverlas a bajar haciendo rapel. Es una actividad de nivel bajo, apta para todas las edades, adaptando la actividad al nivel del grupo. El precio incluye: Material necesario para la actividad, seguro y monitores. Transporte gratuito desde el punto de [&hellip;]<\/p>\n","protected":false},"featured_media":1520,"template":"","meta":[],"product_brand":[],"product_cat":[153],"product_tag":[],"class_list":{"0":"post-1832","1":"product","2":"type-product","3":"status-publish","4":"has-post-thumbnail","6":"product_cat-deportes-de-aventura","7":"pa_duracio-12-dia-3-4-horas-incluyendo-desplazamiento-2","8":"pa_preu-adult-20-e-pax-es-2","9":"pa_preu-nen-15-e-pax-menores-de-18-anos","11":"first","12":"instock","13":"shipping-taxable","14":"purchasable","15":"product-type-simple"},"yoast_head":"<!-- This site is optimized with the Yoast SEO plugin v27.1.1 - https:\/\/yoast.com\/product\/yoast-seo-wordpress\/ -->\n<title>Escalada en monta\u00f1a - Turismo, excursiones y deportes de aventura en ell delta del Ebro<\/title>\n<meta name=\"robots\" content=\"index, follow, max-snippet:-1, max-image-preview:large, max-video-preview:-1\" \/>\n<link rel=\"canonical\" href=\"https:\/\/deltaturistic.com\/es\/paquets-turistics\/escalada-en-montana\/\" \/>\n<meta name=\"twitter:label1\" content=\"Tiempo de lectura\" \/>\n\t<meta name=\"twitter:data1\" content=\"1 minuto\" \/>\n<script type=\"application\/ld+json\" class=\"yoast-schema-graph\">{\"@context\":\"https:\/\/schema.org\",\"@graph\":[{\"@type\":\"WebPage\",\"@id\":\"https:\/\/deltaturistic.com\/es\/paquets-turistics\/escalada-en-montana\/\",\"url\":\"https:\/\/deltaturistic.com\/es\/paquets-turistics\/escalada-en-montana\/\",\"name\":\"Escalada en monta\u00f1a - Turismo, excursiones y deportes de aventura en ell delta del Ebro\",\"isPartOf\":{\"@id\":\"https:\/\/deltaturistic.com\/es\/#website\"},\"primaryImageOfPage\":{\"@id\":\"https:\/\/deltaturistic.com\/es\/paquets-turistics\/escalada-en-montana\/#primaryimage\"},\"image\":{\"@id\":\"https:\/\/deltaturistic.com\/es\/paquets-turistics\/escalada-en-montana\/#primaryimage\"},\"thumbnailUrl\":\"https:\/\/deltaturistic.com\/wp-content\/uploads\/2014\/07\/escalada.jpg\",\"datePublished\":\"2014-07-24T10:41:07+00:00\",\"breadcrumb\":{\"@id\":\"https:\/\/deltaturistic.com\/es\/paquets-turistics\/escalada-en-montana\/#breadcrumb\"},\"inLanguage\":\"es\",\"potentialAction\":[{\"@type\":\"ReadAction\",\"target\":[\"https:\/\/deltaturistic.com\/es\/paquets-turistics\/escalada-en-montana\/\"]}]},{\"@type\":\"ImageObject\",\"inLanguage\":\"es\",\"@id\":\"https:\/\/deltaturistic.com\/es\/paquets-turistics\/escalada-en-montana\/#primaryimage\",\"url\":\"https:\/\/deltaturistic.com\/wp-content\/uploads\/2014\/07\/escalada.jpg\",\"contentUrl\":\"https:\/\/deltaturistic.com\/wp-content\/uploads\/2014\/07\/escalada.jpg\",\"width\":780,\"height\":520},{\"@type\":\"BreadcrumbList\",\"@id\":\"https:\/\/deltaturistic.com\/es\/paquets-turistics\/escalada-en-montana\/#breadcrumb\",\"itemListElement\":[{\"@type\":\"ListItem\",\"position\":1,\"name\":\"Inici\",\"item\":\"https:\/\/deltaturistic.com\/es\/\"},{\"@type\":\"ListItem\",\"position\":2,\"name\":\"Productes tur\u00edstics\",\"item\":\"https:\/\/deltaturistic.com\/paquets-turistics\/\"},{\"@type\":\"ListItem\",\"position\":3,\"name\":\"Escalada en monta\u00f1a\"}]},{\"@type\":\"WebSite\",\"@id\":\"https:\/\/deltaturistic.com\/es\/#website\",\"url\":\"https:\/\/deltaturistic.com\/es\/\",\"name\":\"Turismo, excursiones y deportes de aventura en ell delta del Ebro\",\"description\":\"Turismo, excursiones y deportes de aventura en el delta del Ebro. Agencia de Viages Deltaturistic\",\"potentialAction\":[{\"@type\":\"SearchAction\",\"target\":{\"@type\":\"EntryPoint\",\"urlTemplate\":\"https:\/\/deltaturistic.com\/es\/?s={search_term_string}\"},\"query-input\":{\"@type\":\"PropertyValueSpecification\",\"valueRequired\":true,\"valueName\":\"search_term_string\"}}],\"inLanguage\":\"es\"}]}<\/script>\n<!-- \/ Yoast SEO plugin. -->","yoast_head_json":{"title":"Escalada en monta\u00f1a - Turismo, excursiones y deportes de aventura en ell delta del Ebro","robots":{"index":"index","follow":"follow","max-snippet":"max-snippet:-1","max-image-preview":"max-image-preview:large","max-video-preview":"max-video-preview:-1"},"canonical":"https:\/\/deltaturistic.com\/es\/paquets-turistics\/escalada-en-montana\/","twitter_misc":{"Tiempo de lectura":"1 minuto"},"schema":{"@context":"https:\/\/schema.org","@graph":[{"@type":"WebPage","@id":"https:\/\/deltaturistic.com\/es\/paquets-turistics\/escalada-en-montana\/","url":"https:\/\/deltaturistic.com\/es\/paquets-turistics\/escalada-en-montana\/","name":"Escalada en monta\u00f1a - Turismo, excursiones y deportes de aventura en ell delta del Ebro","isPartOf":{"@id":"https:\/\/deltaturistic.com\/es\/#website"},"primaryImageOfPage":{"@id":"https:\/\/deltaturistic.com\/es\/paquets-turistics\/escalada-en-montana\/#primaryimage"},"image":{"@id":"https:\/\/deltaturistic.com\/es\/paquets-turistics\/escalada-en-montana\/#primaryimage"},"thumbnailUrl":"https:\/\/deltaturistic.com\/wp-content\/uploads\/2014\/07\/escalada.jpg","datePublished":"2014-07-24T10:41:07+00:00","breadcrumb":{"@id":"https:\/\/deltaturistic.com\/es\/paquets-turistics\/escalada-en-montana\/#breadcrumb"},"inLanguage":"es","potentialAction":[{"@type":"ReadAction","target":["https:\/\/deltaturistic.com\/es\/paquets-turistics\/escalada-en-montana\/"]}]},{"@type":"ImageObject","inLanguage":"es","@id":"https:\/\/deltaturistic.com\/es\/paquets-turistics\/escalada-en-montana\/#primaryimage","url":"https:\/\/deltaturistic.com\/wp-content\/uploads\/2014\/07\/escalada.jpg","contentUrl":"https:\/\/deltaturistic.com\/wp-content\/uploads\/2014\/07\/escalada.jpg","width":780,"height":520},{"@type":"BreadcrumbList","@id":"https:\/\/deltaturistic.com\/es\/paquets-turistics\/escalada-en-montana\/#breadcrumb","itemListElement":[{"@type":"ListItem","position":1,"name":"Inici","item":"https:\/\/deltaturistic.com\/es\/"},{"@type":"ListItem","position":2,"name":"Productes tur\u00edstics","item":"https:\/\/deltaturistic.com\/paquets-turistics\/"},{"@type":"ListItem","position":3,"name":"Escalada en monta\u00f1a"}]},{"@type":"WebSite","@id":"https:\/\/deltaturistic.com\/es\/#website","url":"https:\/\/deltaturistic.com\/es\/","name":"Turismo, excursiones y deportes de aventura en ell delta del Ebro","description":"Turismo, excursiones y deportes de aventura en el delta del Ebro. Agencia de Viages Deltaturistic","potentialAction":[{"@type":"SearchAction","target":{"@type":"EntryPoint","urlTemplate":"https:\/\/deltaturistic.com\/es\/?s={search_term_string}"},"query-input":{"@type":"PropertyValueSpecification","valueRequired":true,"valueName":"search_term_string"}}],"inLanguage":"es"}]}},"_links":{"self":[{"href":"https:\/\/deltaturistic.com\/es\/wp-json\/wp\/v2\/product\/1832","targetHints":{"allow":["GET"]}}],"collection":[{"href":"https:\/\/deltaturistic.com\/es\/wp-json\/wp\/v2\/product"}],"about":[{"href":"https:\/\/deltaturistic.com\/es\/wp-json\/wp\/v2\/types\/product"}],"wp:featuredmedia":[{"embeddable":true,"href":"https:\/\/deltaturistic.com\/es\/wp-json\/wp\/v2\/media\/1520"}],"wp:attachment":[{"href":"https:\/\/deltaturistic.com\/es\/wp-json\/wp\/v2\/media?parent=1832"}],"wp:term":[{"taxonomy":"product_brand","embeddable":true,"href":"https:\/\/deltaturistic.com\/es\/wp-json\/wp\/v2\/product_brand?post=1832"},{"taxonomy":"product_cat","embeddable":true,"href":"https:\/\/deltaturistic.com\/es\/wp-json\/wp\/v2\/product_cat?post=1832"},{"taxonomy":"product_tag","embeddable":true,"href":"https:\/\/deltaturistic.com\/es\/wp-json\/wp\/v2\/product_tag?post=1832"}],"curies":[{"name":"wp","href":"https:\/\/api.w.org\/{rel}","templated":true}]}}