{"id":1838,"date":"2014-07-24T11:55:20","date_gmt":"2014-07-24T10:55:20","guid":{"rendered":"http:\/\/www.deltaturistic.com\/paquets-turistics\/multiactividades-acuaticas\/"},"modified":"2014-07-24T11:55:20","modified_gmt":"2014-07-24T10:55:20","slug":"multiactividades-acuaticas","status":"publish","type":"product","link":"https:\/\/deltaturistic.com\/es\/paquets-turistics\/multiactividades-acuaticas\/","title":{"rendered":"Multiactividades acu\u00e1ticas"},"content":{"rendered":"<p>Conjunto de diferentes actividades acu\u00e1ticas, tipo donuts, cama el\u00e1stica, banana, ski n\u00e1utico, ski-bus&#8230;, practicables en el r\u00edo Ebro.<br \/> Es apto para todas las edades, adaptando el nivel al tipo de p\u00fablico.<\/p>\n<p><strong>El precio incluye:<\/strong><\/p>\n<ul>\n<li>Material necesario para la actividad, seguro y monitores.<\/li>\n<\/ul>\n<p><strong>Aconsejamos<\/strong>:<\/p>\n<ul>\n<li>Crema solar, ba\u00f1ador, toalla, calzado deportivo y ropa de recambio.<\/li>\n<\/ul>\n<p><strong>Importante<\/strong>:<\/p>\n<ul>\n<li>La duraci\u00f3n del conjunto de actividades, es de 3 horas, no por actividad.<\/li>\n<li>Las actividades son rotativas, para que podamos pasar por todas.<\/li>\n<li>Las actividades pueden variar dependiendo del n\u00ba de participantes.<\/li>\n<li>Las actividades reflejadas en la oferta, son un ejemplo de las que podemos practicar, pero no significa que sean todas las que aparecen en la oferta.<\/li>\n<\/ul>\n<p>La organizaci\u00f3n, se reserva el derecho de modificar el horario y ubicaci\u00f3n de la actividad, siempre que lo considere necesario por motivos de organizaci\u00f3n, sin implicar reducci\u00f3n o abono del importe de la actividad, asimismo se reserva el derecho de anular la actividad, si por motivos de meteorolog\u00eda o seguridad lo cree conveniente, en cuyo caso se reembolsar\u00eda el importe exacto de la reserva.<\/p>\n","protected":false},"excerpt":{"rendered":"<p>Conjunto de diferentes actividades acu\u00e1ticas, tipo donuts, cama el\u00e1stica, banana, ski n\u00e1utico, ski-bus&#8230;, practicables en el r\u00edo Ebro. Es apto para todas las edades, adaptando el nivel al tipo de p\u00fablico. El precio incluye: Material necesario para la actividad, seguro y monitores. Aconsejamos: Crema solar, ba\u00f1ador, toalla, calzado deportivo y ropa de recambio. Importante: La [&hellip;]<\/p>\n","protected":false},"featured_media":1526,"template":"","meta":[],"product_brand":[],"product_cat":[153],"product_tag":[],"class_list":{"0":"post-1838","1":"product","2":"type-product","3":"status-publish","4":"has-post-thumbnail","6":"product_cat-deportes-de-aventura","7":"pa_duracio-3-horas","8":"pa_preu-adult-25-e-pax-es","9":"pa_preu-nen-20-e-pax-menores-de-18-anos","11":"first","12":"instock","13":"shipping-taxable","14":"purchasable","15":"product-type-simple"},"yoast_head":"<!-- This site is optimized with the Yoast SEO plugin v27.1.1 - https:\/\/yoast.com\/product\/yoast-seo-wordpress\/ -->\n<title>Multiactividades acu\u00e1ticas - Turismo, excursiones y deportes de aventura en ell delta del Ebro<\/title>\n<meta name=\"robots\" content=\"index, follow, max-snippet:-1, max-image-preview:large, max-video-preview:-1\" \/>\n<link rel=\"canonical\" href=\"https:\/\/deltaturistic.com\/es\/paquets-turistics\/multiactividades-acuaticas\/\" \/>\n<meta name=\"twitter:label1\" content=\"Tiempo de lectura\" \/>\n\t<meta name=\"twitter:data1\" content=\"1 minuto\" \/>\n<script type=\"application\/ld+json\" class=\"yoast-schema-graph\">{\"@context\":\"https:\/\/schema.org\",\"@graph\":[{\"@type\":\"WebPage\",\"@id\":\"https:\/\/deltaturistic.com\/es\/paquets-turistics\/multiactividades-acuaticas\/\",\"url\":\"https:\/\/deltaturistic.com\/es\/paquets-turistics\/multiactividades-acuaticas\/\",\"name\":\"Multiactividades acu\u00e1ticas - Turismo, excursiones y deportes de aventura en ell delta del Ebro\",\"isPartOf\":{\"@id\":\"https:\/\/deltaturistic.com\/es\/#website\"},\"primaryImageOfPage\":{\"@id\":\"https:\/\/deltaturistic.com\/es\/paquets-turistics\/multiactividades-acuaticas\/#primaryimage\"},\"image\":{\"@id\":\"https:\/\/deltaturistic.com\/es\/paquets-turistics\/multiactividades-acuaticas\/#primaryimage\"},\"thumbnailUrl\":\"https:\/\/deltaturistic.com\/wp-content\/uploads\/2014\/07\/35635800_8883212.jpg\",\"datePublished\":\"2014-07-24T10:55:20+00:00\",\"breadcrumb\":{\"@id\":\"https:\/\/deltaturistic.com\/es\/paquets-turistics\/multiactividades-acuaticas\/#breadcrumb\"},\"inLanguage\":\"es\",\"potentialAction\":[{\"@type\":\"ReadAction\",\"target\":[\"https:\/\/deltaturistic.com\/es\/paquets-turistics\/multiactividades-acuaticas\/\"]}]},{\"@type\":\"ImageObject\",\"inLanguage\":\"es\",\"@id\":\"https:\/\/deltaturistic.com\/es\/paquets-turistics\/multiactividades-acuaticas\/#primaryimage\",\"url\":\"https:\/\/deltaturistic.com\/wp-content\/uploads\/2014\/07\/35635800_8883212.jpg\",\"contentUrl\":\"https:\/\/deltaturistic.com\/wp-content\/uploads\/2014\/07\/35635800_8883212.jpg\",\"width\":720,\"height\":540},{\"@type\":\"BreadcrumbList\",\"@id\":\"https:\/\/deltaturistic.com\/es\/paquets-turistics\/multiactividades-acuaticas\/#breadcrumb\",\"itemListElement\":[{\"@type\":\"ListItem\",\"position\":1,\"name\":\"Inici\",\"item\":\"https:\/\/deltaturistic.com\/es\/\"},{\"@type\":\"ListItem\",\"position\":2,\"name\":\"Productes tur\u00edstics\",\"item\":\"https:\/\/deltaturistic.com\/paquets-turistics\/\"},{\"@type\":\"ListItem\",\"position\":3,\"name\":\"Multiactividades acu\u00e1ticas\"}]},{\"@type\":\"WebSite\",\"@id\":\"https:\/\/deltaturistic.com\/es\/#website\",\"url\":\"https:\/\/deltaturistic.com\/es\/\",\"name\":\"Turismo, excursiones y deportes de aventura en ell delta del Ebro\",\"description\":\"Turismo, excursiones y deportes de aventura en el delta del Ebro. Agencia de Viages Deltaturistic\",\"potentialAction\":[{\"@type\":\"SearchAction\",\"target\":{\"@type\":\"EntryPoint\",\"urlTemplate\":\"https:\/\/deltaturistic.com\/es\/?s={search_term_string}\"},\"query-input\":{\"@type\":\"PropertyValueSpecification\",\"valueRequired\":true,\"valueName\":\"search_term_string\"}}],\"inLanguage\":\"es\"}]}<\/script>\n<!-- \/ Yoast SEO plugin. -->","yoast_head_json":{"title":"Multiactividades acu\u00e1ticas - Turismo, excursiones y deportes de aventura en ell delta del Ebro","robots":{"index":"index","follow":"follow","max-snippet":"max-snippet:-1","max-image-preview":"max-image-preview:large","max-video-preview":"max-video-preview:-1"},"canonical":"https:\/\/deltaturistic.com\/es\/paquets-turistics\/multiactividades-acuaticas\/","twitter_misc":{"Tiempo de lectura":"1 minuto"},"schema":{"@context":"https:\/\/schema.org","@graph":[{"@type":"WebPage","@id":"https:\/\/deltaturistic.com\/es\/paquets-turistics\/multiactividades-acuaticas\/","url":"https:\/\/deltaturistic.com\/es\/paquets-turistics\/multiactividades-acuaticas\/","name":"Multiactividades acu\u00e1ticas - Turismo, excursiones y deportes de aventura en ell delta del Ebro","isPartOf":{"@id":"https:\/\/deltaturistic.com\/es\/#website"},"primaryImageOfPage":{"@id":"https:\/\/deltaturistic.com\/es\/paquets-turistics\/multiactividades-acuaticas\/#primaryimage"},"image":{"@id":"https:\/\/deltaturistic.com\/es\/paquets-turistics\/multiactividades-acuaticas\/#primaryimage"},"thumbnailUrl":"https:\/\/deltaturistic.com\/wp-content\/uploads\/2014\/07\/35635800_8883212.jpg","datePublished":"2014-07-24T10:55:20+00:00","breadcrumb":{"@id":"https:\/\/deltaturistic.com\/es\/paquets-turistics\/multiactividades-acuaticas\/#breadcrumb"},"inLanguage":"es","potentialAction":[{"@type":"ReadAction","target":["https:\/\/deltaturistic.com\/es\/paquets-turistics\/multiactividades-acuaticas\/"]}]},{"@type":"ImageObject","inLanguage":"es","@id":"https:\/\/deltaturistic.com\/es\/paquets-turistics\/multiactividades-acuaticas\/#primaryimage","url":"https:\/\/deltaturistic.com\/wp-content\/uploads\/2014\/07\/35635800_8883212.jpg","contentUrl":"https:\/\/deltaturistic.com\/wp-content\/uploads\/2014\/07\/35635800_8883212.jpg","width":720,"height":540},{"@type":"BreadcrumbList","@id":"https:\/\/deltaturistic.com\/es\/paquets-turistics\/multiactividades-acuaticas\/#breadcrumb","itemListElement":[{"@type":"ListItem","position":1,"name":"Inici","item":"https:\/\/deltaturistic.com\/es\/"},{"@type":"ListItem","position":2,"name":"Productes tur\u00edstics","item":"https:\/\/deltaturistic.com\/paquets-turistics\/"},{"@type":"ListItem","position":3,"name":"Multiactividades acu\u00e1ticas"}]},{"@type":"WebSite","@id":"https:\/\/deltaturistic.com\/es\/#website","url":"https:\/\/deltaturistic.com\/es\/","name":"Turismo, excursiones y deportes de aventura en ell delta del Ebro","description":"Turismo, excursiones y deportes de aventura en el delta del Ebro. Agencia de Viages Deltaturistic","potentialAction":[{"@type":"SearchAction","target":{"@type":"EntryPoint","urlTemplate":"https:\/\/deltaturistic.com\/es\/?s={search_term_string}"},"query-input":{"@type":"PropertyValueSpecification","valueRequired":true,"valueName":"search_term_string"}}],"inLanguage":"es"}]}},"_links":{"self":[{"href":"https:\/\/deltaturistic.com\/es\/wp-json\/wp\/v2\/product\/1838","targetHints":{"allow":["GET"]}}],"collection":[{"href":"https:\/\/deltaturistic.com\/es\/wp-json\/wp\/v2\/product"}],"about":[{"href":"https:\/\/deltaturistic.com\/es\/wp-json\/wp\/v2\/types\/product"}],"wp:featuredmedia":[{"embeddable":true,"href":"https:\/\/deltaturistic.com\/es\/wp-json\/wp\/v2\/media\/1526"}],"wp:attachment":[{"href":"https:\/\/deltaturistic.com\/es\/wp-json\/wp\/v2\/media?parent=1838"}],"wp:term":[{"taxonomy":"product_brand","embeddable":true,"href":"https:\/\/deltaturistic.com\/es\/wp-json\/wp\/v2\/product_brand?post=1838"},{"taxonomy":"product_cat","embeddable":true,"href":"https:\/\/deltaturistic.com\/es\/wp-json\/wp\/v2\/product_cat?post=1838"},{"taxonomy":"product_tag","embeddable":true,"href":"https:\/\/deltaturistic.com\/es\/wp-json\/wp\/v2\/product_tag?post=1838"}],"curies":[{"name":"wp","href":"https:\/\/api.w.org\/{rel}","templated":true}]}}