{"id":1840,"date":"2014-07-24T12:00:49","date_gmt":"2014-07-24T11:00:49","guid":{"rendered":"http:\/\/www.deltaturistic.com\/paquets-turistics\/kayak-o-piragua-en-laguna\/"},"modified":"2014-07-24T12:00:49","modified_gmt":"2014-07-24T11:00:49","slug":"kayak-o-piragua-en-laguna","status":"publish","type":"product","link":"https:\/\/deltaturistic.com\/es\/paquets-turistics\/kayak-o-piragua-en-laguna\/","title":{"rendered":"Kayak o Piragua en laguna"},"content":{"rendered":"<p>Ruta por dentro de la laguna. Apto para todas las edades y con posibilidad de Kayak de 1,2 o 3 plazas.<br \/> Recorrido por la laguna, donde es f\u00e1cil ver diferentes especies de \u00e1nidas que interactuan con la naturaleza.<\/p>\n<p><strong>El precio incluye:<\/strong><\/p>\n<ul>\n<li>Material necesario para la actividad, seguro y monitores.<\/li>\n<li>Transporte gratuito desde el punto de encuentro con los monitores hasta la actividad.<\/li>\n<\/ul>\n<p><strong>Aconsejamos:<\/strong><\/p>\n<ul>\n<li>Crema solar, ba\u00f1ador, toalla y calzado deportivo.<\/li>\n<li>Posibilidad de kayaks de 1,2 o 3 plazas.<\/li>\n<\/ul>\n<p>La organizaci\u00f3n, se reserva el derecho de modificar el horario y ubicaci\u00f3n de la actividad, siempre que lo considere necesario por motivos de organizaci\u00f3n, sin implicar reducci\u00f3n o abono del importe de la actividad, asimismo se reserva el derecho de anular la actividad, si por motivos de meteorolog\u00eda o seguridad lo cree conveniente, en cuyo caso se reembolsar\u00eda el importe exacto de la reserva.<\/p>\n","protected":false},"excerpt":{"rendered":"<p>Ruta por dentro de la laguna. Apto para todas las edades y con posibilidad de Kayak de 1,2 o 3 plazas. Recorrido por la laguna, donde es f\u00e1cil ver diferentes especies de \u00e1nidas que interactuan con la naturaleza. El precio incluye: Material necesario para la actividad, seguro y monitores. Transporte gratuito desde el punto de [&hellip;]<\/p>\n","protected":false},"featured_media":1528,"template":"","meta":[],"product_brand":[],"product_cat":[153],"product_tag":[],"class_list":{"0":"post-1840","1":"product","2":"type-product","3":"status-publish","4":"has-post-thumbnail","6":"product_cat-deportes-de-aventura","7":"pa_duracio-3-horas","8":"pa_preu-adult-18-e-pax-es","9":"pa_preu-nen-12-e-pax-menores-de-12-anos","11":"first","12":"instock","13":"shipping-taxable","14":"purchasable","15":"product-type-simple"},"yoast_head":"<!-- This site is optimized with the Yoast SEO plugin v27.1.1 - https:\/\/yoast.com\/product\/yoast-seo-wordpress\/ -->\n<title>Kayak o Piragua en laguna - Turismo, excursiones y deportes de aventura en ell delta del Ebro<\/title>\n<meta name=\"robots\" content=\"index, follow, max-snippet:-1, max-image-preview:large, max-video-preview:-1\" \/>\n<link rel=\"canonical\" href=\"https:\/\/deltaturistic.com\/es\/paquets-turistics\/kayak-o-piragua-en-laguna\/\" \/>\n<meta name=\"twitter:label1\" content=\"Tiempo de lectura\" \/>\n\t<meta name=\"twitter:data1\" content=\"1 minuto\" \/>\n<script type=\"application\/ld+json\" class=\"yoast-schema-graph\">{\"@context\":\"https:\/\/schema.org\",\"@graph\":[{\"@type\":\"WebPage\",\"@id\":\"https:\/\/deltaturistic.com\/es\/paquets-turistics\/kayak-o-piragua-en-laguna\/\",\"url\":\"https:\/\/deltaturistic.com\/es\/paquets-turistics\/kayak-o-piragua-en-laguna\/\",\"name\":\"Kayak o Piragua en laguna - Turismo, excursiones y deportes de aventura en ell delta del Ebro\",\"isPartOf\":{\"@id\":\"https:\/\/deltaturistic.com\/es\/#website\"},\"primaryImageOfPage\":{\"@id\":\"https:\/\/deltaturistic.com\/es\/paquets-turistics\/kayak-o-piragua-en-laguna\/#primaryimage\"},\"image\":{\"@id\":\"https:\/\/deltaturistic.com\/es\/paquets-turistics\/kayak-o-piragua-en-laguna\/#primaryimage\"},\"thumbnailUrl\":\"https:\/\/deltaturistic.com\/wp-content\/uploads\/2014\/07\/CANOA2.jpg\",\"datePublished\":\"2014-07-24T11:00:49+00:00\",\"breadcrumb\":{\"@id\":\"https:\/\/deltaturistic.com\/es\/paquets-turistics\/kayak-o-piragua-en-laguna\/#breadcrumb\"},\"inLanguage\":\"es\",\"potentialAction\":[{\"@type\":\"ReadAction\",\"target\":[\"https:\/\/deltaturistic.com\/es\/paquets-turistics\/kayak-o-piragua-en-laguna\/\"]}]},{\"@type\":\"ImageObject\",\"inLanguage\":\"es\",\"@id\":\"https:\/\/deltaturistic.com\/es\/paquets-turistics\/kayak-o-piragua-en-laguna\/#primaryimage\",\"url\":\"https:\/\/deltaturistic.com\/wp-content\/uploads\/2014\/07\/CANOA2.jpg\",\"contentUrl\":\"https:\/\/deltaturistic.com\/wp-content\/uploads\/2014\/07\/CANOA2.jpg\",\"width\":1024,\"height\":768},{\"@type\":\"BreadcrumbList\",\"@id\":\"https:\/\/deltaturistic.com\/es\/paquets-turistics\/kayak-o-piragua-en-laguna\/#breadcrumb\",\"itemListElement\":[{\"@type\":\"ListItem\",\"position\":1,\"name\":\"Inici\",\"item\":\"https:\/\/deltaturistic.com\/es\/\"},{\"@type\":\"ListItem\",\"position\":2,\"name\":\"Productes tur\u00edstics\",\"item\":\"https:\/\/deltaturistic.com\/paquets-turistics\/\"},{\"@type\":\"ListItem\",\"position\":3,\"name\":\"Kayak o Piragua en laguna\"}]},{\"@type\":\"WebSite\",\"@id\":\"https:\/\/deltaturistic.com\/es\/#website\",\"url\":\"https:\/\/deltaturistic.com\/es\/\",\"name\":\"Turismo, excursiones y deportes de aventura en ell delta del Ebro\",\"description\":\"Turismo, excursiones y deportes de aventura en el delta del Ebro. Agencia de Viages Deltaturistic\",\"potentialAction\":[{\"@type\":\"SearchAction\",\"target\":{\"@type\":\"EntryPoint\",\"urlTemplate\":\"https:\/\/deltaturistic.com\/es\/?s={search_term_string}\"},\"query-input\":{\"@type\":\"PropertyValueSpecification\",\"valueRequired\":true,\"valueName\":\"search_term_string\"}}],\"inLanguage\":\"es\"}]}<\/script>\n<!-- \/ Yoast SEO plugin. -->","yoast_head_json":{"title":"Kayak o Piragua en laguna - Turismo, excursiones y deportes de aventura en ell delta del Ebro","robots":{"index":"index","follow":"follow","max-snippet":"max-snippet:-1","max-image-preview":"max-image-preview:large","max-video-preview":"max-video-preview:-1"},"canonical":"https:\/\/deltaturistic.com\/es\/paquets-turistics\/kayak-o-piragua-en-laguna\/","twitter_misc":{"Tiempo de lectura":"1 minuto"},"schema":{"@context":"https:\/\/schema.org","@graph":[{"@type":"WebPage","@id":"https:\/\/deltaturistic.com\/es\/paquets-turistics\/kayak-o-piragua-en-laguna\/","url":"https:\/\/deltaturistic.com\/es\/paquets-turistics\/kayak-o-piragua-en-laguna\/","name":"Kayak o Piragua en laguna - Turismo, excursiones y deportes de aventura en ell delta del Ebro","isPartOf":{"@id":"https:\/\/deltaturistic.com\/es\/#website"},"primaryImageOfPage":{"@id":"https:\/\/deltaturistic.com\/es\/paquets-turistics\/kayak-o-piragua-en-laguna\/#primaryimage"},"image":{"@id":"https:\/\/deltaturistic.com\/es\/paquets-turistics\/kayak-o-piragua-en-laguna\/#primaryimage"},"thumbnailUrl":"https:\/\/deltaturistic.com\/wp-content\/uploads\/2014\/07\/CANOA2.jpg","datePublished":"2014-07-24T11:00:49+00:00","breadcrumb":{"@id":"https:\/\/deltaturistic.com\/es\/paquets-turistics\/kayak-o-piragua-en-laguna\/#breadcrumb"},"inLanguage":"es","potentialAction":[{"@type":"ReadAction","target":["https:\/\/deltaturistic.com\/es\/paquets-turistics\/kayak-o-piragua-en-laguna\/"]}]},{"@type":"ImageObject","inLanguage":"es","@id":"https:\/\/deltaturistic.com\/es\/paquets-turistics\/kayak-o-piragua-en-laguna\/#primaryimage","url":"https:\/\/deltaturistic.com\/wp-content\/uploads\/2014\/07\/CANOA2.jpg","contentUrl":"https:\/\/deltaturistic.com\/wp-content\/uploads\/2014\/07\/CANOA2.jpg","width":1024,"height":768},{"@type":"BreadcrumbList","@id":"https:\/\/deltaturistic.com\/es\/paquets-turistics\/kayak-o-piragua-en-laguna\/#breadcrumb","itemListElement":[{"@type":"ListItem","position":1,"name":"Inici","item":"https:\/\/deltaturistic.com\/es\/"},{"@type":"ListItem","position":2,"name":"Productes tur\u00edstics","item":"https:\/\/deltaturistic.com\/paquets-turistics\/"},{"@type":"ListItem","position":3,"name":"Kayak o Piragua en laguna"}]},{"@type":"WebSite","@id":"https:\/\/deltaturistic.com\/es\/#website","url":"https:\/\/deltaturistic.com\/es\/","name":"Turismo, excursiones y deportes de aventura en ell delta del Ebro","description":"Turismo, excursiones y deportes de aventura en el delta del Ebro. Agencia de Viages Deltaturistic","potentialAction":[{"@type":"SearchAction","target":{"@type":"EntryPoint","urlTemplate":"https:\/\/deltaturistic.com\/es\/?s={search_term_string}"},"query-input":{"@type":"PropertyValueSpecification","valueRequired":true,"valueName":"search_term_string"}}],"inLanguage":"es"}]}},"_links":{"self":[{"href":"https:\/\/deltaturistic.com\/es\/wp-json\/wp\/v2\/product\/1840","targetHints":{"allow":["GET"]}}],"collection":[{"href":"https:\/\/deltaturistic.com\/es\/wp-json\/wp\/v2\/product"}],"about":[{"href":"https:\/\/deltaturistic.com\/es\/wp-json\/wp\/v2\/types\/product"}],"wp:featuredmedia":[{"embeddable":true,"href":"https:\/\/deltaturistic.com\/es\/wp-json\/wp\/v2\/media\/1528"}],"wp:attachment":[{"href":"https:\/\/deltaturistic.com\/es\/wp-json\/wp\/v2\/media?parent=1840"}],"wp:term":[{"taxonomy":"product_brand","embeddable":true,"href":"https:\/\/deltaturistic.com\/es\/wp-json\/wp\/v2\/product_brand?post=1840"},{"taxonomy":"product_cat","embeddable":true,"href":"https:\/\/deltaturistic.com\/es\/wp-json\/wp\/v2\/product_cat?post=1840"},{"taxonomy":"product_tag","embeddable":true,"href":"https:\/\/deltaturistic.com\/es\/wp-json\/wp\/v2\/product_tag?post=1840"}],"curies":[{"name":"wp","href":"https:\/\/api.w.org\/{rel}","templated":true}]}}