{"id":1846,"date":"2014-07-25T08:52:02","date_gmt":"2014-07-25T07:52:02","guid":{"rendered":"http:\/\/www.deltaturistic.com\/paquets-turistics\/eventos-y-fiestas-infantiles\/"},"modified":"2014-07-25T08:52:02","modified_gmt":"2014-07-25T07:52:02","slug":"eventos-y-fiestas-infantiles","status":"publish","type":"product","link":"https:\/\/deltaturistic.com\/es\/paquets-turistics\/eventos-y-fiestas-infantiles\/","title":{"rendered":"Eventos y fiestas infantiles"},"content":{"rendered":"<p><strong>DeltaTuristic<\/strong> abre otra posibilidad para disfrutar de una o varias jornadas en el<strong> Delta del Ebro<\/strong> para los mas peque\u00f1os.<\/p>\n<p>Con un gran abanico de posibilidades, pone a vuestro alcance diversas opciones para celebraciones, cumplea\u00f1os, comuniones, reuniones familiares, parques de navidad, eventos especiales, campus de verano, etc\u2026<\/p>\n<p>Podr\u00e1n elegir entre todas las opciones, para dise\u00f1ar su celebraci\u00f3n en el Delta del Ebro a medida y con precios muy ventajosos.<\/p>\n<p>Hichables con formas divertidas, hinchables para piscinas, payasos, magos, animaci\u00f3n infantil, excalestric gigante, piscinas de bolas, karaoke, tres en ralla gigante, circuito de obst\u00e1culos, diana gigante, talleres diversos, maquina de bolas de jab\u00f3n, botbolines, ping pong, f\u00fatbol, mini golf, b\u00e1squet, super play station, \u2026.<\/p>\n<p>Elija entre todos los elementos, y solicite su presupuesto a medida.<\/p>\n<p>No olvide incluir en el formulario, n\u00ba de personas, edades, fecha, y lugar, para que les podamos aconsejar de la mejor soluci\u00f3n para su evento en el Delta del Ebro.<\/p>\n<p>Tambi\u00e9n podemos ofrecerles restaurante y otras actividades de aventura o excursiones que podr\u00e1n ver en el apartado deportes de aventura o excursiones de nuestra web.<\/p>\n","protected":false},"excerpt":{"rendered":"<p>DeltaTuristic abre otra posibilidad para disfrutar de una o varias jornadas en el Delta del Ebro para los mas peque\u00f1os. Con un gran abanico de posibilidades, pone a vuestro alcance diversas opciones para celebraciones, cumplea\u00f1os, comuniones, reuniones familiares, parques de navidad, eventos especiales, campus de verano, etc\u2026 Podr\u00e1n elegir entre todas las opciones, para dise\u00f1ar [&hellip;]<\/p>\n","protected":false},"featured_media":1202,"template":"","meta":[],"product_brand":[],"product_cat":[154],"product_tag":[],"class_list":{"0":"post-1846","1":"product","2":"type-product","3":"status-publish","4":"has-post-thumbnail","6":"product_cat-eventos-y-fiestas","8":"first","9":"instock","10":"shipping-taxable","11":"product-type-simple"},"yoast_head":"<!-- This site is optimized with the Yoast SEO plugin v27.1.1 - https:\/\/yoast.com\/product\/yoast-seo-wordpress\/ -->\n<title>Eventos y fiestas infantiles - Turismo, excursiones y deportes de aventura en ell delta del Ebro<\/title>\n<meta name=\"robots\" content=\"index, follow, max-snippet:-1, max-image-preview:large, max-video-preview:-1\" \/>\n<link rel=\"canonical\" href=\"https:\/\/deltaturistic.com\/es\/paquets-turistics\/eventos-y-fiestas-infantiles\/\" \/>\n<meta name=\"twitter:label1\" content=\"Tiempo de lectura\" \/>\n\t<meta name=\"twitter:data1\" content=\"1 minuto\" \/>\n<script type=\"application\/ld+json\" class=\"yoast-schema-graph\">{\"@context\":\"https:\/\/schema.org\",\"@graph\":[{\"@type\":\"WebPage\",\"@id\":\"https:\/\/deltaturistic.com\/es\/paquets-turistics\/eventos-y-fiestas-infantiles\/\",\"url\":\"https:\/\/deltaturistic.com\/es\/paquets-turistics\/eventos-y-fiestas-infantiles\/\",\"name\":\"Eventos y fiestas infantiles - Turismo, excursiones y deportes de aventura en ell delta del Ebro\",\"isPartOf\":{\"@id\":\"https:\/\/deltaturistic.com\/es\/#website\"},\"primaryImageOfPage\":{\"@id\":\"https:\/\/deltaturistic.com\/es\/paquets-turistics\/eventos-y-fiestas-infantiles\/#primaryimage\"},\"image\":{\"@id\":\"https:\/\/deltaturistic.com\/es\/paquets-turistics\/eventos-y-fiestas-infantiles\/#primaryimage\"},\"thumbnailUrl\":\"https:\/\/deltaturistic.com\/wp-content\/uploads\/2014\/02\/DSC1327.jpg\",\"datePublished\":\"2014-07-25T07:52:02+00:00\",\"breadcrumb\":{\"@id\":\"https:\/\/deltaturistic.com\/es\/paquets-turistics\/eventos-y-fiestas-infantiles\/#breadcrumb\"},\"inLanguage\":\"es\",\"potentialAction\":[{\"@type\":\"ReadAction\",\"target\":[\"https:\/\/deltaturistic.com\/es\/paquets-turistics\/eventos-y-fiestas-infantiles\/\"]}]},{\"@type\":\"ImageObject\",\"inLanguage\":\"es\",\"@id\":\"https:\/\/deltaturistic.com\/es\/paquets-turistics\/eventos-y-fiestas-infantiles\/#primaryimage\",\"url\":\"https:\/\/deltaturistic.com\/wp-content\/uploads\/2014\/02\/DSC1327.jpg\",\"contentUrl\":\"https:\/\/deltaturistic.com\/wp-content\/uploads\/2014\/02\/DSC1327.jpg\",\"width\":800,\"height\":589},{\"@type\":\"BreadcrumbList\",\"@id\":\"https:\/\/deltaturistic.com\/es\/paquets-turistics\/eventos-y-fiestas-infantiles\/#breadcrumb\",\"itemListElement\":[{\"@type\":\"ListItem\",\"position\":1,\"name\":\"Inici\",\"item\":\"https:\/\/deltaturistic.com\/es\/\"},{\"@type\":\"ListItem\",\"position\":2,\"name\":\"Productes tur\u00edstics\",\"item\":\"https:\/\/deltaturistic.com\/paquets-turistics\/\"},{\"@type\":\"ListItem\",\"position\":3,\"name\":\"Eventos y fiestas infantiles\"}]},{\"@type\":\"WebSite\",\"@id\":\"https:\/\/deltaturistic.com\/es\/#website\",\"url\":\"https:\/\/deltaturistic.com\/es\/\",\"name\":\"Turismo, excursiones y deportes de aventura en ell delta del Ebro\",\"description\":\"Turismo, excursiones y deportes de aventura en el delta del Ebro. Agencia de Viages Deltaturistic\",\"potentialAction\":[{\"@type\":\"SearchAction\",\"target\":{\"@type\":\"EntryPoint\",\"urlTemplate\":\"https:\/\/deltaturistic.com\/es\/?s={search_term_string}\"},\"query-input\":{\"@type\":\"PropertyValueSpecification\",\"valueRequired\":true,\"valueName\":\"search_term_string\"}}],\"inLanguage\":\"es\"}]}<\/script>\n<!-- \/ Yoast SEO plugin. -->","yoast_head_json":{"title":"Eventos y fiestas infantiles - Turismo, excursiones y deportes de aventura en ell delta del Ebro","robots":{"index":"index","follow":"follow","max-snippet":"max-snippet:-1","max-image-preview":"max-image-preview:large","max-video-preview":"max-video-preview:-1"},"canonical":"https:\/\/deltaturistic.com\/es\/paquets-turistics\/eventos-y-fiestas-infantiles\/","twitter_misc":{"Tiempo de lectura":"1 minuto"},"schema":{"@context":"https:\/\/schema.org","@graph":[{"@type":"WebPage","@id":"https:\/\/deltaturistic.com\/es\/paquets-turistics\/eventos-y-fiestas-infantiles\/","url":"https:\/\/deltaturistic.com\/es\/paquets-turistics\/eventos-y-fiestas-infantiles\/","name":"Eventos y fiestas infantiles - Turismo, excursiones y deportes de aventura en ell delta del Ebro","isPartOf":{"@id":"https:\/\/deltaturistic.com\/es\/#website"},"primaryImageOfPage":{"@id":"https:\/\/deltaturistic.com\/es\/paquets-turistics\/eventos-y-fiestas-infantiles\/#primaryimage"},"image":{"@id":"https:\/\/deltaturistic.com\/es\/paquets-turistics\/eventos-y-fiestas-infantiles\/#primaryimage"},"thumbnailUrl":"https:\/\/deltaturistic.com\/wp-content\/uploads\/2014\/02\/DSC1327.jpg","datePublished":"2014-07-25T07:52:02+00:00","breadcrumb":{"@id":"https:\/\/deltaturistic.com\/es\/paquets-turistics\/eventos-y-fiestas-infantiles\/#breadcrumb"},"inLanguage":"es","potentialAction":[{"@type":"ReadAction","target":["https:\/\/deltaturistic.com\/es\/paquets-turistics\/eventos-y-fiestas-infantiles\/"]}]},{"@type":"ImageObject","inLanguage":"es","@id":"https:\/\/deltaturistic.com\/es\/paquets-turistics\/eventos-y-fiestas-infantiles\/#primaryimage","url":"https:\/\/deltaturistic.com\/wp-content\/uploads\/2014\/02\/DSC1327.jpg","contentUrl":"https:\/\/deltaturistic.com\/wp-content\/uploads\/2014\/02\/DSC1327.jpg","width":800,"height":589},{"@type":"BreadcrumbList","@id":"https:\/\/deltaturistic.com\/es\/paquets-turistics\/eventos-y-fiestas-infantiles\/#breadcrumb","itemListElement":[{"@type":"ListItem","position":1,"name":"Inici","item":"https:\/\/deltaturistic.com\/es\/"},{"@type":"ListItem","position":2,"name":"Productes tur\u00edstics","item":"https:\/\/deltaturistic.com\/paquets-turistics\/"},{"@type":"ListItem","position":3,"name":"Eventos y fiestas infantiles"}]},{"@type":"WebSite","@id":"https:\/\/deltaturistic.com\/es\/#website","url":"https:\/\/deltaturistic.com\/es\/","name":"Turismo, excursiones y deportes de aventura en ell delta del Ebro","description":"Turismo, excursiones y deportes de aventura en el delta del Ebro. Agencia de Viages Deltaturistic","potentialAction":[{"@type":"SearchAction","target":{"@type":"EntryPoint","urlTemplate":"https:\/\/deltaturistic.com\/es\/?s={search_term_string}"},"query-input":{"@type":"PropertyValueSpecification","valueRequired":true,"valueName":"search_term_string"}}],"inLanguage":"es"}]}},"_links":{"self":[{"href":"https:\/\/deltaturistic.com\/es\/wp-json\/wp\/v2\/product\/1846","targetHints":{"allow":["GET"]}}],"collection":[{"href":"https:\/\/deltaturistic.com\/es\/wp-json\/wp\/v2\/product"}],"about":[{"href":"https:\/\/deltaturistic.com\/es\/wp-json\/wp\/v2\/types\/product"}],"wp:featuredmedia":[{"embeddable":true,"href":"https:\/\/deltaturistic.com\/es\/wp-json\/wp\/v2\/media\/1202"}],"wp:attachment":[{"href":"https:\/\/deltaturistic.com\/es\/wp-json\/wp\/v2\/media?parent=1846"}],"wp:term":[{"taxonomy":"product_brand","embeddable":true,"href":"https:\/\/deltaturistic.com\/es\/wp-json\/wp\/v2\/product_brand?post=1846"},{"taxonomy":"product_cat","embeddable":true,"href":"https:\/\/deltaturistic.com\/es\/wp-json\/wp\/v2\/product_cat?post=1846"},{"taxonomy":"product_tag","embeddable":true,"href":"https:\/\/deltaturistic.com\/es\/wp-json\/wp\/v2\/product_tag?post=1846"}],"curies":[{"name":"wp","href":"https:\/\/api.w.org\/{rel}","templated":true}]}}