{"id":1847,"date":"2014-07-25T09:51:20","date_gmt":"2014-07-25T08:51:20","guid":{"rendered":"http:\/\/www.deltaturistic.com\/paquets-turistics\/despedidas-de-solteroa-al-delta-del-ebro\/"},"modified":"2014-09-17T16:49:33","modified_gmt":"2014-09-17T15:49:33","slug":"despedidas-de-solteroa-al-delta-del-ebro","status":"publish","type":"product","link":"https:\/\/deltaturistic.com\/es\/paquets-turistics\/despedidas-de-solteroa-al-delta-del-ebro\/","title":{"rendered":"Despedidas de soltero\/a al delta del Ebro"},"content":{"rendered":"<p>El<strong> delta del Ebro <\/strong>es el espacio ideal para realizar despedidas de soltero \/ soltera.<\/p>\n<p>Incluye:<\/p>\n<ol>\n<li><strong>Actividad aventura<\/strong> a escoger por el grupo:\n<ul>\n<li>Kayak, bicicleta, paintball, padel golf, multiaventura, juegos acu\u00e1ticos<\/li>\n<li>Kite surf, paddle surf, ruta a caballo, buceo, barranquismo, ruta en segway, vela<\/li>\n<li>Recomendamos: visita en barca a las hombros de ostras y mejillones del delta (con degustaci\u00f3n de ostras, mejillones y vino con m\u00fasica y posibilidad de tomar el ba\u00f1o) o ruta en barca, parando en las calas i haciendo snorkel o ba\u00f1andose<\/li>\n<\/ul>\n<\/li>\n<li><strong>Cena en restaurante.<\/strong>\n<ul>\n<li>Opcional con suplemento: striptess<\/li>\n<\/ul>\n<\/li>\n<li>Entrada en <strong>discoteca<\/strong> con una consumici\u00f3n.<\/li>\n<li><strong>Alojamiento<\/strong> en el hotel una noche con desayuno<\/li>\n<\/ol>\n<p>** Disponemos opcional de restaurantes para el almuerzo o en muchos de los programas dependiendo de las actividades podemos proporcionar picnic<\/p>\n","protected":false},"excerpt":{"rendered":"<p>El delta del Ebro es el espacio ideal para realizar despedidas de soltero \/ soltera. Incluye: Actividad aventura a escoger por el grupo: Kayak, bicicleta, paintball, padel golf, multiaventura, juegos acu\u00e1ticos Kite surf, paddle surf, ruta a caballo, buceo, barranquismo, ruta en segway, vela Recomendamos: visita en barca a las hombros de ostras y mejillones [&hellip;]<\/p>\n","protected":false},"featured_media":1554,"template":"","meta":[],"product_brand":[],"product_cat":[448],"product_tag":[],"class_list":{"0":"post-1847","1":"product","2":"type-product","3":"status-publish","4":"has-post-thumbnail","6":"product_cat-especial-solterosas","8":"first","9":"instock","10":"shipping-taxable","11":"product-type-simple"},"yoast_head":"<!-- This site is optimized with the Yoast SEO plugin v27.1.1 - https:\/\/yoast.com\/product\/yoast-seo-wordpress\/ -->\n<title>Despedidas de soltero\/a al delta del Ebro - Turismo, excursiones y deportes de aventura en ell delta del Ebro<\/title>\n<meta name=\"robots\" content=\"index, follow, max-snippet:-1, max-image-preview:large, max-video-preview:-1\" \/>\n<link rel=\"canonical\" href=\"https:\/\/deltaturistic.com\/es\/paquets-turistics\/despedidas-de-solteroa-al-delta-del-ebro\/\" \/>\n<meta name=\"twitter:label1\" content=\"Tiempo de lectura\" \/>\n\t<meta name=\"twitter:data1\" content=\"1 minuto\" \/>\n<script type=\"application\/ld+json\" class=\"yoast-schema-graph\">{\"@context\":\"https:\/\/schema.org\",\"@graph\":[{\"@type\":\"WebPage\",\"@id\":\"https:\/\/deltaturistic.com\/es\/paquets-turistics\/despedidas-de-solteroa-al-delta-del-ebro\/\",\"url\":\"https:\/\/deltaturistic.com\/es\/paquets-turistics\/despedidas-de-solteroa-al-delta-del-ebro\/\",\"name\":\"Despedidas de soltero\/a al delta del Ebro - Turismo, excursiones y deportes de aventura en ell delta del Ebro\",\"isPartOf\":{\"@id\":\"https:\/\/deltaturistic.com\/es\/#website\"},\"primaryImageOfPage\":{\"@id\":\"https:\/\/deltaturistic.com\/es\/paquets-turistics\/despedidas-de-solteroa-al-delta-del-ebro\/#primaryimage\"},\"image\":{\"@id\":\"https:\/\/deltaturistic.com\/es\/paquets-turistics\/despedidas-de-solteroa-al-delta-del-ebro\/#primaryimage\"},\"thumbnailUrl\":\"https:\/\/deltaturistic.com\/wp-content\/uploads\/2014\/07\/P5050146.jpg\",\"datePublished\":\"2014-07-25T08:51:20+00:00\",\"dateModified\":\"2014-09-17T15:49:33+00:00\",\"breadcrumb\":{\"@id\":\"https:\/\/deltaturistic.com\/es\/paquets-turistics\/despedidas-de-solteroa-al-delta-del-ebro\/#breadcrumb\"},\"inLanguage\":\"es\",\"potentialAction\":[{\"@type\":\"ReadAction\",\"target\":[\"https:\/\/deltaturistic.com\/es\/paquets-turistics\/despedidas-de-solteroa-al-delta-del-ebro\/\"]}]},{\"@type\":\"ImageObject\",\"inLanguage\":\"es\",\"@id\":\"https:\/\/deltaturistic.com\/es\/paquets-turistics\/despedidas-de-solteroa-al-delta-del-ebro\/#primaryimage\",\"url\":\"https:\/\/deltaturistic.com\/wp-content\/uploads\/2014\/07\/P5050146.jpg\",\"contentUrl\":\"https:\/\/deltaturistic.com\/wp-content\/uploads\/2014\/07\/P5050146.jpg\",\"width\":1536,\"height\":2048},{\"@type\":\"BreadcrumbList\",\"@id\":\"https:\/\/deltaturistic.com\/es\/paquets-turistics\/despedidas-de-solteroa-al-delta-del-ebro\/#breadcrumb\",\"itemListElement\":[{\"@type\":\"ListItem\",\"position\":1,\"name\":\"Inici\",\"item\":\"https:\/\/deltaturistic.com\/es\/\"},{\"@type\":\"ListItem\",\"position\":2,\"name\":\"Productes tur\u00edstics\",\"item\":\"https:\/\/deltaturistic.com\/paquets-turistics\/\"},{\"@type\":\"ListItem\",\"position\":3,\"name\":\"Despedidas de soltero\/a al delta del Ebro\"}]},{\"@type\":\"WebSite\",\"@id\":\"https:\/\/deltaturistic.com\/es\/#website\",\"url\":\"https:\/\/deltaturistic.com\/es\/\",\"name\":\"Turismo, excursiones y deportes de aventura en ell delta del Ebro\",\"description\":\"Turismo, excursiones y deportes de aventura en el delta del Ebro. Agencia de Viages Deltaturistic\",\"potentialAction\":[{\"@type\":\"SearchAction\",\"target\":{\"@type\":\"EntryPoint\",\"urlTemplate\":\"https:\/\/deltaturistic.com\/es\/?s={search_term_string}\"},\"query-input\":{\"@type\":\"PropertyValueSpecification\",\"valueRequired\":true,\"valueName\":\"search_term_string\"}}],\"inLanguage\":\"es\"}]}<\/script>\n<!-- \/ Yoast SEO plugin. -->","yoast_head_json":{"title":"Despedidas de soltero\/a al delta del Ebro - Turismo, excursiones y deportes de aventura en ell delta del Ebro","robots":{"index":"index","follow":"follow","max-snippet":"max-snippet:-1","max-image-preview":"max-image-preview:large","max-video-preview":"max-video-preview:-1"},"canonical":"https:\/\/deltaturistic.com\/es\/paquets-turistics\/despedidas-de-solteroa-al-delta-del-ebro\/","twitter_misc":{"Tiempo de lectura":"1 minuto"},"schema":{"@context":"https:\/\/schema.org","@graph":[{"@type":"WebPage","@id":"https:\/\/deltaturistic.com\/es\/paquets-turistics\/despedidas-de-solteroa-al-delta-del-ebro\/","url":"https:\/\/deltaturistic.com\/es\/paquets-turistics\/despedidas-de-solteroa-al-delta-del-ebro\/","name":"Despedidas de soltero\/a al delta del Ebro - Turismo, excursiones y deportes de aventura en ell delta del Ebro","isPartOf":{"@id":"https:\/\/deltaturistic.com\/es\/#website"},"primaryImageOfPage":{"@id":"https:\/\/deltaturistic.com\/es\/paquets-turistics\/despedidas-de-solteroa-al-delta-del-ebro\/#primaryimage"},"image":{"@id":"https:\/\/deltaturistic.com\/es\/paquets-turistics\/despedidas-de-solteroa-al-delta-del-ebro\/#primaryimage"},"thumbnailUrl":"https:\/\/deltaturistic.com\/wp-content\/uploads\/2014\/07\/P5050146.jpg","datePublished":"2014-07-25T08:51:20+00:00","dateModified":"2014-09-17T15:49:33+00:00","breadcrumb":{"@id":"https:\/\/deltaturistic.com\/es\/paquets-turistics\/despedidas-de-solteroa-al-delta-del-ebro\/#breadcrumb"},"inLanguage":"es","potentialAction":[{"@type":"ReadAction","target":["https:\/\/deltaturistic.com\/es\/paquets-turistics\/despedidas-de-solteroa-al-delta-del-ebro\/"]}]},{"@type":"ImageObject","inLanguage":"es","@id":"https:\/\/deltaturistic.com\/es\/paquets-turistics\/despedidas-de-solteroa-al-delta-del-ebro\/#primaryimage","url":"https:\/\/deltaturistic.com\/wp-content\/uploads\/2014\/07\/P5050146.jpg","contentUrl":"https:\/\/deltaturistic.com\/wp-content\/uploads\/2014\/07\/P5050146.jpg","width":1536,"height":2048},{"@type":"BreadcrumbList","@id":"https:\/\/deltaturistic.com\/es\/paquets-turistics\/despedidas-de-solteroa-al-delta-del-ebro\/#breadcrumb","itemListElement":[{"@type":"ListItem","position":1,"name":"Inici","item":"https:\/\/deltaturistic.com\/es\/"},{"@type":"ListItem","position":2,"name":"Productes tur\u00edstics","item":"https:\/\/deltaturistic.com\/paquets-turistics\/"},{"@type":"ListItem","position":3,"name":"Despedidas de soltero\/a al delta del Ebro"}]},{"@type":"WebSite","@id":"https:\/\/deltaturistic.com\/es\/#website","url":"https:\/\/deltaturistic.com\/es\/","name":"Turismo, excursiones y deportes de aventura en ell delta del Ebro","description":"Turismo, excursiones y deportes de aventura en el delta del Ebro. Agencia de Viages Deltaturistic","potentialAction":[{"@type":"SearchAction","target":{"@type":"EntryPoint","urlTemplate":"https:\/\/deltaturistic.com\/es\/?s={search_term_string}"},"query-input":{"@type":"PropertyValueSpecification","valueRequired":true,"valueName":"search_term_string"}}],"inLanguage":"es"}]}},"_links":{"self":[{"href":"https:\/\/deltaturistic.com\/es\/wp-json\/wp\/v2\/product\/1847","targetHints":{"allow":["GET"]}}],"collection":[{"href":"https:\/\/deltaturistic.com\/es\/wp-json\/wp\/v2\/product"}],"about":[{"href":"https:\/\/deltaturistic.com\/es\/wp-json\/wp\/v2\/types\/product"}],"wp:featuredmedia":[{"embeddable":true,"href":"https:\/\/deltaturistic.com\/es\/wp-json\/wp\/v2\/media\/1554"}],"wp:attachment":[{"href":"https:\/\/deltaturistic.com\/es\/wp-json\/wp\/v2\/media?parent=1847"}],"wp:term":[{"taxonomy":"product_brand","embeddable":true,"href":"https:\/\/deltaturistic.com\/es\/wp-json\/wp\/v2\/product_brand?post=1847"},{"taxonomy":"product_cat","embeddable":true,"href":"https:\/\/deltaturistic.com\/es\/wp-json\/wp\/v2\/product_cat?post=1847"},{"taxonomy":"product_tag","embeddable":true,"href":"https:\/\/deltaturistic.com\/es\/wp-json\/wp\/v2\/product_tag?post=1847"}],"curies":[{"name":"wp","href":"https:\/\/api.w.org\/{rel}","templated":true}]}}