{"id":2033,"date":"2014-09-04T18:42:08","date_gmt":"2014-09-04T17:42:08","guid":{"rendered":"http:\/\/www.deltaturistic.com\/paquets-turistics\/programa-escolars-1-2-dies-2\/"},"modified":"2021-03-14T15:20:17","modified_gmt":"2021-03-14T14:20:17","slug":"programa-escolars-1-2-dies","status":"publish","type":"product","link":"https:\/\/deltaturistic.com\/es\/paquets-turistics\/programa-escolars-1-2-dies\/","title":{"rendered":"Programa Escolares 1 \/ 2 d\u00edas"},"content":{"rendered":"<p>Programa dise\u00f1ado para pasar dos d\u00edas completos para las Tierras del Ebro, para aquellos que ya tienen m\u00e1s inquietudes y quieren realizar diferentes actividades que nos har\u00e1n conocer a\u00fan m\u00e1s el paraje donde estamos.<\/p>\n<p>Actividades de todo tipo, desde rutas en BTT, talleres varios hasta cruceros por el r\u00edo Ebro.<\/p>\n<p>Una forma de disfrutar de varios d\u00edas por las Tierras del Ebro.<\/p>\n<p><strong>1 \u00ba D\u00cdA: VISITA GUIADA Y PERCHAR<\/strong><\/p>\n<p>Llegada al punto de encuentro y presentaci\u00f3n del Monitor.<\/p>\n<p>Visita guiada al PARQUE NATURAL DEL DELTA DEL EBRO con el autocar del grupo.<\/p>\n<p>Comida.<\/p>\n<p>CENA. JUEGOS O DISCOTECA: A concretar con los profesores.<\/p>\n<p><strong>2 \u00ba D\u00cdA: TRAYECTO EN BARCA POR EL EBRO<\/strong><\/p>\n<p>CRUCERO por la desembocadura.<\/p>\n<p>FIN de la visita y despedida del grupo.<\/p>\n<p><a href=\"http:\/\/www.deltaturistic.com\/wp-content\/uploads\/2014\/07\/100_0660.jpg\"><img loading=\"lazy\" decoding=\"async\" class=\"alignnone size-medium wp-image-547\" src=\"http:\/\/www.deltaturistic.com\/wp-content\/uploads\/2014\/07\/100_0660-300x225.jpg\" alt=\"Creuers delta de l'Ebre\" width=\"300\" height=\"225\" srcset=\"https:\/\/deltaturistic.com\/wp-content\/uploads\/2014\/07\/100_0660-300x225.jpg 300w, https:\/\/deltaturistic.com\/wp-content\/uploads\/2014\/07\/100_0660-1024x768.jpg 1024w, https:\/\/deltaturistic.com\/wp-content\/uploads\/2014\/07\/100_0660-600x450.jpg 600w, https:\/\/deltaturistic.com\/wp-content\/uploads\/2014\/07\/100_0660-1066x800.jpg 1066w, https:\/\/deltaturistic.com\/wp-content\/uploads\/2014\/07\/100_0660-100x75.jpg 100w\" sizes=\"auto, (max-width: 300px) 100vw, 300px\" \/><\/a>\u00a0<a href=\"http:\/\/www.deltaturistic.com\/wp-content\/uploads\/2014\/07\/66064200_2334476.jpg\"><img loading=\"lazy\" decoding=\"async\" class=\"alignnone size-medium wp-image-522\" src=\"http:\/\/www.deltaturistic.com\/wp-content\/uploads\/2014\/07\/66064200_2334476-266x300.jpg\" alt=\"Esports d'aventura al delta de l'Ebre\" width=\"266\" height=\"300\" srcset=\"https:\/\/deltaturistic.com\/wp-content\/uploads\/2014\/07\/66064200_2334476-266x300.jpg 266w, https:\/\/deltaturistic.com\/wp-content\/uploads\/2014\/07\/66064200_2334476-300x337.jpg 300w, https:\/\/deltaturistic.com\/wp-content\/uploads\/2014\/07\/66064200_2334476.jpg 372w\" sizes=\"auto, (max-width: 266px) 100vw, 266px\" \/><\/a><\/p>\n<p>\u00a0<\/p>\n","protected":false},"excerpt":{"rendered":"<p>Programa dise\u00f1ado para pasar dos d\u00edas completos para las Tierras del Ebro, para aquellos que ya tienen m\u00e1s inquietudes y quieren realizar diferentes actividades que nos har\u00e1n conocer a\u00fan m\u00e1s el paraje donde estamos. Actividades de todo tipo, desde rutas en BTT, talleres varios hasta cruceros por el r\u00edo Ebro. Una forma de disfrutar de [&hellip;]<\/p>\n","protected":false},"featured_media":1392,"template":"","meta":[],"product_brand":[],"product_cat":[143,145],"product_tag":[],"class_list":{"0":"post-2033","1":"product","2":"type-product","3":"status-publish","4":"has-post-thumbnail","6":"product_cat-escolares","7":"product_cat-escolares-2-dias","9":"first","10":"instock","11":"shipping-taxable","12":"product-type-simple"},"yoast_head":"<!-- This site is optimized with the Yoast SEO plugin v27.1.1 - https:\/\/yoast.com\/product\/yoast-seo-wordpress\/ -->\n<title>Programa Escolares 1 \/ 2 d\u00edas - Turismo, excursiones y deportes de aventura en ell delta del Ebro<\/title>\n<meta name=\"robots\" content=\"index, follow, max-snippet:-1, max-image-preview:large, max-video-preview:-1\" \/>\n<link rel=\"canonical\" href=\"https:\/\/deltaturistic.com\/es\/paquets-turistics\/programa-escolars-1-2-dies\/\" \/>\n<meta name=\"twitter:label1\" content=\"Tiempo de lectura\" \/>\n\t<meta name=\"twitter:data1\" content=\"1 minuto\" \/>\n<script type=\"application\/ld+json\" class=\"yoast-schema-graph\">{\"@context\":\"https:\/\/schema.org\",\"@graph\":[{\"@type\":\"WebPage\",\"@id\":\"https:\/\/deltaturistic.com\/es\/paquets-turistics\/programa-escolars-1-2-dies\/\",\"url\":\"https:\/\/deltaturistic.com\/es\/paquets-turistics\/programa-escolars-1-2-dies\/\",\"name\":\"Programa Escolares 1 \/ 2 d\u00edas - Turismo, excursiones y deportes de aventura en ell delta del Ebro\",\"isPartOf\":{\"@id\":\"https:\/\/deltaturistic.com\/es\/#website\"},\"primaryImageOfPage\":{\"@id\":\"https:\/\/deltaturistic.com\/es\/paquets-turistics\/programa-escolars-1-2-dies\/#primaryimage\"},\"image\":{\"@id\":\"https:\/\/deltaturistic.com\/es\/paquets-turistics\/programa-escolars-1-2-dies\/#primaryimage\"},\"thumbnailUrl\":\"https:\/\/deltaturistic.com\/wp-content\/uploads\/2014\/05\/1371637455444.jpg\",\"datePublished\":\"2014-09-04T17:42:08+00:00\",\"dateModified\":\"2021-03-14T14:20:17+00:00\",\"breadcrumb\":{\"@id\":\"https:\/\/deltaturistic.com\/es\/paquets-turistics\/programa-escolars-1-2-dies\/#breadcrumb\"},\"inLanguage\":\"es\",\"potentialAction\":[{\"@type\":\"ReadAction\",\"target\":[\"https:\/\/deltaturistic.com\/es\/paquets-turistics\/programa-escolars-1-2-dies\/\"]}]},{\"@type\":\"ImageObject\",\"inLanguage\":\"es\",\"@id\":\"https:\/\/deltaturistic.com\/es\/paquets-turistics\/programa-escolars-1-2-dies\/#primaryimage\",\"url\":\"https:\/\/deltaturistic.com\/wp-content\/uploads\/2014\/05\/1371637455444.jpg\",\"contentUrl\":\"https:\/\/deltaturistic.com\/wp-content\/uploads\/2014\/05\/1371637455444.jpg\",\"width\":320,\"height\":256},{\"@type\":\"BreadcrumbList\",\"@id\":\"https:\/\/deltaturistic.com\/es\/paquets-turistics\/programa-escolars-1-2-dies\/#breadcrumb\",\"itemListElement\":[{\"@type\":\"ListItem\",\"position\":1,\"name\":\"Inici\",\"item\":\"https:\/\/deltaturistic.com\/es\/\"},{\"@type\":\"ListItem\",\"position\":2,\"name\":\"Productes tur\u00edstics\",\"item\":\"https:\/\/deltaturistic.com\/paquets-turistics\/\"},{\"@type\":\"ListItem\",\"position\":3,\"name\":\"Programa Escolares 1 \/ 2 d\u00edas\"}]},{\"@type\":\"WebSite\",\"@id\":\"https:\/\/deltaturistic.com\/es\/#website\",\"url\":\"https:\/\/deltaturistic.com\/es\/\",\"name\":\"Turismo, excursiones y deportes de aventura en ell delta del Ebro\",\"description\":\"Turismo, excursiones y deportes de aventura en el delta del Ebro. Agencia de Viages Deltaturistic\",\"potentialAction\":[{\"@type\":\"SearchAction\",\"target\":{\"@type\":\"EntryPoint\",\"urlTemplate\":\"https:\/\/deltaturistic.com\/es\/?s={search_term_string}\"},\"query-input\":{\"@type\":\"PropertyValueSpecification\",\"valueRequired\":true,\"valueName\":\"search_term_string\"}}],\"inLanguage\":\"es\"}]}<\/script>\n<!-- \/ Yoast SEO plugin. -->","yoast_head_json":{"title":"Programa Escolares 1 \/ 2 d\u00edas - Turismo, excursiones y deportes de aventura en ell delta del Ebro","robots":{"index":"index","follow":"follow","max-snippet":"max-snippet:-1","max-image-preview":"max-image-preview:large","max-video-preview":"max-video-preview:-1"},"canonical":"https:\/\/deltaturistic.com\/es\/paquets-turistics\/programa-escolars-1-2-dies\/","twitter_misc":{"Tiempo de lectura":"1 minuto"},"schema":{"@context":"https:\/\/schema.org","@graph":[{"@type":"WebPage","@id":"https:\/\/deltaturistic.com\/es\/paquets-turistics\/programa-escolars-1-2-dies\/","url":"https:\/\/deltaturistic.com\/es\/paquets-turistics\/programa-escolars-1-2-dies\/","name":"Programa Escolares 1 \/ 2 d\u00edas - Turismo, excursiones y deportes de aventura en ell delta del Ebro","isPartOf":{"@id":"https:\/\/deltaturistic.com\/es\/#website"},"primaryImageOfPage":{"@id":"https:\/\/deltaturistic.com\/es\/paquets-turistics\/programa-escolars-1-2-dies\/#primaryimage"},"image":{"@id":"https:\/\/deltaturistic.com\/es\/paquets-turistics\/programa-escolars-1-2-dies\/#primaryimage"},"thumbnailUrl":"https:\/\/deltaturistic.com\/wp-content\/uploads\/2014\/05\/1371637455444.jpg","datePublished":"2014-09-04T17:42:08+00:00","dateModified":"2021-03-14T14:20:17+00:00","breadcrumb":{"@id":"https:\/\/deltaturistic.com\/es\/paquets-turistics\/programa-escolars-1-2-dies\/#breadcrumb"},"inLanguage":"es","potentialAction":[{"@type":"ReadAction","target":["https:\/\/deltaturistic.com\/es\/paquets-turistics\/programa-escolars-1-2-dies\/"]}]},{"@type":"ImageObject","inLanguage":"es","@id":"https:\/\/deltaturistic.com\/es\/paquets-turistics\/programa-escolars-1-2-dies\/#primaryimage","url":"https:\/\/deltaturistic.com\/wp-content\/uploads\/2014\/05\/1371637455444.jpg","contentUrl":"https:\/\/deltaturistic.com\/wp-content\/uploads\/2014\/05\/1371637455444.jpg","width":320,"height":256},{"@type":"BreadcrumbList","@id":"https:\/\/deltaturistic.com\/es\/paquets-turistics\/programa-escolars-1-2-dies\/#breadcrumb","itemListElement":[{"@type":"ListItem","position":1,"name":"Inici","item":"https:\/\/deltaturistic.com\/es\/"},{"@type":"ListItem","position":2,"name":"Productes tur\u00edstics","item":"https:\/\/deltaturistic.com\/paquets-turistics\/"},{"@type":"ListItem","position":3,"name":"Programa Escolares 1 \/ 2 d\u00edas"}]},{"@type":"WebSite","@id":"https:\/\/deltaturistic.com\/es\/#website","url":"https:\/\/deltaturistic.com\/es\/","name":"Turismo, excursiones y deportes de aventura en ell delta del Ebro","description":"Turismo, excursiones y deportes de aventura en el delta del Ebro. Agencia de Viages Deltaturistic","potentialAction":[{"@type":"SearchAction","target":{"@type":"EntryPoint","urlTemplate":"https:\/\/deltaturistic.com\/es\/?s={search_term_string}"},"query-input":{"@type":"PropertyValueSpecification","valueRequired":true,"valueName":"search_term_string"}}],"inLanguage":"es"}]}},"_links":{"self":[{"href":"https:\/\/deltaturistic.com\/es\/wp-json\/wp\/v2\/product\/2033","targetHints":{"allow":["GET"]}}],"collection":[{"href":"https:\/\/deltaturistic.com\/es\/wp-json\/wp\/v2\/product"}],"about":[{"href":"https:\/\/deltaturistic.com\/es\/wp-json\/wp\/v2\/types\/product"}],"wp:featuredmedia":[{"embeddable":true,"href":"https:\/\/deltaturistic.com\/es\/wp-json\/wp\/v2\/media\/1392"}],"wp:attachment":[{"href":"https:\/\/deltaturistic.com\/es\/wp-json\/wp\/v2\/media?parent=2033"}],"wp:term":[{"taxonomy":"product_brand","embeddable":true,"href":"https:\/\/deltaturistic.com\/es\/wp-json\/wp\/v2\/product_brand?post=2033"},{"taxonomy":"product_cat","embeddable":true,"href":"https:\/\/deltaturistic.com\/es\/wp-json\/wp\/v2\/product_cat?post=2033"},{"taxonomy":"product_tag","embeddable":true,"href":"https:\/\/deltaturistic.com\/es\/wp-json\/wp\/v2\/product_tag?post=2033"}],"curies":[{"name":"wp","href":"https:\/\/api.w.org\/{rel}","templated":true}]}}